{"id":108,"date":"2023-12-01T16:21:47","date_gmt":"2023-12-01T19:21:47","guid":{"rendered":"https:\/\/www2.unifap.br\/despl\/?page_id=108"},"modified":"2023-12-02T12:36:44","modified_gmt":"2023-12-02T15:36:44","slug":"atribuicoes-da-divisao","status":"publish","type":"page","link":"https:\/\/www2.unifap.br\/despl\/?page_id=108","title":{"rendered":"Atribui\u00e7\u00f5es da Divis\u00e3o"},"content":{"rendered":"<ul>\n<li>Representa\u00e7\u00e3o da UNIFAP junto \u00e0 Confedera\u00e7\u00e3o Brasileira de Desporto Universit\u00e1rio e Comit\u00ea Paral\u00edmpico Universit\u00e1rio;<\/li>\n<li>Gerenciamento das A\u00e7\u00f5es de Esporte e Lazer da UNIFAP;<\/li>\n<li>Acompanhamento de atletas e paratletas em eventos e competi\u00e7\u00f5es;<\/li>\n<li>Inscri\u00e7\u00f5es dos atletas da UNIFAP em Eventos Esportivos;<\/li>\n<li>Condu\u00e7\u00e3o de Processos de Aux\u00edlios e Bolsas dos atletas;<\/li>\n<li>Movimenta\u00e7\u00e3o de processos, via Sipac.<\/li>\n<\/ul>\n","protected":false},"excerpt":{"rendered":"<p>Representa\u00e7\u00e3o da UNIFAP junto \u00e0 Confedera\u00e7\u00e3o Brasileira de Desporto Universit\u00e1rio e Comit\u00ea Paral\u00edmpico Universit\u00e1rio; Gerenciamento das A\u00e7\u00f5es de Esporte e Lazer da UNIFAP; Acompanhamento de atletas e paratletas em eventos e competi\u00e7\u00f5es; Inscri\u00e7\u00f5es dos atletas da UNIFAP em Eventos Esportivos;&hellip; <\/p>\n<p><a href=\"https:\/\/www2.unifap.br\/despl\/?page_id=108\" class=\"readmore-button\">Continue Reading<\/a><\/p>\n","protected":false},"author":3972,"featured_media":0,"parent":0,"menu_order":0,"comment_status":"closed","ping_status":"closed","template":"","meta":{"inline_featured_image":false,"footnotes":""},"class_list":["post-108","page","type-page","status-publish","hentry"],"_links":{"self":[{"href":"https:\/\/www2.unifap.br\/despl\/index.php?rest_route=\/wp\/v2\/pages\/108","targetHints":{"allow":["GET"]}}],"collection":[{"href":"https:\/\/www2.unifap.br\/despl\/index.php?rest_route=\/wp\/v2\/pages"}],"about":[{"href":"https:\/\/www2.unifap.br\/despl\/index.php?rest_route=\/wp\/v2\/types\/page"}],"author":[{"embeddable":true,"href":"https:\/\/www2.unifap.br\/despl\/index.php?rest_route=\/wp\/v2\/users\/3972"}],"replies":[{"embeddable":true,"href":"https:\/\/www2.unifap.br\/despl\/index.php?rest_route=%2Fwp%2Fv2%2Fcomments&post=108"}],"version-history":[{"count":3,"href":"https:\/\/www2.unifap.br\/despl\/index.php?rest_route=\/wp\/v2\/pages\/108\/revisions"}],"predecessor-version":[{"id":117,"href":"https:\/\/www2.unifap.br\/despl\/index.php?rest_route=\/wp\/v2\/pages\/108\/revisions\/117"}],"wp:attachment":[{"href":"https:\/\/www2.unifap.br\/despl\/index.php?rest_route=%2Fwp%2Fv2%2Fmedia&parent=108"}],"curies":[{"name":"wp","href":"https:\/\/api.w.org\/{rel}","templated":true}]}}