{"id":67,"date":"2023-12-01T15:30:39","date_gmt":"2023-12-01T18:30:39","guid":{"rendered":"https:\/\/www2.unifap.br\/despl\/?page_id=67"},"modified":"2024-12-18T09:17:29","modified_gmt":"2024-12-18T12:17:29","slug":"equipe-e-contatos","status":"publish","type":"page","link":"https:\/\/www2.unifap.br\/despl\/?page_id=67","title":{"rendered":"Equipe e Contatos"},"content":{"rendered":"<ul>\n<li><strong>Vitoria Silva Machado &#8211; Chefe da divis\u00e3o<\/strong><br \/>\nE-mail: vitoriamchd@unifap.br<\/li>\n<\/ul>\n<ul>\n<li><strong>Lucas Janu\u00e1rio da Silva &#8211; Assistente em Administra\u00e7\u00e3o<\/strong><br \/>\nE-mail: lucas.silva@unifap.br<\/li>\n<\/ul>\n<p style=\"text-align: left\">\n","protected":false},"excerpt":{"rendered":"<p>Vitoria Silva Machado &#8211; Chefe da divis\u00e3o E-mail: vitoriamchd@unifap.br Lucas Janu\u00e1rio da Silva &#8211; Assistente em Administra\u00e7\u00e3o E-mail: lucas.silva@unifap.br<\/p>\n","protected":false},"author":3972,"featured_media":0,"parent":0,"menu_order":0,"comment_status":"closed","ping_status":"closed","template":"elementor_theme","meta":{"inline_featured_image":false,"footnotes":""},"class_list":["post-67","page","type-page","status-publish","hentry"],"_links":{"self":[{"href":"https:\/\/www2.unifap.br\/despl\/index.php?rest_route=\/wp\/v2\/pages\/67","targetHints":{"allow":["GET"]}}],"collection":[{"href":"https:\/\/www2.unifap.br\/despl\/index.php?rest_route=\/wp\/v2\/pages"}],"about":[{"href":"https:\/\/www2.unifap.br\/despl\/index.php?rest_route=\/wp\/v2\/types\/page"}],"author":[{"embeddable":true,"href":"https:\/\/www2.unifap.br\/despl\/index.php?rest_route=\/wp\/v2\/users\/3972"}],"replies":[{"embeddable":true,"href":"https:\/\/www2.unifap.br\/despl\/index.php?rest_route=%2Fwp%2Fv2%2Fcomments&post=67"}],"version-history":[{"count":4,"href":"https:\/\/www2.unifap.br\/despl\/index.php?rest_route=\/wp\/v2\/pages\/67\/revisions"}],"predecessor-version":[{"id":340,"href":"https:\/\/www2.unifap.br\/despl\/index.php?rest_route=\/wp\/v2\/pages\/67\/revisions\/340"}],"wp:attachment":[{"href":"https:\/\/www2.unifap.br\/despl\/index.php?rest_route=%2Fwp%2Fv2%2Fmedia&parent=67"}],"curies":[{"name":"wp","href":"https:\/\/api.w.org\/{rel}","templated":true}]}}