{"id":68,"date":"2023-12-01T15:30:39","date_gmt":"2023-12-01T18:30:39","guid":{"rendered":"https:\/\/www2.unifap.br\/despl\/?page_id=68"},"modified":"2025-05-22T14:47:02","modified_gmt":"2025-05-22T17:47:02","slug":"quem-somos","status":"publish","type":"page","link":"https:\/\/www2.unifap.br\/despl\/?page_id=68","title":{"rendered":"Editais"},"content":{"rendered":"<p><a href=\"http:\/\/www2.unifap.br\/despl\/files\/2024\/01\/EDITAL-01-2024-PROJETO-PROESPOL-09-01-2024.pdf\">EDITAL 01-2024 &#8211; PROJETO PROESPOL &#8211; 09-01-2024<\/a><\/p>\n<p><a href=\"http:\/\/www2.unifap.br\/despl\/files\/2024\/01\/HOMOLOGACAO-INSCRICOES-PROESPOL-EDITAL-01.2024.pdf\">HOMOLOGA\u00c7\u00c3O INSCRI\u00c7\u00d5ES PROESPOL &#8211; EDITAL 01.2024<\/a><\/p>\n<p><a href=\"http:\/\/www2.unifap.br\/despl\/files\/2024\/01\/RETIFICACAO-HOMOLOGACAO-INSCRICOES-PROESPOL-EDITAL-01.2024.pdf\">RETIFICA\u00c7\u00c3O HOMOLOGACAO-INSCRICOES-PROESPOL-EDITAL-01.2024<\/a><\/p>\n<p><a href=\"http:\/\/www2.unifap.br\/despl\/files\/2024\/01\/ETAPA-DE-ENTREVISTAS-PROESPOL-EDITAL-01.2024.pdf\">ETAPA DE ENTREVISTAS PROESPOL-EDITAL-01.2024<\/a><\/p>\n<p><a href=\"http:\/\/www2.unifap.br\/despl\/files\/2024\/02\/RESULTADO-PROJETO-PROESPOL.pdf\">RESULTADO PROJETO PROESPOL<\/a><\/p>\n<p><a href=\"https:\/\/www2.unifap.br\/dace\/archives\/8045\">https:\/\/www2.unifap.br\/dace\/archives\/8045<\/a><\/p>\n<p><a href=\"http:\/\/www2.unifap.br\/dace\/files\/2025\/04\/EDITAL_-_AUX_VIAGEM_2025_assinado.pdf\">http:\/\/www2.unifap.br\/dace\/files\/2025\/04\/EDITAL_-_AUX_VIAGEM_2025_assinado.pdf<\/a><\/p>\n","protected":false},"excerpt":{"rendered":"<p>EDITAL 01-2024 &#8211; PROJETO PROESPOL &#8211; 09-01-2024 HOMOLOGA\u00c7\u00c3O INSCRI\u00c7\u00d5ES PROESPOL &#8211; EDITAL 01.2024 RETIFICA\u00c7\u00c3O HOMOLOGACAO-INSCRICOES-PROESPOL-EDITAL-01.2024 ETAPA DE ENTREVISTAS PROESPOL-EDITAL-01.2024 RESULTADO PROJETO PROESPOL https:\/\/www2.unifap.br\/dace\/archives\/8045 http:\/\/www2.unifap.br\/dace\/files\/2025\/04\/EDITAL_-_AUX_VIAGEM_2025_assinado.pdf<\/p>\n","protected":false},"author":3972,"featured_media":0,"parent":0,"menu_order":0,"comment_status":"closed","ping_status":"closed","template":"","meta":{"inline_featured_image":false,"footnotes":""},"class_list":["post-68","page","type-page","status-publish","hentry"],"_links":{"self":[{"href":"https:\/\/www2.unifap.br\/despl\/index.php?rest_route=\/wp\/v2\/pages\/68","targetHints":{"allow":["GET"]}}],"collection":[{"href":"https:\/\/www2.unifap.br\/despl\/index.php?rest_route=\/wp\/v2\/pages"}],"about":[{"href":"https:\/\/www2.unifap.br\/despl\/index.php?rest_route=\/wp\/v2\/types\/page"}],"author":[{"embeddable":true,"href":"https:\/\/www2.unifap.br\/despl\/index.php?rest_route=\/wp\/v2\/users\/3972"}],"replies":[{"embeddable":true,"href":"https:\/\/www2.unifap.br\/despl\/index.php?rest_route=%2Fwp%2Fv2%2Fcomments&post=68"}],"version-history":[{"count":7,"href":"https:\/\/www2.unifap.br\/despl\/index.php?rest_route=\/wp\/v2\/pages\/68\/revisions"}],"predecessor-version":[{"id":356,"href":"https:\/\/www2.unifap.br\/despl\/index.php?rest_route=\/wp\/v2\/pages\/68\/revisions\/356"}],"wp:attachment":[{"href":"https:\/\/www2.unifap.br\/despl\/index.php?rest_route=%2Fwp%2Fv2%2Fmedia&parent=68"}],"curies":[{"name":"wp","href":"https:\/\/api.w.org\/{rel}","templated":true}]}}