{"id":10980,"date":"2016-06-23T13:18:53","date_gmt":"2016-06-23T13:18:53","guid":{"rendered":"http:\/\/www2.unifap.br\/dex\/?page_id=10980"},"modified":"2021-01-14T14:41:38","modified_gmt":"2021-01-14T14:41:38","slug":"bolsa-de-extensao","status":"publish","type":"page","link":"https:\/\/www2.unifap.br\/dex\/bolsa-de-extensao\/","title":{"rendered":"Bolsas de Extens\u00e3o"},"content":{"rendered":"<p>A bolsa de extens\u00e3o \u00e9 um aux\u00edlio financeiro concedido pela universidade ao aluno de gradua\u00e7\u00e3o vinculado a um projeto de extens\u00e3o, orientado e acompanhado por um professor da carreira do magist\u00e9rio, no efetivo exerc\u00edcio de suas fun\u00e7\u00f5es.<\/p>\n<p>A bolsa de Extens\u00e3o tem por objetivo viabilizar e apoiar a participa\u00e7\u00e3o de alunos regulares de Cursos de Gradua\u00e7\u00e3o no processo de intera\u00e7\u00e3o entre a universidade e a sociedade, atrav\u00e9s de atividades acad\u00eamicas que contribuam para a sua forma\u00e7\u00e3o profissional e para o exerc\u00edcio da cidadania que atendam a pol\u00edtica de extens\u00e3o da UNIFAP.<\/p>\n<p>A concess\u00e3o de Bolsa de Extens\u00e3o depender\u00e1 da aprova\u00e7\u00e3o do projeto em Edital Interno que seleciona propostas uma vez ao ano.<b><\/b><\/p>\n<p>Para candidatar-se a uma bolsa de extens\u00e3o, o aluno dever\u00e1:<\/p>\n<ul>\n<li>Estar regularmente matriculado em curso de gradua\u00e7\u00e3o presencial ou a dist\u00e2ncia oferecido pela UNIFAP;<\/li>\n<li>N\u00e3o receber qualquer outra bolsa paga por programas oficiais, exceto aux\u00edlios financeiros e bolsas da assist\u00eancia estudantil;<\/li>\n<li>Apresentar tempo dispon\u00edvel para dedicar \u00e0s atividades previstas no edital de sele\u00e7\u00e3o, quando a modalidade exigir.<\/li>\n<li>Possuir no m\u00e1ximo 3 (tr\u00eas) reprova\u00e7\u00f5es no semestre anterior.<\/li>\n<\/ul>\n<p style=\"text-align: justify\"><span style=\"color: #008080\"><strong>1) Orienta\u00e7\u00e3o para cadastro de bolsista<\/strong><\/span><\/p>\n<p>Para cadastro:<\/p>\n<p>Os discentes ter\u00e3o sua vincula\u00e7\u00e3o \u00e0 atividade de extens\u00e3o <strong>iniciadas sempre no 1\u00ba dia de cada m\u00eas<\/strong>. Assim, para realiza\u00e7\u00e3o do cadastro do bolsista, a coordena\u00e7\u00e3o de curso ao qual o projeto\/programa est\u00e1 vinculado dever\u00e1 encaminhar\u00a0<b>memorando eletr\u00f4nico<\/b>\u00a0com <strong>anteced\u00eancia m\u00ednima de 15 (quinze) dias<\/strong> contendo os documentos abaixo digitalizados:<\/p>\n<ul>\n<li>Formul\u00e1rio de cadastro de bolsista <a href=\"http:\/\/www2.unifap.br\/dex\/formulario-de-cadastro-de-bolsista-de-extensao-4\/\"><span style=\"color: #ff0000\">(dispon\u00edvel aqui)<\/span><\/a><\/li>\n<li>Termo de compromisso de bolsista <a href=\"http:\/\/www2.unifap.br\/dex\/termo-de-compromisso-de-bolsista-2\/\"><span style=\"color: #ff0000\">(dispon\u00edvel aqui)<\/span><\/a> assinado pelo(a) coordenador(a) do projeto e bolsista;<\/li>\n<li>RG, CPF, comprovante de resid\u00eancia atualizado, atestado de matricula do semestre atual, hist\u00f3rico acad\u00eamico do semestre atual, comprovante de conta corrente no nome do aluno (ser\u00e3o aceitas somente conta corrente).<\/li>\n<\/ul>\n<p><strong>Observa\u00e7\u00f5es: <\/strong><\/p>\n<ul>\n<li><strong>O bolsista s\u00f3 poder\u00e1 iniciar suas atividades ap\u00f3s assinatura do termo de compromisso de bolsista e que n\u00e3o ser\u00e3o autorizadas vincula\u00e7\u00f5es com datas retroativas.<\/strong><\/li>\n<li><strong>As solicita\u00e7\u00f5es de vincula\u00e7\u00e3o de bolsista que chegarem, ap\u00f3s o 3\u00b0 (terceiro) dia \u00fatil ser\u00e3o atendidas no m\u00eas seguinte, sem retroatividade de vig\u00eancia da bolsa<\/strong>:<\/li>\n<\/ul>\n<p style=\"text-align: justify\"><span style=\"color: #008080\"><b>2) Procedimento mensal para envio de frequ\u00eancia do bolsista<\/b><\/span><\/p>\n<p style=\"text-align: justify\">A coordena\u00e7\u00e3o do curso \u00e0 qual o projeto de extens\u00e3o est\u00e1 vinculado dever\u00e1 encaminhar a frequ\u00eancia do bolsista via SIPAC (Figura 1) ao Departamento de Extens\u00e3o (DEX) no <b>per\u00edodo que compreende os dias 15 e 20 de cada m\u00eas<\/b>. <b>Os bolsistas que n\u00e3o tiverem suas frequ\u00eancias encaminhadas<\/b>\u00a0at\u00e9 prazo estipulado\u00a0<b>n\u00e3o ser\u00e3o inclu\u00eddos na folha de pagamento em vig\u00eancia<\/b>, ficando seu pagamento atrasado e condicionado ao envio da mesma no m\u00eas seguinte.<\/p>\n<p style=\"text-align: center\"><a href=\"http:\/\/www2.unifap.br\/dex\/files\/2016\/06\/image.png\"><img decoding=\"async\" class=\" wp-image-12142 aligncenter\" src=\"http:\/\/www2.unifap.br\/dex\/files\/2016\/06\/image-300x73.png\" alt=\"image\" width=\"300\" height=\"73\" srcset=\"https:\/\/www2.unifap.br\/dex\/files\/2016\/06\/image-300x73.png 300w, https:\/\/www2.unifap.br\/dex\/files\/2016\/06\/image.png 705w\" sizes=\"(max-width: 300px) 100vw, 300px\" \/><\/a><\/p>\n<p style=\"text-align: center\">\u00a0Figura 1. Sipac &#8211; Bolsas &#8211; Frequ\u00eancias<\/p>\n<p style=\"text-align: left\">Endere\u00e7o eletr\u00f4nico para acessar as instru\u00e7\u00f5es de encaminhamento de frequ\u00eancia <a title=\"clique aqui\" href=\"http:\/\/www2.unifap.br\/dex\/2017\/04\/07\/envio-da-folha-de-frequencia-dos-bolsistas-de-extensao\/\">clique aqui<\/a><\/p>\n<p style=\"text-align: justify\"><span style=\"color: #008080\"><b>3) Procedimento \u00a0para envio de frequ\u00eancia do bolsista fora do prazo<\/b><\/span><\/p>\n<p style=\"text-align: justify\">Caso a Unidade Acad\u00eamica perca o prazo para envio da frequ\u00eancia do bolsista, a mesma poder\u00e1 ser enviada fora do prazo <strong>entre os dias 1 a 14 do m\u00eas subsequente<\/strong>, conforme as figuras abaixo.<\/p>\n<p style=\"text-align: justify\"><strong>ATEN\u00c7\u00c3O<\/strong>: Ser\u00e3o pagos somente frequ\u00eancia enviadas fora do prazo com <strong>atraso de no m\u00e1ximo 2 (dois) meses<\/strong>.<\/p>\n<p style=\"text-align: justify\"><a href=\"http:\/\/www2.unifap.br\/dex\/files\/2016\/06\/frequencia_atrasada_011.png\"><img decoding=\"async\" class=\"aligncenter size-medium wp-image-12239\" src=\"http:\/\/www2.unifap.br\/dex\/files\/2016\/06\/frequencia_atrasada_011-300x56.png\" alt=\"frequencia_atrasada_01\" width=\"300\" height=\"56\" srcset=\"https:\/\/www2.unifap.br\/dex\/files\/2016\/06\/frequencia_atrasada_011-300x56.png 300w, https:\/\/www2.unifap.br\/dex\/files\/2016\/06\/frequencia_atrasada_011.png 983w\" sizes=\"(max-width: 300px) 100vw, 300px\" \/><\/a><\/p>\n<p style=\"text-align: center\">Figura 2. Solicitar Frequ\u00eancia Fora do Prazo (Clique na Imagem para ampliar)<\/p>\n<p style=\"text-align: center\"><a href=\"http:\/\/www2.unifap.br\/dex\/files\/2016\/06\/frequencia_atrasada_02.png\"><img decoding=\"async\" class=\"aligncenter size-medium wp-image-12236\" src=\"http:\/\/www2.unifap.br\/dex\/files\/2016\/06\/frequencia_atrasada_02-300x70.png\" alt=\"frequencia_atrasada_02\" width=\"300\" height=\"70\" srcset=\"https:\/\/www2.unifap.br\/dex\/files\/2016\/06\/frequencia_atrasada_02-300x70.png 300w, https:\/\/www2.unifap.br\/dex\/files\/2016\/06\/frequencia_atrasada_02.png 986w\" sizes=\"(max-width: 300px) 100vw, 300px\" \/><\/a><\/p>\n<p style=\"text-align: center\">Figura 3.\u00a0Solicitar Frequ\u00eancia Fora do Prazo &#8211; M\u00eas da Frequ\u00eancia (Clique na Imagem para ampliar)<\/p>\n<p style=\"text-align: center\"><a href=\"http:\/\/www2.unifap.br\/dex\/files\/2016\/06\/frequencia_atrasada_031.png\"><img loading=\"lazy\" decoding=\"async\" class=\"aligncenter size-medium wp-image-12240\" src=\"http:\/\/www2.unifap.br\/dex\/files\/2016\/06\/frequencia_atrasada_031-300x274.png\" alt=\"frequencia_atrasada_03\" width=\"300\" height=\"274\" srcset=\"https:\/\/www2.unifap.br\/dex\/files\/2016\/06\/frequencia_atrasada_031-300x274.png 300w, https:\/\/www2.unifap.br\/dex\/files\/2016\/06\/frequencia_atrasada_031.png 502w\" sizes=\"(max-width: 300px) 100vw, 300px\" \/><\/a><\/p>\n<p style=\"text-align: center\">Figura 4.\u00a0Solicitar Frequ\u00eancia Fora do Prazo &#8211; Busca de Bolsa (Clique na Imagem para ampliar)<\/p>\n<p style=\"text-align: center\"><a href=\"http:\/\/www2.unifap.br\/dex\/files\/2016\/06\/frequencia_atrasada_041.png\"><img loading=\"lazy\" decoding=\"async\" class=\"aligncenter size-medium wp-image-12241\" src=\"http:\/\/www2.unifap.br\/dex\/files\/2016\/06\/frequencia_atrasada_041-300x168.png\" alt=\"frequencia_atrasada_04\" width=\"300\" height=\"168\" srcset=\"https:\/\/www2.unifap.br\/dex\/files\/2016\/06\/frequencia_atrasada_041-300x168.png 300w, https:\/\/www2.unifap.br\/dex\/files\/2016\/06\/frequencia_atrasada_041.png 969w\" sizes=\"(max-width: 300px) 100vw, 300px\" \/><\/a><\/p>\n<p style=\"text-align: center\">Figura 5.\u00a0Solicitar Frequ\u00eancia Fora do Prazo &#8211; Confirmar a frequ\u00eancia e justificar(Clique na Imagem para ampliar)<\/p>\n<p style=\"text-align: left\"><span style=\"color: #008080\"><strong>4) Encerramento de bolsa de<\/strong> <strong>extens\u00e3o<\/strong><\/span><\/p>\n<p>Para o encerramento da bolsa o(a) coordenador(a) da atividade de extens\u00e3o preencher\u00e1 devidamente o termo de encerramento e solicitar\u00e1 que a unidade acad\u00eamica que a atividade est\u00e1 vinculada o encaminhe via SIPAC ao Departamento de Extens\u00e3o.<\/p>\n<p><span style=\"color: #ff0000\"><a style=\"color: #ff0000\" href=\"http:\/\/www2.unifap.br\/dex\/termo-de-encerramento-de-bolsa-de-extensao\/\">Termo de encerramento de bolsa<\/a><\/span><\/p>\n<p>&nbsp;<\/p>\n<p>&nbsp;<\/p>\n","protected":false},"excerpt":{"rendered":"<p>A bolsa de extens\u00e3o \u00e9 um aux\u00edlio financeiro concedido pela universidade ao aluno de gradua\u00e7\u00e3o vinculado a um projeto de extens\u00e3o, orientado e acompanhado por um professor da carreira do magist\u00e9rio, no efetivo exerc\u00edcio de suas fun\u00e7\u00f5es. A bolsa de Extens\u00e3o tem por objetivo viabilizar e apoiar a participa\u00e7\u00e3o de alunos regulares de Cursos de&#8230;<\/p>\n","protected":false},"author":470,"featured_media":0,"parent":0,"menu_order":3,"comment_status":"closed","ping_status":"open","template":"","meta":{"inline_featured_image":false,"ngg_post_thumbnail":0,"footnotes":""},"class_list":["post-10980","page","type-page","status-publish","hentry","entry"],"_links":{"self":[{"href":"https:\/\/www2.unifap.br\/dex\/wp-json\/wp\/v2\/pages\/10980","targetHints":{"allow":["GET"]}}],"collection":[{"href":"https:\/\/www2.unifap.br\/dex\/wp-json\/wp\/v2\/pages"}],"about":[{"href":"https:\/\/www2.unifap.br\/dex\/wp-json\/wp\/v2\/types\/page"}],"author":[{"embeddable":true,"href":"https:\/\/www2.unifap.br\/dex\/wp-json\/wp\/v2\/users\/470"}],"replies":[{"embeddable":true,"href":"https:\/\/www2.unifap.br\/dex\/wp-json\/wp\/v2\/comments?post=10980"}],"version-history":[{"count":171,"href":"https:\/\/www2.unifap.br\/dex\/wp-json\/wp\/v2\/pages\/10980\/revisions"}],"predecessor-version":[{"id":13309,"href":"https:\/\/www2.unifap.br\/dex\/wp-json\/wp\/v2\/pages\/10980\/revisions\/13309"}],"wp:attachment":[{"href":"https:\/\/www2.unifap.br\/dex\/wp-json\/wp\/v2\/media?parent=10980"}],"curies":[{"name":"wp","href":"https:\/\/api.w.org\/{rel}","templated":true}]}}