{"id":10990,"date":"2016-06-23T13:32:14","date_gmt":"2016-06-23T13:32:14","guid":{"rendered":"http:\/\/www2.unifap.br\/dex\/?page_id=10990"},"modified":"2021-02-16T23:56:16","modified_gmt":"2021-02-16T23:56:16","slug":"relatorios-de-atividade","status":"publish","type":"page","link":"https:\/\/www2.unifap.br\/dex\/relatorios-de-atividade\/","title":{"rendered":"Relat\u00f3rios de extens\u00e3o"},"content":{"rendered":"<p>O relat\u00f3rio de atividade de extens\u00e3o \u00e9 relevante meio de coleta de dados para produ\u00e7\u00e3o de informa\u00e7\u00f5es acerca da extens\u00e3o universit\u00e1ria da UNIFAP. Ao DEX e \u00e0 PROEAC cabe estabelecer pol\u00edticas, diretrizes, estrat\u00e9gias espec\u00edficas, planos de a\u00e7\u00e3o,\u00a0 acompanhar e produzir sistemas de avalia\u00e7\u00e3o da produ\u00e7\u00e3o extensionista da Universidade (<strong>Resolu\u00e7\u00e3o CONSU\/UNIFAP n\u00ba 09\/2006, art. 22<\/strong>).<\/p>\n<p>\u00c9 de compet\u00eancia do(a) coordenador(a) da atividade de extens\u00e3o elaborar e apresentar relat\u00f3rio \u00e0 unidade acad\u00eamica ou administrativa onde a a\u00e7\u00e3o fora originariamente aprovada, e ao DEX, onde est\u00e1 registrada, em prazos previamente estabelecidos, para a aprecia\u00e7\u00e3o do m\u00e9rito e publicidade dos resultados e contribui\u00e7\u00f5es da atividade <strong>(Idem, arts. 14, \u00a71\u00ba, 21 e 24).<\/strong><\/p>\n<p>Os relat\u00f3rios de atividades de extens\u00e3o subsidiam a elabora\u00e7\u00e3o de <i>boletins de extens\u00e3o<\/i>,<i> <\/i>que tem<i> <\/i>a finalidade de promover a divulga\u00e7\u00e3o dos resultados e contribui\u00e7\u00f5es das atividades para a comunidade interna e externa \u00e0 Universidade, nos sites e redes sociais institucionais.<\/p>\n<p>\u00d3rg\u00e3os com compet\u00eancia para a regulamenta\u00e7\u00e3o da extens\u00e3o universit\u00e1ria no \u00e2mbito da UNIFAP, como a PROEAC e o DEX, e com compet\u00eancia para o controle da legalidade e legitimidade das atividades de extens\u00e3o, como\u00a0 a Auditoria, Corregedoria, \u00d3rg\u00e3os Colegiados, Minist\u00e9rio P\u00fablico, entre outros interessados, podem, a qualquer momento, requisitar relat\u00f3rios, informa\u00e7\u00f5es e realizar visitas e inspe\u00e7\u00f5es <i>in loco<\/i> com vistas a acompanhar a execu\u00e7\u00e3o das atividades de extens\u00e3o.<\/p>\n<p>Portanto, leia atentamente as orienta\u00e7\u00f5es e procedimentos descritos aqui, pois a inobserv\u00e2ncia destes ser\u00e1 motivo para reprova\u00e7\u00e3o ou devolu\u00e7\u00e3o de relat\u00f3rios parcial e\/ou final de atividade de extens\u00e3o.<\/p>\n<p><span style=\"color: #008080\"><b>TIPOS DE RELAT\u00d3RIOS<\/b><\/span><\/p>\n<p>Os relat\u00f3rios de atividades de extens\u00e3o s\u00e3o de 2 (dois) tipos: parcial e final, e devem ser apresentados nas situa\u00e7\u00f5es abaixo:<\/p>\n<p><b><\/b><b>1. Relat\u00f3rio parcial<\/b><\/p>\n<p>a)\u00a0 \u00a0Projeto ou programa\u00a0com per\u00edodo de realiza\u00e7\u00e3o igual ou superior a 1 (um) ano: deve ser encaminhado \u00e0 cada<b>\u00a0<\/b>6 (seis) meses de execu\u00e7\u00e3o.<\/p>\n<p>b)\u00a0\u00a0 Prorroga\u00e7\u00e3o\u00a0da atividade por per\u00edodo superior a 6 (seis) meses: acontece com a formaliza\u00e7\u00e3o do pedido de prorroga\u00e7\u00e3o. Se a prorroga\u00e7\u00e3o for inferior a 6 (seis) meses, dispensa-se o relat\u00f3rio parcial.<\/p>\n<p>c)\u00a0\u00a0\u00a0Atividade fomentada com recursos de editais internos e\/ou externos: deve ser encaminhado \u00e0 cada<b>\u00a06<\/b>\u00a0(seis) meses de execu\u00e7\u00e3o.<\/p>\n<p>d)\u00a0\u00a0\u00a0 Mudan\u00e7a de coordena\u00e7\u00e3o: deve ser encaminhado sempre que houver substitui\u00e7\u00e3o do(a) coordenador(a), para que seja informado o est\u00e1gio de execu\u00e7\u00e3o da atividade.<\/p>\n<p><b>2. Relat\u00f3rio final<\/b><b><\/b><\/p>\n<p>a)\u00a0\u00a0\u00a0 Finaliza\u00e7\u00e3o da atividade: acontece ap\u00f3s o t\u00e9rmino do per\u00edodo de execu\u00e7\u00e3o previsto no registro.<\/p>\n<p><span style=\"color: #008080\"><b>PRAZO PARA ENTREGA DOS RELAT\u00d3RIOS<\/b><\/span><\/p>\n<p>a) Relat\u00f3rio final: dever\u00e1 ser encaminhado em at\u00e9 30 (trinta) dias ap\u00f3s a finaliza\u00e7\u00e3o da atividade de extens\u00e3o.<\/p>\n<p>b)\u00a0 Relat\u00f3rio parcial: dever\u00e1 ser encaminhado em at\u00e9 15 (quinze dias) ap\u00f3s a data prevista em quaisquer uma das situa\u00e7\u00f5es em que ele \u00e9 solicitado.<\/p>\n<p><span style=\"color: #008080\"><b>CADASTRO E ENVIO DE RELAT\u00d3RIO DE ATIVIDADE DE EXTENS\u00c3O<\/b><\/span><b><\/b><\/p>\n<p>O relat\u00f3rio parcial ou final dever\u00e1 ser preenchido no SIGAA de acordo com\u00a0as seguintes instru\u00e7\u00f5es:<\/p>\n<p>Para iniciar a opera\u00e7\u00e3o, acesse o\u00a0<em>SIGAA \u2192 Portal do Docente \u2192 Extens\u00e3o \u2192 Relat\u00f3rios \u2192 Relat\u00f3rio de A\u00e7\u00f5es de Extens\u00e3o<\/em>.<\/p>\n<p>A seguinte tela ser\u00e1 exibida:<\/p>\n<p><img decoding=\"async\" src=\"https:\/\/docs.info.ufrn.br\/lib\/exe\/fetch.php?media=suporte:manuais:sigaa:portal_do_docente:extensao:relatorios:screenshot1018.png\" alt=\"Figura 1: Lista de Relat\u00c3\u00b3rios de A\u00c3\u00a7\u00c3\u00b5es\" \/><\/p>\n<p>Nesta tela, \u00e9 poss\u00edvel visualizar uma lista de relat\u00f3rios das a\u00e7\u00f5es de extens\u00e3o que participa. Para cada relat\u00f3rio \u00e9 poss\u00edvel:\u00a0<em>Cadastrar Relat\u00f3rio Parcial<\/em>,\u00a0<em>Cadastrar Relat\u00f3rio Final<\/em>,\u00a0<em>Editar\/Enviar Relat\u00f3rio<\/em>,\u00a0<em>Remover relat\u00f3rio<\/em>\u00a0e\u00a0<em>Ver Relat\u00f3rio<\/em>.<\/p>\n<p>Para\u00a0<em>Cadastrar Relat\u00f3rio Parcial<\/em>, clique no \u00edcone\u00a0<a class=\"media\" title=\"suporte:manuais:sigaa:portal_do_docente:acoes_academicas:extensao:relatorios:01.png\" href=\"https:\/\/docs.info.ufrn.br\/lib\/exe\/detail.php?id=suporte%3Amanuais%3Asigaa%3Aportal_do_docente%3Aextensao%3Arelatorios%3Arelatorios_de_acoes_de_extensao&amp;media=suporte:manuais:sigaa:portal_do_docente:acoes_academicas:extensao:relatorios:01.png\"><img decoding=\"async\" class=\"media\" src=\"https:\/\/docs.info.ufrn.br\/lib\/exe\/fetch.php?media=suporte:manuais:sigaa:portal_do_docente:acoes_academicas:extensao:relatorios:01.png\" alt=\"\" \/><\/a>. A p\u00e1gina seguinte ser\u00e1 exibida:<\/p>\n<p><img decoding=\"async\" src=\"https:\/\/docs.info.ufrn.br\/lib\/exe\/fetch.php?media=suporte:manuais:sigaa:portal_do_docente:extensao:relatorios:screenshot1016.png\" alt=\"Figura 2: Cadastro de Relat\u00c3\u00b3rio Parcial de Cursos e Eventos de Extens\u00c3\u00a3o\" \/><\/p>\n<p>Nesta tela, o usu\u00e1rio dever\u00e1 preencher os campos:<\/p>\n<ul>\n<li class=\"level1\">\n<div class=\"li\"><strong><em>Esta a\u00e7\u00e3o foi realizada<\/em>:<\/strong> Selecione entre as op\u00e7\u00f5es\u00a0<em>SIM<\/em>\u00a0ou\u00a0<em>N\u00c3O<\/em><\/div>\n<\/li>\n<li class=\"level1\">\n<div class=\"li\"><strong><em>Atividades realizadas:<\/em><\/strong> Descreva as atividade realizadas durante a a\u00e7\u00e3o de extens\u00e3o;<\/div>\n<\/li>\n<li class=\"level1\">\n<div class=\"li\"><em><strong>Resultados obtidos:<\/strong> qualitativos<\/em>: Informe os resultados qualitativos obtidos a partir da a\u00e7\u00e3o;<\/div>\n<\/li>\n<li class=\"level1\">\n<div class=\"li\"><em><strong>Resultados obtidos:<\/strong> quantitativos<\/em>: Relate os resultados quantitativos atingidos;<\/div>\n<\/li>\n<li class=\"level1\">\n<div class=\"li\"><strong><em>Dificuldades encontradas<\/em>:<\/strong> Informe quais foram as dificuldades encontradas durante o per\u00edodo de realiza\u00e7\u00e3o das atividades;<\/div>\n<\/li>\n<li class=\"level1\">\n<div class=\"li\"><strong><em>Ajustes realizados durante a execu\u00e7\u00e3o da a\u00e7\u00e3o de extens\u00e3o<\/em>:<\/strong> Indique se houve ou n\u00e3o ajustes para que fosse poss\u00edvel realizar a a\u00e7\u00e3o de extens\u00e3o;<\/div>\n<\/li>\n<li class=\"level1\">\n<div class=\"li\"><strong><em>P\u00fablico estimado<\/em>:<\/strong> Insira o valor estimado do p\u00fablico que a a\u00e7\u00e3o pretendia atingir;<\/div>\n<\/li>\n<li class=\"level1\">\n<div class=\"li\"><strong><em>P\u00fablico real atingido<\/em>:<\/strong> Informe a quantidade de pessoas que realmente foram atingidas;<\/div>\n<\/li>\n<li class=\"level1\">\n<div class=\"li\"><strong><em>Total de concluintes<\/em>:<\/strong> Informe o total de concluintes da extens\u00e3o;<\/div>\n<\/li>\n<li class=\"level1\">\n<div class=\"li\"><strong><em>Valor da Taxa de matr\u00edcula<\/em>:<\/strong> Insira o valor cobrado para fazer a matr\u00edcula na a\u00e7\u00e3o;<\/div>\n<\/li>\n<li class=\"level1\">\n<div class=\"li\"><strong><em>Valor arrecadado<\/em>:<\/strong> Informe o valor total arrecadado;<\/div>\n<\/li>\n<li class=\"level1\">\n<div class=\"li\"><em><strong>Pessoa jur\u00eddica<\/strong><\/em><strong>:<\/strong> Neste campo, o usu\u00e1rio dever\u00e1 descrever detalhadamente a utiliza\u00e7\u00e3o dos recursos financeiros;<\/div>\n<\/li>\n<li class=\"level1\">\n<div class=\"li\"><strong><em>Material de consumo<\/em>:<\/strong> Neste campo, o usu\u00e1rio dever\u00e1 descrever detalhadamente a utiliza\u00e7\u00e3o dos recursos financeiros;<\/div>\n<\/li>\n<li class=\"level1\">\n<div class=\"li\"><strong><em>Descri\u00e7\u00e3o<\/em>:<\/strong> Descreva o arquivo que ser\u00e1 anexado com o detalhamento da a\u00e7\u00e3o de extens\u00e3o.<\/div>\n<\/li>\n<li class=\"level1\">\n<div class=\"li\"><strong><em>Arquivo<\/em>:<\/strong> Para inserir o arquivo, clique em\u00a0<em><strong>Selecionar Arquivo<\/strong><\/em>. Ao selecionar, clique em\u00a0<em><strong>Adicionar Arquivo.<\/strong><\/em><\/div>\n<\/li>\n<\/ul>\n<p>Caso queira cadastrar um relat\u00f3rio final, dever\u00e1 clicar no \u00edcone\u00a0<a class=\"media\" title=\"suporte:manuais:sigaa:portal_do_discente:extensao:screenshot950.png\" href=\"https:\/\/docs.info.ufrn.br\/lib\/exe\/detail.php?id=suporte%3Amanuais%3Asigaa%3Aportal_do_docente%3Aextensao%3Arelatorios%3Arelatorios_de_acoes_de_extensao&amp;media=suporte:manuais:sigaa:portal_do_discente:extensao:screenshot950.png\"><img decoding=\"async\" class=\"media\" src=\"https:\/\/docs.info.ufrn.br\/lib\/exe\/fetch.php?media=suporte:manuais:sigaa:portal_do_discente:extensao:screenshot950.png\" alt=\"\" \/><\/a>. A opera\u00e7\u00e3o ser\u00e1 semelhante \u00e0 explicada anteriormente.<\/p>\n<p>Ao iniciar o cadastro do relat\u00f3rio parcial ou final, o coordenador dever\u00e1, na aba\u00a0<i>objetivos<\/i>, abrir cada um dos objetivos (clicando sobre ele(s)), e informar o \u201candamento do objetivo\u201d, a \u201csitua\u00e7\u00e3o do objetivo\u201d, \u201co resumo do sobre a execu\u00e7\u00e3o do objetivo\u201d a partir da reflex\u00e3o comparativa do que foi proposto com o que foi executado.<\/p>\n<p><span style=\"color: #000000\">Dito isso, \u00e9 importante ressaltar que em decorr\u00eancia do modelo de relat\u00f3rio do SIGAA n\u00e3o exigir todas as informa\u00e7\u00f5es necess\u00e1rias para a adequada avalia\u00e7\u00e3o da extens\u00e3o universit\u00e1ria na UNIFAP, \u00e9 necess\u00e1rio que o(a) coordenador(a) adicione na aba <strong><em>Adicionar Arquivo<\/em><\/strong>, os seguintes documentos:<\/span><\/p>\n<p><strong>Para relat\u00f3rio parcial:<\/strong><\/p>\n<ol>\n<li>Modelo de relat\u00f3rio parcial de programa ou projeto <span style=\"color: #ff0000\"><a style=\"color: #ff0000\" href=\"http:\/\/www2.unifap.br\/dex\/modelo-de-relatorio-parcial-de-programas-e-projetos-de-extensao\/\"><span style=\"color: #ff0000\">(dispon\u00edvel aqui<\/span>)<\/a><\/span>;<\/li>\n<li>Arquivo em formato Word com quatro fotos tiradas durante a realiza\u00e7\u00e3o da atividade de extens\u00e3o.<\/li>\n<\/ol>\n<p><strong>Para relat\u00f3rio final:<\/strong><\/p>\n<ol>\n<li>Arquivo em formato Word com quatro fotos tiradas durante a realiza\u00e7\u00e3o da atividade de extens\u00e3o;<\/li>\n<li>Modelo de relat\u00f3rio final de evento <a href=\"http:\/\/www2.unifap.br\/dex\/relatorio-final-de-evento-de-extensao-4\/\"><span style=\"color: #ff0000\">(<\/span><span style=\"color: #ff0000\">dispon\u00edvel aqui<\/span>)<\/a>, curso <a href=\"http:\/\/www2.unifap.br\/dex\/modelo-de-relatorio-final-de-curso-de-extensao\/\"><span style=\"color: #ff0000\">(dispon\u00edvel aqui)<\/span><\/a>, ou modelo de relat\u00f3rio final de programa ou projeto\u00a0<span style=\"color: #ff0000\"><a style=\"color: #ff0000\" href=\"http:\/\/www2.unifap.br\/dex\/modelo-de-relatorio-final-de-programas-e-projetos-reformulado\/\">(dispon\u00edvel aqui)<\/a><\/span>;<\/li>\n<li>Relat\u00f3rio individual de atividades de bolsista de extens\u00e3o (quando houver bolsista);<\/li>\n<li>Termo de consentimento para utiliza\u00e7\u00e3o de assinatura digitalizada <a href=\"http:\/\/www2.unifap.br\/dex\/termo-de-consentimento-para-utilizacao-de-assinatura-digitalizada\/\"><span style=\"color: #ff0000\">(dispon\u00edvel aqui);<\/span><\/a><\/li>\n<li>Outros documentos comprobat\u00f3rios da execu\u00e7\u00e3o da atividade, tais como folhetos de divulga\u00e7\u00e3o, artigos, resumos publicados em eventos etc (se houver).<\/li>\n<\/ol>\n<p>Mas <strong><span style=\"color: #ff0000\">ATEN\u00c7\u00c3O<\/span><\/strong>, antes de enviar o relat\u00f3rio \u00e9 importante:<\/p>\n<p>Verificar se todos os\u00a0<b><i>membros da equipe organizadora<\/i><\/b>\u00a0est\u00e3o cadastrados e as suas respectivas cargas hor\u00e1rias (caminho:\u00a0<em>SIGAA \u2192 M\u00f3dulos \u2192 Portal do Docente \u2192 Extens\u00e3o \u2192 A\u00e7\u00f5es de Extens\u00e3o \u2192 Gerenciar A\u00e7\u00f5es \u2192 Gerenciar Equipes Organizadoras<\/em>).<\/p>\n<p>&#8211; Caso tenha alguma diverg\u00eancia com rela\u00e7\u00e3o a <strong>carga hor\u00e1ria<\/strong>\u00a0ou falte algum\u00a0<b>membro<\/b>\u00a0na equipe organizadora, procurar o DEx para obter instru\u00e7\u00f5es de como corrigir as inconsist\u00eancias.<\/p>\n<p>Em caso de Eventos e Cursos deve ser verificado ainda se todos os\u00a0<b><i>participantes<\/i><\/b>\u00a0est\u00e3o cadastrados (caminho:\u00a0<em>SIGAA \u2192 M\u00f3dulos \u2192 Portal do Docente \u2192 Extens\u00e3o \u2192 A\u00e7\u00f5es de Extens\u00e3o \u2192 Gerenciar A\u00e7\u00f5es \u2192 Gerenciar Participantes<\/em>).<\/p>\n<p>&nbsp;<\/p>\n<p><strong><span style=\"color: #008080\">VALIDA\u00c7\u00c3O DO RELAT\u00d3RIO E SEUS EFEITOS<\/span><\/strong><\/p>\n<p>A valida\u00e7\u00e3o do DEx \u00e9 feita com base na constata\u00e7\u00e3o de que o(a) coordenador(a) preencheu adequadamente o relat\u00f3rio eletr\u00f4nico do SIGAA e enviou os arquivos supracitados.<\/p>\n<p>A <b>aprova\u00e7\u00e3o do relat\u00f3rio final<\/b>\u00a0conclui a atividade no SIGAA e autoriza a emiss\u00e3o de certificados de participa\u00e7\u00e3o. Os resultados informados servir\u00e3o para elabora\u00e7\u00e3o do relat\u00f3rio de gest\u00e3o da UNIFAP e boletim de extens\u00e3o.<\/p>\n<p>A n\u00e3o valida\u00e7\u00e3o ou reprova\u00e7\u00e3o de relat\u00f3rio impede o registro de nova atividade, a emiss\u00e3o de certificados, a participa\u00e7\u00e3o em edital de fomento da PROEAC e publica\u00e7\u00e3o dos resultados e contribui\u00e7\u00f5es nos boletins de extens\u00e3o.<\/p>\n<p style=\"text-align: right\">\n","protected":false},"excerpt":{"rendered":"<p>O relat\u00f3rio de atividade de extens\u00e3o \u00e9 relevante meio de coleta de dados para produ\u00e7\u00e3o de informa\u00e7\u00f5es acerca da extens\u00e3o universit\u00e1ria da UNIFAP. Ao DEX e \u00e0 PROEAC cabe estabelecer pol\u00edticas, diretrizes, estrat\u00e9gias espec\u00edficas, planos de a\u00e7\u00e3o,\u00a0 acompanhar e produzir sistemas de avalia\u00e7\u00e3o da produ\u00e7\u00e3o extensionista da Universidade (Resolu\u00e7\u00e3o CONSU\/UNIFAP n\u00ba 09\/2006, art. 22). \u00c9&#8230;<\/p>\n","protected":false},"author":925,"featured_media":0,"parent":0,"menu_order":0,"comment_status":"closed","ping_status":"open","template":"","meta":{"inline_featured_image":false,"ngg_post_thumbnail":0,"footnotes":""},"class_list":["post-10990","page","type-page","status-publish","hentry","entry"],"_links":{"self":[{"href":"https:\/\/www2.unifap.br\/dex\/wp-json\/wp\/v2\/pages\/10990","targetHints":{"allow":["GET"]}}],"collection":[{"href":"https:\/\/www2.unifap.br\/dex\/wp-json\/wp\/v2\/pages"}],"about":[{"href":"https:\/\/www2.unifap.br\/dex\/wp-json\/wp\/v2\/types\/page"}],"author":[{"embeddable":true,"href":"https:\/\/www2.unifap.br\/dex\/wp-json\/wp\/v2\/users\/925"}],"replies":[{"embeddable":true,"href":"https:\/\/www2.unifap.br\/dex\/wp-json\/wp\/v2\/comments?post=10990"}],"version-history":[{"count":71,"href":"https:\/\/www2.unifap.br\/dex\/wp-json\/wp\/v2\/pages\/10990\/revisions"}],"predecessor-version":[{"id":13640,"href":"https:\/\/www2.unifap.br\/dex\/wp-json\/wp\/v2\/pages\/10990\/revisions\/13640"}],"wp:attachment":[{"href":"https:\/\/www2.unifap.br\/dex\/wp-json\/wp\/v2\/media?parent=10990"}],"curies":[{"name":"wp","href":"https:\/\/api.w.org\/{rel}","templated":true}]}}