{"id":11,"date":"2011-07-19T17:19:33","date_gmt":"2011-07-19T17:19:33","guid":{"rendered":"http:\/\/www2.unifap.br\/dex\/?page_id=11"},"modified":"2024-12-30T13:31:45","modified_gmt":"2024-12-30T13:31:45","slug":"fale-conosco","status":"publish","type":"page","link":"https:\/\/www2.unifap.br\/dex\/fale-conosco\/","title":{"rendered":"Fale Conosco"},"content":{"rendered":"<address>\n<table style=\"height: 527px\" border=\"1\" width=\"624\" cellspacing=\"0\" cellpadding=\"0\">\n<tbody>\n<tr>\n<td valign=\"top\" width=\"539\"><span style=\"color: #008080\"><b>Diretor do Departamento<\/b><\/span><\/p>\n<p>Paulo Roberto Soledade J\u00fanior<\/p>\n<p>Contato: (96) 99113 2218<\/p>\n<div class=\"outros\">&nbsp;<\/div>\n<\/td>\n<\/tr>\n<tr>\n<td valign=\"top\" width=\"539\">&nbsp;<\/td>\n<\/tr>\n<tr>\n<td valign=\"top\" width=\"539\">\n<p align=\"center\"><b>Equipe t\u00e9cnica<\/b><\/p>\n<p><span style=\"color: #008080\"><b>T\u00e9cnico em Assuntos Educacionais<\/b><\/span><\/p>\n<p>Andr\u00e9 Monteiro da Silva<\/p>\n<p>E-mail: andremonteiro@unifap.br<\/p>\n<p>&nbsp;<\/p>\n<p><span style=\"color: #008080\"><b>Assistente em Administra\u00e7\u00e3o<\/b><\/span><\/p>\n<p>Ana Ruth Ara\u00fajo da Silva de Souza<\/p>\n<p>E-mail: ruthsouza@unifap.br<\/p>\n<p>&nbsp;<\/p>\n<p><span style=\"color: #008080\"><b>Assistente em Administra\u00e7\u00e3o<\/b><\/span><\/p>\n<p>Gerson Vanderlei dos Anjos Gurj\u00e3o<\/p>\n<p>E-mail: gerson@unifap.br<\/p>\n<p>&nbsp;<\/p>\n<p><span style=\"color: #008080\"><b>Assistente em Administra\u00e7\u00e3o<\/b><\/span><\/p>\n<p>Kelly Huany de Melo Braga<\/p>\n<p>E-mail: kellyhuany@unifap.br<\/p>\n<p>&nbsp;<\/p>\n<p><span style=\"color: #008080\"><strong>Secret\u00e1ria Executiva<\/strong><\/span><\/p>\n<p>Alessandra da Silva Castro<\/p>\n<p>E-mail: alessandracastro@unifap.br<\/p>\n<p>&nbsp;<\/td>\n<\/tr>\n<\/tbody>\n<\/table>\n<p>&nbsp;<\/p>\n<p><span style=\"color: #008080\"><b>Localiza\u00e7\u00e3o<\/b><\/span><\/p>\n<p>Campus Universit\u00e1rio Marco Zero do Equador<\/p>\n<p>Rod. Josmar Chaves Pinto, KM-02 \u2013 Bairro Universidade \u2013 CEP 68.903-419 \u2013 Macap\u00e1 \u2013 AP \u2013 Brasil<\/p>\n<p>&nbsp;<\/p>\n<p><span style=\"color: #008080\"><b>Hor\u00e1rio de atendimento<\/b><\/span><b><\/b><\/p>\n<p>De 08h00min a 12h00min e de 14h00min a 18h00min<\/p>\n<\/address>\n","protected":false},"excerpt":{"rendered":"<p>Diretor do Departamento Paulo Roberto Soledade J\u00fanior Contato: (96) 99113 2218 &nbsp; &nbsp; Equipe t\u00e9cnica T\u00e9cnico em Assuntos Educacionais Andr\u00e9 Monteiro da Silva E-mail: andremonteiro@unifap.br &nbsp; Assistente em Administra\u00e7\u00e3o Ana Ruth Ara\u00fajo da Silva de Souza E-mail: ruthsouza@unifap.br &nbsp; Assistente em Administra\u00e7\u00e3o Gerson Vanderlei dos Anjos Gurj\u00e3o E-mail: gerson@unifap.br &nbsp; Assistente em Administra\u00e7\u00e3o Kelly Huany&#8230;<\/p>\n","protected":false},"author":470,"featured_media":0,"parent":0,"menu_order":8,"comment_status":"closed","ping_status":"open","template":"","meta":{"inline_featured_image":false,"ngg_post_thumbnail":0,"footnotes":""},"class_list":["post-11","page","type-page","status-publish","hentry","entry"],"_links":{"self":[{"href":"https:\/\/www2.unifap.br\/dex\/wp-json\/wp\/v2\/pages\/11","targetHints":{"allow":["GET"]}}],"collection":[{"href":"https:\/\/www2.unifap.br\/dex\/wp-json\/wp\/v2\/pages"}],"about":[{"href":"https:\/\/www2.unifap.br\/dex\/wp-json\/wp\/v2\/types\/page"}],"author":[{"embeddable":true,"href":"https:\/\/www2.unifap.br\/dex\/wp-json\/wp\/v2\/users\/470"}],"replies":[{"embeddable":true,"href":"https:\/\/www2.unifap.br\/dex\/wp-json\/wp\/v2\/comments?post=11"}],"version-history":[{"count":57,"href":"https:\/\/www2.unifap.br\/dex\/wp-json\/wp\/v2\/pages\/11\/revisions"}],"predecessor-version":[{"id":16884,"href":"https:\/\/www2.unifap.br\/dex\/wp-json\/wp\/v2\/pages\/11\/revisions\/16884"}],"wp:attachment":[{"href":"https:\/\/www2.unifap.br\/dex\/wp-json\/wp\/v2\/media?parent=11"}],"curies":[{"name":"wp","href":"https:\/\/api.w.org\/{rel}","templated":true}]}}