{"id":12168,"date":"2017-04-27T17:24:20","date_gmt":"2017-04-27T17:24:20","guid":{"rendered":"http:\/\/www2.unifap.br\/dex\/?page_id=12168"},"modified":"2017-12-28T17:55:17","modified_gmt":"2017-12-28T17:55:17","slug":"2017-2","status":"publish","type":"page","link":"https:\/\/www2.unifap.br\/dex\/certificados\/2017-2\/","title":{"rendered":"2017"},"content":{"rendered":"<table width=\"744\" border=\"0\" cellspacing=\"0\" cellpadding=\"0\">\n<col width=\"667\" \/>\n<col width=\"77\" \/>\n<tbody>\n<tr>\n<td width=\"667\" height=\"21\">Ingl\u00eas Instrumental: Preparat\u00f3rio para Exame de Profici\u00eancia Mestrado e Doutorado<\/td>\n<td width=\"77\"><a href=\"https:\/\/drive.google.com\/drive\/folders\/0B-EQfR5gPE3Jc201YmF3ODhraFU?usp=sharing\">Clique aqui<\/a><\/td>\n<\/tr>\n<tr>\n<td height=\"21\">Letramento Acad\u00eamico &#8211; 2016.2<\/td>\n<td><a href=\"https:\/\/drive.google.com\/drive\/folders\/0B-EQfR5gPE3JWk1yRFM1eW4zeGs?usp=sharing\">Clique aqui<\/a><\/td>\n<\/tr>\n<tr>\n<td height=\"21\">I SIMP\u00d3SIO DE ECOLOGIA DE ECOSSISTEMAS AMAZ\u00d4NICOS<\/td>\n<td><a href=\"https:\/\/drive.google.com\/drive\/folders\/0B-EQfR5gPE3JU1VTRmxnT1Jkbmc?usp=sharing\">Clique aqui<\/a><\/td>\n<\/tr>\n<tr>\n<td height=\"21\">Compartilhando Saberes &#8211; Fam\u00edlia e Escola: Parceria que d\u00e1 certo<\/td>\n<td><a href=\"https:\/\/drive.google.com\/drive\/folders\/0B-EQfR5gPE3JanlaX0xmeEt2b0U?usp=sharing\">Clique aqui<\/a><\/td>\n<\/tr>\n<tr>\n<td height=\"21\">I Semin\u00e1rio do Centro Acad\u00eamico de Letras<\/td>\n<td><a href=\"https:\/\/drive.google.com\/drive\/folders\/0B-EQfR5gPE3JZ2FUZTlkaG9vb2M?usp=sharing\">Clique aqui<\/a><\/td>\n<\/tr>\n<tr>\n<td height=\"21\">Curso Rob\u00f3tica- Arduino; Ardublock; Dev c++; Circuits IO; Scractch<\/td>\n<td><a href=\"https:\/\/drive.google.com\/drive\/folders\/0B-EQfR5gPE3JZWZNaVlpaFJjN1k?usp=sharing\">Clique aqui<\/a><\/td>\n<\/tr>\n<tr>\n<td height=\"21\">Compartilhando Saberes &#8211; A Educa\u00e7\u00e3o Inclusiva<\/td>\n<td><a href=\"https:\/\/drive.google.com\/drive\/folders\/0B-EQfR5gPE3JTFJYRDROU2E0M1E?usp=sharing\">Clique aqui<\/a><\/td>\n<\/tr>\n<tr>\n<td height=\"21\">Compartilhando Saberes &#8211; Educa\u00e7\u00e3o Inclusiva Flexibiliza\u00e7\u00e3o Curricular<\/td>\n<td><a href=\"https:\/\/drive.google.com\/drive\/folders\/0B-EQfR5gPE3JcGlzeG1fNXdYV2c?usp=sharing\">Clique aqui<\/a><\/td>\n<\/tr>\n<tr>\n<td height=\"21\">Curso de Inform\u00e1tica b\u00e1sico para mulheres do Marac\u00e1 &#8211; Mazag\u00e3o &#8211; Amap\u00e1<\/td>\n<td><a href=\"https:\/\/drive.google.com\/drive\/folders\/0B-EQfR5gPE3JdjVDZE5fMkcyN00?usp=sharing\">Clique aqui<\/a><\/td>\n<\/tr>\n<tr>\n<td height=\"21\">Encontro do CSTM<\/td>\n<td><a href=\"https:\/\/drive.google.com\/drive\/folders\/0B-EQfR5gPE3JWFQtbmE0WXd2a1U?usp=sharing\">Clique aqui<\/a><\/td>\n<\/tr>\n<tr>\n<td height=\"21\">LIBRAS FACILITANDO A COMUNICA\u00c7\u00c3O ENTRE FUNCION\u00c1RIOS SURDOS E OUVINTES DA UNIFAP<\/td>\n<td><a href=\"https:\/\/drive.google.com\/drive\/folders\/0B-EQfR5gPE3JYlJuTFZpYTg2RmM?usp=sharing\">Clique aqui<\/a><\/td>\n<\/tr>\n<tr>\n<td height=\"21\">Encontros na Fronteira<\/td>\n<td><a href=\"https:\/\/drive.google.com\/drive\/folders\/0B-EQfR5gPE3JNGw0LUhfVjdkX00?usp=sharing\">Clique aqui<\/a><\/td>\n<\/tr>\n<tr>\n<td height=\"21\">ESPANHOL INSTRUMENTAL 1<\/td>\n<td><a href=\"https:\/\/drive.google.com\/drive\/folders\/0B-EQfR5gPE3JNDdjTXlENVdidlU?usp=sharing\">Clique aqui<\/a><\/td>\n<\/tr>\n<tr>\n<td height=\"21\">Fabrica\u00e7\u00e3o de produtos derivados da castanha do Brasil<\/td>\n<td><a href=\"https:\/\/drive.google.com\/drive\/folders\/0B-EQfR5gPE3JQnVuaEVvU0JNNXc?usp=sharing\">Clique aqui<\/a><\/td>\n<\/tr>\n<tr>\n<td height=\"21\">Compartilhando Saberes &#8211;\u00a0Compartilhando Saberes &#8211; Fam\u00edlia e Escola Parceria que d\u00e1 certo 2<\/td>\n<td><a href=\"https:\/\/drive.google.com\/drive\/folders\/0B-EQfR5gPE3JUUNRM3Rld1lINHM?usp=sharing\">Clique aqu<\/a><\/td>\n<\/tr>\n<tr>\n<td height=\"21\">Compartilhando Saberes &#8211; Gest\u00e3o Democr\u00e1tica<\/td>\n<td><a href=\"https:\/\/drive.google.com\/drive\/folders\/0B-EQfR5gPE3JVGFDV243WVJXX28?usp=sharing\">Clique aqui<\/a><\/td>\n<\/tr>\n<tr>\n<td height=\"21\">Ingl\u00eas Instrumental Estrat\u00e9gias de Leitura para Exame de Profici\u00eancia em L\u00edngua Inglesa Mestrado e Doutorado<\/td>\n<td><a href=\"https:\/\/drive.google.com\/drive\/folders\/0B-EQfR5gPE3Jb0E2RFk0RC1GSUk?usp=sharing\">Clique aqui<\/a><\/td>\n<\/tr>\n<tr>\n<td height=\"21\">3\u00ba Curso de Forma\u00e7\u00e3o de Guarda Parques<\/td>\n<td><a href=\"https:\/\/drive.google.com\/drive\/folders\/0B-EQfR5gPE3JWFBrYnJWd3U3aUk?usp=sharing\">Clique aqui<\/a><\/td>\n<\/tr>\n<tr>\n<td height=\"21\">4\u00ba Curso de Forma\u00e7\u00e3o de Guarda Parques<\/td>\n<td><a href=\"https:\/\/drive.google.com\/drive\/folders\/0B-EQfR5gPE3JQ2dhZnpBLUR3MW8?usp=sharing\">Clique aqui<\/a><\/td>\n<\/tr>\n<tr>\n<td height=\"21\">FORMA\u00c7\u00c3O DE TRADUTORES E INT\u00c9RPRETES DE LIBRAS &#8211; PORTUGU\u00caS<\/td>\n<td><a href=\"https:\/\/drive.google.com\/drive\/folders\/0B-EQfR5gPE3JcGFJYnNsaHRSRkk?usp=sharing\">Clique aqui<\/a><\/td>\n<\/tr>\n<tr>\n<td height=\"21\">CURSO DE FON\u00c9TICA E FONOLOGIA: FUNDAMENTOS E APLICA\u00c7\u00c3O \u00c0S L\u00cdNGUAS DE SINAIS<\/td>\n<td><a href=\"https:\/\/drive.google.com\/drive\/folders\/0B-EQfR5gPE3JWGRHYUdMcGs2TWc?usp=sharing\">Clique aqui<\/a><\/td>\n<\/tr>\n<tr>\n<td height=\"21\">CURSO DE MORFOLOGIA E SINTAXE APLICADA \u00c0S L\u00cdNGUAS DE SINAIS<\/td>\n<td><a href=\"https:\/\/drive.google.com\/drive\/folders\/0B-EQfR5gPE3Jems5T1Z0M2NfUEE?usp=sharing\">Clique aqui<\/a><\/td>\n<\/tr>\n<tr>\n<td height=\"21\">UNIFAP DIGITAL &#8211; Curso de Inform\u00e1tica B\u00e1sica 2017.1<\/td>\n<td><a href=\"https:\/\/drive.google.com\/drive\/folders\/0B-EQfR5gPE3JVU1ucVFhVEMxQmc?usp=sharing\">Clique aqui<\/a><\/td>\n<\/tr>\n<tr>\n<td height=\"20\">Programa em Letramento Acad\u00eamico<\/td>\n<td><a href=\"https:\/\/drive.google.com\/drive\/folders\/0B-EQfR5gPE3JNTk3UWdNMEluQk0?usp=sharing\">Clique aqui<\/a><\/td>\n<\/tr>\n<tr>\n<td height=\"20\">Projeto de Extens\u00e3o 86-2016 &#8211; Educa\u00e7\u00e3o Popular de Decolonialidade<\/td>\n<td><a href=\"https:\/\/drive.google.com\/open?id=0B-EQfR5gPE3JWG5JNkhWUDVyT1k\">Clique aqui<\/a><\/td>\n<\/tr>\n<tr>\n<td height=\"20\">Projeto de Extens\u00e3o 87-2016 &#8211; Epistemologias Comparadas<\/td>\n<td><a href=\"https:\/\/drive.google.com\/drive\/folders\/0B-EQfR5gPE3JYnZVbGpOck5yTUU?usp=sharing\">Clique aqui<\/a><\/td>\n<\/tr>\n<tr>\n<td height=\"21\">Compartilhando Saberes &#8211; Palestra &#8211; Avalia\u00e7\u00e3o: Al\u00e9m dos aspectos cognitivos e quantitativos<\/td>\n<td><a href=\"https:\/\/drive.google.com\/drive\/u\/1\/folders\/0B-EQfR5gPE3JUUNRM3Rld1lINHM\">Clique aqui<\/a><\/td>\n<\/tr>\n<tr>\n<td height=\"21\">CURSO DE ESPANHOL INTENSIVO PREPARAT\u00d3RIO PARA INTERC\u00c2MBIO<\/td>\n<td><a href=\"https:\/\/drive.google.com\/drive\/folders\/0B-EQfR5gPE3JcHJYRm5SSlNJR3c?usp=sharing\">Clique aqui<\/a><\/td>\n<\/tr>\n<tr>\n<td height=\"21\">Curso Pacto Nacional pela Alfabetiza\u00e7\u00e3o na Idade Certa<\/td>\n<td><a href=\"https:\/\/drive.google.com\/open?id=0B-EQfR5gPE3JbEpJUnF5S0F6aTg\">Clique aqui<\/a><\/td>\n<\/tr>\n<tr>\n<td height=\"21\">Projeto de Extens\u00e3o 062\/2015 &#8211; Preven\u00e7\u00e3o do uso e abuso de \u00e1lcool e outras drogas no munic\u00edpio de Oiapoque<\/td>\n<td><a href=\"https:\/\/drive.google.com\/drive\/folders\/0B-EQfR5gPE3JSF9sN3BXY21SYXc?usp=sharing\">Clique aqui<\/a><\/td>\n<\/tr>\n<tr>\n<td height=\"21\">Projeto &#8211; Promo\u00e7\u00e3o, Prote\u00e7\u00e3o e Recupera\u00e7\u00e3o da Sa\u00fade nas Comunidades<\/td>\n<td><a href=\"https:\/\/drive.google.com\/drive\/folders\/0B-EQfR5gPE3JNDdWS3ZIaWswaGM?usp=sharing\">Clique aqui<\/a><\/td>\n<\/tr>\n<tr>\n<td height=\"21\">Projeto de Extens\u00e3o 087\/2015 &#8211; Curso de Licenciamento Ambiental e Desenvolvimento Regional<\/td>\n<td><a href=\"https:\/\/drive.google.com\/drive\/folders\/0B-EQfR5gPE3JTWZBSThVNnRQN0U?usp=sharing\">Clique aqui<\/a><\/td>\n<\/tr>\n<tr>\n<td height=\"21\">Projeto de Extens\u00e3o LINGUAGEM E TECNOLOGIAS EDUCACIONAIS DIGITAIS: INSTRUMENTOS PARA UM WEBCURR\u00cdCULO NO ENSINO DE L\u00cdNGUA PORTUGUESA<\/td>\n<td><a href=\"https:\/\/drive.google.com\/drive\/folders\/0B-EQfR5gPE3JNTlya3BjTlFHZnc?usp=sharing\">Clique aqui<\/a><\/td>\n<\/tr>\n<tr>\n<td height=\"21\">Projeto Juventude da Floresta: vis\u00f5es, can\u00e7\u00f5es e modo de vida de uma Amaz\u00f4nia extrativista<\/td>\n<td><a href=\"https:\/\/drive.google.com\/drive\/folders\/0B-EQfR5gPE3JRGhqUEh6T1pVYWc?usp=sharing\">Clique aqui<\/a><\/td>\n<\/tr>\n<tr>\n<td height=\"21\">Compartilhando Saberes &#8211; Palestra &#8211; Forma\u00e7\u00e3o profissional: um caminho para inclus\u00e3o de pessoas com autismo, legisla\u00e7\u00e3o e o uso de metodologias eficazes.<\/td>\n<td><a href=\"https:\/\/drive.google.com\/drive\/folders\/0B-EQfR5gPE3JMDB3bXpNeF83c0k?usp=sharing\">Clique aqui<\/a><\/td>\n<\/tr>\n<tr>\n<td height=\"21\">Compartilhando Saberes &#8211; Palestra &#8211; Saberes e Pr\u00e1tica Pedag\u00f3gicas.<\/td>\n<td><a href=\"https:\/\/drive.google.com\/drive\/folders\/0B-EQfR5gPE3JcnBvVmd5aHAyQU0?usp=sharing\">Clique aqui<\/a><\/td>\n<\/tr>\n<tr>\n<td height=\"21\">Teoria da Medida e Integra\u00e7\u00e3o-Parte I (Projeto EDPMF)<\/td>\n<td><a href=\"https:\/\/drive.google.com\/drive\/folders\/0B-EQfR5gPE3JVnJsWTlZTkR3Rkk?usp=sharing\">Clique aqui<\/a><\/td>\n<\/tr>\n<tr>\n<td height=\"21\">Projeto Pr\u00f3-Estudante Idiomas<\/td>\n<td><a href=\"https:\/\/drive.google.com\/drive\/folders\/0B-EQfR5gPE3JUXpEZ1ZZZ2pzT0k?usp=sharing\">Clique aqui<\/a><\/td>\n<\/tr>\n<tr>\n<td height=\"21\">LIBRAS b\u00e1sico para comunidade Oiapoquense<\/td>\n<td><a href=\"https:\/\/drive.google.com\/drive\/folders\/0B-EQfR5gPE3JYlJuTFZpYTg2RmM?usp=sharing\">Clique aqui<\/a><\/td>\n<\/tr>\n<tr>\n<td height=\"21\">Projeto Compartilhando Saberes &#8211; Hist\u00f3ria da Tecnologia Educacional: Do Quadro de Giz \u00e0 Realidade Virtual.<\/td>\n<td><a href=\"https:\/\/drive.google.com\/drive\/folders\/0B-EQfR5gPE3JMzdKRUFzbTB0cHc?usp=sharing\">Clique aqui<\/a><\/td>\n<\/tr>\n<tr>\n<td height=\"21\">Evento de A\u00e7\u00e3o Social Campus Binacional: Sa\u00fade, Justi\u00e7a e Cidadania &#8211; Aldeia Manga 2017<\/td>\n<td><a href=\"https:\/\/drive.google.com\/drive\/folders\/0B-EQfR5gPE3JX3FpWXlvOWFfUHc?usp=sharing\">Clique aqui<\/a><\/td>\n<\/tr>\n<tr>\n<td height=\"21\">Projeto &#8211; PR\u00c1TICAS ASSISTENCIAIS E CUIDADOS DE ENFERMAGEM (PACE) (N\u00ba70\/2015)<\/td>\n<td><a href=\"https:\/\/drive.google.com\/drive\/folders\/0B-EQfR5gPE3JMnN4Z1VnTGQ5bnc?usp=sharing\">Clique aqui<\/a><\/td>\n<\/tr>\n<tr>\n<td height=\"21\">Projeto &#8211; I SEMANA DE ENFERMAGEM DO CAMPUS BINACIONAL DO OIAPOQUE 2016 (N\u00b053\/2014)<\/td>\n<td><a href=\"https:\/\/drive.google.com\/drive\/folders\/0B-EQfR5gPE3JSVFYdEZvWW1fbGs?usp=sharing\">Clique aqui<\/a><\/td>\n<\/tr>\n<tr>\n<td height=\"21\">Projeto &#8211; ENVELHECENDO COM SA\u00daDE NA COMUNIDADE IND\u00cdGENA (N\u00ba 71\/2015) <\/td>\n<td><a href=\"https:\/\/drive.google.com\/drive\/folders\/0B-EQfR5gPE3JcWNIa2swWGtkYmM?usp=sharing\">Clique aqui<\/a><\/td>\n<\/tr>\n<tr>\n<td height=\"21\">I RECEP\u00c7\u00c3O DOS CALOUROS DE QU\u00cdMICA 2016.2 (N\u00ba125\/2016)<\/td>\n<td><a href=\"https:\/\/drive.google.com\/drive\/folders\/0B-EQfR5gPE3JV3p4T3lYQ0U1ek0?usp=sharing\">Clique aqui<\/a><\/td>\n<\/tr>\n<tr>\n<td height=\"21\">Produ\u00e7\u00e3o de v\u00eddeos &#8211; Sinais B\u00e1sicos de Libras\u00a0e Document\u00e1rios<\/td>\n<td><a href=\"https:\/\/drive.google.com\/drive\/folders\/0B-EQfR5gPE3JTkE5WUloUWx5Zlk?usp=sharing\">Clique aqui<\/a><\/td>\n<\/tr>\n<tr>\n<td height=\"21\">Projeto Compartilhando Saberes &#8211; O Trabalho e a Forma\u00e7\u00e3o Docente Em Di\u00e1logo Com as Tecnologias: Alunos na &#8220;Idade da M\u00eddia&#8221; e a Escola na &#8220;Idade M\u00e9dia&#8221;?<\/td>\n<td><a href=\"https:\/\/drive.google.com\/drive\/folders\/0B-EQfR5gPE3JUzZLMlBIRzFuZUE?usp=sharing\">Clique aqui<\/a><\/td>\n<\/tr>\n<tr>\n<td height=\"21\">Projeto Compartilhando Saberes &#8211; Inclus\u00e3o Escolar: O que \u00e9? Por qu\u00ea? Como fazer?<\/td>\n<td><a href=\"https:\/\/drive.google.com\/drive\/folders\/0B-EQfR5gPE3Jay1RX3NYOTNJWkU?usp=sharing\">Clique aqui<\/a><\/td>\n<\/tr>\n<tr>\n<td height=\"21\">Projeto Compartilhando Saberes &#8211; Gest\u00e3o Democr\u00e1tica com a palestrante Arthane Menezes Figueir\u00eado<\/td>\n<td><a href=\"https:\/\/drive.google.com\/drive\/folders\/0B-EQfR5gPE3JRUV0UU9rd0pHdEU?usp=sharing\">Clique aqui<\/a><\/td>\n<\/tr>\n<tr>\n<td height=\"21\">Programa de Combate \u00e0 Intimida\u00e7\u00e3o Sistem\u00e1tica (Bullying)<\/td>\n<td><a href=\"https:\/\/drive.google.com\/drive\/folders\/0B-EQfR5gPE3JVDhTdXJOYUxJMU0?usp=sharing\">Clique aqui<\/a><\/td>\n<\/tr>\n<tr>\n<td height=\"21\">I SEMANA DE ENFERMAGEM DO CAMPUS BINACIONAL DO OIAPOQUE 2017<\/td>\n<td><a href=\"https:\/\/drive.google.com\/drive\/folders\/0B-EQfR5gPE3JZ1dvOEhQSU52RlE?usp=sharing\">Clique aqui<\/a><\/td>\n<\/tr>\n<tr>\n<td height=\"21\">Projeto 121\/2016 HISTORIA DA \u00c1FRICA E AFROBRASILEIRA E FORMA\u00c7\u00c3O DOCENTE<\/td>\n<td><a href=\"https:\/\/drive.google.com\/drive\/folders\/1vIyHWlHLfR85Ra7a_8sr6dzJ5U42aKf-?usp=sharing\">Clique aqui<\/a><\/td>\n<\/tr>\n<tr>\n<td height=\"21\">Projeto Compartilhando Saberes &#8211; Palestra (19.10.2017) Avalia\u00e7\u00e3o Al\u00e9m dos aspectos cognitivos e quantitativos<\/td>\n<td><a href=\"https:\/\/drive.google.com\/drive\/folders\/1jA6WzxCkx6UrNsYmAvd6mRze_mYOqKyi?usp=sharing\">Clique aqui<\/a><\/td>\n<\/tr>\n<tr>\n<td height=\"21\">Projeto Compartilhando Saberes &#8211; Palestra (25.10.2017) Forma\u00e7\u00e3o Profissional &#8211; Um caminho para a inclus\u00e3o de pessoas com autismo, legisla\u00e7\u00e3o e o uso de metodologias eficazes<\/td>\n<td><a href=\"https:\/\/drive.google.com\/drive\/folders\/1kRJ_mOqaTD_68GyifG4bOTJbtEeKfXXw?usp=sharing\">Clique aqui<\/a><\/td>\n<\/tr>\n<tr>\n<td height=\"21\">Projeto Compartilhando Saberes &#8211; Palestra (31.10.2017) &#8211; Inclus\u00e3o, O que \u00e9, Por qu\u00ea, Como fazer\n<\/td>\n<td><a href=\"https:\/\/drive.google.com\/drive\/folders\/1Lf8xQ765lZok2R2VTTvi8AwMG-JygXZq?usp=sharing\">Clique aqui<\/a><\/td>\n<\/tr>\n<tr>\n<td height=\"21\">Projeto 108\/2016 &#8211; 1\u00aa Oficina de Materiais Did\u00e1ticos para a \u00c1rea de Ci\u00eancias Exatas e da Natureza \u2013 MATDID\n<\/td>\n<td><a href=\"https:\/\/drive.google.com\/drive\/folders\/1rAx0hr8UpjKsYfpFi6G-OsAXXDCjzQ7V?usp=sharing\">Clique aqui<\/a><\/td>\n<\/tr>\n<tr>\n<td height=\"21\">CONFER\u00caNCIA INTERNACIONAL \u201cFRANCOPHONIE, DIVERSIT\u00c9 CULTURELLE ET MONDIALISATION\u201d\n<\/td>\n<td><a href=\"https:\/\/drive.google.com\/drive\/folders\/1Ubrh6Ff-848DWAiFmnHmxIs0OvtB1BSc?usp=sharing\">Clique aqui<\/a><\/td>\n<\/tr>\n<tr>\n<td height=\"21\">Projeto Compartilhando Saberes &#8211; Palestra (08.10.2017 e 31.10.2017)Travessias da sala de aula para o consult\u00f3rio: Trajet\u00f3rias docentes, narrativas e hist\u00f3rias de sofrimento e adoecimento ps\u00edquico de professores do Amap\u00e1.\n<\/td>\n<td><a href=\"https:\/\/drive.google.com\/drive\/folders\/1NI77mS2s4H3EuX8f_qevEDUfP1W1GFkk?usp=sharing\">Clique aqui<\/a><\/td>\n<\/tr>\n<tr>\n<td height=\"21\">Projeto Compartilhando Saberes &#8211; A\u00e7\u00e3o Social de extens\u00e3o  17\/10\/2017 \u00e0 27\/10\/2017 \u201cAprendendo com a Tecnologia\u201d\n<\/td>\n<td><a href=\"https:\/\/drive.google.com\/drive\/folders\/1Mi-y195X_l_sN3X6nM2F93X64nJuOGMA?usp=sharing\">Clique aqui<\/a><\/td>\n<\/tr>\n<tr>\n<td height=\"21\">Projeto 121\/2016 RODA DE CONVERSA DIA DA CONSCI\u00caNCIA NEGRA: Lei 10.639\/03 A\u00c7\u00d5ES PR\u00c1TICAS PARA IMPLEMENTAR<\/td>\n<td><a href=\"https:\/\/drive.google.com\/drive\/folders\/1ec1Tl40J0gBxejPXTH1abm1Nj_GMaSVI?usp=sharing\">Clique aqui<\/a><\/td>\n<\/tr>\n<tr>\n<td height=\"21\">UNIFAP DIGITAL &#8211; Curso de Inform\u00e1tica B\u00e1sica 2017.2<\/td>\n<td><a href=\"https:\/\/drive.google.com\/drive\/folders\/1IQcOauwUibw0OrjyzGv2rkyqZqn1Foaz?usp=sharing\">Clique aqui<\/a><\/td>\n<\/tr>\n<tr>\n<td height=\"21\">Programa de Apoio a Migrantes e Refugiados(PAMER) &#8211; I Semin\u00e1rio sobre Migra\u00e7\u00f5es e Ref\u00fagio na Regi\u00e3o Fronteiri\u00e7a Franco-Brasileira<\/td>\n<td><a href=\"https:\/\/drive.google.com\/drive\/folders\/1O0NnfmMcqtEog7Ss34BcQZatUu-RMKZl?usp=sharing\">Clique aqui<\/a><\/td>\n<\/tr>\n<\/tbody>\n<\/table>\n","protected":false},"excerpt":{"rendered":"<p>Ingl\u00eas Instrumental: Preparat\u00f3rio para Exame de Profici\u00eancia Mestrado e Doutorado Clique aqui Letramento Acad\u00eamico &#8211; 2016.2 Clique aqui I SIMP\u00d3SIO DE ECOLOGIA DE ECOSSISTEMAS AMAZ\u00d4NICOS Clique aqui Compartilhando Saberes &#8211; Fam\u00edlia e Escola: Parceria que d\u00e1 certo Clique aqui I Semin\u00e1rio do Centro Acad\u00eamico de Letras Clique aqui Curso Rob\u00f3tica- Arduino; Ardublock; Dev c++; Circuits&#8230;<\/p>\n","protected":false},"author":925,"featured_media":0,"parent":8262,"menu_order":0,"comment_status":"closed","ping_status":"open","template":"","meta":{"inline_featured_image":false,"ngg_post_thumbnail":0,"footnotes":""},"class_list":["post-12168","page","type-page","status-publish","hentry","entry"],"_links":{"self":[{"href":"https:\/\/www2.unifap.br\/dex\/wp-json\/wp\/v2\/pages\/12168","targetHints":{"allow":["GET"]}}],"collection":[{"href":"https:\/\/www2.unifap.br\/dex\/wp-json\/wp\/v2\/pages"}],"about":[{"href":"https:\/\/www2.unifap.br\/dex\/wp-json\/wp\/v2\/types\/page"}],"author":[{"embeddable":true,"href":"https:\/\/www2.unifap.br\/dex\/wp-json\/wp\/v2\/users\/925"}],"replies":[{"embeddable":true,"href":"https:\/\/www2.unifap.br\/dex\/wp-json\/wp\/v2\/comments?post=12168"}],"version-history":[{"count":90,"href":"https:\/\/www2.unifap.br\/dex\/wp-json\/wp\/v2\/pages\/12168\/revisions"}],"predecessor-version":[{"id":12795,"href":"https:\/\/www2.unifap.br\/dex\/wp-json\/wp\/v2\/pages\/12168\/revisions\/12795"}],"up":[{"embeddable":true,"href":"https:\/\/www2.unifap.br\/dex\/wp-json\/wp\/v2\/pages\/8262"}],"wp:attachment":[{"href":"https:\/\/www2.unifap.br\/dex\/wp-json\/wp\/v2\/media?parent=12168"}],"curies":[{"name":"wp","href":"https:\/\/api.w.org\/{rel}","templated":true}]}}