{"id":13156,"date":"2018-07-23T18:56:47","date_gmt":"2018-07-23T18:56:47","guid":{"rendered":"http:\/\/www2.unifap.br\/dex\/?page_id=13156"},"modified":"2019-06-11T14:03:07","modified_gmt":"2019-06-11T14:03:07","slug":"acoes-de-extensao","status":"publish","type":"page","link":"https:\/\/www2.unifap.br\/dex\/acoes-de-extensao\/","title":{"rendered":"Atividades de Extens\u00e3o"},"content":{"rendered":"<p><span style=\"color: #000000\">De acordo com a Resolu\u00e7\u00e3o n\u00ba 7, de 18 de dezembro de 2018, do Conselho Nacional de Educa\u00e7\u00e3o, as atividades de extens\u00e3o devem compor, no m\u00ednimo, 10% (dez por cento) do total da carga hor\u00e1ria curricular estudantil dos cursos de gradua\u00e7\u00e3o, as quais dever\u00e3o fazer parte da matriz curricular dos cursos.<\/span><\/p>\n<p><span style=\"color: #000000\">S\u00e3o consideradas atividades de extens\u00e3o as interven\u00e7\u00f5es que envolvam diretamente as comunidades externas \u00e0s institui\u00e7\u00f5es de ensino superior e que estejam vinculadas \u00e0 forma\u00e7\u00e3o do estudante, nos termos da Resolu\u00e7\u00e3o supracitada, e conforme normas institucionais da UNIFAP.<\/span><\/p>\n<p class=\"dou-paragraph\"><span style=\"color: #000000\">As atividades extensionistas, segundo sua caracteriza\u00e7\u00e3o nos projetos pol\u00edticos pedag\u00f3gicos dos cursos, se inserem nas seguintes modalidades:<\/span><\/p>\n<p class=\"dou-paragraph\"><span style=\"color: #000000\">I &#8211; <em><strong>Programas:\u00a0<\/strong><\/em>conjunto articulado de projetos e a\u00e7\u00f5es de m\u00e9dio e longo prazos, cujas diretrizes e escopo de intera\u00e7\u00e3o com a sociedade, no que se refere \u00e0 abrang\u00eancia territorial e populacional, se integre \u00e0s linhas de ensino e pesquisa desenvolvidas pela institui\u00e7\u00e3o, nos termos de seus projetos pol\u00edtico-pedag\u00f3gico e de desenvolvimento institucional.<\/span><\/p>\n<p class=\"dou-paragraph\"><span style=\"color: #000000\">II &#8211; <em><strong>Projetos:<\/strong><\/em>\u00a0a\u00e7\u00e3o formalizada, com objetivo espec\u00edfico e prazo determinado, visando resultado de m\u00fatuo interesse, para a sociedade e para a comunidade acad\u00eamica.<\/span><\/p>\n<p class=\"dou-paragraph\"><span style=\"color: #000000\">III &#8211; C<em><strong>ursos:<\/strong><\/em>\u00a0conjunto articulado de a\u00e7\u00f5es pedag\u00f3gicas, de car\u00e1ter te\u00f3rico ou pr\u00e1tico, presencial ou a dist\u00e2ncia, planejadas e organizadas de modo sistem\u00e1tico, com carga hor\u00e1ria m\u00ednima de oito horas e processo de avalia\u00e7\u00e3o definidos na proposta.<\/span><\/p>\n<p class=\"dou-paragraph\"><span style=\"color: #000000\">IV &#8211; <em><strong>Eventos:<\/strong><\/em>\u00a0a\u00e7\u00f5es que implicam na apresenta\u00e7\u00e3o e exibi\u00e7\u00e3o p\u00fablica e livre, ou, tamb\u00e9m, com clientela espec\u00edfica do conhecimento ou produto cultural, cient\u00edfico e tecnol\u00f3gico, desenvolvido, conservado ou reconhecido pela universidade:<\/span><\/p>\n<ul>\n<li><span style=\"color: #000000\">a) congressos;<\/span><\/li>\n<li><span style=\"color: #000000\">b) f\u00f3rum;<\/span><\/li>\n<li><span style=\"color: #000000\">c) semin\u00e1rios;<\/span><\/li>\n<li><span style=\"color: #000000\">d) semanas;<\/span><\/li>\n<li><span style=\"color: #000000\">e) exposi\u00e7\u00e3o;<\/span><\/li>\n<li><span style=\"color: #000000\">f) espet\u00e1culo;<\/span><\/li>\n<li><span style=\"color: #000000\">g) evento esportivo;<\/span><\/li>\n<li><span style=\"color: #000000\">h) festival ou equivalentes.<\/span><\/li>\n<\/ul>\n<p class=\"dou-paragraph\"><span style=\"color: #000000\">V &#8211; <em><strong>Presta\u00e7\u00e3o de servi\u00e7os:<\/strong><\/em>\u00a0atividade de transfer\u00eancia \u00e0 comunidade do conhecimento gerado, incluindo-se nesse conceito assessorias e consultorias, pesquisas encomendadas e atividades contratadas e financiadas por terceiros (comunidade ou empresa), e caracteriza-se por intangibilidade, inseparabilidade e n\u00e3o resulta na posse de um bem.<\/span><\/p>\n<p class=\"dou-paragraph\">\n","protected":false},"excerpt":{"rendered":"<p>De acordo com a Resolu\u00e7\u00e3o n\u00ba 7, de 18 de dezembro de 2018, do Conselho Nacional de Educa\u00e7\u00e3o, as atividades de extens\u00e3o devem compor, no m\u00ednimo, 10% (dez por cento) do total da carga hor\u00e1ria curricular estudantil dos cursos de gradua\u00e7\u00e3o, as quais dever\u00e3o fazer parte da matriz curricular dos cursos. S\u00e3o consideradas atividades de&#8230;<\/p>\n","protected":false},"author":470,"featured_media":0,"parent":0,"menu_order":3,"comment_status":"closed","ping_status":"open","template":"","meta":{"inline_featured_image":false,"ngg_post_thumbnail":0,"footnotes":""},"class_list":["post-13156","page","type-page","status-publish","hentry","entry"],"_links":{"self":[{"href":"https:\/\/www2.unifap.br\/dex\/wp-json\/wp\/v2\/pages\/13156","targetHints":{"allow":["GET"]}}],"collection":[{"href":"https:\/\/www2.unifap.br\/dex\/wp-json\/wp\/v2\/pages"}],"about":[{"href":"https:\/\/www2.unifap.br\/dex\/wp-json\/wp\/v2\/types\/page"}],"author":[{"embeddable":true,"href":"https:\/\/www2.unifap.br\/dex\/wp-json\/wp\/v2\/users\/470"}],"replies":[{"embeddable":true,"href":"https:\/\/www2.unifap.br\/dex\/wp-json\/wp\/v2\/comments?post=13156"}],"version-history":[{"count":5,"href":"https:\/\/www2.unifap.br\/dex\/wp-json\/wp\/v2\/pages\/13156\/revisions"}],"predecessor-version":[{"id":13287,"href":"https:\/\/www2.unifap.br\/dex\/wp-json\/wp\/v2\/pages\/13156\/revisions\/13287"}],"wp:attachment":[{"href":"https:\/\/www2.unifap.br\/dex\/wp-json\/wp\/v2\/media?parent=13156"}],"curies":[{"name":"wp","href":"https:\/\/api.w.org\/{rel}","templated":true}]}}