{"id":13194,"date":"2018-10-18T13:54:42","date_gmt":"2018-10-18T13:54:42","guid":{"rendered":"http:\/\/www2.unifap.br\/dex\/?page_id=13194"},"modified":"2019-07-12T13:12:41","modified_gmt":"2019-07-12T13:12:41","slug":"prorrogacao-e-renovacao","status":"publish","type":"page","link":"https:\/\/www2.unifap.br\/dex\/prorrogacao-e-renovacao\/","title":{"rendered":"Prorroga\u00e7\u00e3o de programa ou projeto de extens\u00e3o"},"content":{"rendered":"<p><span style=\"color: #000000\">Deve-se solicitar a prorroga\u00e7\u00e3o do programa ou projeto de extens\u00e3o\u00a0quando este ainda est\u00e1 vigente, com no m\u00ednimo 30 dias antes do encerramento da\u00a0vig\u00eancia do projeto.<\/span><\/p>\n<p><span style=\"color: #000000\">Para isso, o\u00a0Coordenador(a) da atividade dever\u00e1 solicitar o envio de memorando eletr\u00f4nico ao DEx\/PROEAC com a seguinte\u00a0documenta\u00e7\u00e3o:<\/span><\/p>\n<ol>\n<li><span style=\"color: #000000\">Relat\u00f3rios parciais de acompanhamento do projeto ou programa\u00a0j\u00e1 submetidos pelo SIGAA (se houver); e<\/span><\/li>\n<li>FORMUL\u00c1RIO DE JUSTIFICATIVA PARA PRORROGA\u00c7\u00c3O DO PRAZO DE EXECU\u00c7\u00c3O DO PROJETO, <span style=\"color: #ff0000\"><a style=\"color: #ff0000\" href=\"http:\/\/www2.unifap.br\/dex\/documentos\/atividades-extensionistas\/\">dispon\u00edvel aqui<\/a>!<\/span><\/li>\n<\/ol>\n<p><span style=\"color: #000000\">Pedidos de prorroga\u00e7\u00e3o ap\u00f3s o t\u00e9rmino do prazo de vig\u00eancia do programa ou projeto ser\u00e3o indeferidos.<\/span><\/p>\n","protected":false},"excerpt":{"rendered":"<p>Deve-se solicitar a prorroga\u00e7\u00e3o do programa ou projeto de extens\u00e3o\u00a0quando este ainda est\u00e1 vigente, com no m\u00ednimo 30 dias antes do encerramento da\u00a0vig\u00eancia do projeto. Para isso, o\u00a0Coordenador(a) da atividade dever\u00e1 solicitar o envio de memorando eletr\u00f4nico ao DEx\/PROEAC com a seguinte\u00a0documenta\u00e7\u00e3o: Relat\u00f3rios parciais de acompanhamento do projeto ou programa\u00a0j\u00e1 submetidos pelo SIGAA (se houver);&#8230;<\/p>\n","protected":false},"author":1913,"featured_media":0,"parent":0,"menu_order":5,"comment_status":"closed","ping_status":"closed","template":"","meta":{"inline_featured_image":false,"ngg_post_thumbnail":0,"footnotes":""},"class_list":["post-13194","page","type-page","status-publish","hentry","entry"],"_links":{"self":[{"href":"https:\/\/www2.unifap.br\/dex\/wp-json\/wp\/v2\/pages\/13194","targetHints":{"allow":["GET"]}}],"collection":[{"href":"https:\/\/www2.unifap.br\/dex\/wp-json\/wp\/v2\/pages"}],"about":[{"href":"https:\/\/www2.unifap.br\/dex\/wp-json\/wp\/v2\/types\/page"}],"author":[{"embeddable":true,"href":"https:\/\/www2.unifap.br\/dex\/wp-json\/wp\/v2\/users\/1913"}],"replies":[{"embeddable":true,"href":"https:\/\/www2.unifap.br\/dex\/wp-json\/wp\/v2\/comments?post=13194"}],"version-history":[{"count":11,"href":"https:\/\/www2.unifap.br\/dex\/wp-json\/wp\/v2\/pages\/13194\/revisions"}],"predecessor-version":[{"id":13341,"href":"https:\/\/www2.unifap.br\/dex\/wp-json\/wp\/v2\/pages\/13194\/revisions\/13341"}],"wp:attachment":[{"href":"https:\/\/www2.unifap.br\/dex\/wp-json\/wp\/v2\/media?parent=13194"}],"curies":[{"name":"wp","href":"https:\/\/api.w.org\/{rel}","templated":true}]}}