{"id":13533,"date":"2020-09-19T16:41:44","date_gmt":"2020-09-19T16:41:44","guid":{"rendered":"http:\/\/www2.unifap.br\/dex\/?page_id=13533"},"modified":"2020-09-19T17:12:31","modified_gmt":"2020-09-19T17:12:31","slug":"planejamento-estrategico","status":"publish","type":"page","link":"https:\/\/www2.unifap.br\/dex\/planejamento-estrategico\/","title":{"rendered":"Planejamento Estrat\u00e9gico"},"content":{"rendered":"<p><strong>Exerc\u00edcio 2020<\/strong><\/p>\n<p>A\u00e7\u00f5es planejadas<\/p>\n<p>Despesas Empenhadas<\/p>\n<ol>\n<li><a href=\"http:\/\/www2.unifap.br\/dex\/empenho_2020ne000157\/\">Aux\u00edlio Financeiro a Pesquisador<\/a><\/li>\n<li><a href=\"http:\/\/www2.unifap.br\/dex\/empenho_2020ne000156\/\">Aux\u00edlio Financeiro a Estudantes\u00a0<\/a><\/li>\n<\/ol>\n<p>Planos de Aplica\u00e7\u00e3o de recursos or\u00e7ament\u00e1rios<\/p>\n<ol>\n<li><a href=\"http:\/\/www2.unifap.br\/dex\/plano-de-aplicacao-dos-recursos-da-despesa-auxilio-financeiro-a-estudantes\/\">Despesa Aux\u00edlio Financeiro a Estudantes<\/a><\/li>\n<\/ol>\n","protected":false},"excerpt":{"rendered":"<p>Exerc\u00edcio 2020 A\u00e7\u00f5es planejadas Despesas Empenhadas Aux\u00edlio Financeiro a Pesquisador Aux\u00edlio Financeiro a Estudantes\u00a0 Planos de Aplica\u00e7\u00e3o de recursos or\u00e7ament\u00e1rios Despesa Aux\u00edlio Financeiro a Estudantes<\/p>\n","protected":false},"author":756,"featured_media":0,"parent":0,"menu_order":0,"comment_status":"closed","ping_status":"closed","template":"","meta":{"inline_featured_image":false,"ngg_post_thumbnail":0,"footnotes":""},"class_list":["post-13533","page","type-page","status-publish","hentry","entry"],"_links":{"self":[{"href":"https:\/\/www2.unifap.br\/dex\/wp-json\/wp\/v2\/pages\/13533","targetHints":{"allow":["GET"]}}],"collection":[{"href":"https:\/\/www2.unifap.br\/dex\/wp-json\/wp\/v2\/pages"}],"about":[{"href":"https:\/\/www2.unifap.br\/dex\/wp-json\/wp\/v2\/types\/page"}],"author":[{"embeddable":true,"href":"https:\/\/www2.unifap.br\/dex\/wp-json\/wp\/v2\/users\/756"}],"replies":[{"embeddable":true,"href":"https:\/\/www2.unifap.br\/dex\/wp-json\/wp\/v2\/comments?post=13533"}],"version-history":[{"count":10,"href":"https:\/\/www2.unifap.br\/dex\/wp-json\/wp\/v2\/pages\/13533\/revisions"}],"predecessor-version":[{"id":13546,"href":"https:\/\/www2.unifap.br\/dex\/wp-json\/wp\/v2\/pages\/13533\/revisions\/13546"}],"wp:attachment":[{"href":"https:\/\/www2.unifap.br\/dex\/wp-json\/wp\/v2\/media?parent=13533"}],"curies":[{"name":"wp","href":"https:\/\/api.w.org\/{rel}","templated":true}]}}