{"id":13547,"date":"2020-09-21T17:44:26","date_gmt":"2020-09-21T17:44:26","guid":{"rendered":"http:\/\/www2.unifap.br\/dex\/?page_id=13547"},"modified":"2024-06-10T11:31:15","modified_gmt":"2024-06-10T11:31:15","slug":"transparencia","status":"publish","type":"page","link":"https:\/\/www2.unifap.br\/dex\/transparencia\/","title":{"rendered":"Transpar\u00eancia dos gastos"},"content":{"rendered":"\t\t<div data-elementor-type=\"wp-page\" data-elementor-id=\"13547\" class=\"elementor elementor-13547\">\n\t\t\t\t\t\t<section class=\"elementor-section elementor-top-section elementor-element elementor-element-48ff716 elementor-section-boxed elementor-section-height-default elementor-section-height-default\" data-id=\"48ff716\" data-element_type=\"section\" data-e-type=\"section\">\n\t\t\t\t\t\t<div class=\"elementor-container elementor-column-gap-default\">\n\t\t\t\t\t<div class=\"elementor-column elementor-col-100 elementor-top-column elementor-element elementor-element-85c9599\" data-id=\"85c9599\" data-element_type=\"column\" data-e-type=\"column\">\n\t\t\t<div class=\"elementor-widget-wrap elementor-element-populated\">\n\t\t\t\t\t\t<div class=\"elementor-element elementor-element-30edc92d elementor-widget__width-initial elementor-widget elementor-widget-text-editor\" data-id=\"30edc92d\" data-element_type=\"widget\" data-e-type=\"widget\" data-widget_type=\"text-editor.default\">\n\t\t\t\t<div class=\"elementor-widget-container\">\n\t\t\t\t\t\t\t\t\t<h3>Com objetivo de tornar mais transparentes as atividades de extens\u00e3o executadas pela UNIFAP com recursos extra or\u00e7ament\u00e1rios, disponibilizamos a seguir o endere\u00e7o eletr\u00f4nico do Portal da Transpar\u00eancia das Funda\u00e7\u00f5es de Apoio credenciadas \u00e0 UNIFAP.\u00a0<\/h3><p>Funda\u00e7\u00e3o de Apoio e Desenvolvimento ao Ensino, Pesquisa e Extens\u00e3o &#8211; FUNDAPE: <a href=\"https:\/\/fundape.com.br\/transparencia\">https:\/\/fundape.com.br\/transparencia\u00a0<\/a><\/p><p>Funda\u00e7\u00e3o de Apoio \u00e0 Educa\u00e7\u00e3o e ao Desenvolvimento Tecnol\u00f3gico do Rio Grande do Norte &#8211; FUNCERN: <a href=\"http:\/\/sagi.funcern.br\/PortalTransparencia\/docs?Codigo=2\">http:\/\/sagi.funcern.br\/PortalTransparencia\/docs?Codigo=2<\/a><\/p><p>\u00a0<\/p>\t\t\t\t\t\t\t\t<\/div>\n\t\t\t\t<\/div>\n\t\t\t\t<div class=\"elementor-element elementor-element-3a549fc elementor-widget__width-initial elementor-widget elementor-widget-image\" data-id=\"3a549fc\" data-element_type=\"widget\" data-e-type=\"widget\" data-widget_type=\"image.default\">\n\t\t\t\t<div class=\"elementor-widget-container\">\n\t\t\t\t\t\t\t\t\t\t\t\t\t\t\t<img fetchpriority=\"high\" decoding=\"async\" width=\"1024\" height=\"682\" src=\"https:\/\/www2.unifap.br\/dex\/files\/2024\/05\/calculator-calculation-insurance-1680905-1024x682.jpg\" class=\"attachment-large size-large wp-image-16840\" alt=\"calculator, calculation, insurance-1680905.jpg\" srcset=\"https:\/\/www2.unifap.br\/dex\/files\/2024\/05\/calculator-calculation-insurance-1680905-1024x682.jpg 1024w, https:\/\/www2.unifap.br\/dex\/files\/2024\/05\/calculator-calculation-insurance-1680905-300x200.jpg 300w, https:\/\/www2.unifap.br\/dex\/files\/2024\/05\/calculator-calculation-insurance-1680905-768x512.jpg 768w, https:\/\/www2.unifap.br\/dex\/files\/2024\/05\/calculator-calculation-insurance-1680905.jpg 1280w\" sizes=\"(max-width: 1024px) 100vw, 1024px\" \/>\t\t\t\t\t\t\t\t\t\t\t\t\t\t\t<\/div>\n\t\t\t\t<\/div>\n\t\t\t\t\t<\/div>\n\t\t<\/div>\n\t\t\t\t\t<\/div>\n\t\t<\/section>\n\t\t\t\t<section class=\"elementor-section elementor-top-section elementor-element elementor-element-d42b6c4 elementor-section-boxed elementor-section-height-default elementor-section-height-default\" data-id=\"d42b6c4\" data-element_type=\"section\" data-e-type=\"section\">\n\t\t\t\t\t\t<div class=\"elementor-container elementor-column-gap-default\">\n\t\t\t\t\t<div class=\"elementor-column elementor-col-50 elementor-top-column elementor-element elementor-element-0d94963\" data-id=\"0d94963\" data-element_type=\"column\" data-e-type=\"column\">\n\t\t\t<div class=\"elementor-widget-wrap elementor-element-populated\">\n\t\t\t\t\t\t<div class=\"elementor-element elementor-element-58f1a37 elementor-widget__width-initial elementor-widget elementor-widget-text-editor\" data-id=\"58f1a37\" data-element_type=\"widget\" data-e-type=\"widget\" data-widget_type=\"text-editor.default\">\n\t\t\t\t<div class=\"elementor-widget-container\">\n\t\t\t\t\t\t\t\t\t<h3>Neste espa\u00e7o o cidad\u00e3o encontrar\u00e1 a rela\u00e7\u00e3o nominal dos alunos que receberam bolsa de extens\u00e3o pagas diretamente pela UNIFAP.&nbsp;<\/h3>\n<p>An<a href=\"https:\/\/www2.unifap.br\/dex\/bolsistas-de-extensao-2021\/\" target=\"_blank\" style=\"font-size: 14px\">o 2021<\/a><\/p>\n<p><\/p>\t\t\t\t\t\t\t\t<\/div>\n\t\t\t\t<\/div>\n\t\t\t\t\t<\/div>\n\t\t<\/div>\n\t\t\t\t<div class=\"elementor-column elementor-col-50 elementor-top-column elementor-element elementor-element-6953eef\" data-id=\"6953eef\" data-element_type=\"column\" data-e-type=\"column\">\n\t\t\t<div class=\"elementor-widget-wrap\">\n\t\t\t\t\t\t\t<\/div>\n\t\t<\/div>\n\t\t\t\t\t<\/div>\n\t\t<\/section>\n\t\t\t\t<\/div>\n\t\t","protected":false},"excerpt":{"rendered":"<p>Com objetivo de tornar mais transparentes as atividades de extens\u00e3o executadas pela UNIFAP com recursos extra or\u00e7ament\u00e1rios, disponibilizamos a seguir o endere\u00e7o eletr\u00f4nico do Portal da Transpar\u00eancia das Funda\u00e7\u00f5es de Apoio credenciadas \u00e0 UNIFAP.\u00a0 Funda\u00e7\u00e3o de Apoio e Desenvolvimento ao Ensino, Pesquisa e Extens\u00e3o &#8211; FUNDAPE: https:\/\/fundape.com.br\/transparencia\u00a0 Funda\u00e7\u00e3o de Apoio \u00e0 Educa\u00e7\u00e3o e ao Desenvolvimento&#8230;<\/p>\n","protected":false},"author":756,"featured_media":0,"parent":0,"menu_order":0,"comment_status":"closed","ping_status":"closed","template":"","meta":{"inline_featured_image":false,"ngg_post_thumbnail":0,"footnotes":""},"class_list":["post-13547","page","type-page","status-publish","hentry","entry"],"_links":{"self":[{"href":"https:\/\/www2.unifap.br\/dex\/wp-json\/wp\/v2\/pages\/13547","targetHints":{"allow":["GET"]}}],"collection":[{"href":"https:\/\/www2.unifap.br\/dex\/wp-json\/wp\/v2\/pages"}],"about":[{"href":"https:\/\/www2.unifap.br\/dex\/wp-json\/wp\/v2\/types\/page"}],"author":[{"embeddable":true,"href":"https:\/\/www2.unifap.br\/dex\/wp-json\/wp\/v2\/users\/756"}],"replies":[{"embeddable":true,"href":"https:\/\/www2.unifap.br\/dex\/wp-json\/wp\/v2\/comments?post=13547"}],"version-history":[{"count":28,"href":"https:\/\/www2.unifap.br\/dex\/wp-json\/wp\/v2\/pages\/13547\/revisions"}],"predecessor-version":[{"id":16865,"href":"https:\/\/www2.unifap.br\/dex\/wp-json\/wp\/v2\/pages\/13547\/revisions\/16865"}],"wp:attachment":[{"href":"https:\/\/www2.unifap.br\/dex\/wp-json\/wp\/v2\/media?parent=13547"}],"curies":[{"name":"wp","href":"https:\/\/api.w.org\/{rel}","templated":true}]}}