{"id":13644,"date":"2021-04-23T18:37:32","date_gmt":"2021-04-23T18:37:32","guid":{"rendered":"http:\/\/www2.unifap.br\/dex\/?page_id=13644"},"modified":"2021-08-26T00:06:40","modified_gmt":"2021-08-26T00:06:40","slug":"editais-internos-2021","status":"publish","type":"page","link":"https:\/\/www2.unifap.br\/dex\/editais-internos-2021\/","title":{"rendered":"Editais internos 2021"},"content":{"rendered":"<p>EDITAL N\u00b0 01\/2021 &#8211; DEX\/PROEAC &#8211; PROCESSO SELETIVO PARA FORMA\u00c7\u00c3O DE TURMA DO PROJETO DE EXTENS\u00c3O UNIVERSIDADE ABERTA A PESSOA IDOSA (<a href=\"http:\/\/www2.unifap.br\/dex\/edital-01-2021-novos-alunos-umap\/\"><span style=\"color: #ff0000\"><strong>Clique aqui<\/strong><\/span><\/a>)<\/p>\n<ul>\n<li><a href=\"http:\/\/www2.unifap.br\/dex\/resultado-2\/\"><span style=\"color: #0000ff\">Resultado<\/span><\/a><\/li>\n<\/ul>\n<p>EDITAL N\u00b0 02\/2021 &#8211; DEX\/PROEAC &#8211; SELE\u00c7\u00c3O DE ALUNOS PARA O PROJETO DE EXTENS\u00c3O LABORAT\u00d3RIO DE ENSINO, LEITURA, PRODU\u00c7\u00c3O TEXTUAL E TECNOLOGIAS \u2013 LABTEC (<a href=\"http:\/\/www2.unifap.br\/dex\/edital-n-2-2021-dex-proeac-selecao-de-alunos-e-alunas-para-o-labtec\/\"><span style=\"color: #ff0000\"><strong>Clique aqui<\/strong><\/span><\/a>)<\/p>\n<ul>\n<li><a href=\"http:\/\/www2.unifap.br\/dex\/labtec-relacao-dos-aprovados-resultado-preliminar\/\"><span style=\"color: #0000ff\">Resultado<\/span><\/a><\/li>\n<\/ul>\n<p>EDITAL N\u00b0 03\/2021 &#8211; DEX\/PROEAC &#8211; SELE\u00c7\u00c3O DE ALUNAS PARA O PROJETO DE EXTENS\u00c3O UNIVERSIDADE DA MULHER (<a href=\"http:\/\/www2.unifap.br\/dex\/edital-n-03_2021-dex_proeac-unifap-de-05-de-maio-de-2021\/\"><span style=\"color: #ff0000\"><strong>Clique aqui<\/strong><\/span><\/a>)<\/p>\n<ul>\n<li><a href=\"http:\/\/www2.unifap.br\/dex\/resultado-da-selecao-de-alunas\/\"><span style=\"color: #3366ff\">Resultado<\/span><\/a><\/li>\n<\/ul>\n<p>EDITAL N\u00b0 04\/2021 &#8211; DEX\/PROEAC &#8211; FORMA\u00c7\u00c3O DE CADASTRO DE RESERVA PARA INSTRUTORES DO PROJETO UNIVERSIDADE ABERTA A PESSOA IDOSA (<a href=\"http:\/\/www2.unifap.br\/dex\/edital-n-04-2021-umap\/\"><strong><span style=\"color: #ff0000\">Clique aqui<\/span><\/strong><\/a>)<\/p>\n<ul>\n<li><a href=\"http:\/\/www2.unifap.br\/dex\/resultado-provisorio-5\/\"><span style=\"color: #3366ff\">Resultado preliminar<\/span><\/a><\/li>\n<li><a href=\"http:\/\/www2.unifap.br\/dex\/resultado-definitivo-2\/\">Resultado final<\/a><\/li>\n<\/ul>\n<p>EDITAL N\u00b0 05\/2021 &#8211; DEX\/PROEAC &#8211; FORMA\u00c7\u00c3O DE CADASTRO DE RESERVA PARA INSTRUTORES DO PROJETO DE EXTENS\u00c3O DE EXCEL\u00caNCIA PARA CONCURSOS (<a href=\"http:\/\/www2.unifap.br\/dex\/edital-n-05-2021-peec\/\"><strong><span style=\"color: #ff0000\">Clique aqui<\/span><\/strong><\/a>)<\/p>\n<ul>\n<li><a href=\"http:\/\/www2.unifap.br\/dex\/resultado_provisorio_edital-05_2021-dex_proeac\/\"><span style=\"color: #3366ff\">Resultado preliminar<\/span><\/a><\/li>\n<\/ul>\n<p>EDITAL N\u00b0 06\/2021 &#8211; DEX\/PROEAC &#8211; SELE\u00c7\u00c3O DE BOLSISTAS PARA O <strong>PROJETO DE REFORMA DE PR\u00c9DIOS DA UNIFAP<\/strong> (<a href=\"http:\/\/www2.unifap.br\/dex\/edital-n-06-2021-dex-proeac\/\"><strong><span style=\"color: #ff0000\">Clique aqui<\/span><\/strong><\/a>)<\/p>\n<ul>\n<li><a href=\"http:\/\/www2.unifap.br\/dex\/homologacao-e-data-das-entrevistas_06\/\"><span style=\"color: #3366ff\">Homologa\u00e7\u00e3o e datas das entrevistas<\/span><\/a><\/li>\n<li><a href=\"http:\/\/www2.unifap.br\/dex\/resultado-preliminar-5\/\"><span style=\"color: #3366ff\">Resultado preliminar<\/span><\/a><\/li>\n<li><a href=\"http:\/\/www2.unifap.br\/dex\/resultado-final-do-edital-06-2021\/\"><span style=\"color: #3366ff\">Resultado final<\/span><\/a><\/li>\n<\/ul>\n<p>EDITAL N\u00b0 07\/2021 &#8211; DEX\/PROEAC &#8211; SELE\u00c7\u00c3O DE BOLSISTAS PARA O PROJETO <strong>RESSIGNIFICA\u00c7\u00c3O DA ESTRUTURA DA PONTE S\u00c9RGIO ARRUDA E DA MOBILIDADE URBANA DO SEU ENTORNO<\/strong> (<a href=\"http:\/\/www2.unifap.br\/dex\/edital-n-07-2021-dex-proeac_retificado\/\"><strong><span style=\"color: #ff0000\">Clique aqui<\/span><\/strong><\/a>)<\/p>\n<ul>\n<li><a href=\"http:\/\/www2.unifap.br\/dex\/homologacao-e-data-das-entrevistas-2\/\"><span style=\"color: #3366ff\">Homologa\u00e7\u00e3o e datas das entrevistas<\/span><\/a><\/li>\n<li><a href=\"http:\/\/www2.unifap.br\/dex\/edital-n-07-2021-dex-proeac-retificado\/\"><span style=\"color: #0000ff\">Retifica\u00e7\u00e3o do cronograma<\/span><\/a><\/li>\n<li><a href=\"http:\/\/www2.unifap.br\/dex\/resultado-preliminar-2-2\/\"><span style=\"color: #0000ff\">Resultado preliminar<\/span><\/a><\/li>\n<li><a href=\"http:\/\/www2.unifap.br\/dex\/resultado-final-1-2\/\"><span style=\"color: #3366ff\">Resultado final<\/span><\/a><\/li>\n<\/ul>\n","protected":false},"excerpt":{"rendered":"<p>EDITAL N\u00b0 01\/2021 &#8211; DEX\/PROEAC &#8211; PROCESSO SELETIVO PARA FORMA\u00c7\u00c3O DE TURMA DO PROJETO DE EXTENS\u00c3O UNIVERSIDADE ABERTA A PESSOA IDOSA (Clique aqui) Resultado EDITAL N\u00b0 02\/2021 &#8211; DEX\/PROEAC &#8211; SELE\u00c7\u00c3O DE ALUNOS PARA O PROJETO DE EXTENS\u00c3O LABORAT\u00d3RIO DE ENSINO, LEITURA, PRODU\u00c7\u00c3O TEXTUAL E TECNOLOGIAS \u2013 LABTEC (Clique aqui) Resultado EDITAL N\u00b0 03\/2021 &#8211;&#8230;<\/p>\n","protected":false},"author":756,"featured_media":0,"parent":0,"menu_order":0,"comment_status":"closed","ping_status":"closed","template":"","meta":{"inline_featured_image":false,"ngg_post_thumbnail":0,"footnotes":""},"class_list":["post-13644","page","type-page","status-publish","hentry","entry"],"_links":{"self":[{"href":"https:\/\/www2.unifap.br\/dex\/wp-json\/wp\/v2\/pages\/13644","targetHints":{"allow":["GET"]}}],"collection":[{"href":"https:\/\/www2.unifap.br\/dex\/wp-json\/wp\/v2\/pages"}],"about":[{"href":"https:\/\/www2.unifap.br\/dex\/wp-json\/wp\/v2\/types\/page"}],"author":[{"embeddable":true,"href":"https:\/\/www2.unifap.br\/dex\/wp-json\/wp\/v2\/users\/756"}],"replies":[{"embeddable":true,"href":"https:\/\/www2.unifap.br\/dex\/wp-json\/wp\/v2\/comments?post=13644"}],"version-history":[{"count":45,"href":"https:\/\/www2.unifap.br\/dex\/wp-json\/wp\/v2\/pages\/13644\/revisions"}],"predecessor-version":[{"id":13855,"href":"https:\/\/www2.unifap.br\/dex\/wp-json\/wp\/v2\/pages\/13644\/revisions\/13855"}],"wp:attachment":[{"href":"https:\/\/www2.unifap.br\/dex\/wp-json\/wp\/v2\/media?parent=13644"}],"curies":[{"name":"wp","href":"https:\/\/api.w.org\/{rel}","templated":true}]}}