{"id":14650,"date":"2024-01-10T22:16:26","date_gmt":"2024-01-10T22:16:26","guid":{"rendered":"https:\/\/www2.unifap.br\/dex\/?page_id=14650"},"modified":"2024-08-26T19:43:13","modified_gmt":"2024-08-26T19:43:13","slug":"editais-internos-2024","status":"publish","type":"page","link":"https:\/\/www2.unifap.br\/dex\/editais-internos-2024\/","title":{"rendered":"Editais internos 2024"},"content":{"rendered":"<p>EDITAL N\u00ba 01\/2024 &#8211; DEX\/PROEAC\/UNIFAP DE 10 DE JANEIRO DE 2024 &#8211; <strong>SELE\u00c7\u00c3O DE PROPOSTAS DE CURSOS DE CAPACITA\u00c7\u00c3O PARA O PROJETO UNIFAP DIGITAL <\/strong><a href=\"https:\/\/www2.unifap.br\/dex\/edital-n-1-2024-selecao-de-propostas-de-cursos-de-capacitacao-para-o-projeto-unifap-digital\/\">(Clique aqui)<\/a><\/p>\n<p>ERRATA relativa ao Edital 01\/2024, para nele corrigir o Item 7.1, Do Cronograma, conforme a seguir: <strong><a href=\"http:\/\/www2.unifap.br\/dex\/files\/2024\/01\/Errata-cronograma-EDITAL-01_2024-DEX_PROEAC_UNIFAP.docx.pdf\" target=\"_blank\" rel=\"noopener\">Clique aqui<\/a><\/strong><\/p>\n<p>Resultado preliminar da homologa\u00e7\u00e3o das inscri\u00e7\u00f5es: <strong><a href=\"http:\/\/www2.unifap.br\/dex\/files\/2024\/02\/Resultado-preliminar-da-homologacao-das-inscricoes.docx.pdf\" target=\"_blank\" rel=\"noopener\">Clique aqui<\/a><\/strong><\/p>\n<p>Resultado Final da homologa\u00e7\u00e3o das inscri\u00e7\u00f5es: <strong><a href=\"http:\/\/www2.unifap.br\/dex\/files\/2024\/02\/Resultado-Final-da-homologacao-das-inscricoes.docx.pdf\" target=\"_blank\" rel=\"noopener\">Clique aqui<\/a><\/strong><\/p>\n<p>Realiza\u00e7\u00e3o de entrevista e an\u00e1lise de projetos: <strong><a href=\"http:\/\/www2.unifap.br\/dex\/files\/2024\/02\/Realizacao-de-entrevista-e-analise-de-projetos.docx.pdf\" target=\"_blank\" rel=\"noopener\">Clique aqui<\/a><\/strong><\/p>\n<p>Retifica\u00e7\u00e3o no cronograma de entrevista e an\u00e1lise de projetos: <strong><a href=\"http:\/\/www2.unifap.br\/dex\/files\/2024\/02\/Realizacao-da-entrevista-e-analise-de-projetos.docx.pdf\">Clique aqui<\/a><br \/>\n<\/strong><br \/>\nResultado preliminar da entrevista e an\u00e1lise de projetos: <strong><a href=\"http:\/\/www2.unifap.br\/dex\/files\/2024\/02\/Resultado-preliminar-da-entrevista-e-analise-de-projetos.docx.pdf\">Clique aqui<\/a><\/strong><\/p>\n<p>Resultado final da entrevista e an\u00e1lise de projetos: <strong><a href=\"http:\/\/www2.unifap.br\/dex\/files\/2024\/02\/ResultadoFInal-da-entrevista-e-analise-de-projetos.docx-1.pdf\" target=\"_blank\" rel=\"noopener\">Clique aqui<\/a><br \/>\n<\/strong><\/p>\n<p>Resultado final de sele\u00e7\u00e3o de projetos: <strong><a href=\"http:\/\/www2.unifap.br\/dex\/files\/2024\/02\/Resultado-FInal-de-selecao-de-projetos.docx.pdf\">Clique aqui<\/a><br \/>\n<\/strong><\/p>\n<p>EDITAL N\u00ba 02\/2024 &#8211; DEX\/PROEAC\/UNIFAP DE 5 DE ABRIL DE 2024 &#8211; S<strong>ELE\u00c7\u00c3O DE ALUNOS PARA O PROJETO DE EXTENS\u00c3O PEEC<\/strong> (<a href=\"https:\/\/www2.unifap.br\/dex\/edital-n-02-2024-selecao-de-alunos-para-o-peec\/\">Clique aqui)&nbsp;<\/a><\/p>\n<p>Retifica\u00e7\u00e3o 1: <a href=\"https:\/\/www2.unifap.br\/dex\/edital-n-02-2024-selecao-peec-retificacao\/\"><strong>Clique aqui<\/strong><\/a><\/p>\n<p>Resultado preliminar: <strong><a href=\"https:\/\/www2.unifap.br\/dex\/resultado_parcial-peec2024-1\/\">Clique aqui<\/a><\/strong><\/p>\n<p>EDITAL N\u00ba 03\/2024 &#8211; DEX\/PROEAC\/UNIFAP DE 5 DE ABRIL DE 2024 &#8211; <strong>SELE\u00c7\u00c3O DE ALUNOS PARA O PROJETO UNIVERSIDADE ABERTA A PESSOA IDOSA &#8211; UMAP<\/strong> <a href=\"https:\/\/www2.unifap.br\/dex\/edital-03-2024-selecao-de-alunos-para-o-projeto-umap\/\">(Clique aqui)<\/a><\/p>\n<p>Resultado preliminar: <a href=\"https:\/\/www2.unifap.br\/dex\/resultado-preliminar-2024\/\"><strong>Clique aqui<\/strong><\/a><\/p>\n<p>Resultado final: <a href=\"https:\/\/www2.unifap.br\/dex\/resultado-final-umap-2\/\"><strong>Clique aqui<\/strong><\/a><\/p>\n<p>EDITAL N\u00ba 04\/2024 &#8211; DEX\/PROEAC\/UNIFAP DE 30 DE ABRIL DE 2024 &#8211; <strong>SELE\u00c7\u00c3O DE ALUNOS PARA O PROJETO UNIENEM<\/strong> (<a href=\"https:\/\/www2.unifap.br\/dex\/edital-n-04-2024-dex-proeac-de-3-de-maio-de-2024\/\">Clique aqui)<\/a><\/p>\n<p>Divulga\u00e7\u00e3o dos candidatos classificados e cadastro de reserva: <strong><a href=\"https:\/\/www2.unifap.br\/dex\/2-divulgacao-dos-candidatos-classificados-e-cadastro-reserva-cursinho-unienem\/\">Clique aqui<\/a><\/strong><\/p>\n<p>Chamada dos candidatos do Cadastro de reserva: <a href=\"https:\/\/www2.unifap.br\/dex\/4-chamada-dos-candidatos-cadastro-reserva-cursinho-unienem\/\">Clique aqui<\/a><\/p>\n<p>EDITAL N\u00ba 05\/2024 &#8211; DEX\/PROEAC\/UNIFAP DE 10 DE JULHO DE 2024 &#8211; <strong>SELE\u00c7\u00c3O DE ALUNOS PARA O PROJETO UNIENEM<\/strong> (<a href=\"https:\/\/www2.unifap.br\/dex\/edital-alunos-cursinho-pre-vestibular-unienem-2024\/\">Clique aqui<\/a>)<\/p>\n<p>Retifica\u00e7\u00e3o: <a href=\"https:\/\/www2.unifap.br\/dex\/2-retificacao-no-1-do-edital-cursinho-unienem-no-05-dex-proeac-unifap-de-10-de-julho-de-2024\/\"><strong>Clique aqui<\/strong><\/a><\/p>\n<p>Resultado da Sele\u00e7\u00e3o: <a href=\"https:\/\/www2.unifap.br\/dex\/resultado-da-selecao\/\"><strong>Clique aqui<\/strong><\/a><\/p>\n","protected":false},"excerpt":{"rendered":"<p>EDITAL N\u00ba 01\/2024 &#8211; DEX\/PROEAC\/UNIFAP DE 10 DE JANEIRO DE 2024 &#8211; SELE\u00c7\u00c3O DE PROPOSTAS DE CURSOS DE CAPACITA\u00c7\u00c3O PARA O PROJETO UNIFAP DIGITAL (Clique aqui) ERRATA relativa ao Edital 01\/2024, para nele corrigir o Item 7.1, Do Cronograma, conforme a seguir: Clique aqui Resultado preliminar da homologa\u00e7\u00e3o das inscri\u00e7\u00f5es: Clique aqui Resultado Final da&#8230;<\/p>\n","protected":false},"author":756,"featured_media":0,"parent":0,"menu_order":0,"comment_status":"closed","ping_status":"closed","template":"","meta":{"inline_featured_image":false,"ngg_post_thumbnail":0,"footnotes":""},"class_list":["post-14650","page","type-page","status-publish","hentry","entry"],"_links":{"self":[{"href":"https:\/\/www2.unifap.br\/dex\/wp-json\/wp\/v2\/pages\/14650","targetHints":{"allow":["GET"]}}],"collection":[{"href":"https:\/\/www2.unifap.br\/dex\/wp-json\/wp\/v2\/pages"}],"about":[{"href":"https:\/\/www2.unifap.br\/dex\/wp-json\/wp\/v2\/types\/page"}],"author":[{"embeddable":true,"href":"https:\/\/www2.unifap.br\/dex\/wp-json\/wp\/v2\/users\/756"}],"replies":[{"embeddable":true,"href":"https:\/\/www2.unifap.br\/dex\/wp-json\/wp\/v2\/comments?post=14650"}],"version-history":[{"count":36,"href":"https:\/\/www2.unifap.br\/dex\/wp-json\/wp\/v2\/pages\/14650\/revisions"}],"predecessor-version":[{"id":16880,"href":"https:\/\/www2.unifap.br\/dex\/wp-json\/wp\/v2\/pages\/14650\/revisions\/16880"}],"wp:attachment":[{"href":"https:\/\/www2.unifap.br\/dex\/wp-json\/wp\/v2\/media?parent=14650"}],"curies":[{"name":"wp","href":"https:\/\/api.w.org\/{rel}","templated":true}]}}