{"id":14651,"date":"2023-01-16T18:31:38","date_gmt":"2023-01-16T18:31:38","guid":{"rendered":"https:\/\/www2.unifap.br\/dex\/?page_id=14651"},"modified":"2023-10-30T14:05:27","modified_gmt":"2023-10-30T14:05:27","slug":"editais-internos-2023","status":"publish","type":"page","link":"https:\/\/www2.unifap.br\/dex\/editais-internos-2023\/","title":{"rendered":"Editais internos 2023"},"content":{"rendered":"<p><strong>EDITAL N\u00b0 01\/2023<\/strong>&nbsp;<strong> \u2013 DEX\/PROEAC\/UNIFAP DE 16 DE JANEIRO DE 2023 \u2013 <\/strong>SELE\u00c7\u00c3O DE CANDIDATOS PARA COMPOSI\u00c7\u00c3O DE TURMAS E FORMA\u00c7\u00c3O DE CADASTRO RESERVA PARA O PROJETO DE EXTENS\u00c3O DE EXCEL\u00caNCIA PARA CONCURSOS P\u00daBLICOS \u2013 PEEC (<span style=\"color: #0000ff\"><a style=\"color: #0000ff\" href=\"https:\/\/www2.unifap.br\/dex\/edital-n-01-2023-dex-proeac-unifap\/\">Clique aqui<\/a><\/span>)<\/p>\n<p><strong>EDITAL N\u00ba 02\/2023 \u2013 DEX\/PROEAC DE 25 DE JANEIRO DE 2023 \u2013<\/strong> SELE\u00c7\u00c3O DE PROJETO DE ESPORTE (<span style=\"color: #0000ff\"><a style=\"color: #0000ff\" href=\"https:\/\/www2.unifap.br\/dex\/edital-n-02-2023-auxilio-financeiro-a-projeto-de-esporte\/\">Clique aqui<\/a><\/span>)<\/p>\n<ul>\n<li><strong>RESULTADO PRELIMINAR &#8211; EDITAL N\u00ba 02\/2023<\/strong> (<span style=\"color: #0000ff\"><a style=\"color: #0000ff\" href=\"https:\/\/www2.unifap.br\/dex\/edital-no-02-2023-selecao-de-projeto-de-esporte-preliminar\/\">Clique aqui<\/a><\/span>)<\/li>\n<li><strong>RESULTADO DA SELE\u00c7\u00c3O DE BENEFICI\u00c1RIOS DO PROJETO DE ESPORTE E LAZER PROESPOL &#8211; UNIFAP 2023 <\/strong><strong>&#8211; EDITAL N\u00ba 02\/2023<\/strong> (<span style=\"color: #0000ff\"><a style=\"color: #0000ff\" href=\"https:\/\/www2.unifap.br\/dex\/resultado-proespol-2023\/\">Clique aqui<\/a><\/span>)<\/li>\n<\/ul>\n<p><strong>EDITAL N\u00ba 03\/2023 &#8211; DEX\/PROEAC\/UNIFAP DE 26 DE JANEIRO DE 2023 \u2013 <\/strong>PROCESSO SELETIVO DE ALUNOS PARA A COMPOSI\u00c7\u00c3O DAS TURMAS E CADASTRO RESERVA DO CURSINHO UNIENEM\/UNIFAP 2023 (<span style=\"color: #0000ff\"><a style=\"color: #0000ff\" href=\"https:\/\/www2.unifap.br\/dex\/edital-n-03-2023-processo-seletivo-para-alunos-do-unienem\/\">Clique aqui<\/a><\/span>)<\/p>\n<ul>\n<li><strong>RETIFICA\u00c7\u00c3O N\u00ba 1 &#8211; EDITAL N\u00ba 03\/2023<\/strong> (<span style=\"color: #0000ff\"><a style=\"color: #0000ff\" href=\"https:\/\/www2.unifap.br\/dex\/retificacao-no-01-edital-no-032023\/\">Clique aqui<\/a><\/span>)<\/li>\n<li><strong>RESULTADO FINAL &#8211; EDITAL N\u00ba 03\/2023<\/strong> (<span style=\"color: #0000ff\"><a style=\"color: #0000ff\" href=\"https:\/\/www2.unifap.br\/dex\/resultado-final-edital-no-03-2023-dex-proeac-unifap-de-26-de-janeiro-de-2023\/\">Clique aqui<\/a><\/span>)<\/li>\n<li><strong>1\u00aa CHAMADA CADASTRO RESERVA&nbsp;&#8211; EDITAL N\u00ba 03\/2023<\/strong> (<span style=\"color: #0000ff\"><a style=\"color: #0000ff\" href=\"https:\/\/www2.unifap.br\/dex\/publicacao-1a-chamada-matricula-cadastro-reserva\/\">Clique aqui<\/a><\/span>)<\/li>\n<\/ul>\n<p><strong>EDITAL N\u00ba 04\/2023 \u2013 DEX\/PROEAC\/UNIFAP DE 16 DE FEVEREIRO DE 2023<\/strong> <strong>\u2013<\/strong> PROJETO PARA ELABORA\u00c7\u00c3O DE DUAS PONTES NO CANAL DO JANDI\u00c1 &#8211; UMA OPORTUNIDADE DE APRENDIZADO (<span style=\"color: #0000ff\"><a style=\"color: #0000ff\" href=\"https:\/\/www2.unifap.br\/dex\/edital_n-_4_2023_-_selecao_de_bolsistas_para_projeto_de_extensao_elaboracao_de_duas_pontes_no_canal_do_jandia__assinado\/\">Clique aqui<\/a><\/span>)<\/p>\n<ul>\n<li><strong>INSCRITOS HOMOLOGADOS E CRONOGRAMA DE ENTREVISTAS &#8211; EDITAL N\u00ba 04\/2023 <\/strong>(<span style=\"color: #0000ff\"><a style=\"color: #0000ff\" href=\"https:\/\/www2.unifap.br\/dex\/inscricoes-homologadas-edital-04-2023-assinado\/\">Clique aqui<\/a><\/span>)<\/li>\n<li><strong>RESULTADO PRELIMINAR &#8211; EDITAL N\u00ba 04\/2023<\/strong> (<span style=\"color: #0000ff\"><a style=\"color: #0000ff\" href=\"https:\/\/www2.unifap.br\/dex\/resultado-preliminar-edital-04-2023\/\">Clique aqui<\/a><\/span>)<\/li>\n<li><strong>RESULTADO DOS RECURSOS INTERPOSTOS<\/strong>&nbsp;<strong>&#8211; EDITAL N\u00ba 04\/2023<\/strong> (<span style=\"color: #0000ff\"><a style=\"color: #0000ff\" href=\"https:\/\/www2.unifap.br\/dex\/recursos-edital-04-2023\/\">Clique aqui<\/a><\/span>)<\/li>\n<li><strong>RESULTADO FINAL &#8211; EDITAL N\u00ba 04\/2023<\/strong> (<span style=\"color: #0000ff\"><a style=\"color: #0000ff\" href=\"https:\/\/www2.unifap.br\/dex\/resultado_final_edital-04-2023\/\">Clique aqui<\/a><\/span>)<\/li>\n<\/ul>\n<p><strong>EDITAL N\u00ba 05\/2023- NEAB\/DEX\/PROEAC\/UNIFAP DE 16 DE FEVEREIRO DE 2023<\/strong> <strong>\u2013<\/strong>&nbsp;<br \/>\nPROCESSO SELETIVO PARA FORMA\u00c7\u00c3O DE CADASTRO RESERVA PARA MONITORIA REMUNERADA DO PROJETO DE EXTENS\u00c3O &#8211; CURSO DE CAPACITA\u00c7\u00c3O PARA COMISS\u00d5ES DE HETEROIDENTIFICA\u00c7\u00c3O (CCH) (<span style=\"color: #0000ff\"><a style=\"color: #0000ff\" href=\"https:\/\/www2.unifap.br\/dex\/edital-05-2023-dex-proeac-formacao-de-cadastro-reserva-para-bolsista-de-extensao\/\">Clique aqui<\/a><\/span>)<\/p>\n<ul>\n<li><strong>RETIFICA\u00c7\u00c3O N\u00ba 1 &#8211; EDITAL N\u00ba 05\/2023<\/strong> (<span style=\"color: #0000ff\"><a style=\"color: #0000ff\" href=\"https:\/\/www2.unifap.br\/dex\/retificacao-no-01-edital-no-05-2023\/\">Clique aqui<\/a><\/span>)<\/li>\n<li><strong>INSCRITOS HOMOLOGADOS &#8211; EDITAL N\u00ba 05\/2023 <\/strong>(<span style=\"color: #0000ff\"><a style=\"color: #0000ff\" href=\"https:\/\/www2.unifap.br\/dex\/homologacao-das-inscricoes-edital-05-2023\/\">Clique aqui<\/a><\/span>)<\/li>\n<li><strong>CLASSIFICADOS E HOR\u00c1RIOS DE ENTREVISTAS <\/strong><strong>&#8211; EDITAL N\u00ba 05\/2023 <\/strong>(<span style=\"color: #0000ff\"><a style=\"color: #0000ff\" href=\"https:\/\/www2.unifap.br\/dex\/lista-monitoria-entrevistas-pe-ccchi-edital-05-2023-2\/\">Clique aqui<\/a><\/span>)<\/li>\n<li><strong>RESULTADO FINAL DA SELECAO MONITORIA PE CCCHI <\/strong><strong>&#8211; EDITAL N\u00ba 05\/2023 <\/strong>(<span style=\"color: #0000ff\"><a style=\"color: #0000ff\" href=\"https:\/\/www2.unifap.br\/dex\/resultado-final-da-selecao-monitoria-pe-ccchi\/\">Clique aqui<\/a><\/span>)<\/li>\n<\/ul>\n<p><strong>EDITAL N\u00ba 06\/2023\/DEX\/PROEAC\/UNIFAP DE 05 DE ABRIL DE 2023<\/strong> &#8211;&nbsp; SELE\u00c7\u00c3O DE ALUNOS(AS) PARA O PROJETO DE EXTENS\u00c3O UNIVERSIDADE ABERTA A PESSOA IDOSA&nbsp;(<span style=\"color: #0000ff\"><a style=\"color: #0000ff\" href=\"https:\/\/www2.unifap.br\/dex\/edital-06-2023-umap\/\">Clique aqui<\/a><\/span>)<\/p>\n<ul>\n<li><strong>RESULTADO PRELIMINAR &#8211; EDITAL N\u00ba 06\/2023<\/strong> (<span style=\"color: #0000ff\"><a style=\"color: #0000ff\" href=\"https:\/\/www2.unifap.br\/dex\/resultado-preliminar-umap-2023\/\">Clique aqui<\/a><\/span>)<\/li>\n<li><strong>RESULTADO DEFINITIVO &#8211; EDITAL N\u00ba 06\/2023<\/strong> (<span style=\"color: #0000ff\"><a style=\"color: #0000ff\" href=\"https:\/\/www2.unifap.br\/dex\/umap-resultado-definitivo-2023\/\">Clique aqui<\/a><\/span>)<\/li>\n<\/ul>\n<p><strong>EDITAL N\u00ba 07\/2023 \u2013 DEX\/PROEAC DE 17 DE JULHO DE 2023<\/strong> \u2013 SELE\u00c7\u00c3O DE PROGRAMAS E PROJETOS DE EXTENS\u00c3O (<span style=\"color: #0000ff\"><a style=\"color: #0000ff\" href=\"https:\/\/www2.unifap.br\/dex\/edital-n-07-2023-dexproeac-de-17-de-julho-de-2023-selecao-de-programas-e-projetos-de-extensao\/\">Clique aqui<\/a><\/span>)<\/p>\n<ul>\n<li><strong>RETIFICA\u00c7\u00c3O N\u00ba 1 \u2013 EDITAL N\u00ba 07\/2023<\/strong> (<span style=\"color: #0000ff\"><a style=\"color: #0000ff\" href=\"https:\/\/www2.unifap.br\/dex\/retificacao_edital-07-2023\/\">Clique aqui<\/a><\/span>)<\/li>\n<li><strong>RETIFICA\u00c7\u00c3O N\u00ba 2 \u2013 EDITAL N\u00ba 07\/2023<\/strong> (<span style=\"color: #0000ff\"><a style=\"color: #0000ff\" href=\"https:\/\/www2.unifap.br\/dex\/retificacao2_edital-07-2023\/\">Clique aqui<\/a><\/span>)<\/li>\n<li><strong>RESULTADO DAS INSCRI\u00c7\u00d5ES HOMOLOGADAS &#8211; EDITAL N\u00ba 07-2023<\/strong> (<span style=\"color: #0000ff\"><a style=\"color: #0000ff\" href=\"https:\/\/www2.unifap.br\/dex\/edital-no-07-2023-resultado-das-inscricoes-homologadas\/\">Clique aqui<\/a><\/span>)<\/li>\n<li><strong>RESULTADO DAS INCRI\u00c7\u00d5ES HOMOLOGADAS AP\u00d3S AN\u00c1LISE&nbsp;DE&nbsp;RECURSO &#8211; EDITAL N\u00ba 07-2023<\/strong> (<span style=\"color: #0000ff\"><a style=\"color: #0000ff\" href=\"https:\/\/www2.unifap.br\/dex\/edital-n-07-2023-resultado-das-incricoes-homologadas-apos-analise-de-recurso\/\">Clique aqui<\/a><\/span>)<\/li>\n<li><strong>RESULTADO PRELIMINAR &#8211; EDITAL N\u00ba 07-2023<\/strong> (<span style=\"color: #0000ff\"><a style=\"color: #0000ff\" href=\"https:\/\/www2.unifap.br\/dex\/edital-n-07-2023-resultado-preliminar\/\">Clique aqui<\/a><\/span>)<\/li>\n<li><strong>RESULTADO FINAL &#8211; EDITAL N\u00ba 07-2023<\/strong> (<span style=\"color: #0000ff\"><a style=\"color: #0000ff\" href=\"https:\/\/www2.unifap.br\/dex\/edital-n-07-2023-resultado-final\/\">Clique aqui<\/a><\/span>)<\/li>\n<\/ul>\n<p><strong>EDITAL N\u00ba 08\/2023 \u2013 DEX\/PROEAC\/UNIFAP DE 14 DE AGOSTO DE 2023<\/strong> \u2013 SELE\u00c7\u00c3O DE ALUNAS PARA O PROJETO DE EXTENS\u00c3O UNIVERSIDADE DA MULHER &#8211; UNIMULHER (<span style=\"color: #0000ff\"><a style=\"color: #0000ff\" href=\"https:\/\/www2.unifap.br\/dex\/edital-n-8-2023-unimulher\/\">Clique aqui<\/a><\/span>)<\/p>\n<ul>\n<li><strong>RETIFICA\u00c7\u00c3O N\u00ba 1 \u2013 EDITAL N\u00ba 08\/2023<\/strong> (<span style=\"color: #0000ff\"><a style=\"color: #0000ff\" href=\"https:\/\/www2.unifap.br\/dex\/retificacao-no-1-edital-08-2023\/\">Clique aqui<\/a><\/span>)<\/li>\n<li><strong>RESULTADO \u2013 EDITAL N\u00ba 08\/2023<\/strong> (<span style=\"color: #0000ff\"><a style=\"color: #0000ff\" href=\"https:\/\/www2.unifap.br\/dex\/resultado-edital-08-2023\/\">Clique aqui<\/a><\/span>)<\/li>\n<\/ul>\n<p><strong>EDITAL N\u00ba 09\/2023 \u2013 DEX\/PROEAC\/UNIFAP DE 10 DE OUTUBRO DE 2023<\/strong> \u2013 SELE\u00c7\u00c3O DE ALUNAS PARA O PROJETO DE EXTENS\u00c3O UNIVERSIDADE DA MULHER &#8211; UNIMULHER (<span style=\"color: #0000ff\"><a style=\"color: #0000ff\" href=\"https:\/\/www2.unifap.br\/dex\/edital-n9-2023-unimulher\/\">Clique aqui<\/a><\/span>)<\/p>\n<ul>\n<li><strong>RESULTADO \u2013 EDITAL N\u00ba 09\/2023<\/strong> (<span style=\"color: #0000ff\"><a style=\"color: #0000ff\" href=\"https:\/\/www2.unifap.br\/dex\/resultado-09-2023\/\">Clique aqui<\/a><\/span>)<\/li>\n<\/ul>\n","protected":false},"excerpt":{"rendered":"<p>EDITAL N\u00b0 01\/2023&nbsp; \u2013 DEX\/PROEAC\/UNIFAP DE 16 DE JANEIRO DE 2023 \u2013 SELE\u00c7\u00c3O DE CANDIDATOS PARA COMPOSI\u00c7\u00c3O DE TURMAS E FORMA\u00c7\u00c3O DE CADASTRO RESERVA PARA O PROJETO DE EXTENS\u00c3O DE EXCEL\u00caNCIA PARA CONCURSOS P\u00daBLICOS \u2013 PEEC (Clique aqui) EDITAL N\u00ba 02\/2023 \u2013 DEX\/PROEAC DE 25 DE JANEIRO DE 2023 \u2013 SELE\u00c7\u00c3O DE PROJETO DE ESPORTE&#8230;<\/p>\n","protected":false},"author":756,"featured_media":0,"parent":0,"menu_order":0,"comment_status":"closed","ping_status":"closed","template":"","meta":{"inline_featured_image":false,"ngg_post_thumbnail":0,"footnotes":""},"class_list":["post-14651","page","type-page","status-publish","hentry","entry"],"_links":{"self":[{"href":"https:\/\/www2.unifap.br\/dex\/wp-json\/wp\/v2\/pages\/14651","targetHints":{"allow":["GET"]}}],"collection":[{"href":"https:\/\/www2.unifap.br\/dex\/wp-json\/wp\/v2\/pages"}],"about":[{"href":"https:\/\/www2.unifap.br\/dex\/wp-json\/wp\/v2\/types\/page"}],"author":[{"embeddable":true,"href":"https:\/\/www2.unifap.br\/dex\/wp-json\/wp\/v2\/users\/756"}],"replies":[{"embeddable":true,"href":"https:\/\/www2.unifap.br\/dex\/wp-json\/wp\/v2\/comments?post=14651"}],"version-history":[{"count":41,"href":"https:\/\/www2.unifap.br\/dex\/wp-json\/wp\/v2\/pages\/14651\/revisions"}],"predecessor-version":[{"id":16763,"href":"https:\/\/www2.unifap.br\/dex\/wp-json\/wp\/v2\/pages\/14651\/revisions\/16763"}],"wp:attachment":[{"href":"https:\/\/www2.unifap.br\/dex\/wp-json\/wp\/v2\/media?parent=14651"}],"curies":[{"name":"wp","href":"https:\/\/api.w.org\/{rel}","templated":true}]}}