{"id":16893,"date":"2025-02-05T15:20:54","date_gmt":"2025-02-05T15:20:54","guid":{"rendered":"https:\/\/www2.unifap.br\/dex\/?page_id=16893"},"modified":"2025-08-27T21:15:08","modified_gmt":"2025-08-27T21:15:08","slug":"editais-internos-2025","status":"publish","type":"page","link":"https:\/\/www2.unifap.br\/dex\/editais-internos-2025\/","title":{"rendered":"Editais Internos 2025"},"content":{"rendered":"<p style=\"text-align: left\"><strong>EDITAL N\u00ba 01\/2025 \u2013 DEX\/PROEAC\/UNIFAP DE 5 DE FEVEREIRO DE 2025<\/strong> \u2013 SELE\u00c7\u00c3O DE ALUNAS PARA O CURSO DE EMPREENDEDORISMO FEMININO &#8211; PROJETO DE EXTENS\u00c3O UNIVERSIDADE DA MULHER \u2013 UNIMULHER (<a href=\"https:\/\/www2.unifap.br\/dex\/edital_1_2025_-_unimulher_assinado\/\">Clique aqui<\/a>)<\/p>\n<p>Resultado do edital &#8211; <a href=\"https:\/\/www2.unifap.br\/dex\/resultado_unimulher_assinado\/\">(Clique aqui)<\/a><\/p>\n<p><strong>EDITAL N\u00b0 02\/2025 &#8211; DEX\/PROEAC\/UNIFAP DE 6 DE FEVEREIRO DE 2025<\/strong> &#8211; PROCESSO SELETIVO DE BOLSISTA DE EXTENS\u00c3O PARA O FORMA\u00c7\u00c3O DE AGENTES DE PROMO\u00c7\u00c3O DA SA\u00daDE, CI\u00caNCIA, CULTURA E CIDADANIA NAS ESCOLAS E PLANEJAMENTO PARTICIPATIVO EM SA\u00daDE\/EDUCA\u00c7\u00c3O &#8211; (<a href=\"https:\/\/www2.unifap.br\/dex\/edital-ps-pse-2025-unifap\/\">Clique aqui)<\/a><\/p>\n<p>Resultado final &#8211; <a href=\"https:\/\/www2.unifap.br\/dex\/resultado-final-edital-ps-pse-2025\/\">(Clique aqui)<\/a><\/p>\n<p><strong>EDITAL N\u00ba 03\/2025 \u2013 DEX\/PROEAC\/UNIFAP DE 3 DE ABRIL DE 2025<\/strong> \u2013 SELE\u00c7\u00c3O DE ALUNAS PARA O CURSO DE DIREITO DA MULHER &#8211; PROJETO DE EXTENS\u00c3O UNIVERSIDADE DA MULHER \u2013 UNIMULHER <a href=\"https:\/\/www2.unifap.br\/dex\/edital_3_2025_-_unimulher_assinado_assinado\/\">(Clique aqui)<\/a><\/p>\n<p>Retifica\u00e7\u00e3o 1 &#8211; (<a href=\"https:\/\/www2.unifap.br\/dex\/retificacao_1_-_edital_unimulher_assinado_assinado\/\">Clique aqui<\/a>)<\/p>\n<p>Resultado &#8211; (<a href=\"https:\/\/www2.unifap.br\/dex\/resultado_unimulher_assinado_assinado\/\">Clique aqui<\/a>)<\/p>\n<p><strong>EDITAL N\u00ba 04\/2025 &#8211; DEX\/PROEAC &#8211; <span class=\"fontstyle0\">DE 17 DE JUNHO DE 2025 <\/span><\/strong>&#8211; <span class=\"fontstyle0\">SELE\u00c7\u00c3O DE PROJETOS DE EXTENS\u00c3O PARA CONCESS\u00c3O DE APOIO FINANCEIRO<\/span> (<a href=\"https:\/\/www2.unifap.br\/dex\/2025\/06\/17\/post-01\/\">Clique aqui<\/a>)<\/p>\n<p>Resultado da Elegibilidade <a href=\"https:\/\/www2.unifap.br\/dex\/resultado_da_elegibilidade_assinado\/\">(Clique aqui)<\/a><\/p>\n<p><strong>EDITAL N\u00ba 05\/2025 &#8211; DEX\/PROEAC\/UNIFAP DE 17 DE JUNHO DE 2025<\/strong> &#8211; SELE\u00c7\u00c3O DE ALUNAS PARA O CURSO DE LIDERAN\u00c7A 4.0 &#8211; PROJETO DE EXTENS\u00c3O UNIVERSIDADE DA MULHER \u2013 UNIMULHER <a href=\"https:\/\/www2.unifap.br\/dex\/edital-5-2025-dex-proeac-unifap\/\">(Clique aqui)<\/a><\/p>\n<p>Anexo I &#8211; Termo de autoriza\u00e7\u00e3o (<a href=\"https:\/\/www2.unifap.br\/dex\/anexo-i-edital-5-2025-dex-proeac-unifap\/\">Clique aqui<\/a>)<\/p>\n<p>Resultado <a href=\"https:\/\/www2.unifap.br\/dex\/resultado_unimulher_-_curso_de_lideranca_4-0_assinado_assinado\/\">(Clique aqui)<\/a><\/p>\n<p><strong>EDITAL N\u00ba 06\/2025 &#8211; DEX\/PROEAC\/UNIFAP DE 24 DE JUNHO DE 2025<\/strong> &#8211; SELE\u00c7\u00c3O DE ALUNAS PARA O CURSO DE LIDERAN\u00c7A 4.0 &#8211; PROJETO DE EXTENS\u00c3O UNIVERSIDADE DA MULHER \u2013 TURMA TARDE <a href=\"https:\/\/www2.unifap.br\/dex\/edital-n-6-2025-dex-proeac-unifap\/\">(Clique aqui)<\/a><\/p>\n<p>Resultado (<a href=\"https:\/\/www2.unifap.br\/dex\/resultado_unimulher_-_edital_6_2025_assinado_assinado\/\">Clique aqui)<\/a><\/p>\n<p><strong>EDITAL N\u00ba nn\/2025 \u2013 DEX\/PROEAC DE dd DE [mes] DE 2025 \u2013<\/strong> SELE\u00c7\u00c3O DE PROJETO DE ESPORTE<\/p>\n<p>Resultado (<a href=\"http:\/\/www2.unifap.br\/dex\/files\/2025\/08\/RESULTADO-PROJETO-PROESPOL-UNIFAP-2025.2.pdf\">Clique aqui)<\/a><\/p>\n","protected":false},"excerpt":{"rendered":"<p>EDITAL N\u00ba 01\/2025 \u2013 DEX\/PROEAC\/UNIFAP DE 5 DE FEVEREIRO DE 2025 \u2013 SELE\u00c7\u00c3O DE ALUNAS PARA O CURSO DE EMPREENDEDORISMO FEMININO &#8211; PROJETO DE EXTENS\u00c3O UNIVERSIDADE DA MULHER \u2013 UNIMULHER (Clique aqui) Resultado do edital &#8211; (Clique aqui) EDITAL N\u00b0 02\/2025 &#8211; DEX\/PROEAC\/UNIFAP DE 6 DE FEVEREIRO DE 2025 &#8211; PROCESSO SELETIVO DE BOLSISTA DE&#8230;<\/p>\n","protected":false},"author":756,"featured_media":0,"parent":0,"menu_order":0,"comment_status":"closed","ping_status":"closed","template":"","meta":{"inline_featured_image":false,"ngg_post_thumbnail":0,"footnotes":""},"class_list":["post-16893","page","type-page","status-publish","hentry","entry"],"_links":{"self":[{"href":"https:\/\/www2.unifap.br\/dex\/wp-json\/wp\/v2\/pages\/16893","targetHints":{"allow":["GET"]}}],"collection":[{"href":"https:\/\/www2.unifap.br\/dex\/wp-json\/wp\/v2\/pages"}],"about":[{"href":"https:\/\/www2.unifap.br\/dex\/wp-json\/wp\/v2\/types\/page"}],"author":[{"embeddable":true,"href":"https:\/\/www2.unifap.br\/dex\/wp-json\/wp\/v2\/users\/756"}],"replies":[{"embeddable":true,"href":"https:\/\/www2.unifap.br\/dex\/wp-json\/wp\/v2\/comments?post=16893"}],"version-history":[{"count":26,"href":"https:\/\/www2.unifap.br\/dex\/wp-json\/wp\/v2\/pages\/16893\/revisions"}],"predecessor-version":[{"id":17039,"href":"https:\/\/www2.unifap.br\/dex\/wp-json\/wp\/v2\/pages\/16893\/revisions\/17039"}],"wp:attachment":[{"href":"https:\/\/www2.unifap.br\/dex\/wp-json\/wp\/v2\/media?parent=16893"}],"curies":[{"name":"wp","href":"https:\/\/api.w.org\/{rel}","templated":true}]}}