{"id":8356,"date":"2015-01-28T13:32:04","date_gmt":"2015-01-28T13:32:04","guid":{"rendered":"http:\/\/www2.unifap.br\/dex\/?page_id=8356"},"modified":"2017-04-27T18:18:07","modified_gmt":"2017-04-27T18:18:07","slug":"2015-2","status":"publish","type":"page","link":"https:\/\/www2.unifap.br\/dex\/certificados\/2015-2\/","title":{"rendered":"2015"},"content":{"rendered":"<table width=\"503\" border=\"0\" cellspacing=\"0\" cellpadding=\"0\">\n<col width=\"423\" \/>\n<col width=\"80\" \/>\n<tbody>\n<tr>\n<td width=\"423\" height=\"20\"><strong>Biodiversidade nas costas do Tumucumaque<\/strong><\/td>\n<td width=\"80\"><\/td>\n<\/tr>\n<tr>\n<td height=\"20\">Organiza\u00e7\u00e3o<\/td>\n<td><a href=\"https:\/\/drive.google.com\/folderview?id=0B-EQfR5gPE3Jb2k0LU9lNGZzbGM&amp;usp=sharing\">Clique aqui<\/a><\/td>\n<\/tr>\n<tr>\n<td height=\"20\">Participantes<\/td>\n<td><a href=\"https:\/\/drive.google.com\/folderview?id=0B-EQfR5gPE3JVDVvUkE3ZUpFeGM&amp;usp=sharing\">Clique aqui<\/a><\/td>\n<\/tr>\n<tr>\n<td height=\"20\"><\/td>\n<td><\/td>\n<\/tr>\n<tr>\n<td height=\"20\"><strong>Libras Para a Comunidade<\/strong><\/td>\n<td><\/td>\n<\/tr>\n<tr>\n<td height=\"20\">Participantes<\/td>\n<td><a href=\"https:\/\/drive.google.com\/folderview?id=0B-EQfR5gPE3JMzhWX0lxRFdRVGc&amp;usp=sharing\">Clique aqui<\/a><\/td>\n<\/tr>\n<tr>\n<td height=\"20\">Organiza\u00e7\u00e3o<\/td>\n<td><a href=\"https:\/\/drive.google.com\/folderview?id=0B-EQfR5gPE3JVENwc3Ytd1o2eGM&amp;usp=sharing\">Clique aqui<\/a><\/td>\n<\/tr>\n<tr>\n<td height=\"20\"><\/td>\n<td><\/td>\n<\/tr>\n<tr>\n<td height=\"20\"><strong>Introdu\u00e7\u00e3o \u00e0 Mec\u00e2nica dos Fluidos<\/strong><\/td>\n<td><\/td>\n<\/tr>\n<tr>\n<td height=\"20\">Participantes<\/td>\n<td><a href=\"https:\/\/drive.google.com\/folderview?id=0B-EQfR5gPE3JR0xweWNRTWNENXc&amp;usp=sharing\">Clique aqui<\/a><\/td>\n<\/tr>\n<tr>\n<td height=\"20\"><\/td>\n<td><\/td>\n<\/tr>\n<tr>\n<td height=\"20\"><strong>Educa\u00e7\u00e3o das Rela\u00e7\u00f5es \u00c9tnico-Racial<\/strong><\/td>\n<td><\/td>\n<\/tr>\n<tr>\n<td height=\"20\">Participantes<\/td>\n<td><a href=\"https:\/\/drive.google.com\/folderview?id=0B-EQfR5gPE3JSmNib2FmZmpjY0k&amp;usp=sharing\">Clique aqui<\/a><\/td>\n<\/tr>\n<tr>\n<td height=\"20\">Organiza\u00e7\u00e3o<\/td>\n<td><a href=\"https:\/\/drive.google.com\/folderview?id=0B-EQfR5gPE3JVnlja0JVdUotUDA&amp;usp=sharing\">Clique aqui<\/a><\/td>\n<\/tr>\n<tr>\n<td height=\"20\"><\/td>\n<td><\/td>\n<\/tr>\n<tr>\n<td height=\"20\"><strong>NEAB<\/strong><\/td>\n<td><\/td>\n<\/tr>\n<tr>\n<td height=\"20\">Organiza\u00e7\u00e3o<\/td>\n<td><a href=\"https:\/\/drive.google.com\/folderview?id=0B-EQfR5gPE3JZlpZUFZ2WWt6UG8&amp;usp=sharing\">Clique aqui<\/a><\/td>\n<\/tr>\n<tr>\n<td height=\"20\">Ouvintes<\/td>\n<td><a href=\"https:\/\/drive.google.com\/folderview?id=0B-EQfR5gPE3JSmFmZzFubndmeGs&amp;usp=sharinghttps:\/\/drive.google.com\/folderview?id=0B-EQfR5gPE3JSmFmZzFubndmeGs&amp;usp=sharing\">Clique aqui<\/a><\/td>\n<\/tr>\n<tr>\n<td height=\"20\"><\/td>\n<td><\/td>\n<\/tr>\n<tr>\n<td height=\"20\"><strong>Coletivo Carapan\u00e3<\/strong><\/td>\n<td><\/td>\n<\/tr>\n<tr>\n<td height=\"20\">Ouvintes<\/td>\n<td><a href=\"https:\/\/drive.google.com\/folderview?id=0B-EQfR5gPE3JbUtLeTVITUVaeWc&amp;usp=sharing\">Clique aqui<\/a><\/td>\n<\/tr>\n<tr>\n<td height=\"20\">Organiza\u00e7\u00e3o<\/td>\n<td><a href=\"https:\/\/drive.google.com\/folderview?id=0B-EQfR5gPE3JVk82TnAzSGMwNjQ&amp;usp=sharing\">Clique aqui<\/a><\/td>\n<\/tr>\n<tr>\n<td height=\"20\"><\/td>\n<td><\/td>\n<\/tr>\n<tr>\n<td height=\"20\"><strong>1\u00b0 Workshop de An\u00e1lises Cl\u00ednicas da UNIFAP<\/strong><\/td>\n<td><\/td>\n<\/tr>\n<tr>\n<td height=\"20\">\u00b7 Comiss\u00e3o Organizadora<\/td>\n<td><a href=\"https:\/\/drive.google.com\/folderview?id=0B-EQfR5gPE3JTXdRMkQyNFppeFU&amp;usp=sharing\">Clique aqui<\/a><\/td>\n<\/tr>\n<tr>\n<td height=\"20\">\u00b7 Palestras<\/td>\n<td><a href=\"https:\/\/drive.google.com\/folderview?id=0B-EQfR5gPE3JX3RnOVlUVWRWRFU&amp;usp=sharing\">Clique aqui<\/a><\/td>\n<\/tr>\n<tr>\n<td height=\"20\">\u00b7 Mini Curso 1<\/td>\n<td><a href=\"https:\/\/drive.google.com\/folderview?id=0B-EQfR5gPE3JNFJDRWIyaWlFcDQ&amp;usp=sharing\">Clique aqui<\/a><\/td>\n<\/tr>\n<tr>\n<td height=\"20\">\u00b7 Mini Curso 2<\/td>\n<td><a href=\"https:\/\/drive.google.com\/folderview?id=0B-EQfR5gPE3JQUlsSEtDU09HX0k&amp;usp=sharing\">Clique aqui<\/a><\/td>\n<\/tr>\n<tr>\n<td height=\"20\">\u00b7 Palestrantes<\/td>\n<td><a href=\"https:\/\/drive.google.com\/folderview?id=0B-EQfR5gPE3JQjdTMWktUkY3UTg&amp;usp=sharing\">Clique aqui<\/a><\/td>\n<\/tr>\n<tr>\n<td height=\"20\"><\/td>\n<td><\/td>\n<\/tr>\n<tr>\n<td height=\"20\"><strong>Momento Biol\u00f3gico<\/strong><\/td>\n<td><a href=\"https:\/\/drive.google.com\/folderview?id=0B-EQfR5gPE3JfjhIckVHTm94VC1jOWZDQlRFZEM2Z3p2WWxvNXpxX2VvUjBKUjNkUlJ3ZXc&amp;usp=sharing\">Clique aqui<\/a><\/td>\n<\/tr>\n<tr>\n<td height=\"20\"><\/td>\n<td><\/td>\n<\/tr>\n<tr>\n<td height=\"20\"><strong>I Jornada de Estudos de Hist\u00f3ria da Amaz\u00f4nia<\/strong><\/td>\n<td><a href=\"https:\/\/drive.google.com\/open?id=0B-EQfR5gPE3JfjZtRW91bUZEMjRsQ1Y1V01RUWE3azFsVzFvTk9nZXFTQ081bHNhWVg3SXc&amp;authuser=0\">Clique aqui<\/a><\/td>\n<\/tr>\n<tr>\n<td height=\"20\"><\/td>\n<td><\/td>\n<\/tr>\n<tr>\n<td height=\"20\"><strong>Culturas e Hist\u00f3rias Hispano-Americanas em L\u00edngua Espanhola<\/strong><\/td>\n<td><a href=\"https:\/\/drive.google.com\/folderview?id=0B-EQfR5gPE3Jfk1hbG90ZE5hTlQtMmljdmYwSmZnUUczelJkenAwdUdxcEI3WHl0SXA2ekU&amp;usp=sharing\">Clique aqui<\/a><\/td>\n<\/tr>\n<tr>\n<td height=\"20\"><\/td>\n<td><\/td>\n<\/tr>\n<tr>\n<td height=\"20\"><strong>I Semin\u00e1rio Cient\u00edfico de Rela\u00e7\u00f5es Internacionais<\/strong><\/td>\n<td><\/td>\n<\/tr>\n<tr>\n<td height=\"20\">\u00b7 Apresenta\u00e7\u00e3o de trabalho<\/td>\n<td><a href=\"https:\/\/drive.google.com\/folderview?id=0B-EQfR5gPE3JfmZaNURUMENyaEZKanZvY3JyTklnQXhQODlxSm9JUzNjNmNWM0x2eXVTMG8&amp;usp=sharing\">Clique aqui<\/a><\/td>\n<\/tr>\n<tr>\n<td height=\"20\">\u00b7 Organizadores<\/td>\n<td><a href=\"https:\/\/drive.google.com\/folderview?id=0B-EQfR5gPE3JfnlBcHAtMnZPTWE4Sm1pa0E5TDZyUlhOdWstaWlyYzZwcnQzb29CVF9yalE&amp;usp=sharing\">Clique aqui<\/a><\/td>\n<\/tr>\n<tr>\n<td height=\"20\">\u00b7 Ouvintes<\/td>\n<td><a href=\"https:\/\/drive.google.com\/folderview?id=0B-EQfR5gPE3JfjUwangybUV1SmRSZUJhdWZjaXN0d0lEMnROMWVHX0pvUVg0Z21oWlJWQ3c&amp;usp=sharing\">Clique aqui<\/a><\/td>\n<\/tr>\n<tr>\n<td height=\"20\">\u00b7 Palestrantes<\/td>\n<td><a href=\"https:\/\/drive.google.com\/folderview?id=0B-EQfR5gPE3JfmN1aDJCLUswMElFa1pwcDhaRFd3LXRJSDhvdnBhRzRpaWsxOWp0ZDNZU0k&amp;usp=sharing\">Clique aqui<\/a><\/td>\n<\/tr>\n<tr>\n<td height=\"20\"><\/td>\n<td><\/td>\n<\/tr>\n<tr>\n<td height=\"20\"><strong>SNCT<\/strong><\/td>\n<td><a href=\"https:\/\/drive.google.com\/open?id=0B-EQfR5gPE3JUVdJeHZtWjUxVWc\">Clique aqui<\/a><\/td>\n<\/tr>\n<\/tbody>\n<\/table>\n","protected":false},"excerpt":{"rendered":"<p>Biodiversidade nas costas do Tumucumaque Organiza\u00e7\u00e3o Clique aqui Participantes Clique aqui Libras Para a Comunidade Participantes Clique aqui Organiza\u00e7\u00e3o Clique aqui Introdu\u00e7\u00e3o \u00e0 Mec\u00e2nica dos Fluidos Participantes Clique aqui Educa\u00e7\u00e3o das Rela\u00e7\u00f5es \u00c9tnico-Racial Participantes Clique aqui Organiza\u00e7\u00e3o Clique aqui NEAB Organiza\u00e7\u00e3o Clique aqui Ouvintes Clique aqui Coletivo Carapan\u00e3 Ouvintes Clique aqui Organiza\u00e7\u00e3o Clique aqui 1\u00b0&#8230;<\/p>\n","protected":false},"author":925,"featured_media":0,"parent":8262,"menu_order":2,"comment_status":"closed","ping_status":"open","template":"","meta":{"inline_featured_image":false,"ngg_post_thumbnail":0,"footnotes":""},"class_list":["post-8356","page","type-page","status-publish","hentry","entry"],"_links":{"self":[{"href":"https:\/\/www2.unifap.br\/dex\/wp-json\/wp\/v2\/pages\/8356","targetHints":{"allow":["GET"]}}],"collection":[{"href":"https:\/\/www2.unifap.br\/dex\/wp-json\/wp\/v2\/pages"}],"about":[{"href":"https:\/\/www2.unifap.br\/dex\/wp-json\/wp\/v2\/types\/page"}],"author":[{"embeddable":true,"href":"https:\/\/www2.unifap.br\/dex\/wp-json\/wp\/v2\/users\/925"}],"replies":[{"embeddable":true,"href":"https:\/\/www2.unifap.br\/dex\/wp-json\/wp\/v2\/comments?post=8356"}],"version-history":[{"count":96,"href":"https:\/\/www2.unifap.br\/dex\/wp-json\/wp\/v2\/pages\/8356\/revisions"}],"predecessor-version":[{"id":10697,"href":"https:\/\/www2.unifap.br\/dex\/wp-json\/wp\/v2\/pages\/8356\/revisions\/10697"}],"up":[{"embeddable":true,"href":"https:\/\/www2.unifap.br\/dex\/wp-json\/wp\/v2\/pages\/8262"}],"wp:attachment":[{"href":"https:\/\/www2.unifap.br\/dex\/wp-json\/wp\/v2\/media?parent=8356"}],"curies":[{"name":"wp","href":"https:\/\/api.w.org\/{rel}","templated":true}]}}