{"id":8849,"date":"2015-07-31T18:58:16","date_gmt":"2015-07-31T18:58:16","guid":{"rendered":"http:\/\/www2.unifap.br\/dex\/?page_id=8849"},"modified":"2024-05-21T15:37:42","modified_gmt":"2024-05-21T15:37:42","slug":"consultar_acao_extensao","status":"publish","type":"page","link":"https:\/\/www2.unifap.br\/dex\/consultar_acao_extensao\/","title":{"rendered":"A\u00e7\u00f5es e Programas"},"content":{"rendered":"<h3>Atividades de extens\u00e3o 2015 &#8211;&nbsp;<a href=\"http:\/\/www2.unifap.br\/dex\/files\/2015\/07\/Projetos-de-Extens\u00e3o-2015.pdf\">Clique aqui<\/a><\/h3>\n<h3>Atividades de extens\u00e3o 2016 &#8211;&nbsp;<a href=\"http:\/\/www2.unifap.br\/dex\/files\/2015\/07\/Projetos-de-Extens\u00e3o-2016.pdf\">Clique aqui<\/a>&nbsp;<\/h3>\n<h3>Atividades de extens\u00e3o 2018 &#8211; <a href=\"http:\/\/www2.unifap.br\/dex\/catalogo-de-extensao-da-unifap\/\">Clique aqui<\/a><\/h3>\n<h3>Atividades de extens\u00e3o 2019 &#8211; <a href=\"https:\/\/www2.unifap.br\/dex\/atividades-registradas-em-2019\/\">Clique aqui<\/a><\/h3>\n<h3>Atividades de extens\u00e3o 2020 &#8211; <a href=\"https:\/\/www2.unifap.br\/dex\/atividades-registradas-em-2020\/\">Clique aqui<\/a><\/h3>\n<h3>Atividades de extens\u00e3o 2021 &#8211; <a href=\"https:\/\/www2.unifap.br\/dex\/atividades-registradas-em-2021\/\">Clique aqui<\/a><\/h3>\n<h3><strong>Atividades de extens\u00e3o 2022 &#8211; <a href=\"https:\/\/www2.unifap.br\/dex\/projetos-em-execucao-2022\/\">Clique aqui<\/a><\/strong><\/h3>\n<h3>&nbsp;<\/h3>\n<h3>Desde o ano 2017 a Universidade Federal do Amap\u00e1 realiza a Gest\u00e3o da Extens\u00e3o pelo Sistema Integrado de Gest\u00e3o das Atividades Acad\u00eamicas &#8211; SIGAA. Este sistema possui um Portal P\u00fablico que permite a qualquer cidad\u00e3o acessar as atividades que est\u00e3o registradas na Institui\u00e7\u00e3o. O portal pode ser acessado no endere\u00e7o eletr\u00f4nico a seguir: <a href=\"https:\/\/sigaa.unifap.br\/sigaa\/public\/extensao\/consulta_extensao.jsf?acao=2&amp;aba=p-extensao\">https:\/\/sigaa.unifap.br\/sigaa\/public\/extensao\/consulta_extensao.jsf?acao=2&amp;aba=p-extensao<\/a><\/h3>\n","protected":false},"excerpt":{"rendered":"<p>Atividades de extens\u00e3o 2015 &#8211;&nbsp;Clique aqui Atividades de extens\u00e3o 2016 &#8211;&nbsp;Clique aqui&nbsp; Atividades de extens\u00e3o 2018 &#8211; Clique aqui Atividades de extens\u00e3o 2019 &#8211; Clique aqui Atividades de extens\u00e3o 2020 &#8211; Clique aqui Atividades de extens\u00e3o 2021 &#8211; Clique aqui Atividades de extens\u00e3o 2022 &#8211; Clique aqui &nbsp; Desde o ano 2017 a Universidade Federal&#8230;<\/p>\n","protected":false},"author":604,"featured_media":0,"parent":0,"menu_order":0,"comment_status":"closed","ping_status":"closed","template":"","meta":{"inline_featured_image":false,"ngg_post_thumbnail":0,"footnotes":""},"class_list":["post-8849","page","type-page","status-publish","hentry","entry"],"_links":{"self":[{"href":"https:\/\/www2.unifap.br\/dex\/wp-json\/wp\/v2\/pages\/8849","targetHints":{"allow":["GET"]}}],"collection":[{"href":"https:\/\/www2.unifap.br\/dex\/wp-json\/wp\/v2\/pages"}],"about":[{"href":"https:\/\/www2.unifap.br\/dex\/wp-json\/wp\/v2\/types\/page"}],"author":[{"embeddable":true,"href":"https:\/\/www2.unifap.br\/dex\/wp-json\/wp\/v2\/users\/604"}],"replies":[{"embeddable":true,"href":"https:\/\/www2.unifap.br\/dex\/wp-json\/wp\/v2\/comments?post=8849"}],"version-history":[{"count":61,"href":"https:\/\/www2.unifap.br\/dex\/wp-json\/wp\/v2\/pages\/8849\/revisions"}],"predecessor-version":[{"id":16838,"href":"https:\/\/www2.unifap.br\/dex\/wp-json\/wp\/v2\/pages\/8849\/revisions\/16838"}],"wp:attachment":[{"href":"https:\/\/www2.unifap.br\/dex\/wp-json\/wp\/v2\/media?parent=8849"}],"curies":[{"name":"wp","href":"https:\/\/api.w.org\/{rel}","templated":true}]}}