{"id":9484,"date":"2015-11-18T21:27:56","date_gmt":"2015-11-18T21:27:56","guid":{"rendered":"http:\/\/www2.unifap.br\/dex\/?page_id=9484"},"modified":"2019-07-17T20:42:26","modified_gmt":"2019-07-17T20:42:26","slug":"registre-sua-acao","status":"publish","type":"page","link":"https:\/\/www2.unifap.br\/dex\/registre-sua-acao\/","title":{"rendered":"Cadastro, avalia\u00e7\u00e3o e registro"},"content":{"rendered":"<p style=\"text-align: justify\">O interessado em registrar uma atividade de extens\u00e3o dever\u00e1 submet\u00e2-la \u00e0 avalia\u00e7\u00e3o do DEx\u00a0com um <strong>m\u00ednimo de 30\u00a0<\/strong><strong>(trinta) dias de anteced\u00eancia da data de in\u00edcio da execu\u00e7\u00e3o<\/strong>, e o proponente deve estar atento \u00e0s seguintes <span style=\"text-decoration: underline\"><strong>etapas<\/strong><\/span> e aos <strong><span style=\"text-decoration: underline\">envolvidos<\/span><\/strong> no processo:<\/p>\n<p style=\"text-align: justify\"><span style=\"color: #008080\"><b>1. Cadastramento: <\/b><\/span><\/p>\n<p style=\"text-align: justify\">Realizado pelo(a) coordenador(a) da atividade, de acordo com as normas de extens\u00e3o previstas na Resolu\u00e7\u00e3o n\u00ba 09\/2006 &#8211; CONSU\/UNIFAP (que aprova o regulamento de extens\u00e3o universit\u00e1ria), Resolu\u00e7\u00e3o n\u00ba 20\/2015 &#8211; CONSU\/UNIFAP (estabelece as diretrizes que regulamentam o\u00a0preenchimento do Plano de Atividades\u00a0Individuais do Docente (PAID) e a respectiva\u00a0distribui\u00e7\u00e3o da carga hor\u00e1ria de trabalho, no\u00a0\u00e2mbito da Universidade Federal do Amap\u00e1) e a Resolu\u00e7\u00e3o n\u00ba 07\/2018 do Conselho Nacional de Educa\u00e7\u00e3o (Estabelece as Diretrizes para a Extens\u00e3o na<br \/>\nEduca\u00e7\u00e3o Superior Brasileira e regimenta o\u00a0disposto na Meta 12.7 da Lei n\u00ba 13.005\/2014).<\/p>\n<p style=\"text-align: justify\">O SIGAA oferece 5 (cinco) <strong>modalidades<\/strong> de atividades de extens\u00e3o, que poder\u00e3o ser escolhidas de acordo com a natureza e os objetivos propostos:\u00a0<a title=\"suporte:manuais:sigaa:extensao:informacoes_gerais:acoes_de_extensao:cadastrar_proposta:programa\" href=\"https:\/\/docs.info.ufrn.br\/doku.php?id=suporte:manuais:sigaa:extensao:informacoes_gerais:acoes_de_extensao:cadastrar_proposta:programa\">Programa,\u00a0<\/a><span style=\"color: #0000ff\"><a title=\"suporte:manuais:sigaa:extensao:informacoes_gerais:acoes_de_extensao:cadastrar_proposta:projeto\" href=\"https:\/\/docs.info.ufrn.br\/doku.php?id=suporte:manuais:sigaa:extensao:informacoes_gerais:acoes_de_extensao:cadastrar_proposta:projeto\"><span style=\"color: #0000ff\">Projeto<\/span><\/a>,\u00a0<\/span><span style=\"color: #0000ff\"><a title=\"suporte:manuais:sigaa:extensao:informacoes_gerais:acoes_de_extensao:cadastrar_proposta:curso\" href=\"https:\/\/docs.info.ufrn.br\/doku.php?id=suporte:manuais:sigaa:extensao:informacoes_gerais:acoes_de_extensao:cadastrar_proposta:curso\"><span style=\"color: #0000ff\">Curso<\/span><\/a>,\u00a0<\/span><a title=\"suporte:manuais:sigaa:extensao:informacoes_gerais:acoes_de_extensao:cadastrar_proposta:evento\" href=\"https:\/\/docs.info.ufrn.br\/doku.php?id=suporte:manuais:sigaa:extensao:informacoes_gerais:acoes_de_extensao:cadastrar_proposta:evento\">Evento<\/a> e\u00a0<a title=\"suporte:manuais:sigaa:extensao:informacoes_gerais:acoes_de_extensao:cadastrar_proposta:produto\" href=\"https:\/\/docs.info.ufrn.br\/doku.php?id=suporte:manuais:sigaa:extensao:informacoes_gerais:acoes_de_extensao:cadastrar_proposta:produto\">Produto<\/a>.<\/p>\n<p style=\"text-align: justify\">Ap\u00f3s a defini\u00e7\u00e3o da modalidade de extens\u00e3o, o SIGAA abre o <strong>formul\u00e1rio eletr\u00f4nico<\/strong>, para preenchimento dos seguintes dados:<\/p>\n<ol id=\"passos\" style=\"width: 300px;color: #000000;font-family: Verdana, sans-serif;font-size: 11.2px;background-color: #ffffe4\">\n<li class=\" passoAtual\" style=\"font-weight: bold\">Dados gerais da a\u00e7\u00e3o<\/li>\n<li class=\"proximoPasso \" style=\"color: #888888\">Dados do projeto<\/li>\n<li class=\"proximoPasso \" style=\"color: #888888\">Membros da equipe da a\u00e7\u00e3o<\/li>\n<li class=\"proximoPasso \" style=\"color: #888888\">Equipe Executora<\/li>\n<li class=\"proximoPasso \" style=\"color: #888888\">Or\u00e7amento detalhado<\/li>\n<li class=\"proximoPasso \" style=\"color: #888888\">Or\u00e7amento consolidado<\/li>\n<li class=\"proximoPasso \" style=\"color: #888888\">Anexar arquivos<\/li>\n<li class=\"proximoPasso \" style=\"color: #888888\">Anexar fotos<\/li>\n<li class=\"proximoPasso \" style=\"color: #888888\">Resumo da a\u00e7\u00e3o<\/li>\n<\/ol>\n<p style=\"text-align: justify\">Ao t\u00e9rmino do cadastramento, a atividade segue para <strong>a<\/strong><b>prova\u00e7\u00e3o da<\/b>\u00a0<strong><span style=\"background-color: #f9fbfd;color: #000000;font-family: 'Times New Roman', serif;font-size: 16px\">unidade administrativa ou acad\u00eamica.<\/span><\/strong><\/p>\n<p style=\"text-align: justify\"><span style=\"color: #008080\"><b>2. Aprova\u00e7\u00e3o da<\/b>\u00a0<strong><span style=\"background-color: #f9fbfd;font-family: 'Times New Roman', serif;font-size: 16px\">unidade administrativa ou acad\u00eamica<\/span>:<\/strong><\/span><\/p>\n<p style=\"text-align: justify\">Realizada<b>\u00a0<\/b>pelo(a) coordenador(a) de curso ou chefe da unidade administrativa que o(a) servidor(a) proponente est\u00e1 vinculado(a).<\/p>\n<p style=\"text-align: justify\">Se a proposta envolver\u00a0\u00a0<span style=\"text-decoration: underline\">duas ou mais<\/span><span style=\"text-decoration: underline\"><span style=\"font-size: 12.0pt;line-height: 115%;font-family: 'Times New Roman','serif';color: black;background: #F9FBFD\">\u00a0unidades administrativas ou acad\u00eamicas,<\/span><\/span><span style=\"font-size: 12pt;line-height: 115%;font-family: 'Times New Roman', serif\"><span style=\"text-align: start\">\u00a0esta dever\u00e1 ser aprovada em todas para poder ser submetida ao Departamento de Extens\u00e3o<\/span><span style=\"font-size: 12pt;font-family: Calibri, sans-serif\">.<\/span><\/span><\/p>\n<p style=\"text-align: justify\">Para autorizar a realiza\u00e7\u00e3o da atividade de extens\u00e3o o(a) coordenador(a) de curso dever\u00e1 acessar o Portal Docente do SIGAA, conforme a figura abaixo<span style=\"text-align: center\">, e anexar A<\/span>TA DE REUNI\u00c3O de colegiado no qual a proposta foi aprovada.<\/p>\n<p>&nbsp;<\/p>\n<p><a style=\"text-align: center\" href=\"http:\/\/www2.unifap.br\/dex\/files\/2015\/11\/chefia.png\"><img fetchpriority=\"high\" decoding=\"async\" class=\"aligncenter size-full wp-image-12653\" src=\"http:\/\/www2.unifap.br\/dex\/files\/2015\/11\/chefia.png\" alt=\"chefia\" width=\"1010\" height=\"159\" srcset=\"https:\/\/www2.unifap.br\/dex\/files\/2015\/11\/chefia.png 1010w, https:\/\/www2.unifap.br\/dex\/files\/2015\/11\/chefia-300x47.png 300w\" sizes=\"(max-width: 1010px) 100vw, 1010px\" \/><\/a><\/p>\n<p style=\"text-align: justify\"><span style=\"color: #008080\"><strong>3. Avalia\u00e7\u00e3o de Membro do\u00a0<span style=\"font-size: 12.0pt;font-family: 'Calibri','sans-serif'\">Comit\u00ea de Extens\u00e3o ou Parecerista AD<i>\u00a0<\/i>HOC<i>:<\/i><\/span><\/strong><\/span><\/p>\n<p style=\"text-align: justify\"><span style=\"font-size: 12.0pt;font-family: 'Calibri','sans-serif'\">Realizada por 1<\/span><span style=\"font-size: 12.0pt;font-family: 'Calibri','sans-serif'\"><span style=\"font-family: Calibri, sans-serif;font-size: 12pt\">\u00a0(um) servidor ou membro externo, cadastrado no banco de dados do SIGAA, conforme uma das seguintes \u00e1reas tem\u00e1ticas:\u00a0Comunica\u00e7\u00e3o, Cultura, Direitos Humanos e Justi\u00e7a, Educa\u00e7\u00e3o, Meio Ambiente, Sa\u00fade, Tecnologia e Produ\u00e7\u00e3o e Trabalho.\u00a0<\/span><\/span><span style=\"font-family: Calibri, sans-serif\"><span style=\"font-size: 12pt\">Ao final, emite-se Parecer\u00a0<\/span><\/span><span style=\"font-size: 12.0pt;font-family: 'Calibri','sans-serif'\">fundamentando a respectiva pontua\u00e7\u00e3o, ficando dispon\u00edvel para o coordenador da atividade visualizar<\/span><span style=\"font-family: Calibri, sans-serif\"><span style=\"font-size: 12pt\">.<\/span><\/span><\/p>\n<p><span style=\"color: #008080\"><strong style=\"text-align: justify\">4. Avalia\u00e7\u00e3o Final pelo Presidente do\u00a0<span style=\"font-size: 12.0pt;font-family: 'Calibri','sans-serif'\"><strong>Comit\u00ea Institucional de Exte<\/strong>ns\u00e3o: <\/span><\/strong><\/span><\/p>\n<p><span style=\"font-family: Calibri, sans-serif;font-size: 12pt\">Realizada pelo presidente do C\u00f4mite Institucional de Extens\u00e3o, que \u00e9 o(a) Diretor(a) do Departamento de Extens\u00e3o.<\/span><\/p>\n<p><span style=\"color: #000000\"><strong style=\"text-align: justify\">\u00a0 \u00a0 \u00a0 \u00a0 \u00a0 \u00a0 \u00a0 \u00a0 Fluxo do p<strong>rocedimento de cadastro, avalia\u00e7\u00e3o e registro de atividade de extens\u00e3o<\/strong><\/strong><\/span><\/p>\n<p>A figura 1 mostra o fluxo no SIGAA da submiss\u00e3o de propostas Auto Financiadas ou com financiamento externo. A figura 2 mostra o fluxo\u00a0 para o tipo de propostas Financiada por Edital interno.<\/p>\n<p><a href=\"http:\/\/www2.unifap.br\/dex\/files\/2017\/05\/submiss\u00e3o.png\"><img decoding=\"async\" class=\"aligncenter size-full wp-image-12225\" src=\"http:\/\/www2.unifap.br\/dex\/files\/2017\/05\/submiss\u00e3o.png\" alt=\"submiss\u00e3o\" width=\"806\" height=\"457\" srcset=\"https:\/\/www2.unifap.br\/dex\/files\/2017\/05\/submiss\u00e3o.png 806w, https:\/\/www2.unifap.br\/dex\/files\/2017\/05\/submiss\u00e3o-300x170.png 300w\" sizes=\"(max-width: 806px) 100vw, 806px\" \/><\/a><\/p>\n<p style=\"text-align: center\">Figura 1 Fluxo de Propostas Auto\u00a0Financiada e com Financiamento Externo (Clique na Imagem para Ampliar)<\/p>\n<p style=\"text-align: center\"><a href=\"http:\/\/www2.unifap.br\/dex\/files\/2015\/11\/SIGAA-EXTENS\u00c3O-edital2.png\"><img decoding=\"async\" class=\"aligncenter size-full wp-image-12546\" src=\"http:\/\/www2.unifap.br\/dex\/files\/2015\/11\/SIGAA-EXTENS\u00c3O-edital2.png\" alt=\"SIGAA-EXTENS\u00c3O-edital\" width=\"900\" height=\"500\" \/><\/a><\/p>\n<p style=\"text-align: center\">Figura 2 Fluxo de Proposta Financiada por edital. (Clique na Imagem para Ampliar)<\/p>\n<div>\n<p>Para acessar o\u00a0<a title=\"Manual \" href=\"https:\/\/docs.info.ufrn.br\/doku.php?id=suporte:manuais:sigaa:extensao:lista#portal_do_docente\">Manual Portal Docente (Menu Extens\u00e3o)<\/a><\/p>\n<p><a href=\"https:\/\/docs.info.ufrn.br\/doku.php?id=suporte:manuais:sigaa:portal_do_docente:extensao:acoes_de_extensao:inscricoes:gerenciar_inscricoes\">Inscri\u00e7\u00f5es Online para Cursos e Eventos de Extens\u00e3o Cadastrados no SIGAA<\/a><\/p>\n<\/div>\n","protected":false},"excerpt":{"rendered":"<p>O interessado em registrar uma atividade de extens\u00e3o dever\u00e1 submet\u00e2-la \u00e0 avalia\u00e7\u00e3o do DEx\u00a0com um m\u00ednimo de 30\u00a0(trinta) dias de anteced\u00eancia da data de in\u00edcio da execu\u00e7\u00e3o, e o proponente deve estar atento \u00e0s seguintes etapas e aos envolvidos no processo: 1. Cadastramento: Realizado pelo(a) coordenador(a) da atividade, de acordo com as normas de extens\u00e3o&#8230;<\/p>\n","protected":false},"author":470,"featured_media":0,"parent":0,"menu_order":4,"comment_status":"closed","ping_status":"closed","template":"","meta":{"inline_featured_image":false,"ngg_post_thumbnail":0,"footnotes":""},"class_list":["post-9484","page","type-page","status-publish","hentry","entry"],"_links":{"self":[{"href":"https:\/\/www2.unifap.br\/dex\/wp-json\/wp\/v2\/pages\/9484","targetHints":{"allow":["GET"]}}],"collection":[{"href":"https:\/\/www2.unifap.br\/dex\/wp-json\/wp\/v2\/pages"}],"about":[{"href":"https:\/\/www2.unifap.br\/dex\/wp-json\/wp\/v2\/types\/page"}],"author":[{"embeddable":true,"href":"https:\/\/www2.unifap.br\/dex\/wp-json\/wp\/v2\/users\/470"}],"replies":[{"embeddable":true,"href":"https:\/\/www2.unifap.br\/dex\/wp-json\/wp\/v2\/comments?post=9484"}],"version-history":[{"count":77,"href":"https:\/\/www2.unifap.br\/dex\/wp-json\/wp\/v2\/pages\/9484\/revisions"}],"predecessor-version":[{"id":13372,"href":"https:\/\/www2.unifap.br\/dex\/wp-json\/wp\/v2\/pages\/9484\/revisions\/13372"}],"wp:attachment":[{"href":"https:\/\/www2.unifap.br\/dex\/wp-json\/wp\/v2\/media?parent=9484"}],"curies":[{"name":"wp","href":"https:\/\/api.w.org\/{rel}","templated":true}]}}