{"id":9624,"date":"2016-01-05T11:52:26","date_gmt":"2016-01-05T11:52:26","guid":{"rendered":"http:\/\/www2.unifap.br\/dex\/?page_id=9624"},"modified":"2018-10-17T19:45:07","modified_gmt":"2018-10-17T19:45:07","slug":"2016-2","status":"publish","type":"page","link":"https:\/\/www2.unifap.br\/dex\/certificados\/2016-2\/","title":{"rendered":"2016"},"content":{"rendered":"<table width=\"701\" border=\"0\" cellspacing=\"0\" cellpadding=\"0\">\n<col width=\"624\" \/>\n<col width=\"77\" \/>\n<tbody>\n<tr>\n<td width=\"624\" height=\"21\">FONAPRACE<\/td>\n<td width=\"77\"><a href=\"https:\/\/drive.google.com\/drive\/folders\/1DCuw_cNmtpHukLx5TwEssqe0juv24s4i?usp=sharing\">Clique aqui<\/a><\/td>\n<\/tr>\n<tr>\n<td width=\"624\" height=\"21\">UNIFAP DIGITAL<\/td>\n<td width=\"77\"><a href=\"https:\/\/drive.google.com\/folderview?id=0B-EQfR5gPE3JbGsyZXNRaW1wZTA&amp;usp=sharing\">Clique aqui<\/a><\/td>\n<\/tr>\n<tr>\n<td height=\"21\">CDTM<\/td>\n<td><a href=\"https:\/\/drive.google.com\/folderview?id=0B-EQfR5gPE3JMTl2aVFEdHVnX1E&amp;usp=sharing\">Clique aqui<\/a><\/td>\n<\/tr>\n<tr>\n<td height=\"21\">Observat\u00f3rio de Cultura Amapaense (OCA)<\/td>\n<td><a href=\"https:\/\/drive.google.com\/folderview?id=0B-EQfR5gPE3JaXpkNTcyNUhhSmM&amp;usp=sharing\">Clique aqui<\/a><\/td>\n<\/tr>\n<tr>\n<td height=\"21\">Curso de Alem\u00e3o<\/td>\n<td><a href=\"https:\/\/drive.google.com\/folderview?id=0B-EQfR5gPE3JWUdjT1haOEY4bTQ&amp;usp=sharing\">Clique aqui<\/a><\/td>\n<\/tr>\n<tr>\n<td height=\"21\">Curso Guarda-Parque<\/td>\n<td><a href=\"https:\/\/drive.google.com\/folderview?id=0B-EQfR5gPE3JOVJwNjU1TmN5RFE&amp;usp=sharing\">Clique aqui<\/a><\/td>\n<\/tr>\n<tr>\n<td height=\"21\">I Mostra De Hist\u00f3ria Da Educa\u00e7\u00e3o De Surdos<\/td>\n<td><a href=\"https:\/\/drive.google.com\/folderview?id=0B-EQfR5gPE3JMm1QTDJzdXZGNzA&amp;usp=sharing\">Clique aqui<\/a><\/td>\n<\/tr>\n<tr>\n<td height=\"21\">Libras para comunidade (retifica\u00e7\u00e3o)<\/td>\n<td><a href=\"https:\/\/drive.google.com\/folderview?id=0B-EQfR5gPE3JRnFnT25xUEs4bFk&amp;usp=sharing\">Clique aqui<\/a><\/td>\n<\/tr>\n<tr>\n<td height=\"21\">Momento Biol\u00f3gico<\/td>\n<td><a href=\"https:\/\/drive.google.com\/folderview?id=0B-EQfR5gPE3JSGRHYWQ1U0lyZlE&amp;usp=sharing\">Clique aqui<\/a><\/td>\n<\/tr>\n<tr>\n<td height=\"21\">Momento Biol\u00f3gico II<\/td>\n<td><a href=\"https:\/\/drive.google.com\/drive\/folders\/0B-EQfR5gPE3JeG9ha0ZIUTZKbnM?usp=sharing\">Clique aqui<\/a><\/td>\n<\/tr>\n<tr>\n<td height=\"21\">Topologia geral<\/td>\n<td><a href=\"https:\/\/drive.google.com\/open?id=0B-EQfR5gPE3JUmozaUdVNi1wbEk\">Clique aqui<\/a><\/td>\n<\/tr>\n<tr>\n<td height=\"21\">Introdu\u00e7\u00e3o \u00e0 An\u00e1lise do Discurso de Base Francesa<\/td>\n<td><a href=\"https:\/\/drive.google.com\/folderview?id=0B-EQfR5gPE3JVFpjeWFsRy1jaVE&amp;usp=sharing\">Clique aqui<\/a><\/td>\n<\/tr>\n<tr>\n<td height=\"21\">PARNA Montanhas do Tumucumaque<\/td>\n<td><a href=\"https:\/\/drive.google.com\/folderview?id=0B-EQfR5gPE3JaTVKVWhqT0dOVDg&amp;usp=sharing\" target=\"_blank\">Clique aqui<\/a><\/td>\n<\/tr>\n<tr>\n<td height=\"21\">1\u00aa Col\u00f4nia de F\u00e9rias 2016 CCEF<\/td>\n<td><a href=\"https:\/\/drive.google.com\/open?id=0B-EQfR5gPE3JR0lOM2M4cl9aZGc\">Clique aqui<\/a><\/td>\n<\/tr>\n<tr>\n<td height=\"21\">Intercompreens\u00e3o entre L\u00ednguas Parentes<\/td>\n<td><a href=\"https:\/\/drive.google.com\/folderview?id=0B-EQfR5gPE3JYVcwM25DMWRCRU0&amp;usp=sharing\">Clique aqui<\/a><\/td>\n<\/tr>\n<tr>\n<td height=\"21\">I Semin\u00e1rio de Socializa\u00e7\u00e3o de Resultados de Disciplinas Integrando Texto, Leitura\u00a0 e Escrita Acad\u00eamica<\/td>\n<td><a href=\"https:\/\/drive.google.com\/folderview?id=0B-EQfR5gPE3JVXpPMlhOYWhMME0&amp;usp=sharing\">Clique aqui<\/a><\/td>\n<\/tr>\n<tr>\n<td height=\"21\">IV Encontro de Folias Religiosas<\/td>\n<td><a href=\"https:\/\/drive.google.com\/folderview?id=0B-EQfR5gPE3Jc0UtY2staTllN1E&amp;usp=sharing\">Clique aqui<\/a><\/td>\n<\/tr>\n<tr>\n<td height=\"21\">I Jornada Inglesa<\/td>\n<td><a href=\"https:\/\/drive.google.com\/folderview?id=0B-EQfR5gPE3JcnJmb1pzQkE1dGc&amp;usp=sharing\">Clique aqui<\/a><\/td>\n<\/tr>\n<tr>\n<td height=\"21\">Curso de extens\u00e3o Com Foucault<\/td>\n<td><a href=\"https:\/\/drive.google.com\/folderview?id=0B-EQfR5gPE3JS0lqdjgxcE9zREk&amp;usp=sharing\">Clique aqui<\/a><\/td>\n<\/tr>\n<tr>\n<td height=\"21\">Analise Introdu\u00e7\u00e3o ao uso de softwares livres para prepara\u00e7\u00e3o e an\u00e1lise de dados<\/td>\n<td><a href=\"https:\/\/drive.google.com\/folderview?id=0B-EQfR5gPE3JYXpoWWtneF9DRkU&amp;usp=sharing\">Clique aqui<\/a><\/td>\n<\/tr>\n<tr>\n<td height=\"21\">Abordagem em Libras para Servidores da Seguran\u00e7a P\u00fablica<\/td>\n<td><a href=\"https:\/\/drive.google.com\/folderview?id=0B-EQfR5gPE3JSVdMX1YzWFZMdkk&amp;usp=sharing\">Clique aqui<\/a><\/td>\n<\/tr>\n<tr>\n<td height=\"21\">II Feira de Ci\u00eancias<\/td>\n<td><a href=\"https:\/\/drive.google.com\/folderview?id=0B-EQfR5gPE3JNmJsSzlYMlNDb1U&amp;usp=sharing\">Clique aqui<\/a><\/td>\n<\/tr>\n<tr>\n<td height=\"21\">Organiza\u00e7\u00e3o de Dados e Introdu\u00e7\u00e3o ao R<\/td>\n<td><a href=\"https:\/\/drive.google.com\/drive\/folders\/0B-EQfR5gPE3JVXY5bGpWZWZPNTg?usp=sharing\">Clique aqui<\/a><\/td>\n<\/tr>\n<tr>\n<td height=\"21\">EDPMF_2016<\/td>\n<td><a href=\"https:\/\/drive.google.com\/drive\/folders\/0B-EQfR5gPE3JYlRhWkM5ZzhGd0U?usp=sharing\">Clique aqui<\/a><\/td>\n<\/tr>\n<tr>\n<td height=\"21\">UNIFAP DIGITAL 2016.1<\/td>\n<td><a href=\"https:\/\/drive.google.com\/folderview?id=0B-EQfR5gPE3JQkVlWnBvTGxMRlE&amp;usp=sharing\" target=\"_blank\">Clique aqui<\/a><\/td>\n<\/tr>\n<tr>\n<td height=\"21\">5\u00ba CSTM<\/td>\n<td><a href=\"https:\/\/drive.google.com\/folderview?id=0B-EQfR5gPE3JUkRmQllNVGgwaHM&amp;usp=sharing\" target=\"_blank\">Clique aqui<\/a><\/td>\n<\/tr>\n<tr>\n<td height=\"21\">Portugu\u00eas Escrito para Surdos<\/td>\n<td><a href=\"https:\/\/drive.google.com\/drive\/folders\/0B-EQfR5gPE3JUWFiZnRRbVoteVE?usp=sharing\">Clique aqui<\/a><\/td>\n<\/tr>\n<tr>\n<td height=\"21\">Col\u00f3quios de Divulga\u00e7\u00e3o Cient\u00edfica em Letras<\/td>\n<td><a href=\"https:\/\/drive.google.com\/drive\/folders\/0B-EQfR5gPE3JYUFBSVU2ampEWEU?usp=sharing\" target=\"_blank\">Clique aqui<\/a><\/td>\n<\/tr>\n<tr>\n<td height=\"21\">I Simp\u00f3sio Internacional de Enfermagem em Popula\u00e7\u00f5es Espec\u00edficas na Fronteira Franco-Brasileira<\/td>\n<td><a href=\"https:\/\/drive.google.com\/drive\/folders\/0B-EQfR5gPE3Ja3l2eTFlVFozR2s?usp=sharing\">Clique aqui<\/a><\/td>\n<\/tr>\n<tr>\n<td height=\"21\">II MOSTRA DE HIST\u00d3RIA DA EDUCA\u00c7\u00c3O DE SURDOS<\/td>\n<td><a href=\"https:\/\/drive.google.com\/drive\/folders\/0B-EQfR5gPE3JTjFPQzVBRncyb0E?usp=sharing\">Clique aqui<\/a><\/td>\n<\/tr>\n<tr>\n<td height=\"21\">VI Jornada de Franc\u00eas<\/td>\n<td><a href=\"https:\/\/drive.google.com\/drive\/folders\/0B-EQfR5gPE3JOW15NzR0a0NkX0U?usp=sharing\">Clique aqui<\/a><\/td>\n<\/tr>\n<tr>\n<td height=\"21\">VII CDTM<\/td>\n<td><a href=\"https:\/\/drive.google.com\/drive\/folders\/0B-EQfR5gPE3JVHRQOHVUcmE1a1k?usp=sharing\">Clique aqui<\/a><\/td>\n<\/tr>\n<tr>\n<td height=\"21\">Letramento Acad\u00eamico<\/td>\n<td><a href=\"https:\/\/drive.google.com\/drive\/folders\/0B-EQfR5gPE3JTGxzVW95RWdhdUE?usp=sharing\">Clique aqui<\/a><\/td>\n<\/tr>\n<tr>\n<td height=\"21\">Desvendando os Mitos<\/td>\n<td><a href=\"https:\/\/drive.google.com\/drive\/folders\/0B-EQfR5gPE3JVHNBd1JzbkRHMjA?usp=sharing\">Clique aqui<\/a><\/td>\n<\/tr>\n<tr>\n<td height=\"21\">Curso de Ingl\u00eas Instrumental<\/td>\n<td><a href=\"https:\/\/drive.google.com\/drive\/folders\/0B-EQfR5gPE3JUzkxWHZiWlR1bjA?usp=sharing\">Clique aqui<\/a><\/td>\n<\/tr>\n<tr>\n<td height=\"21\">Curso: Intercompreens\u00e3o Entre L\u00ednguas Parentes<\/td>\n<td><a href=\"https:\/\/drive.google.com\/drive\/folders\/0B-EQfR5gPE3JbEM3T1ZPVGNXWmc?usp=sharing\">Clique aqui<\/a><\/td>\n<\/tr>\n<tr>\n<td height=\"21\">Semin\u00e1rio Etinografia da Defici\u00eancia<\/td>\n<td><a href=\"https:\/\/drive.google.com\/drive\/folders\/0B-EQfR5gPE3JNnIxdVlMQngybUk?usp=sharing\">Clique aqui<\/a><\/td>\n<\/tr>\n<tr>\n<td height=\"21\">D\u00cdPTEROS DE IMPORT\u00c2NCIA M\u00c9DICO E FORENSE<\/td>\n<td><a href=\"https:\/\/drive.google.com\/drive\/folders\/0B-EQfR5gPE3JRGVPbFkxcngzODQ?usp=sharing\">Clique aqui<\/a><\/td>\n<\/tr>\n<tr>\n<td height=\"21\">I MOSTRA DE ARTEFATOS CULTURAIS DO POVO SURDO<\/td>\n<td><a href=\"https:\/\/drive.google.com\/drive\/folders\/0B-EQfR5gPE3JbE83bldiMjl5Nnc?usp=sharing\">Clique aqui<\/a><\/td>\n<\/tr>\n<tr>\n<td height=\"21\">III MOSTRA DE HIST\u00d3RIA DA EDUCA\u00c7\u00c3O DE SURDOS<\/td>\n<td><a href=\"https:\/\/drive.google.com\/drive\/folders\/0B-EQfR5gPE3JMlgxdVBUZWh2aUE?usp=sharing\">Clique aqui<\/a><\/td>\n<\/tr>\n<tr>\n<td height=\"21\">Lei de Acesso \u00e0 Informa\u00e7\u00e3o<\/td>\n<td><a href=\"https:\/\/drive.google.com\/drive\/folders\/0B-EQfR5gPE3JQjhOalBIWHBOX0E?usp=sharing\">Clique aqui<\/a><\/td>\n<\/tr>\n<tr>\n<td height=\"21\">II ENCONTRO AMAPAENSE DE SURDOS<\/td>\n<td><a href=\"https:\/\/drive.google.com\/drive\/folders\/0B-EQfR5gPE3JampJeHhPSGt4NEk?usp=sharing\">Clique aqui<\/a><\/td>\n<\/tr>\n<tr>\n<td height=\"21\">VI Congresso de Ci\u00eancias Sociais<\/td>\n<td><a href=\"https:\/\/drive.google.com\/drive\/folders\/0B-EQfR5gPE3JQUxMSjFvZ0RIMU0?usp=sharing\">Clique aqui<\/a><\/td>\n<\/tr>\n<tr>\n<td height=\"21\">Educa\u00e7\u00e3o do Campo, Agroecologia e Produ\u00e7\u00e3o Org\u00e2nica<\/td>\n<td><a href=\"https:\/\/drive.google.com\/drive\/folders\/0B-EQfR5gPE3JTWV2RGs1bGFHdjQ?usp=sharing\">Clique aqui<\/a><\/td>\n<\/tr>\n<tr>\n<td height=\"21\">Fatores De Risco Para A Incontin\u00eancia Urin\u00e1ria<\/td>\n<td><a href=\"https:\/\/drive.google.com\/drive\/folders\/0B-EQfR5gPE3JRHVOREg3TVNoUUk?usp=sharing\">Clique aqui<\/a><\/td>\n<\/tr>\n<tr>\n<td height=\"21\">Curso De Matem\u00e1tica Para Surdos<\/td>\n<td><a href=\"https:\/\/drive.google.com\/drive\/folders\/0B-EQfR5gPE3JVmdDRzU1TzF3WDA?usp=sharing\">Clique aqui<\/a><\/td>\n<\/tr>\n<tr>\n<td height=\"21\">Pr\u00e9-Enem<\/td>\n<td><a href=\"https:\/\/drive.google.com\/drive\/folders\/0B-EQfR5gPE3JN0tvYlhvcl9zMGc?usp=sharing\">Clique aqui<\/a><\/td>\n<\/tr>\n<tr>\n<td height=\"21\">Primeiro Evento de A\u00e7\u00e3o Social Campus Binacional em Sa\u00fade, Justi\u00e7a e Cidadania Agosto 2016<\/td>\n<td><a href=\"https:\/\/drive.google.com\/drive\/folders\/0B-EQfR5gPE3JWkVuaEJDQVVnejQ?usp=sharing\">Clique aqui<\/a><\/td>\n<\/tr>\n<tr>\n<td height=\"21\">PR\u00d3-ESTUDANTE INCLUS\u00c3O DIGITAL \u2013 UNIFAP DIGITAL<\/td>\n<td><a href=\"https:\/\/drive.google.com\/drive\/folders\/0B-EQfR5gPE3JbTdwM0RGTVlUUlk?usp=sharing\">Clique aqui<\/a><\/td>\n<\/tr>\n<tr>\n<td height=\"21\">Curso de Libras n\u00edvel I, II e III<\/td>\n<td><a href=\"https:\/\/drive.google.com\/drive\/folders\/0B-EQfR5gPE3JVk1KeV82XzRKWUE?usp=sharing\">Clique aqui<\/a><\/td>\n<\/tr>\n<tr>\n<td height=\"21\">Encontros na Fronteira &#8211; &#8220;A Hist\u00f3ria da Escrita&#8221;<\/td>\n<td><a href=\"https:\/\/drive.google.com\/drive\/folders\/0B-EQfR5gPE3JWTJLb0wxVFlLTms?usp=sharing\">Clique aqui<\/a><\/td>\n<\/tr>\n<tr>\n<td height=\"21\">PROJETO EDPMF &#8211; PARTE II<\/td>\n<td><a href=\"https:\/\/drive.google.com\/drive\/folders\/0B-EQfR5gPE3JTWFVNDJCM3dhM3M?usp=sharing\">Clique aqui<\/a><\/td>\n<\/tr>\n<tr>\n<td height=\"21\">Intercompreens\u00e3o Entre L\u00ednguas Parentes &#8211; Curso de Compreens\u00e3o Escrita em Franc\u00eas e Espanhol<\/td>\n<td><a href=\"https:\/\/drive.google.com\/drive\/folders\/0B-EQfR5gPE3JZ2FjOFB3YnVXT00?usp=sharing\">Clique aqui<\/a><\/td>\n<\/tr>\n<tr>\n<td height=\"21\">EDUCA\u00c7\u00c3O PARA RELA\u00c7\u00d5ES \u00c9TNICO RACIAIS E FORMA\u00c7\u00c3O DE PROFESSORES<\/td>\n<td><a href=\"https:\/\/drive.google.com\/drive\/folders\/0B-EQfR5gPE3JQzk1Z2JlRWxlcVk?usp=sharing\">Clique aqui<\/a><\/td>\n<\/tr>\n<tr>\n<td height=\"21\">A Integra\u00e7\u00e3o Teoria-Pratica em F\u00edsica: Uma Proposta Metodol\u00f3gica Para o Ensino M\u00e9dio<\/td>\n<td><a href=\"https:\/\/drive.google.com\/drive\/folders\/0B-EQfR5gPE3JamU4bWJZUXBydW8?usp=sharing\">Clique aqui<\/a><\/td>\n<\/tr>\n<tr>\n<td height=\"21\">Encontros na Fronteira &#8211; &#8220;Mem\u00f3rias do Oiapoque: Retorno de dados de pesquisa atrav\u00e9s dos recursos de hiperm\u00eddia\u201d e \u201cAntropologia, sa\u00fade e doen\u00e7a: a transi\u00e7\u00e3o da sa\u00fade entre os povos ind\u00edgenas o Ua\u00e7\u00e1&#8221;<\/td>\n<td><a href=\"https:\/\/drive.google.com\/drive\/folders\/0B-EQfR5gPE3JUk9WaEhWVEQ1TkU?usp=sharing\">Clique aqui<\/a><\/td>\n<\/tr>\n<tr>\n<td height=\"21\">Encontros na Fronteira &#8211; Al\u00e9m das Fronteiras do Oiapoque<\/td>\n<td><a href=\"https:\/\/drive.google.com\/drive\/folders\/0B-EQfR5gPE3JMTlZdE1HSDBtVjQ?usp=sharing\">Clique aqui<\/a><\/td>\n<\/tr>\n<\/tbody>\n<\/table>\n","protected":false},"excerpt":{"rendered":"<p>FONAPRACE Clique aqui UNIFAP DIGITAL Clique aqui CDTM Clique aqui Observat\u00f3rio de Cultura Amapaense (OCA) Clique aqui Curso de Alem\u00e3o Clique aqui Curso Guarda-Parque Clique aqui I Mostra De Hist\u00f3ria Da Educa\u00e7\u00e3o De Surdos Clique aqui Libras para comunidade (retifica\u00e7\u00e3o) Clique aqui Momento Biol\u00f3gico Clique aqui Momento Biol\u00f3gico II Clique aqui Topologia geral Clique aqui&#8230;<\/p>\n","protected":false},"author":925,"featured_media":0,"parent":8262,"menu_order":1,"comment_status":"closed","ping_status":"open","template":"","meta":{"inline_featured_image":false,"ngg_post_thumbnail":0,"footnotes":""},"class_list":["post-9624","page","type-page","status-publish","hentry","entry"],"_links":{"self":[{"href":"https:\/\/www2.unifap.br\/dex\/wp-json\/wp\/v2\/pages\/9624","targetHints":{"allow":["GET"]}}],"collection":[{"href":"https:\/\/www2.unifap.br\/dex\/wp-json\/wp\/v2\/pages"}],"about":[{"href":"https:\/\/www2.unifap.br\/dex\/wp-json\/wp\/v2\/types\/page"}],"author":[{"embeddable":true,"href":"https:\/\/www2.unifap.br\/dex\/wp-json\/wp\/v2\/users\/925"}],"replies":[{"embeddable":true,"href":"https:\/\/www2.unifap.br\/dex\/wp-json\/wp\/v2\/comments?post=9624"}],"version-history":[{"count":108,"href":"https:\/\/www2.unifap.br\/dex\/wp-json\/wp\/v2\/pages\/9624\/revisions"}],"predecessor-version":[{"id":13190,"href":"https:\/\/www2.unifap.br\/dex\/wp-json\/wp\/v2\/pages\/9624\/revisions\/13190"}],"up":[{"embeddable":true,"href":"https:\/\/www2.unifap.br\/dex\/wp-json\/wp\/v2\/pages\/8262"}],"wp:attachment":[{"href":"https:\/\/www2.unifap.br\/dex\/wp-json\/wp\/v2\/media?parent=9624"}],"curies":[{"name":"wp","href":"https:\/\/api.w.org\/{rel}","templated":true}]}}