{"id":6,"date":"2017-08-03T18:48:23","date_gmt":"2017-08-03T18:48:23","guid":{"rendered":"http:\/\/www2.unifap.br\/dfch\/?page_id=6"},"modified":"2024-04-30T18:49:26","modified_gmt":"2024-04-30T18:49:26","slug":"apresentacao","status":"publish","type":"page","link":"https:\/\/www2.unifap.br\/dfch\/apresentacao\/","title":{"rendered":"Apresenta\u00e7\u00e3o"},"content":{"rendered":"\t\t<div data-elementor-type=\"wp-page\" data-elementor-id=\"6\" class=\"elementor elementor-6\">\n\t\t\t\t\t\t<section class=\"elementor-section elementor-top-section elementor-element elementor-element-367ddbb3 elementor-section-boxed elementor-section-height-default elementor-section-height-default\" data-id=\"367ddbb3\" data-element_type=\"section\" data-e-type=\"section\">\n\t\t\t\t\t\t<div class=\"elementor-container elementor-column-gap-default\">\n\t\t\t\t\t<div class=\"elementor-column elementor-col-100 elementor-top-column elementor-element elementor-element-61863cb0\" data-id=\"61863cb0\" data-element_type=\"column\" data-e-type=\"column\">\n\t\t\t<div class=\"elementor-widget-wrap elementor-element-populated\">\n\t\t\t\t\t\t<div class=\"elementor-element elementor-element-5ef7d72e elementor-widget elementor-widget-text-editor\" data-id=\"5ef7d72e\" data-element_type=\"widget\" data-e-type=\"widget\" data-widget_type=\"text-editor.default\">\n\t\t\t\t<div class=\"elementor-widget-container\">\n\t\t\t\t\t\t\t\t\t<p>De acordo com\u00a0o regimento geral da Universidade, os Departamentos Acad\u00eamicos s\u00e3o \u00f3rg\u00e3os espec\u00edfico de desenvolvimento cient\u00edfico, tecnol\u00f3gico e de forma\u00e7\u00e3o profissional, correspondendo aos diferentes campos do saber.<\/p><p>O Departamento de Filosofia e Ci\u00eancias Humanas (DFCH) \u00e9 o departamento que agrega os seguintes cursos de gradua\u00e7\u00e3o: Administra\u00e7\u00e3o, Direito, Ci\u00eancias Sociais, Sociologia, Hist\u00f3ria Bacharelado\/Licenciatura, Geografia Bacharelado\/Licenciatura, Rela\u00e7\u00f5es Internacionais, Tecnologia em Secretariado e Secretariado Executivo; e p\u00f3s-gradua\u00e7\u00e3o: Mestrado em Estudos de Fronteira, Mestrado Profissional em Hist\u00f3ria; Mestrado em Desenvolvimento Regional; Mestrado em Hist\u00f3ria; Mestrado em Geografia.\u00a0<\/p>\t\t\t\t\t\t\t\t<\/div>\n\t\t\t\t<\/div>\n\t\t\t\t\t<\/div>\n\t\t<\/div>\n\t\t\t\t\t<\/div>\n\t\t<\/section>\n\t\t\t\t<\/div>\n\t\t","protected":false},"excerpt":{"rendered":"<p>De acordo com\u00a0o regimento geral da Universidade, os Departamentos Acad\u00eamicos s\u00e3o \u00f3rg\u00e3os espec\u00edfico de desenvolvimento cient\u00edfico, tecnol\u00f3gico e de forma\u00e7\u00e3o profissional, correspondendo aos diferentes campos do saber. O Departamento de Filosofia e Ci\u00eancias Humanas (DFCH) \u00e9 o departamento que agrega os seguintes cursos de gradua\u00e7\u00e3o: Administra\u00e7\u00e3o, Direito, Ci\u00eancias Sociais, Sociologia, Hist\u00f3ria Bacharelado\/Licenciatura, Geografia Bacharelado\/Licenciatura, Rela\u00e7\u00f5es&#8230;<\/p>\n","protected":false},"author":926,"featured_media":0,"parent":0,"menu_order":0,"comment_status":"closed","ping_status":"closed","template":"elementor_header_footer","meta":{"inline_featured_image":false,"ngg_post_thumbnail":0,"footnotes":""},"class_list":["post-6","page","type-page","status-publish","hentry","entry"],"_links":{"self":[{"href":"https:\/\/www2.unifap.br\/dfch\/wp-json\/wp\/v2\/pages\/6","targetHints":{"allow":["GET"]}}],"collection":[{"href":"https:\/\/www2.unifap.br\/dfch\/wp-json\/wp\/v2\/pages"}],"about":[{"href":"https:\/\/www2.unifap.br\/dfch\/wp-json\/wp\/v2\/types\/page"}],"author":[{"embeddable":true,"href":"https:\/\/www2.unifap.br\/dfch\/wp-json\/wp\/v2\/users\/926"}],"replies":[{"embeddable":true,"href":"https:\/\/www2.unifap.br\/dfch\/wp-json\/wp\/v2\/comments?post=6"}],"version-history":[{"count":10,"href":"https:\/\/www2.unifap.br\/dfch\/wp-json\/wp\/v2\/pages\/6\/revisions"}],"predecessor-version":[{"id":2670,"href":"https:\/\/www2.unifap.br\/dfch\/wp-json\/wp\/v2\/pages\/6\/revisions\/2670"}],"wp:attachment":[{"href":"https:\/\/www2.unifap.br\/dfch\/wp-json\/wp\/v2\/media?parent=6"}],"curies":[{"name":"wp","href":"https:\/\/api.w.org\/{rel}","templated":true}]}}