{"id":221,"date":"2024-06-23T15:03:23","date_gmt":"2024-06-23T15:03:23","guid":{"rendered":"https:\/\/www2.unifap.br\/dgo\/?page_id=221"},"modified":"2025-02-11T18:04:20","modified_gmt":"2025-02-11T18:04:20","slug":"apresentacao","status":"publish","type":"page","link":"https:\/\/www2.unifap.br\/dgo\/apresentacao\/","title":{"rendered":"Apresenta\u00e7\u00e3o"},"content":{"rendered":"\t\t<div data-elementor-type=\"wp-page\" data-elementor-id=\"221\" class=\"elementor elementor-221\">\n\t\t\t\t\t\t<section class=\"elementor-section elementor-top-section elementor-element elementor-element-fc76ae0 elementor-section-boxed elementor-section-height-default elementor-section-height-default\" data-id=\"fc76ae0\" data-element_type=\"section\" data-e-type=\"section\">\n\t\t\t\t\t\t<div class=\"elementor-container elementor-column-gap-default\">\n\t\t\t\t\t<div class=\"elementor-column elementor-col-100 elementor-top-column elementor-element elementor-element-af771c9\" data-id=\"af771c9\" data-element_type=\"column\" data-e-type=\"column\">\n\t\t\t<div class=\"elementor-widget-wrap elementor-element-populated\">\n\t\t\t\t\t\t<div class=\"elementor-element elementor-element-f4628fb elementor-widget elementor-widget-text-editor\" data-id=\"f4628fb\" data-element_type=\"widget\" data-e-type=\"widget\" data-widget_type=\"text-editor.default\">\n\t\t\t\t<div class=\"elementor-widget-container\">\n\t\t\t\t\t\t\t\t\t<p>Compete ao Departamento de Gest\u00e3o Or\u00e7ament\u00e1ria (DGO) a execu\u00e7\u00e3o das seguintes atribui\u00e7\u00f5es:\u00a0<\/p><ul><li><p>Desenvolver a\u00e7\u00f5es para planejamento, distribui\u00e7\u00e3o e controle dos recursos or\u00e7ament\u00e1rios da UNIFAP;<\/p><\/li><li><p>Subsidiar a PROPLAN com informa\u00e7\u00f5es e indicadores necess\u00e1rios ao gerenciamento eficaz dos recursos or\u00e7ament\u00e1rios;<\/p><\/li><li><p>Gerenciar o planejamento dos custos operacionais.<\/p><\/li><\/ul><p><span style=\"color: #993300\">Divis\u00e3o de Or\u00e7amento (DIOR)<\/span><\/p><ul><li><p>Cria\u00e7\u00e3o e emiss\u00e3o de relat\u00f3rios or\u00e7ament\u00e1rios no Tesouro Gerencial;<\/p><\/li><li><p>Detalhamento or\u00e7ament\u00e1rio e emiss\u00e3o de disponibilidade or\u00e7ament\u00e1ria;<\/p><\/li><li><p>Acompanhar a execu\u00e7\u00e3o dos cr\u00e9ditos or\u00e7ament\u00e1rios no Sistema de Administra\u00e7\u00e3o Financeira do Governo Federal (SIAFI);<\/p><\/li><\/ul><p><span style=\"color: #993300\">Divis\u00e3o de Custos Operacionais (DICOP)<\/span><\/p><ul><li><p>Promover a an\u00e1lise dos custos operacionais da UNIFAP quanto aos servi\u00e7os contratados, compras de materiais e obras;<\/p><\/li><li><p>Propor a redu\u00e7\u00e3o dos gastos observando crit\u00e9rios de sustentabilidade ambiental;<\/p><\/li><li><p>Aprimorar as informa\u00e7\u00f5es sobre os custos, visando dar suporte ao processo decis\u00f3rio e garantindo a otimiza\u00e7\u00e3o dos recursos p\u00fablicos;<\/p><\/li><li><p>Propor normas e procedimentos relativos a gest\u00e3o de custos no \u00e2mbito da Universidade.<\/p><\/li><\/ul><p><span style=\"color: #993300\"><a style=\"color: #993300\" href=\"https:\/\/www2.unifap.br\/diconv\/.\">Divis\u00e3o de Conv\u00eanios (DICONV)<\/a><\/span><\/p><ul><li><p>Elabora, acompanha e mant\u00e9m sob a sua guarda conv\u00eanios, acordos, termos\u00a0 de coopera\u00e7\u00e3o e outros instrumentos afins;<\/p><\/li><li><p>Orienta quanto \u00e0 legisla\u00e7\u00e3o e procedimentos que norteiam a celebra\u00e7\u00e3o e execu\u00e7\u00e3o de conv\u00eanios;<\/p><\/li><li><p>Supervisiona a execu\u00e7\u00e3o f\u00edsica e financeira dos conv\u00eanios;<\/p><\/li><li><p>Orienta e supervisiona o processo de presta\u00e7\u00e3o de contas\u00a0 dos\u00a0 termos\u00a0 de coopera\u00e7\u00e3o e outros instrumentos afins.<\/p><\/li><\/ul><p><span style=\"color: #993300\">Divis\u00e3o de Execu\u00e7\u00e3o Or\u00e7ament\u00e1ria (DIVEXORC)<\/span><\/p><ul><li><p>Emite, refor\u00e7a, cancela e anula Nota de Empenho;<\/p><\/li><li><p>Efetua bloqueios e desbloqueios de empenhos em restos a pagar;<\/p><\/li><li><p>Controla o limite or\u00e7ament\u00e1rio e saldos das notas de empenho;<\/p><\/li><li><p>Efetua an\u00e1lise da execu\u00e7\u00e3o or\u00e7ament\u00e1ria; Desenvolve outras atividades dentro de sua \u00e1rea de atua\u00e7\u00e3o.<\/p><\/li><\/ul>\t\t\t\t\t\t\t\t<\/div>\n\t\t\t\t<\/div>\n\t\t\t\t\t<\/div>\n\t\t<\/div>\n\t\t\t\t\t<\/div>\n\t\t<\/section>\n\t\t\t\t<\/div>\n\t\t","protected":false},"excerpt":{"rendered":"<p>Compete ao Departamento de Gest\u00e3o Or\u00e7ament\u00e1ria (DGO) a execu\u00e7\u00e3o das seguintes atribui\u00e7\u00f5es:\u00a0 Desenvolver a\u00e7\u00f5es para planejamento, distribui\u00e7\u00e3o e controle dos recursos or\u00e7ament\u00e1rios&#8230;<\/p>\n","protected":false},"author":4021,"featured_media":0,"parent":0,"menu_order":0,"comment_status":"closed","ping_status":"closed","template":"","meta":{"inline_featured_image":false,"ngg_post_thumbnail":0,"footnotes":""},"class_list":["post-221","page","type-page","status-publish","hentry"],"_links":{"self":[{"href":"https:\/\/www2.unifap.br\/dgo\/wp-json\/wp\/v2\/pages\/221","targetHints":{"allow":["GET"]}}],"collection":[{"href":"https:\/\/www2.unifap.br\/dgo\/wp-json\/wp\/v2\/pages"}],"about":[{"href":"https:\/\/www2.unifap.br\/dgo\/wp-json\/wp\/v2\/types\/page"}],"author":[{"embeddable":true,"href":"https:\/\/www2.unifap.br\/dgo\/wp-json\/wp\/v2\/users\/4021"}],"replies":[{"embeddable":true,"href":"https:\/\/www2.unifap.br\/dgo\/wp-json\/wp\/v2\/comments?post=221"}],"version-history":[{"count":23,"href":"https:\/\/www2.unifap.br\/dgo\/wp-json\/wp\/v2\/pages\/221\/revisions"}],"predecessor-version":[{"id":868,"href":"https:\/\/www2.unifap.br\/dgo\/wp-json\/wp\/v2\/pages\/221\/revisions\/868"}],"wp:attachment":[{"href":"https:\/\/www2.unifap.br\/dgo\/wp-json\/wp\/v2\/media?parent=221"}],"curies":[{"name":"wp","href":"https:\/\/api.w.org\/{rel}","templated":true}]}}