{"id":223,"date":"2024-06-23T15:04:38","date_gmt":"2024-06-23T15:04:38","guid":{"rendered":"https:\/\/www2.unifap.br\/dgo\/?page_id=223"},"modified":"2025-11-13T18:57:16","modified_gmt":"2025-11-13T18:57:16","slug":"painel-de-informacoes-orcamentarias","status":"publish","type":"page","link":"https:\/\/www2.unifap.br\/dgo\/painel-de-informacoes-orcamentarias\/","title":{"rendered":"Painel de Informa\u00e7\u00f5es Or\u00e7ament\u00e1rias"},"content":{"rendered":"<p>Todos dados da execu\u00e7\u00e3o or\u00e7ament\u00e1ria desta p\u00e1gina est\u00e3o publicados na plataforma <a href=\"https:\/\/dados.gov.br\/dados\/busca?termo=UNIFAP\">Dados Abertos<\/a> como parte das a\u00e7\u00f5es de implementa\u00e7\u00e3o e promo\u00e7\u00e3o de abertura de dados da UNIFAP, o&nbsp; <a href=\"https:\/\/www2.unifap.br\/deplan\/plano-de-dados-abertos\/\">Plano de Dados Abertos (PDA)<\/a>.<\/p>\n<h2>2024<\/h2>\n<p style=\"text-align: justify\">Painel com os dados do Acompanhamento da Execu\u00e7\u00e3o Or\u00e7ament\u00e1ria da UNIFAP do ano de 2024 (Dota\u00e7\u00e3o, Despesas de Investimento, Despesas de Custeio, Folha de Pessoal, TED e Emendas Parlamentares).&nbsp;<\/p>\n<p>&nbsp;<a href=\"https:\/\/app.powerbi.com\/view?r=eyJrIjoiODU2YWYyMTUtZDJhMy00MGM2LTk1ODAtYWM4M2E4ZTA4Nzc5IiwidCI6ImQyM2U0N2VlLWEyMzgtNGNlMS1hYTdmLTIxYzJiZTUxN2Y5YiJ9&amp;pageName=ae90d89fa70998b6c3ff\"><img decoding=\"async\" class=\"alignnone wp-image-646\" src=\"http:\/\/www2.unifap.br\/dgo\/files\/2025\/02\/dados-publicos-300x300.png\" alt=\"\" width=\"63\" height=\"63\" srcset=\"https:\/\/www2.unifap.br\/dgo\/files\/2025\/02\/dados-publicos-300x300.png 300w, https:\/\/www2.unifap.br\/dgo\/files\/2025\/02\/dados-publicos-150x150.png 150w, https:\/\/www2.unifap.br\/dgo\/files\/2025\/02\/dados-publicos-230x230.png 230w, https:\/\/www2.unifap.br\/dgo\/files\/2025\/02\/dados-publicos-350x350.png 350w, https:\/\/www2.unifap.br\/dgo\/files\/2025\/02\/dados-publicos-480x480.png 480w, https:\/\/www2.unifap.br\/dgo\/files\/2025\/02\/dados-publicos.png 512w\" sizes=\"(max-width: 63px) 100vw, 63px\" \/><\/a><\/p>\n<h2>2025<\/h2>\n<p style=\"text-align: justify\">Painel com os dados do Acompanhamento da Execu\u00e7\u00e3o Or\u00e7ament\u00e1ria da UNIFAP at\u00e9 setembro de 2025 (Dota\u00e7\u00e3o, Despesas de Investimento, Despesas de Custeio, Folha de Pessoal, Cr\u00e9dito Extraor\u00e7ament\u00e1rio e Emendas Parlamentares).&nbsp;<\/p>\n<p><a href=\"https:\/\/app.powerbi.com\/view?r=eyJrIjoiOTZhZDIyMzUtZGFjZi00Nzk1LThhYWUtMjUyYmNiZjI2MDBjIiwidCI6ImQyM2U0N2VlLWEyMzgtNGNlMS1hYTdmLTIxYzJiZTUxN2Y5YiJ9\"><img decoding=\"async\" class=\"alignnone wp-image-646\" src=\"http:\/\/www2.unifap.br\/dgo\/files\/2025\/02\/dados-publicos-300x300.png\" alt=\"\" width=\"63\" height=\"63\" srcset=\"https:\/\/www2.unifap.br\/dgo\/files\/2025\/02\/dados-publicos-300x300.png 300w, https:\/\/www2.unifap.br\/dgo\/files\/2025\/02\/dados-publicos-150x150.png 150w, https:\/\/www2.unifap.br\/dgo\/files\/2025\/02\/dados-publicos-230x230.png 230w, https:\/\/www2.unifap.br\/dgo\/files\/2025\/02\/dados-publicos-350x350.png 350w, https:\/\/www2.unifap.br\/dgo\/files\/2025\/02\/dados-publicos-480x480.png 480w, https:\/\/www2.unifap.br\/dgo\/files\/2025\/02\/dados-publicos.png 512w\" sizes=\"(max-width: 63px) 100vw, 63px\" \/><\/a><\/p>\n","protected":false},"excerpt":{"rendered":"<p>Todos dados da execu\u00e7\u00e3o or\u00e7ament\u00e1ria desta p\u00e1gina est\u00e3o publicados na plataforma Dados Abertos como parte das a\u00e7\u00f5es de implementa\u00e7\u00e3o e promo\u00e7\u00e3o de&#8230;<\/p>\n","protected":false},"author":4021,"featured_media":0,"parent":0,"menu_order":0,"comment_status":"closed","ping_status":"closed","template":"","meta":{"inline_featured_image":false,"ngg_post_thumbnail":0,"footnotes":""},"class_list":["post-223","page","type-page","status-publish","hentry"],"_links":{"self":[{"href":"https:\/\/www2.unifap.br\/dgo\/wp-json\/wp\/v2\/pages\/223","targetHints":{"allow":["GET"]}}],"collection":[{"href":"https:\/\/www2.unifap.br\/dgo\/wp-json\/wp\/v2\/pages"}],"about":[{"href":"https:\/\/www2.unifap.br\/dgo\/wp-json\/wp\/v2\/types\/page"}],"author":[{"embeddable":true,"href":"https:\/\/www2.unifap.br\/dgo\/wp-json\/wp\/v2\/users\/4021"}],"replies":[{"embeddable":true,"href":"https:\/\/www2.unifap.br\/dgo\/wp-json\/wp\/v2\/comments?post=223"}],"version-history":[{"count":45,"href":"https:\/\/www2.unifap.br\/dgo\/wp-json\/wp\/v2\/pages\/223\/revisions"}],"predecessor-version":[{"id":865,"href":"https:\/\/www2.unifap.br\/dgo\/wp-json\/wp\/v2\/pages\/223\/revisions\/865"}],"wp:attachment":[{"href":"https:\/\/www2.unifap.br\/dgo\/wp-json\/wp\/v2\/media?parent=223"}],"curies":[{"name":"wp","href":"https:\/\/api.w.org\/{rel}","templated":true}]}}