{"id":624,"date":"2025-02-10T14:00:00","date_gmt":"2025-02-10T14:00:00","guid":{"rendered":"https:\/\/www2.unifap.br\/dgo\/?page_id=624"},"modified":"2025-02-10T14:00:00","modified_gmt":"2025-02-10T14:00:00","slug":"orcamento-facil-2","status":"publish","type":"page","link":"https:\/\/www2.unifap.br\/dgo\/orcamento-facil-2\/","title":{"rendered":"Or\u00e7amento f\u00e1cil"},"content":{"rendered":"<p><a href=\"http:\/\/www2.unifap.br\/dgo\/files\/2024\/03\/orcamento-facil.jpg\"><img fetchpriority=\"high\" decoding=\"async\" class=\"alignleft\" src=\"http:\/\/www2.unifap.br\/dgo\/files\/2024\/03\/orcamento-facil-1024x576.jpg\" alt=\"\" width=\"403\" height=\"227\"><\/a><\/p>\n<p>&nbsp;<\/p>\n<p style=\"text-align: justify\">Voc\u00ea sabia que o Senado possui uma p\u00e1gina com informa\u00e7\u00f5es a respeito do or\u00e7amento p\u00fablico e como ele \u00e9 elaborado no Brasil? Na p\u00e1gina voc\u00ea encontra uma s\u00e9rie de anima\u00e7\u00f5es que explicam a import\u00e2ncia do or\u00e7amento p\u00fablico. Voc\u00ea vai descobrir que o pa\u00eds \u00e9 como uma grande fam\u00edlia e necessita de or\u00e7amento para bancar as despesas com sa\u00fade, educa\u00e7\u00e3o, seguran\u00e7a, lazer entre outros. Para conhecer acesse aqui: <a href=\"https:\/\/www12.senado.leg.br\/orcamentofacil\">Or\u00e7amento F\u00e1cil<\/a><\/p>\n<p>&nbsp;<\/p>\n","protected":false},"excerpt":{"rendered":"<p>&nbsp; Voc\u00ea sabia que o Senado possui uma p\u00e1gina com informa\u00e7\u00f5es a respeito do or\u00e7amento p\u00fablico e como ele \u00e9 elaborado no&#8230;<\/p>\n","protected":false},"author":538,"featured_media":0,"parent":0,"menu_order":0,"comment_status":"closed","ping_status":"closed","template":"","meta":{"inline_featured_image":false,"ngg_post_thumbnail":0,"footnotes":""},"class_list":["post-624","page","type-page","status-publish","hentry"],"_links":{"self":[{"href":"https:\/\/www2.unifap.br\/dgo\/wp-json\/wp\/v2\/pages\/624","targetHints":{"allow":["GET"]}}],"collection":[{"href":"https:\/\/www2.unifap.br\/dgo\/wp-json\/wp\/v2\/pages"}],"about":[{"href":"https:\/\/www2.unifap.br\/dgo\/wp-json\/wp\/v2\/types\/page"}],"author":[{"embeddable":true,"href":"https:\/\/www2.unifap.br\/dgo\/wp-json\/wp\/v2\/users\/538"}],"replies":[{"embeddable":true,"href":"https:\/\/www2.unifap.br\/dgo\/wp-json\/wp\/v2\/comments?post=624"}],"version-history":[{"count":1,"href":"https:\/\/www2.unifap.br\/dgo\/wp-json\/wp\/v2\/pages\/624\/revisions"}],"predecessor-version":[{"id":627,"href":"https:\/\/www2.unifap.br\/dgo\/wp-json\/wp\/v2\/pages\/624\/revisions\/627"}],"wp:attachment":[{"href":"https:\/\/www2.unifap.br\/dgo\/wp-json\/wp\/v2\/media?parent=624"}],"curies":[{"name":"wp","href":"https:\/\/api.w.org\/{rel}","templated":true}]}}