{"id":188,"date":"2025-10-07T09:43:33","date_gmt":"2025-10-07T12:43:33","guid":{"rendered":"https:\/\/www2.unifap.br\/diconv\/?page_id=188"},"modified":"2025-10-07T09:59:26","modified_gmt":"2025-10-07T12:59:26","slug":"ted-no-15719-2025-ministerio-da-educacao","status":"publish","type":"page","link":"https:\/\/www2.unifap.br\/diconv\/ted-no-15719-2025-ministerio-da-educacao\/","title":{"rendered":"TED N\u00ba: 15719\/2025 &#8211; Minist\u00e9rio da Educa\u00e7\u00e3o"},"content":{"rendered":"\t\t<div data-elementor-type=\"wp-page\" data-elementor-id=\"188\" class=\"elementor elementor-188\">\n\t\t\t\t<div class=\"elementor-element elementor-element-6940686 e-flex e-con-boxed e-con e-parent\" data-id=\"6940686\" data-element_type=\"container\" data-e-type=\"container\">\n\t\t\t\t\t<div class=\"e-con-inner\">\n\t\t\t\t<div class=\"elementor-element elementor-element-f7a6406 elementor-widget elementor-widget-text-editor\" data-id=\"f7a6406\" data-element_type=\"widget\" data-e-type=\"widget\" data-widget_type=\"text-editor.default\">\n\t\t\t\t<div class=\"elementor-widget-container\">\n\t\t\t\t\t\t\t\t\t<p>\u2756 <a href=\"http:\/\/www2.unifap.br\/diconv\/files\/2025\/10\/Plano-de-Trabalho-15719_2025-1.pdf\">Plano de Trabalho<\/a><\/p>\n<p>\u2756 <a href=\"http:\/\/www2.unifap.br\/diconv\/files\/2025\/10\/Portaria-15719_2025.pdf\">Portaria<\/a><\/p>\n<p>\u2756 <a href=\"http:\/\/www2.unifap.br\/diconv\/files\/2025\/10\/TED-15719_2025.pdf\">TED<\/a><\/p>\n\t\t\t\t\t\t\t\t<\/div>\n\t\t\t\t<\/div>\n\t\t\t\t\t<\/div>\n\t\t\t\t<\/div>\n\t\t\t\t<\/div>\n\t\t","protected":false},"excerpt":{"rendered":"<p>\u2756 Plano de Trabalho \u2756 Portaria \u2756 TED<\/p>\n","protected":false},"author":4014,"featured_media":0,"parent":0,"menu_order":0,"comment_status":"closed","ping_status":"closed","template":"","meta":{"inline_featured_image":false,"site-sidebar-layout":"no-sidebar","site-content-layout":"","ast-site-content-layout":"full-width-container","site-content-style":"default","site-sidebar-style":"default","ast-global-header-display":"","ast-banner-title-visibility":"","ast-main-header-display":"","ast-hfb-above-header-display":"","ast-hfb-below-header-display":"","ast-hfb-mobile-header-display":"","site-post-title":"disabled","ast-breadcrumbs-content":"","ast-featured-img":"disabled","footer-sml-layout":"","theme-transparent-header-meta":"","adv-header-id-meta":"","stick-header-meta":"","header-above-stick-meta":"","header-main-stick-meta":"","header-below-stick-meta":"","astra-migrate-meta-layouts":"default","ast-page-background-enabled":"default","ast-page-background-meta":{"desktop":{"background-color":"var(--ast-global-color-4)","background-image":"","background-repeat":"repeat","background-position":"center center","background-size":"auto","background-attachment":"scroll","background-type":"","background-media":"","overlay-type":"","overlay-color":"","overlay-opacity":"","overlay-gradient":""},"tablet":{"background-color":"","background-image":"","background-repeat":"repeat","background-position":"center center","background-size":"auto","background-attachment":"scroll","background-type":"","background-media":"","overlay-type":"","overlay-color":"","overlay-opacity":"","overlay-gradient":""},"mobile":{"background-color":"","background-image":"","background-repeat":"repeat","background-position":"center center","background-size":"auto","background-attachment":"scroll","background-type":"","background-media":"","overlay-type":"","overlay-color":"","overlay-opacity":"","overlay-gradient":""}},"ast-content-background-meta":{"desktop":{"background-color":"var(--ast-global-color-5)","background-image":"","background-repeat":"repeat","background-position":"center center","background-size":"auto","background-attachment":"scroll","background-type":"","background-media":"","overlay-type":"","overlay-color":"","overlay-opacity":"","overlay-gradient":""},"tablet":{"background-color":"var(--ast-global-color-5)","background-image":"","background-repeat":"repeat","background-position":"center center","background-size":"auto","background-attachment":"scroll","background-type":"","background-media":"","overlay-type":"","overlay-color":"","overlay-opacity":"","overlay-gradient":""},"mobile":{"background-color":"var(--ast-global-color-5)","background-image":"","background-repeat":"repeat","background-position":"center center","background-size":"auto","background-attachment":"scroll","background-type":"","background-media":"","overlay-type":"","overlay-color":"","overlay-opacity":"","overlay-gradient":""}},"footnotes":""},"class_list":["post-188","page","type-page","status-publish","hentry"],"_links":{"self":[{"href":"https:\/\/www2.unifap.br\/diconv\/wp-json\/wp\/v2\/pages\/188","targetHints":{"allow":["GET"]}}],"collection":[{"href":"https:\/\/www2.unifap.br\/diconv\/wp-json\/wp\/v2\/pages"}],"about":[{"href":"https:\/\/www2.unifap.br\/diconv\/wp-json\/wp\/v2\/types\/page"}],"author":[{"embeddable":true,"href":"https:\/\/www2.unifap.br\/diconv\/wp-json\/wp\/v2\/users\/4014"}],"replies":[{"embeddable":true,"href":"https:\/\/www2.unifap.br\/diconv\/wp-json\/wp\/v2\/comments?post=188"}],"version-history":[{"count":6,"href":"https:\/\/www2.unifap.br\/diconv\/wp-json\/wp\/v2\/pages\/188\/revisions"}],"predecessor-version":[{"id":203,"href":"https:\/\/www2.unifap.br\/diconv\/wp-json\/wp\/v2\/pages\/188\/revisions\/203"}],"wp:attachment":[{"href":"https:\/\/www2.unifap.br\/diconv\/wp-json\/wp\/v2\/media?parent=188"}],"curies":[{"name":"wp","href":"https:\/\/api.w.org\/{rel}","templated":true}]}}