{"id":46,"date":"2024-11-21T15:28:31","date_gmt":"2024-11-21T18:28:31","guid":{"rendered":"https:\/\/www2.unifap.br\/diconv\/?page_id=46"},"modified":"2025-11-12T15:43:42","modified_gmt":"2025-11-12T18:43:42","slug":"ted","status":"publish","type":"page","link":"https:\/\/www2.unifap.br\/diconv\/ted\/","title":{"rendered":"TERMO DE EXECU\u00c7\u00c3O DESCENTRALIZADA"},"content":{"rendered":"\t\t<div data-elementor-type=\"wp-page\" data-elementor-id=\"46\" class=\"elementor elementor-46\">\n\t\t\t\t<div class=\"elementor-element elementor-element-8ab893f e-flex e-con-boxed e-con e-parent\" data-id=\"8ab893f\" data-element_type=\"container\" data-e-type=\"container\">\n\t\t\t\t\t<div class=\"e-con-inner\">\n\t\t\t\t<div class=\"elementor-element elementor-element-a85e02f elementor-widget elementor-widget-heading\" data-id=\"a85e02f\" data-element_type=\"widget\" data-e-type=\"widget\" data-widget_type=\"heading.default\">\n\t\t\t\t<div class=\"elementor-widget-container\">\n\t\t\t\t\t<h1 class=\"elementor-heading-title elementor-size-default\">TERMO DE EXECU\u00c7\u00c3O DESCENTRALIZADA<\/h1>\t\t\t\t<\/div>\n\t\t\t\t<\/div>\n\t\t\t\t\t<\/div>\n\t\t\t\t<\/div>\n\t\t<div class=\"elementor-element elementor-element-1d05f43 e-flex e-con-boxed e-con e-parent\" data-id=\"1d05f43\" data-element_type=\"container\" data-e-type=\"container\">\n\t\t\t\t\t<div class=\"e-con-inner\">\n\t\t\t\t<div class=\"elementor-element elementor-element-ebbfb08 elementor-widget elementor-widget-text-editor\" data-id=\"ebbfb08\" data-element_type=\"widget\" data-e-type=\"widget\" data-widget_type=\"text-editor.default\">\n\t\t\t\t<div class=\"elementor-widget-container\">\n\t\t\t\t\t\t\t\t\t<p><a href=\"https:\/\/www2.unifap.br\/diconv\/ted-n-540006-00001-ministerio-do-turismo\">\u2756 TED N\u00b0: 540006\/00001 &#8211; Minist\u00e9rio do Turismo<\/a><br \/><a style=\"font-style: inherit;font-weight: inherit;background-color: #ffffff\" href=\"https:\/\/www2.unifap.br\/diconv\/ted-no-15719-2025-ministerio-da-educacao\">\u2756 TED N\u00ba: 15719\/2025 &#8211; Minist\u00e9rio da Educa\u00e7\u00e3o<\/a><br \/><a href=\"https:\/\/www2.unifap.br\/diconv\/%e2%9d%96-ted-n-14431-2025-ministerio-da-educacao\/\">\u2756 TED N\u00ba: 14431\/2025 &#8211; Minist\u00e9rio da Educa\u00e7\u00e3o<\/a><br \/><a href=\"https:\/\/www2.unifap.br\/diconv\/elementor-277\">\u2756 TED N\u00ba: 14432\/2025 &#8211; Minist\u00e9rio da Educa\u00e7\u00e3o<\/a><\/p><p style=\"text-align: right\"><a style=\"color: blue;text-decoration: none\" href=\"https:\/\/www2.unifap.br\/diconv\/files\/2025\/10\/Modelos_TED_PGFN_CNCIC_AGU.docx\" target=\"_blank\" rel=\"noopener noreferrer\"><br \/><span style=\"color: #3366ff\">\u00a0Modelos_TED_PGFN_CNCIC_AGU<\/span><br \/><\/a><\/p>\t\t\t\t\t\t\t\t<\/div>\n\t\t\t\t<\/div>\n\t\t\t\t\t<\/div>\n\t\t\t\t<\/div>\n\t\t\t\t<\/div>\n\t\t","protected":false},"excerpt":{"rendered":"<p>TERMO DE EXECU\u00c7\u00c3O DESCENTRALIZADA \u2756 TED N\u00b0: 540006\/00001 &#8211; Minist\u00e9rio do Turismo\u2756 TED N\u00ba: 15719\/2025 &#8211; Minist\u00e9rio da Educa\u00e7\u00e3o\u2756 TED&#8230;<\/p>\n","protected":false},"author":4021,"featured_media":0,"parent":0,"menu_order":0,"comment_status":"closed","ping_status":"closed","template":"","meta":{"inline_featured_image":false,"site-sidebar-layout":"no-sidebar","site-content-layout":"","ast-site-content-layout":"full-width-container","site-content-style":"default","site-sidebar-style":"default","ast-global-header-display":"","ast-banner-title-visibility":"","ast-main-header-display":"","ast-hfb-above-header-display":"","ast-hfb-below-header-display":"","ast-hfb-mobile-header-display":"","site-post-title":"disabled","ast-breadcrumbs-content":"","ast-featured-img":"disabled","footer-sml-layout":"","theme-transparent-header-meta":"default","adv-header-id-meta":"","stick-header-meta":"","header-above-stick-meta":"","header-main-stick-meta":"","header-below-stick-meta":"","astra-migrate-meta-layouts":"set","ast-page-background-enabled":"default","ast-page-background-meta":{"desktop":{"background-color":"var(--ast-global-color-4)","background-image":"","background-repeat":"repeat","background-position":"center center","background-size":"auto","background-attachment":"scroll","background-type":"","background-media":"","overlay-type":"","overlay-color":"","overlay-opacity":"","overlay-gradient":""},"tablet":{"background-color":"","background-image":"","background-repeat":"repeat","background-position":"center center","background-size":"auto","background-attachment":"scroll","background-type":"","background-media":"","overlay-type":"","overlay-color":"","overlay-opacity":"","overlay-gradient":""},"mobile":{"background-color":"","background-image":"","background-repeat":"repeat","background-position":"center center","background-size":"auto","background-attachment":"scroll","background-type":"","background-media":"","overlay-type":"","overlay-color":"","overlay-opacity":"","overlay-gradient":""}},"ast-content-background-meta":{"desktop":{"background-color":"var(--ast-global-color-5)","background-image":"","background-repeat":"repeat","background-position":"center center","background-size":"auto","background-attachment":"scroll","background-type":"","background-media":"","overlay-type":"","overlay-color":"","overlay-opacity":"","overlay-gradient":""},"tablet":{"background-color":"var(--ast-global-color-5)","background-image":"","background-repeat":"repeat","background-position":"center center","background-size":"auto","background-attachment":"scroll","background-type":"","background-media":"","overlay-type":"","overlay-color":"","overlay-opacity":"","overlay-gradient":""},"mobile":{"background-color":"var(--ast-global-color-5)","background-image":"","background-repeat":"repeat","background-position":"center center","background-size":"auto","background-attachment":"scroll","background-type":"","background-media":"","overlay-type":"","overlay-color":"","overlay-opacity":"","overlay-gradient":""}},"footnotes":""},"class_list":["post-46","page","type-page","status-publish","hentry"],"_links":{"self":[{"href":"https:\/\/www2.unifap.br\/diconv\/wp-json\/wp\/v2\/pages\/46","targetHints":{"allow":["GET"]}}],"collection":[{"href":"https:\/\/www2.unifap.br\/diconv\/wp-json\/wp\/v2\/pages"}],"about":[{"href":"https:\/\/www2.unifap.br\/diconv\/wp-json\/wp\/v2\/types\/page"}],"author":[{"embeddable":true,"href":"https:\/\/www2.unifap.br\/diconv\/wp-json\/wp\/v2\/users\/4021"}],"replies":[{"embeddable":true,"href":"https:\/\/www2.unifap.br\/diconv\/wp-json\/wp\/v2\/comments?post=46"}],"version-history":[{"count":73,"href":"https:\/\/www2.unifap.br\/diconv\/wp-json\/wp\/v2\/pages\/46\/revisions"}],"predecessor-version":[{"id":296,"href":"https:\/\/www2.unifap.br\/diconv\/wp-json\/wp\/v2\/pages\/46\/revisions\/296"}],"wp:attachment":[{"href":"https:\/\/www2.unifap.br\/diconv\/wp-json\/wp\/v2\/media?parent=46"}],"curies":[{"name":"wp","href":"https:\/\/api.w.org\/{rel}","templated":true}]}}