{"id":71,"date":"2024-11-26T16:37:53","date_gmt":"2024-11-26T19:37:53","guid":{"rendered":"https:\/\/www2.unifap.br\/diconv\/?page_id=71"},"modified":"2025-10-06T16:15:57","modified_gmt":"2025-10-06T19:15:57","slug":"fundape","status":"publish","type":"page","link":"https:\/\/www2.unifap.br\/diconv\/fundape\/","title":{"rendered":"FUNDAPE"},"content":{"rendered":"\t\t<div data-elementor-type=\"wp-page\" data-elementor-id=\"71\" class=\"elementor elementor-71\">\n\t\t\t\t<div class=\"elementor-element elementor-element-577e8c2 e-flex e-con-boxed e-con e-parent\" data-id=\"577e8c2\" data-element_type=\"container\" data-e-type=\"container\">\n\t\t\t\t\t<div class=\"e-con-inner\">\n\t\t\t\t<div class=\"elementor-element elementor-element-add595d elementor-widget elementor-widget-text-editor\" data-id=\"add595d\" data-element_type=\"widget\" data-e-type=\"widget\" data-widget_type=\"text-editor.default\">\n\t\t\t\t<div class=\"elementor-widget-container\">\n\t\t\t\t\t\t\t\t\t<header class=\"entry-header\"><h1 class=\"entry-title\">01 \u2013 FUNDAPE<\/h1><\/header><div class=\"clearfix entry-content\"><header class=\"entry-header\"><p class=\"entry-title\"><strong>Funda\u00e7\u00e3o de Apoio de Desenvolvimento ao Ensino, Pesquisa e extens\u00e3o Universit\u00e1ria no Acre \u2013 FUNDAPE<\/strong><\/p><\/header><div class=\"clearfix entry-content\"><ul><li><strong>Endere\u00e7o<\/strong>: Campus Universit\u00e1rio \u2013 UFAC, BR364, km 04, n.\u00ba 6637 \u2013 Distrito Industrial, Rio Branco-AC, 69920-900<\/li><li><strong>Telefone:\u00a0<\/strong>(68) 3229-3390<\/li><li><strong>site:\u00a0<\/strong><a href=\"https:\/\/fundape.com.br\/\">https:\/\/fundape.com.br\/<\/a><\/li><li><strong>Email:<\/strong>\u00a0<a class=\"text-white\" href=\"mailto:fundape.ac@gmail.com\">fundape.ac@gmail.com<\/a><\/li><\/ul><\/div><\/div><p><strong>Documentos da FUNDAPE<\/strong><\/p><p><a href=\"https:\/\/transparencia.unifap.br\/wp-content\/uploads\/2022\/11\/ESTATUTO_DA_FUNDAPE-2.pdf\">Estatuto da FUNDAPE<\/a><\/p><p><a href=\"http:\/\/www2.unifap.br\/diconv\/files\/2025\/10\/PORTARIA-CONJUNTA-No-220-DE-2-DE-OUTUBRO-DE-2025-PORTARIA-CONJUNTA-No-220-DE-2-DE-OUTUBRO-DE-2025-DOU-FUNDAPE.pdf\">Portaria de credenciamento<\/a><\/p><p><a href=\"https:\/\/transparencia.unifap.br\/wp-content\/uploads\/2022\/11\/5-Homologa-Relatorio-FUNDAPE.pdf\">Homologa\u00e7\u00e3o de Relat\u00f3rio FUNDAPE<\/a><\/p><p><a href=\"https:\/\/transparencia.unifap.br\/wp-content\/uploads\/2022\/11\/Res._3.2022_-_CONDIR_-_Credenciamento_e_avaliacao_de_Desempenho_FUNDAPE.pdf\">RESOLU\u00c7\u00c3O N. 3, DE 14 DE MAR\u00c7O DE 2022 \u2013 Aprova a renova\u00e7\u00e3o de autoriza\u00e7\u00e3o da FUNDAPE<\/a><\/p><p><a href=\"https:\/\/transparencia.unifap.br\/wp-content\/uploads\/2022\/11\/RESOLUCAO-CONSELHO-DIRETOR-UFAC-APROVACAO-E-RATIFICACAO-DO-REL.-GESTAO-2020.pdf\">Resolu\u00e7\u00e3o Conselho Diretor \u2013 UFAC \u2013\u00a0 Aprova\u00e7\u00e3o e Ratifica\u00e7\u00e3o do Relat\u00f3rio de Gest\u00e3o \u2013 2020<\/a><\/p>\t\t\t\t\t\t\t\t<\/div>\n\t\t\t\t<\/div>\n\t\t\t\t\t<\/div>\n\t\t\t\t<\/div>\n\t\t\t\t<\/div>\n\t\t","protected":false},"excerpt":{"rendered":"<p>01 \u2013 FUNDAPE Funda\u00e7\u00e3o de Apoio de Desenvolvimento ao Ensino, Pesquisa e extens\u00e3o Universit\u00e1ria no Acre \u2013 FUNDAPE Endere\u00e7o: Campus&#8230;<\/p>\n","protected":false},"author":4021,"featured_media":0,"parent":0,"menu_order":0,"comment_status":"closed","ping_status":"closed","template":"","meta":{"inline_featured_image":false,"site-sidebar-layout":"no-sidebar","site-content-layout":"","ast-site-content-layout":"full-width-container","site-content-style":"default","site-sidebar-style":"default","ast-global-header-display":"","ast-banner-title-visibility":"","ast-main-header-display":"","ast-hfb-above-header-display":"","ast-hfb-below-header-display":"","ast-hfb-mobile-header-display":"","site-post-title":"disabled","ast-breadcrumbs-content":"","ast-featured-img":"disabled","footer-sml-layout":"","theme-transparent-header-meta":"","adv-header-id-meta":"","stick-header-meta":"","header-above-stick-meta":"","header-main-stick-meta":"","header-below-stick-meta":"","astra-migrate-meta-layouts":"default","ast-page-background-enabled":"default","ast-page-background-meta":{"desktop":{"background-color":"var(--ast-global-color-4)","background-image":"","background-repeat":"repeat","background-position":"center center","background-size":"auto","background-attachment":"scroll","background-type":"","background-media":"","overlay-type":"","overlay-color":"","overlay-opacity":"","overlay-gradient":""},"tablet":{"background-color":"","background-image":"","background-repeat":"repeat","background-position":"center center","background-size":"auto","background-attachment":"scroll","background-type":"","background-media":"","overlay-type":"","overlay-color":"","overlay-opacity":"","overlay-gradient":""},"mobile":{"background-color":"","background-image":"","background-repeat":"repeat","background-position":"center center","background-size":"auto","background-attachment":"scroll","background-type":"","background-media":"","overlay-type":"","overlay-color":"","overlay-opacity":"","overlay-gradient":""}},"ast-content-background-meta":{"desktop":{"background-color":"var(--ast-global-color-5)","background-image":"","background-repeat":"repeat","background-position":"center center","background-size":"auto","background-attachment":"scroll","background-type":"","background-media":"","overlay-type":"","overlay-color":"","overlay-opacity":"","overlay-gradient":""},"tablet":{"background-color":"var(--ast-global-color-5)","background-image":"","background-repeat":"repeat","background-position":"center center","background-size":"auto","background-attachment":"scroll","background-type":"","background-media":"","overlay-type":"","overlay-color":"","overlay-opacity":"","overlay-gradient":""},"mobile":{"background-color":"var(--ast-global-color-5)","background-image":"","background-repeat":"repeat","background-position":"center center","background-size":"auto","background-attachment":"scroll","background-type":"","background-media":"","overlay-type":"","overlay-color":"","overlay-opacity":"","overlay-gradient":""}},"footnotes":""},"class_list":["post-71","page","type-page","status-publish","hentry"],"_links":{"self":[{"href":"https:\/\/www2.unifap.br\/diconv\/wp-json\/wp\/v2\/pages\/71","targetHints":{"allow":["GET"]}}],"collection":[{"href":"https:\/\/www2.unifap.br\/diconv\/wp-json\/wp\/v2\/pages"}],"about":[{"href":"https:\/\/www2.unifap.br\/diconv\/wp-json\/wp\/v2\/types\/page"}],"author":[{"embeddable":true,"href":"https:\/\/www2.unifap.br\/diconv\/wp-json\/wp\/v2\/users\/4021"}],"replies":[{"embeddable":true,"href":"https:\/\/www2.unifap.br\/diconv\/wp-json\/wp\/v2\/comments?post=71"}],"version-history":[{"count":6,"href":"https:\/\/www2.unifap.br\/diconv\/wp-json\/wp\/v2\/pages\/71\/revisions"}],"predecessor-version":[{"id":113,"href":"https:\/\/www2.unifap.br\/diconv\/wp-json\/wp\/v2\/pages\/71\/revisions\/113"}],"wp:attachment":[{"href":"https:\/\/www2.unifap.br\/diconv\/wp-json\/wp\/v2\/media?parent=71"}],"curies":[{"name":"wp","href":"https:\/\/api.w.org\/{rel}","templated":true}]}}