{"id":78,"date":"2024-11-26T16:41:20","date_gmt":"2024-11-26T19:41:20","guid":{"rendered":"https:\/\/www2.unifap.br\/diconv\/?page_id=78"},"modified":"2024-11-26T16:42:59","modified_gmt":"2024-11-26T19:42:59","slug":"funcern","status":"publish","type":"page","link":"https:\/\/www2.unifap.br\/diconv\/funcern\/","title":{"rendered":"FUNCERN"},"content":{"rendered":"\t\t<div data-elementor-type=\"wp-page\" data-elementor-id=\"78\" class=\"elementor elementor-78\">\n\t\t\t\t<div class=\"elementor-element elementor-element-e92159c e-flex e-con-boxed e-con e-parent\" data-id=\"e92159c\" data-element_type=\"container\" data-e-type=\"container\">\n\t\t\t\t\t<div class=\"e-con-inner\">\n\t\t\t\t<div class=\"elementor-element elementor-element-e6c9bcd elementor-widget elementor-widget-text-editor\" data-id=\"e6c9bcd\" data-element_type=\"widget\" data-e-type=\"widget\" data-widget_type=\"text-editor.default\">\n\t\t\t\t<div class=\"elementor-widget-container\">\n\t\t\t\t\t\t\t\t\t<header class=\"entry-header\"><h1 class=\"entry-title\">02- FUNCERN<\/h1><\/header><div class=\"clearfix entry-content\"><p><strong>Funda\u00e7\u00e3o de Apoio \u00e0 Educa\u00e7\u00e3o e ao Desenvolvimento Tecnol\u00f3gico do Rio Grande do Norte \u2013 FUNCERN<\/strong><\/p><p>Endere\u00e7o:<\/p><ul><li>Sede Oficial: Av. Sen. Salgado Filho, 1559. Tirol, Natal\/RN. CEP 59.015-000<\/li><li>Sede Administrativa: Av. Xavier da Silveira, 983. Nova Descoberta, Natal \u2013 RN. CEP 59.056-530<\/li><\/ul><p>Telefone: (84) 2132-4617<\/p><p>site:\u00a0<a href=\"https:\/\/funcern.br\/\">https:\/\/funcern.br\/<\/a><\/p><p>Email:\u00a0<a href=\"mailto:atendimento@funcern.br\">atendimento@funcern.br<\/a><\/p><p><strong>Documentos da FUNCERN<\/strong><\/p><\/div><p><a href=\"http:\/\/www2.unifap.br\/contratoscomfundacoes\/files\/2024\/02\/Estatuto-da-FUNCERN.pdf\">Estatuto da FUNCERN<\/a><\/p><p><a href=\"http:\/\/www2.unifap.br\/contratoscomfundacoes\/files\/2024\/02\/Portaria-de-Credenciamento.pdf\">Portaria de Credenciamento<\/a><\/p><p><a href=\"http:\/\/www2.unifap.br\/contratoscomfundacoes\/files\/2024\/02\/Resolucao-n%C2%B0-5-de-19-de-Setembro-de-2023.pdf\">Resolu\u00e7\u00e3o n\u00b0 5 de 19 de Setembro de 2023<\/a><\/p>\t\t\t\t\t\t\t\t<\/div>\n\t\t\t\t<\/div>\n\t\t\t\t\t<\/div>\n\t\t\t\t<\/div>\n\t\t\t\t<\/div>\n\t\t","protected":false},"excerpt":{"rendered":"<p>02- FUNCERN Funda\u00e7\u00e3o de Apoio \u00e0 Educa\u00e7\u00e3o e ao Desenvolvimento Tecnol\u00f3gico do Rio Grande do Norte \u2013 FUNCERN Endere\u00e7o: Sede&#8230;<\/p>\n","protected":false},"author":4021,"featured_media":0,"parent":0,"menu_order":0,"comment_status":"closed","ping_status":"closed","template":"","meta":{"inline_featured_image":false,"site-sidebar-layout":"no-sidebar","site-content-layout":"","ast-site-content-layout":"full-width-container","site-content-style":"default","site-sidebar-style":"default","ast-global-header-display":"","ast-banner-title-visibility":"","ast-main-header-display":"","ast-hfb-above-header-display":"","ast-hfb-below-header-display":"","ast-hfb-mobile-header-display":"","site-post-title":"disabled","ast-breadcrumbs-content":"","ast-featured-img":"disabled","footer-sml-layout":"","theme-transparent-header-meta":"","adv-header-id-meta":"","stick-header-meta":"","header-above-stick-meta":"","header-main-stick-meta":"","header-below-stick-meta":"","astra-migrate-meta-layouts":"default","ast-page-background-enabled":"default","ast-page-background-meta":{"desktop":{"background-color":"var(--ast-global-color-4)","background-image":"","background-repeat":"repeat","background-position":"center center","background-size":"auto","background-attachment":"scroll","background-type":"","background-media":"","overlay-type":"","overlay-color":"","overlay-opacity":"","overlay-gradient":""},"tablet":{"background-color":"","background-image":"","background-repeat":"repeat","background-position":"center center","background-size":"auto","background-attachment":"scroll","background-type":"","background-media":"","overlay-type":"","overlay-color":"","overlay-opacity":"","overlay-gradient":""},"mobile":{"background-color":"","background-image":"","background-repeat":"repeat","background-position":"center center","background-size":"auto","background-attachment":"scroll","background-type":"","background-media":"","overlay-type":"","overlay-color":"","overlay-opacity":"","overlay-gradient":""}},"ast-content-background-meta":{"desktop":{"background-color":"var(--ast-global-color-5)","background-image":"","background-repeat":"repeat","background-position":"center center","background-size":"auto","background-attachment":"scroll","background-type":"","background-media":"","overlay-type":"","overlay-color":"","overlay-opacity":"","overlay-gradient":""},"tablet":{"background-color":"var(--ast-global-color-5)","background-image":"","background-repeat":"repeat","background-position":"center center","background-size":"auto","background-attachment":"scroll","background-type":"","background-media":"","overlay-type":"","overlay-color":"","overlay-opacity":"","overlay-gradient":""},"mobile":{"background-color":"var(--ast-global-color-5)","background-image":"","background-repeat":"repeat","background-position":"center center","background-size":"auto","background-attachment":"scroll","background-type":"","background-media":"","overlay-type":"","overlay-color":"","overlay-opacity":"","overlay-gradient":""}},"footnotes":""},"class_list":["post-78","page","type-page","status-publish","hentry"],"_links":{"self":[{"href":"https:\/\/www2.unifap.br\/diconv\/wp-json\/wp\/v2\/pages\/78","targetHints":{"allow":["GET"]}}],"collection":[{"href":"https:\/\/www2.unifap.br\/diconv\/wp-json\/wp\/v2\/pages"}],"about":[{"href":"https:\/\/www2.unifap.br\/diconv\/wp-json\/wp\/v2\/types\/page"}],"author":[{"embeddable":true,"href":"https:\/\/www2.unifap.br\/diconv\/wp-json\/wp\/v2\/users\/4021"}],"replies":[{"embeddable":true,"href":"https:\/\/www2.unifap.br\/diconv\/wp-json\/wp\/v2\/comments?post=78"}],"version-history":[{"count":3,"href":"https:\/\/www2.unifap.br\/diconv\/wp-json\/wp\/v2\/pages\/78\/revisions"}],"predecessor-version":[{"id":84,"href":"https:\/\/www2.unifap.br\/diconv\/wp-json\/wp\/v2\/pages\/78\/revisions\/84"}],"wp:attachment":[{"href":"https:\/\/www2.unifap.br\/diconv\/wp-json\/wp\/v2\/media?parent=78"}],"curies":[{"name":"wp","href":"https:\/\/api.w.org\/{rel}","templated":true}]}}