{"id":94,"date":"2025-05-21T17:38:31","date_gmt":"2025-05-21T20:38:31","guid":{"rendered":"https:\/\/www2.unifap.br\/diconv\/?page_id=94"},"modified":"2025-05-21T17:51:27","modified_gmt":"2025-05-21T20:51:27","slug":"3-fuea","status":"publish","type":"page","link":"https:\/\/www2.unifap.br\/diconv\/3-fuea\/","title":{"rendered":"FUEA"},"content":{"rendered":"<p><span style=\"font-weight: 400\">Funda\u00e7\u00e3o Universitas de Estudos Amaz\u00f4nicos \u2013 FUEA<\/span><\/p>\n<p><span style=\"font-weight: 400\">Endere\u00e7o:<\/span><\/p>\n<ul>\n<li style=\"font-weight: 400\"><span style=\"font-weight: 400\">Sede Oficial: Av. Gov. Danilo de Matos Areosa, 160 &#8211; Distrito Industrial I, Manaus &#8211; AM, 69.075-351<\/span><\/li>\n<\/ul>\n<p>&nbsp;<\/p>\n<p><span style=\"font-weight: 400\">Telefone: (92) 3307-4020<\/span><\/p>\n<p><span style=\"font-weight: 400\">site: <\/span><a href=\"https:\/\/fuea.org.br\/\"><span style=\"font-weight: 400\">https:\/\/fuea.org.br\/<\/span><\/a><span style=\"font-weight: 400\">\u00a0\u00a0\u00a0<\/span><\/p>\n<p><span style=\"font-weight: 400\">Email: <\/span><a href=\"mailto:renatasilva@fuea.org.br\"><span style=\"font-weight: 400\">renatasilva@fuea.org.br<\/span><\/a><\/p>\n","protected":false},"excerpt":{"rendered":"<p>Funda\u00e7\u00e3o Universitas de Estudos Amaz\u00f4nicos \u2013 FUEA Endere\u00e7o: Sede Oficial: Av. Gov. Danilo de Matos Areosa, 160 &#8211; Distrito Industrial&#8230;<\/p>\n","protected":false},"author":4014,"featured_media":0,"parent":0,"menu_order":0,"comment_status":"closed","ping_status":"closed","template":"","meta":{"inline_featured_image":false,"site-sidebar-layout":"default","site-content-layout":"","ast-site-content-layout":"default","site-content-style":"default","site-sidebar-style":"default","ast-global-header-display":"","ast-banner-title-visibility":"","ast-main-header-display":"","ast-hfb-above-header-display":"","ast-hfb-below-header-display":"","ast-hfb-mobile-header-display":"","site-post-title":"","ast-breadcrumbs-content":"","ast-featured-img":"","footer-sml-layout":"","theme-transparent-header-meta":"default","adv-header-id-meta":"","stick-header-meta":"","header-above-stick-meta":"","header-main-stick-meta":"","header-below-stick-meta":"","astra-migrate-meta-layouts":"set","ast-page-background-enabled":"default","ast-page-background-meta":{"desktop":{"background-color":"var(--ast-global-color-4)","background-image":"","background-repeat":"repeat","background-position":"center center","background-size":"auto","background-attachment":"scroll","background-type":"","background-media":"","overlay-type":"","overlay-color":"","overlay-opacity":"","overlay-gradient":""},"tablet":{"background-color":"","background-image":"","background-repeat":"repeat","background-position":"center center","background-size":"auto","background-attachment":"scroll","background-type":"","background-media":"","overlay-type":"","overlay-color":"","overlay-opacity":"","overlay-gradient":""},"mobile":{"background-color":"","background-image":"","background-repeat":"repeat","background-position":"center center","background-size":"auto","background-attachment":"scroll","background-type":"","background-media":"","overlay-type":"","overlay-color":"","overlay-opacity":"","overlay-gradient":""}},"ast-content-background-meta":{"desktop":{"background-color":"var(--ast-global-color-5)","background-image":"","background-repeat":"repeat","background-position":"center center","background-size":"auto","background-attachment":"scroll","background-type":"","background-media":"","overlay-type":"","overlay-color":"","overlay-opacity":"","overlay-gradient":""},"tablet":{"background-color":"var(--ast-global-color-5)","background-image":"","background-repeat":"repeat","background-position":"center center","background-size":"auto","background-attachment":"scroll","background-type":"","background-media":"","overlay-type":"","overlay-color":"","overlay-opacity":"","overlay-gradient":""},"mobile":{"background-color":"var(--ast-global-color-5)","background-image":"","background-repeat":"repeat","background-position":"center center","background-size":"auto","background-attachment":"scroll","background-type":"","background-media":"","overlay-type":"","overlay-color":"","overlay-opacity":"","overlay-gradient":""}},"footnotes":""},"class_list":["post-94","page","type-page","status-publish","hentry"],"_links":{"self":[{"href":"https:\/\/www2.unifap.br\/diconv\/wp-json\/wp\/v2\/pages\/94","targetHints":{"allow":["GET"]}}],"collection":[{"href":"https:\/\/www2.unifap.br\/diconv\/wp-json\/wp\/v2\/pages"}],"about":[{"href":"https:\/\/www2.unifap.br\/diconv\/wp-json\/wp\/v2\/types\/page"}],"author":[{"embeddable":true,"href":"https:\/\/www2.unifap.br\/diconv\/wp-json\/wp\/v2\/users\/4014"}],"replies":[{"embeddable":true,"href":"https:\/\/www2.unifap.br\/diconv\/wp-json\/wp\/v2\/comments?post=94"}],"version-history":[{"count":2,"href":"https:\/\/www2.unifap.br\/diconv\/wp-json\/wp\/v2\/pages\/94\/revisions"}],"predecessor-version":[{"id":100,"href":"https:\/\/www2.unifap.br\/diconv\/wp-json\/wp\/v2\/pages\/94\/revisions\/100"}],"wp:attachment":[{"href":"https:\/\/www2.unifap.br\/diconv\/wp-json\/wp\/v2\/media?parent=94"}],"curies":[{"name":"wp","href":"https:\/\/api.w.org\/{rel}","templated":true}]}}