{"id":1064,"date":"2024-05-14T14:01:52","date_gmt":"2024-05-14T14:01:52","guid":{"rendered":"https:\/\/www2.unifap.br\/direito-oiapoque\/?page_id=1064"},"modified":"2024-05-24T21:19:19","modified_gmt":"2024-05-24T21:19:19","slug":"ppc","status":"publish","type":"page","link":"https:\/\/www2.unifap.br\/direito-oiapoque\/ppc\/","title":{"rendered":"PPC"},"content":{"rendered":"\t\t<div data-elementor-type=\"wp-page\" data-elementor-id=\"1064\" class=\"elementor elementor-1064\">\n\t\t\t\t\t\t<section class=\"elementor-section elementor-top-section elementor-element elementor-element-701c3bd elementor-section-boxed elementor-section-height-default elementor-section-height-default\" data-id=\"701c3bd\" data-element_type=\"section\" data-e-type=\"section\">\n\t\t\t\t\t\t<div class=\"elementor-container elementor-column-gap-default\">\n\t\t\t\t\t<div class=\"elementor-column elementor-col-100 elementor-top-column elementor-element elementor-element-27c3a97c\" data-id=\"27c3a97c\" data-element_type=\"column\" data-e-type=\"column\">\n\t\t\t<div class=\"elementor-widget-wrap elementor-element-populated\">\n\t\t\t\t\t\t<div class=\"elementor-element elementor-element-cedf7e4 elementor-widget elementor-widget-heading\" data-id=\"cedf7e4\" data-element_type=\"widget\" data-e-type=\"widget\" data-widget_type=\"heading.default\">\n\t\t\t\t<div class=\"elementor-widget-container\">\n\t\t\t\t\t<h2 class=\"elementor-heading-title elementor-size-default\">Projeto Pedag\u00f3gico do Curso - PPC<\/h2>\t\t\t\t<\/div>\n\t\t\t\t<\/div>\n\t\t\t\t<div class=\"elementor-element elementor-element-38d091f1 elementor-widget elementor-widget-text-editor\" data-id=\"38d091f1\" data-element_type=\"widget\" data-e-type=\"widget\" data-widget_type=\"text-editor.default\">\n\t\t\t\t<div class=\"elementor-widget-container\">\n\t\t\t\t\t\t\t\t\t<p>O que \u00e9 PPC?<\/p>\n<p><span style=\"font-size: 14px\">PPC, ou Projeto Pedag\u00f3gico de Curso, \u00e9 o documento norteador que estabelece as diretrizes, os objetivos, a estrutura curricular, as metodologias de ensino e demais aspectos relevantes de um curso universit\u00e1rio.<\/span><\/p><p><span style=\"font-size: 14px\">No contexto do curso de Direito, o PPC delineia o caminho para formar profissionais capacitados, \u00e9ticos e comprometidos com a justi\u00e7a e a cidadania. Trata-se de um instrumento din\u00e2mico, pass\u00edvel de atualiza\u00e7\u00f5es peri\u00f3dicas para adequar-se \u00e0s demandas do mercado, \u00e0s transforma\u00e7\u00f5es sociais e \u00e0s inova\u00e7\u00f5es pertinente ao direito, garantindo assim a excel\u00eancia na forma\u00e7\u00e3o dos futuros profissionais da justi\u00e7a.<\/span><\/p><p><a href=\"http:\/\/www2.unifap.br\/direito-oiapoque\/files\/2024\/05\/Resolucao-Fluxograma-Ementas.pdf\" style=\"font-size: 14px\">CLIQUE AQUI PARA ACESSAR O PPC DO CURSO DE DIREITO<\/a><\/p>\t\t\t\t\t\t\t\t<\/div>\n\t\t\t\t<\/div>\n\t\t\t\t\t<\/div>\n\t\t<\/div>\n\t\t\t\t\t<\/div>\n\t\t<\/section>\n\t\t\t\t<\/div>\n\t\t","protected":false},"excerpt":{"rendered":"<p>Projeto Pedag\u00f3gico do Curso &#8211; PPC O que \u00e9 PPC? PPC, ou Projeto Pedag\u00f3gico de Curso, \u00e9 o documento norteador que estabelece as diretrizes, os objetivos, a estrutura curricular, as metodologias de ensino e demais aspectos relevantes de um curso universit\u00e1rio. No contexto do curso de Direito, o PPC delineia o caminho para formar profissionais&#8230;<\/p>\n","protected":false},"author":2404,"featured_media":0,"parent":0,"menu_order":0,"comment_status":"closed","ping_status":"closed","template":"","meta":{"inline_featured_image":false,"ngg_post_thumbnail":0,"footnotes":""},"class_list":["post-1064","page","type-page","status-publish","hentry","entry"],"_links":{"self":[{"href":"https:\/\/www2.unifap.br\/direito-oiapoque\/wp-json\/wp\/v2\/pages\/1064","targetHints":{"allow":["GET"]}}],"collection":[{"href":"https:\/\/www2.unifap.br\/direito-oiapoque\/wp-json\/wp\/v2\/pages"}],"about":[{"href":"https:\/\/www2.unifap.br\/direito-oiapoque\/wp-json\/wp\/v2\/types\/page"}],"author":[{"embeddable":true,"href":"https:\/\/www2.unifap.br\/direito-oiapoque\/wp-json\/wp\/v2\/users\/2404"}],"replies":[{"embeddable":true,"href":"https:\/\/www2.unifap.br\/direito-oiapoque\/wp-json\/wp\/v2\/comments?post=1064"}],"version-history":[{"count":7,"href":"https:\/\/www2.unifap.br\/direito-oiapoque\/wp-json\/wp\/v2\/pages\/1064\/revisions"}],"predecessor-version":[{"id":1222,"href":"https:\/\/www2.unifap.br\/direito-oiapoque\/wp-json\/wp\/v2\/pages\/1064\/revisions\/1222"}],"wp:attachment":[{"href":"https:\/\/www2.unifap.br\/direito-oiapoque\/wp-json\/wp\/v2\/media?parent=1064"}],"curies":[{"name":"wp","href":"https:\/\/api.w.org\/{rel}","templated":true}]}}