{"id":1207,"date":"2024-05-24T14:17:53","date_gmt":"2024-05-24T14:17:53","guid":{"rendered":"https:\/\/www2.unifap.br\/direito-oiapoque\/?page_id=1207"},"modified":"2024-05-24T21:17:34","modified_gmt":"2024-05-24T21:17:34","slug":"sobre-o-curso-2","status":"publish","type":"page","link":"https:\/\/www2.unifap.br\/direito-oiapoque\/sobre-o-curso-2\/","title":{"rendered":"Sobre o curso"},"content":{"rendered":"\t\t<div data-elementor-type=\"wp-page\" data-elementor-id=\"1207\" class=\"elementor elementor-1207\">\n\t\t\t\t\t\t<section class=\"elementor-section elementor-top-section elementor-element elementor-element-7f794480 elementor-section-boxed elementor-section-height-default elementor-section-height-default\" data-id=\"7f794480\" data-element_type=\"section\" data-e-type=\"section\">\n\t\t\t\t\t\t<div class=\"elementor-container elementor-column-gap-default\">\n\t\t\t\t\t<div class=\"elementor-column elementor-col-100 elementor-top-column elementor-element elementor-element-714b53bc\" data-id=\"714b53bc\" data-element_type=\"column\" data-e-type=\"column\">\n\t\t\t<div class=\"elementor-widget-wrap elementor-element-populated\">\n\t\t\t\t\t\t<div class=\"elementor-element elementor-element-7b179616 elementor-widget elementor-widget-text-editor\" data-id=\"7b179616\" data-element_type=\"widget\" data-e-type=\"widget\" data-widget_type=\"text-editor.default\">\n\t\t\t\t<div class=\"elementor-widget-container\">\n\t\t\t\t\t\t\t\t\t<p><strong>SOBRE O CURSO DE BACHARELADO EM DIREITO CAMPUS-BINACIONAL DE OIAPOQUE<\/strong><\/p><p>Localizado na fronteira entre Brasil e Guiana Francesa, o curso de Direito \u00e9 projetado para formar profissionais altamente qualificados, preparados para enfrentar os desafios jur\u00eddicos em contextos locais, nacionais e internacionais. <span class=\"elementor-drop-cap\"><br \/><\/span>Curso de Bacharelado em Direito, est\u00e1 precisamente localizado no Campus Binacional de Oiapoque e atende aos estudantes deste munic\u00edpio. Seu objetivo \u00e9 formar bachar\u00e9is\u00a0 em Direito para atuarem nesta seara jur\u00eddica, dentre as mais diversas profiss\u00f5es.<\/p><p>Sua primeira turma foi inaugurada no semestre de 2014,1, contando com 50 matriculados. <b>O Colegiado do curso, atualmente, \u00e9 composto por 07 professores<\/b>, abrangendo diversas \u00e1reas do Direito.<\/p><p>A coordena\u00e7\u00e3o do curso est\u00e1 a cargo da <strong>Prof. Cindi Veridiana de Almeida Pinheiro (Portaria n\u00b0 1324\/2023)<\/strong>, e do\u00a0<strong>Prof. Tancredo Castelo Branco Neto (Portaria n\u00b0 1407\/2023)<\/strong> como Vice-Coordenador.\u00a0 \u00a0<\/p>\t\t\t\t\t\t\t\t<\/div>\n\t\t\t\t<\/div>\n\t\t\t\t\t<\/div>\n\t\t<\/div>\n\t\t\t\t\t<\/div>\n\t\t<\/section>\n\t\t\t\t<\/div>\n\t\t","protected":false},"excerpt":{"rendered":"<p>SOBRE O CURSO DE BACHARELADO EM DIREITO CAMPUS-BINACIONAL DE OIAPOQUE Localizado na fronteira entre Brasil e Guiana Francesa, o curso de Direito \u00e9 projetado para formar profissionais altamente qualificados, preparados para enfrentar os desafios jur\u00eddicos em contextos locais, nacionais e internacionais. Curso de Bacharelado em Direito, est\u00e1 precisamente localizado no Campus Binacional de Oiapoque e&#8230;<\/p>\n","protected":false},"author":2404,"featured_media":0,"parent":0,"menu_order":0,"comment_status":"closed","ping_status":"closed","template":"","meta":{"inline_featured_image":false,"ngg_post_thumbnail":0,"footnotes":""},"class_list":["post-1207","page","type-page","status-publish","hentry","entry"],"_links":{"self":[{"href":"https:\/\/www2.unifap.br\/direito-oiapoque\/wp-json\/wp\/v2\/pages\/1207","targetHints":{"allow":["GET"]}}],"collection":[{"href":"https:\/\/www2.unifap.br\/direito-oiapoque\/wp-json\/wp\/v2\/pages"}],"about":[{"href":"https:\/\/www2.unifap.br\/direito-oiapoque\/wp-json\/wp\/v2\/types\/page"}],"author":[{"embeddable":true,"href":"https:\/\/www2.unifap.br\/direito-oiapoque\/wp-json\/wp\/v2\/users\/2404"}],"replies":[{"embeddable":true,"href":"https:\/\/www2.unifap.br\/direito-oiapoque\/wp-json\/wp\/v2\/comments?post=1207"}],"version-history":[{"count":4,"href":"https:\/\/www2.unifap.br\/direito-oiapoque\/wp-json\/wp\/v2\/pages\/1207\/revisions"}],"predecessor-version":[{"id":1219,"href":"https:\/\/www2.unifap.br\/direito-oiapoque\/wp-json\/wp\/v2\/pages\/1207\/revisions\/1219"}],"wp:attachment":[{"href":"https:\/\/www2.unifap.br\/direito-oiapoque\/wp-json\/wp\/v2\/media?parent=1207"}],"curies":[{"name":"wp","href":"https:\/\/api.w.org\/{rel}","templated":true}]}}