{"id":28,"date":"2015-12-03T20:43:26","date_gmt":"2015-12-03T20:43:26","guid":{"rendered":"http:\/\/www2.unifap.br\/direito-oiapoque\/?page_id=28"},"modified":"2024-05-24T22:42:11","modified_gmt":"2024-05-24T22:42:11","slug":"disciplinas-ofertadas","status":"publish","type":"page","link":"https:\/\/www2.unifap.br\/direito-oiapoque\/disciplinas-ofertadas\/","title":{"rendered":"Disciplinas ofertadas"},"content":{"rendered":"<p><strong>Disciplinas ofertadas: Semestre 2024.1<\/strong><\/p>\n<p>Turma: 2024.1<\/p>\n<p>Extens\u00e3o I &#8211; Daniele Barreto<\/p>\n<p>Antropologia &#8211; Ivan de Oliveira<\/p>\n<p>Teoria Geral do Estado &#8211; Ivan de Oliveira<\/p>\n<p>Introdu\u00e7\u00e3o ao Estudo do Direito &#8211; Alexandre Marcondys<\/p>\n<p>Hist\u00f3ria do Direito &#8211; Ot\u00e1vio Couto<\/p>\n<p><strong>Reoferta: 2018.2<\/strong><\/p>\n<p>Direito Tribut\u00e1rio \u2013 Daniele Barreto<\/p>\n<p>Direito Processual do Trabalho \u2013 Cindi Veridiana<\/p>\n<p>Direito Empresarial I \u2013 Ot\u00e1vio Couto<\/p>\n<p>Pr\u00e1tica Jur\u00eddica II \u2013 Alexandre Marcondys<\/p>\n","protected":false},"excerpt":{"rendered":"<p>Disciplinas ofertadas: Semestre 2024.1 Turma: 2024.1 Extens\u00e3o I &#8211; Daniele Barreto Antropologia &#8211; Ivan de Oliveira Teoria Geral do Estado &#8211; Ivan de Oliveira Introdu\u00e7\u00e3o ao Estudo do Direito &#8211; Alexandre Marcondys Hist\u00f3ria do Direito &#8211; Ot\u00e1vio Couto Reoferta: 2018.2 Direito Tribut\u00e1rio \u2013 Daniele Barreto Direito Processual do Trabalho \u2013 Cindi Veridiana Direito Empresarial I&#8230;<\/p>\n","protected":false},"author":836,"featured_media":0,"parent":0,"menu_order":3,"comment_status":"open","ping_status":"closed","template":"","meta":{"inline_featured_image":false,"ngg_post_thumbnail":0,"footnotes":""},"class_list":["post-28","page","type-page","status-publish","hentry","entry"],"_links":{"self":[{"href":"https:\/\/www2.unifap.br\/direito-oiapoque\/wp-json\/wp\/v2\/pages\/28","targetHints":{"allow":["GET"]}}],"collection":[{"href":"https:\/\/www2.unifap.br\/direito-oiapoque\/wp-json\/wp\/v2\/pages"}],"about":[{"href":"https:\/\/www2.unifap.br\/direito-oiapoque\/wp-json\/wp\/v2\/types\/page"}],"author":[{"embeddable":true,"href":"https:\/\/www2.unifap.br\/direito-oiapoque\/wp-json\/wp\/v2\/users\/836"}],"replies":[{"embeddable":true,"href":"https:\/\/www2.unifap.br\/direito-oiapoque\/wp-json\/wp\/v2\/comments?post=28"}],"version-history":[{"count":9,"href":"https:\/\/www2.unifap.br\/direito-oiapoque\/wp-json\/wp\/v2\/pages\/28\/revisions"}],"predecessor-version":[{"id":1267,"href":"https:\/\/www2.unifap.br\/direito-oiapoque\/wp-json\/wp\/v2\/pages\/28\/revisions\/1267"}],"wp:attachment":[{"href":"https:\/\/www2.unifap.br\/direito-oiapoque\/wp-json\/wp\/v2\/media?parent=28"}],"curies":[{"name":"wp","href":"https:\/\/api.w.org\/{rel}","templated":true}]}}