{"id":427,"date":"2018-03-14T17:31:01","date_gmt":"2018-03-14T17:31:01","guid":{"rendered":"http:\/\/www2.unifap.br\/direito-oiapoque\/?page_id=427"},"modified":"2024-05-24T22:15:06","modified_gmt":"2024-05-24T22:15:06","slug":"regulamentodetrabalhodeconclusaodecursotcc","status":"publish","type":"page","link":"https:\/\/www2.unifap.br\/direito-oiapoque\/regulamentodetrabalhodeconclusaodecursotcc\/","title":{"rendered":"Regulamento de Trabalho de Conclus\u00e3o de Curso &#8211; TCC"},"content":{"rendered":"<h3 class=\"elementor-icon-box-title\">Regulamento de Trabalho de Conclus\u00e3o de Curso &#8211; TCC<\/h3>\n<p><a href=\"http:\/\/www2.unifap.br\/direito-oiapoque\/files\/2024\/05\/REGIMENTO-TCC-2021.pdf\">REGIMENTO-TCC-2021<\/a><\/p>\n<p><a href=\"http:\/\/www2.unifap.br\/direito-oiapoque\/files\/2018\/03\/Orienta\u00e7\u00f5es-B\u00e1sicas.pdf\">Orienta\u00e7\u00f5es B\u00e1sicas<\/a><\/p>\n<p><a href=\"http:\/\/www2.unifap.br\/direito-oiapoque\/files\/2018\/03\/Ata-de-Defesa-de-Trabalho-de-Conclus\u00e3o-de-Curso.pdf\">Ata de Defesa de Trabalho de Conclus\u00e3o de Curso<\/a><\/p>\n<p><a href=\"http:\/\/www2.unifap.br\/direito-oiapoque\/files\/2018\/03\/Termo-de-Entrega.pdf\">Termo de Entrega<\/a><\/p>\n<p><a href=\"http:\/\/www2.unifap.br\/direito-oiapoque\/files\/2018\/03\/DECLARA\u00c7\u00c3O-DE-APTID\u00c3O-DE-TRABALHO-DE-CONCLUS\u00c3O-DE-CURSO-PARA-CONSTITUI\u00c7\u00c3O-DE-BANCA-EXAMINADORA.pdf\">DECLARA\u00c7\u00c3O DE APTID\u00c3O DE TRABALHO DE CONCLUS\u00c3O DE CURSO PARA CONSTITUI\u00c7\u00c3O DE BANCA EXAMINADORA<\/a><\/p>\n<p><a href=\"http:\/\/www2.unifap.br\/direito-oiapoque\/files\/2018\/03\/Ficha-de-acompanhamento-de-produ\u00e7\u00e3o-de-TCC.pdf\">Ficha de acompanhamento de produ\u00e7\u00e3o de TCC<\/a><\/p>\n<p><a href=\"http:\/\/www2.unifap.br\/direito-oiapoque\/files\/2018\/03\/Termo-de-Compromisso-e-Aceite21.pdf\">Termo de Compromisso e Aceite2(1)<\/a><\/p>\n<p><a href=\"http:\/\/www2.unifap.br\/direito-oiapoque\/files\/2018\/03\/Ata-de-Qualifica\u00e7\u00e3o-de-Trabalho-de-Conclus\u00e3o-de-Curso.pdf\">Ata de Qualifica\u00e7\u00e3o de Trabalho de Conclus\u00e3o de Curso<\/a><\/p>\n<p><a href=\"http:\/\/www2.unifap.br\/direito-oiapoque\/files\/2018\/03\/Crit\u00e9rios-de-Avalia\u00e7\u00e3o-pela-Banca-Examinadora.pdf\">Crit\u00e9rios de Avalia\u00e7\u00e3o pela Banca Examinadora<\/a><\/p>\n<p><a href=\"http:\/\/www2.unifap.br\/direito-oiapoque\/files\/2018\/03\/Formul\u00e1rio-de-Indica\u00e7\u00e3o-de-Banca.pdf\">Formul\u00e1rio de Indica\u00e7\u00e3o de Banca<\/a><\/p>\n<p>&nbsp;<\/p>\n<p style=\"text-align: center\">&nbsp;<\/p>\n","protected":false},"excerpt":{"rendered":"<p>Regulamento de Trabalho de Conclus\u00e3o de Curso &#8211; TCC REGIMENTO-TCC-2021 Orienta\u00e7\u00f5es B\u00e1sicas Ata de Defesa de Trabalho de Conclus\u00e3o de Curso Termo de Entrega DECLARA\u00c7\u00c3O DE APTID\u00c3O DE TRABALHO DE CONCLUS\u00c3O DE CURSO PARA CONSTITUI\u00c7\u00c3O DE BANCA EXAMINADORA Ficha de acompanhamento de produ\u00e7\u00e3o de TCC Termo de Compromisso e Aceite2(1) Ata de Qualifica\u00e7\u00e3o de Trabalho&#8230;<\/p>\n","protected":false},"author":837,"featured_media":0,"parent":0,"menu_order":0,"comment_status":"open","ping_status":"open","template":"","meta":{"inline_featured_image":false,"ngg_post_thumbnail":0,"footnotes":""},"class_list":["post-427","page","type-page","status-publish","hentry","entry"],"_links":{"self":[{"href":"https:\/\/www2.unifap.br\/direito-oiapoque\/wp-json\/wp\/v2\/pages\/427","targetHints":{"allow":["GET"]}}],"collection":[{"href":"https:\/\/www2.unifap.br\/direito-oiapoque\/wp-json\/wp\/v2\/pages"}],"about":[{"href":"https:\/\/www2.unifap.br\/direito-oiapoque\/wp-json\/wp\/v2\/types\/page"}],"author":[{"embeddable":true,"href":"https:\/\/www2.unifap.br\/direito-oiapoque\/wp-json\/wp\/v2\/users\/837"}],"replies":[{"embeddable":true,"href":"https:\/\/www2.unifap.br\/direito-oiapoque\/wp-json\/wp\/v2\/comments?post=427"}],"version-history":[{"count":7,"href":"https:\/\/www2.unifap.br\/direito-oiapoque\/wp-json\/wp\/v2\/pages\/427\/revisions"}],"predecessor-version":[{"id":1253,"href":"https:\/\/www2.unifap.br\/direito-oiapoque\/wp-json\/wp\/v2\/pages\/427\/revisions\/1253"}],"wp:attachment":[{"href":"https:\/\/www2.unifap.br\/direito-oiapoque\/wp-json\/wp\/v2\/media?parent=427"}],"curies":[{"name":"wp","href":"https:\/\/api.w.org\/{rel}","templated":true}]}}