{"id":62,"date":"2015-12-08T14:10:12","date_gmt":"2015-12-08T14:10:12","guid":{"rendered":"http:\/\/www2.unifap.br\/direito-oiapoque\/?page_id=62"},"modified":"2024-05-24T21:01:09","modified_gmt":"2024-05-24T21:01:09","slug":"gestao-atual","status":"publish","type":"page","link":"https:\/\/www2.unifap.br\/direito-oiapoque\/gestao-atual\/","title":{"rendered":"COORDENA\u00c7\u00c3O DO CURSO"},"content":{"rendered":"<p><strong>COORDENA\u00c7\u00c3O DO CURSO DE DIREITO<\/strong><\/p>\n<p>Coordenador (a): Prof. CINDI VERIDIANA DE ALMEIDA PINHEIRO &#8211; Portaria n\u00ba 1324\/2023&nbsp;<\/p>\n<p>Vice \u2013 Coordenador (a): Prof. TANCREDO CASTELO BRANCO NETO &#8211; Portaria n\u00ba 1407\/2023&nbsp;<strong><br \/>\n<\/strong><\/p>\n<p>&nbsp;<\/p>\n<p><strong>REGIMENTO GERAL DA UNIFAP:<\/strong><\/p>\n<p>Art. 88. Cada Coordena\u00e7\u00e3o de curso ser\u00e1 dirigida por um coordenador, sendo seu substituto legal o vice-coordenador, ambos com mandato de dois anos, escolhidos em escrut\u00ednio secreto, pelos docentes, discentes e t\u00e9cnicos vinculados \u00e0 respectiva coordena\u00e7\u00e3o, permitida a recondu\u00e7\u00e3o por um \u00fanico per\u00edodo subsequente, obedecendo a legisla\u00e7\u00e3o pertinente.<br \/>\n\u00a71\u00ba. As coordena\u00e7\u00f5es ser\u00e3o exercidas, preferencialmente, por docente efetivo vinculado ao Curso;<br \/>\n\u00a72\u00ba. Na impossibilidade de a Coordena\u00e7\u00e3o ser exercida por docente efetivo a vaga poder\u00e1 ser preenchida por t\u00e9cnico integrante do quadro de n\u00edvel superior.<br \/>\nArt. 89. \u00c0 Coordena\u00e7\u00e3o de Curso compete:<br \/>\nI \u2013 cumprir e fazer cumprir as delibera\u00e7\u00f5es do Colegiado de Curso;<br \/>\nII \u2013 elaborar e submeter ao seu Conselho Departamental o plano de atividades da coordena\u00e7\u00e3o de curso;<br \/>\nIII \u2013 fazer cumprir os planos de atividades dos docentes e servidores t\u00e9cnico-administrativos lotados na Coordena\u00e7\u00e3o;<br \/>\nIV \u2013 designar banca de revis\u00e3o de provas dos discentes, quando deliberado pelo Colegiado de Curso;<br \/>\nV \u2013 propor ao Conselho Departamental normas e crit\u00e9rios para a monitoria e o est\u00e1gio curricular supervisionado;<br \/>\nVI \u2013 acompanhar a frequ\u00eancia e o desenvolvimento das atividades dos docentes no ensino, na pesquisa e na extens\u00e3o, submetendo os resultados \u00e0 aprecia\u00e7\u00e3o do Colegiado de Curso;<br \/>\nVII \u2013 acompanhar o desenvolvimento dos docentes em curso de qualifica\u00e7\u00e3o, atrav\u00e9s de relat\u00f3rios espec\u00edficos; e<br \/>\nVIII \u2013 desenvolver outras atividades que lhe couberem por for\u00e7a da legisla\u00e7\u00e3o.<\/p>\n<div>\n<p>&nbsp;<\/p>\n<p><b>CAMPUS BINACIONAL DE OIAPOQUE<\/b><\/p>\n<\/div>\n<p>Rodovia BR-156, 3051 &#8211; Bloco A &#8211; Bairro Universidade Oiapoque &#8211; AP CEP 68.980-000<\/p>\n<p><strong>E-mail: <\/strong>direitobinacional@unifap.br<\/p>\n","protected":false},"excerpt":{"rendered":"<p>COORDENA\u00c7\u00c3O DO CURSO DE DIREITO Coordenador (a): Prof. CINDI VERIDIANA DE ALMEIDA PINHEIRO &#8211; Portaria n\u00ba 1324\/2023&nbsp; Vice \u2013 Coordenador (a): Prof. TANCREDO CASTELO BRANCO NETO &#8211; Portaria n\u00ba 1407\/2023&nbsp; &nbsp; REGIMENTO GERAL DA UNIFAP: Art. 88. Cada Coordena\u00e7\u00e3o de curso ser\u00e1 dirigida por um coordenador, sendo seu substituto legal o vice-coordenador, ambos com mandato&#8230;<\/p>\n","protected":false},"author":836,"featured_media":0,"parent":0,"menu_order":0,"comment_status":"open","ping_status":"open","template":"","meta":{"inline_featured_image":false,"ngg_post_thumbnail":0,"footnotes":""},"class_list":["post-62","page","type-page","status-publish","hentry","entry"],"_links":{"self":[{"href":"https:\/\/www2.unifap.br\/direito-oiapoque\/wp-json\/wp\/v2\/pages\/62","targetHints":{"allow":["GET"]}}],"collection":[{"href":"https:\/\/www2.unifap.br\/direito-oiapoque\/wp-json\/wp\/v2\/pages"}],"about":[{"href":"https:\/\/www2.unifap.br\/direito-oiapoque\/wp-json\/wp\/v2\/types\/page"}],"author":[{"embeddable":true,"href":"https:\/\/www2.unifap.br\/direito-oiapoque\/wp-json\/wp\/v2\/users\/836"}],"replies":[{"embeddable":true,"href":"https:\/\/www2.unifap.br\/direito-oiapoque\/wp-json\/wp\/v2\/comments?post=62"}],"version-history":[{"count":12,"href":"https:\/\/www2.unifap.br\/direito-oiapoque\/wp-json\/wp\/v2\/pages\/62\/revisions"}],"predecessor-version":[{"id":961,"href":"https:\/\/www2.unifap.br\/direito-oiapoque\/wp-json\/wp\/v2\/pages\/62\/revisions\/961"}],"wp:attachment":[{"href":"https:\/\/www2.unifap.br\/direito-oiapoque\/wp-json\/wp\/v2\/media?parent=62"}],"curies":[{"name":"wp","href":"https:\/\/api.w.org\/{rel}","templated":true}]}}