{"id":71,"date":"2015-12-08T14:20:20","date_gmt":"2015-12-08T14:20:20","guid":{"rendered":"http:\/\/www2.unifap.br\/direito-oiapoque\/?page_id=71"},"modified":"2024-05-24T21:27:17","modified_gmt":"2024-05-24T21:27:17","slug":"nucleo-docente-estruturante-nde","status":"publish","type":"page","link":"https:\/\/www2.unifap.br\/direito-oiapoque\/sobre-o-curso\/nucleo-docente-estruturante-nde\/","title":{"rendered":"N\u00facleo Docente Estruturante (NDE)"},"content":{"rendered":"<h2>N\u00facleo Docente Estruturante (NDE)<\/h2>\n<p>O N\u00facleo Docente Estruturante (NDE) \u00e9 um grupo fundamental na organiza\u00e7\u00e3o e gest\u00e3o dos cursos de gradua\u00e7\u00e3o no Brasil. Composto por professores qualificados e experientes, o NDE tem como principal objetivo garantir a qualidade e a coer\u00eancia pedag\u00f3gica dos cursos superiores. Ele atua na formula\u00e7\u00e3o, implementa\u00e7\u00e3o e atualiza\u00e7\u00e3o do Projeto Pedag\u00f3gico do Curso (PPC), assegurando que este esteja alinhado com as diretrizes curriculares nacionais e as necessidades do mercado de trabalho. A forma\u00e7\u00e3o do NDE \u00e9 uma exig\u00eancia do Minist\u00e9rio da Educa\u00e7\u00e3o (MEC), sendo um requisito para a autoriza\u00e7\u00e3o e reconhecimento dos cursos de gradua\u00e7\u00e3o. Portanto, o trabalho do NDE \u00e9 vital para assegurar que os cursos ofere\u00e7am uma forma\u00e7\u00e3o de qualidade, alinhada com as melhores pr\u00e1ticas educacionais e com as exig\u00eancias do mercado profissional.<\/p>\n<p><a href=\"http:\/\/www2.unifap.br\/direito-oiapoque\/files\/2024\/05\/portaria-NDE.pdf\">CLIQUE AQUI<\/a> PARA ACESSAR A PORTARIA N\u00ba 0549\/2024 QUE INSTITUI O NDE DO CURSO DE DIREITO DO CAMPUS BINACIONAL DE OIAPOQUE.<\/p>\n<p>&nbsp;<\/p>\n<p>&nbsp;<\/p>\n","protected":false},"excerpt":{"rendered":"<p>N\u00facleo Docente Estruturante (NDE) O N\u00facleo Docente Estruturante (NDE) \u00e9 um grupo fundamental na organiza\u00e7\u00e3o e gest\u00e3o dos cursos de gradua\u00e7\u00e3o no Brasil. Composto por professores qualificados e experientes, o NDE tem como principal objetivo garantir a qualidade e a coer\u00eancia pedag\u00f3gica dos cursos superiores. Ele atua na formula\u00e7\u00e3o, implementa\u00e7\u00e3o e atualiza\u00e7\u00e3o do Projeto Pedag\u00f3gico&#8230;<\/p>\n","protected":false},"author":836,"featured_media":0,"parent":26,"menu_order":2,"comment_status":"open","ping_status":"open","template":"","meta":{"inline_featured_image":false,"ngg_post_thumbnail":0,"footnotes":""},"class_list":["post-71","page","type-page","status-publish","hentry","entry"],"_links":{"self":[{"href":"https:\/\/www2.unifap.br\/direito-oiapoque\/wp-json\/wp\/v2\/pages\/71","targetHints":{"allow":["GET"]}}],"collection":[{"href":"https:\/\/www2.unifap.br\/direito-oiapoque\/wp-json\/wp\/v2\/pages"}],"about":[{"href":"https:\/\/www2.unifap.br\/direito-oiapoque\/wp-json\/wp\/v2\/types\/page"}],"author":[{"embeddable":true,"href":"https:\/\/www2.unifap.br\/direito-oiapoque\/wp-json\/wp\/v2\/users\/836"}],"replies":[{"embeddable":true,"href":"https:\/\/www2.unifap.br\/direito-oiapoque\/wp-json\/wp\/v2\/comments?post=71"}],"version-history":[{"count":15,"href":"https:\/\/www2.unifap.br\/direito-oiapoque\/wp-json\/wp\/v2\/pages\/71\/revisions"}],"predecessor-version":[{"id":1227,"href":"https:\/\/www2.unifap.br\/direito-oiapoque\/wp-json\/wp\/v2\/pages\/71\/revisions\/1227"}],"up":[{"embeddable":true,"href":"https:\/\/www2.unifap.br\/direito-oiapoque\/wp-json\/wp\/v2\/pages\/26"}],"wp:attachment":[{"href":"https:\/\/www2.unifap.br\/direito-oiapoque\/wp-json\/wp\/v2\/media?parent=71"}],"curies":[{"name":"wp","href":"https:\/\/api.w.org\/{rel}","templated":true}]}}