{"id":79,"date":"2015-12-08T14:36:33","date_gmt":"2015-12-08T14:36:33","guid":{"rendered":"http:\/\/www2.unifap.br\/direito-oiapoque\/?page_id=79"},"modified":"2015-12-08T14:38:00","modified_gmt":"2015-12-08T14:38:00","slug":"grade-matriz-curricular","status":"publish","type":"page","link":"https:\/\/www2.unifap.br\/direito-oiapoque\/grade-matriz-curricular\/","title":{"rendered":"Grade (Matriz) Curricular"},"content":{"rendered":"<p>Grade curricular<\/p>\n<table width=\"581\" border=\"1\" cellspacing=\"0\" cellpadding=\"0\">\n<tbody>\n<tr>\n<td valign=\"top\" width=\"54\"><b>Per\u00edodo<\/b><\/td>\n<td valign=\"top\" width=\"85\"><b>C\u00f3digo<\/b><\/td>\n<td valign=\"top\" width=\"312\"><b>Disciplina<\/b><\/td>\n<td valign=\"top\" width=\"76\">\n<p align=\"center\"><b>CH<\/b><\/p>\n<\/td>\n<td valign=\"top\" width=\"54\">\n<p align=\"center\"><b>Cred<\/b><\/p>\n<\/td>\n<\/tr>\n<tr>\n<td valign=\"top\" width=\"54\">1<\/td>\n<td valign=\"top\" width=\"85\">CJ0101<\/td>\n<td valign=\"top\" width=\"312\">Introdu\u00e7\u00e3o ao Estudo do Direito I<\/td>\n<td valign=\"top\" width=\"76\">\n<p align=\"center\">60h\/a<\/p>\n<\/td>\n<td valign=\"top\" width=\"54\">\n<p align=\"center\">4<\/p>\n<\/td>\n<\/tr>\n<tr>\n<td valign=\"top\" width=\"54\">1<\/td>\n<td valign=\"top\" width=\"85\">FH0221<\/td>\n<td valign=\"top\" width=\"312\">Ci\u00eancia Pol\u00edtica e Teoria Geral do Estado<\/td>\n<td valign=\"top\" width=\"76\">\n<p align=\"center\">60h\/a<\/p>\n<\/td>\n<td valign=\"top\" width=\"54\">\n<p align=\"center\">4<\/p>\n<\/td>\n<\/tr>\n<tr>\n<td valign=\"top\" width=\"54\">1<\/td>\n<td valign=\"top\" width=\"85\">LA0120<\/td>\n<td valign=\"top\" width=\"312\">L\u00edngua Portuguesa e comunica\u00e7\u00e3o<\/td>\n<td valign=\"top\" width=\"76\">\n<p align=\"center\">60h\/a<\/p>\n<\/td>\n<td valign=\"top\" width=\"54\">\n<p align=\"center\">4<\/p>\n<\/td>\n<\/tr>\n<tr>\n<td valign=\"top\" width=\"54\">1<\/td>\n<td valign=\"top\" width=\"85\">CJ0702<\/td>\n<td valign=\"top\" width=\"312\">Metodologia Cient\u00edfica<\/td>\n<td valign=\"top\" width=\"76\">\n<p align=\"center\">60h\/a<\/p>\n<\/td>\n<td valign=\"top\" width=\"54\">\n<p align=\"center\">4<\/p>\n<\/td>\n<\/tr>\n<tr>\n<td valign=\"top\" width=\"54\">1<\/td>\n<td valign=\"top\" width=\"85\">CJ0703<\/td>\n<td valign=\"top\" width=\"312\">Direitos Humanos<\/td>\n<td valign=\"top\" width=\"76\">\n<p align=\"center\">60h\/a<\/p>\n<\/td>\n<td valign=\"top\" width=\"54\">\n<p align=\"center\">4<\/p>\n<\/td>\n<\/tr>\n<tr>\n<td valign=\"top\" width=\"54\">1<\/td>\n<td valign=\"top\" width=\"85\">CJ0704<\/td>\n<td valign=\"top\" width=\"312\">Antropologia Jur\u00eddica<\/td>\n<td valign=\"top\" width=\"76\">\n<p align=\"center\">60h\/a<\/p>\n<\/td>\n<td valign=\"top\" width=\"54\">\n<p align=\"center\">4<\/p>\n<\/td>\n<\/tr>\n<tr>\n<td valign=\"top\" width=\"54\">2<\/td>\n<td valign=\"top\" width=\"85\">CJ0705<\/td>\n<td valign=\"top\" width=\"312\">Filosofia Jur\u00eddica<\/td>\n<td valign=\"top\" width=\"76\">\n<p align=\"center\">60h\/a<\/p>\n<\/td>\n<td valign=\"top\" width=\"54\">\n<p align=\"center\">4<\/p>\n<\/td>\n<\/tr>\n<tr>\n<td valign=\"top\" width=\"54\">2<\/td>\n<td valign=\"top\" width=\"85\">CJ0102<\/td>\n<td valign=\"top\" width=\"312\">Introdu\u00e7\u00e3o ao Estudo do Direito II<\/td>\n<td valign=\"top\" width=\"76\">\n<p align=\"center\">60h\/a<\/p>\n<\/td>\n<td valign=\"top\" width=\"54\">\n<p align=\"center\">4<\/p>\n<\/td>\n<\/tr>\n<tr>\n<td valign=\"top\" width=\"54\">2<\/td>\n<td valign=\"top\" width=\"85\">CJ0804<\/td>\n<td valign=\"top\" width=\"312\">Etnologia amaz\u00f4nica<\/td>\n<td valign=\"top\" width=\"76\">\n<p align=\"center\">60h\/a<\/p>\n<\/td>\n<td valign=\"top\" width=\"54\">\n<p align=\"center\">4<\/p>\n<\/td>\n<\/tr>\n<tr>\n<td valign=\"top\" width=\"54\">2<\/td>\n<td valign=\"top\" width=\"85\">CJ0708<\/td>\n<td valign=\"top\" width=\"312\">Fundamentos de Economia<\/td>\n<td valign=\"top\" width=\"76\">\n<p align=\"center\">60h\/a<\/p>\n<\/td>\n<td valign=\"top\" width=\"54\">\n<p align=\"center\">4<\/p>\n<\/td>\n<\/tr>\n<tr>\n<td valign=\"top\" width=\"54\">2<\/td>\n<td valign=\"top\" width=\"85\">CJ0503<\/td>\n<td valign=\"top\" width=\"312\">Direito Civil I<\/td>\n<td valign=\"top\" width=\"76\">\n<p align=\"center\">60h\/a<\/p>\n<\/td>\n<td valign=\"top\" width=\"54\">\n<p align=\"center\">4<\/p>\n<\/td>\n<\/tr>\n<tr>\n<td valign=\"top\" width=\"54\">2<\/td>\n<td valign=\"top\" width=\"85\">CJ0701<\/td>\n<td valign=\"top\" width=\"312\">Linguagem Jur\u00eddica<\/td>\n<td valign=\"top\" width=\"76\">\n<p align=\"center\">60h\/a<\/p>\n<\/td>\n<td valign=\"top\" width=\"54\">\n<p align=\"center\">4<\/p>\n<\/td>\n<\/tr>\n<tr>\n<td valign=\"top\" width=\"54\">3<\/td>\n<td valign=\"top\" width=\"85\">CJ0709<\/td>\n<td valign=\"top\" width=\"312\">Deontologia Jur\u00eddica<\/td>\n<td valign=\"top\" width=\"76\">\n<p align=\"center\">60h\/a<\/p>\n<\/td>\n<td valign=\"top\" width=\"54\">\n<p align=\"center\">4<\/p>\n<\/td>\n<\/tr>\n<tr>\n<td valign=\"top\" width=\"54\">3<\/td>\n<td valign=\"top\" width=\"85\">CJ0504<\/td>\n<td valign=\"top\" width=\"312\">Direito Civil II<\/td>\n<td valign=\"top\" width=\"76\">\n<p align=\"center\">60h\/a<\/p>\n<\/td>\n<td valign=\"top\" width=\"54\">\n<p align=\"center\">4<\/p>\n<\/td>\n<\/tr>\n<tr>\n<td valign=\"top\" width=\"54\">3<\/td>\n<td valign=\"top\" width=\"85\">CJ0401<\/td>\n<td valign=\"top\" width=\"312\">Teoria Geral do Processo<\/td>\n<td valign=\"top\" width=\"76\">\n<p align=\"center\">60h\/a<\/p>\n<\/td>\n<td valign=\"top\" width=\"54\">\n<p align=\"center\">4<\/p>\n<\/td>\n<\/tr>\n<tr>\n<td valign=\"top\" width=\"54\">3<\/td>\n<td valign=\"top\" width=\"85\">CJ0402<\/td>\n<td valign=\"top\" width=\"312\">Direito Penal I<\/td>\n<td valign=\"top\" width=\"76\">\n<p align=\"center\">60h\/a<\/p>\n<\/td>\n<td valign=\"top\" width=\"54\">\n<p align=\"center\">4<\/p>\n<\/td>\n<\/tr>\n<tr>\n<td valign=\"top\" width=\"54\">3<\/td>\n<td valign=\"top\" width=\"85\">CJ0202<\/td>\n<td valign=\"top\" width=\"312\">Direito Constitucional I<\/td>\n<td valign=\"top\" width=\"76\">\n<p align=\"center\">60h\/a<\/p>\n<\/td>\n<td valign=\"top\" width=\"54\">\n<p align=\"center\">4<\/p>\n<\/td>\n<\/tr>\n<tr>\n<td valign=\"top\" width=\"54\">3<\/td>\n<td valign=\"top\" width=\"85\">CJ0205<\/td>\n<td valign=\"top\" width=\"312\">Direito Administrativo I<\/td>\n<td valign=\"top\" width=\"76\">\n<p align=\"center\">60h\/a<\/p>\n<\/td>\n<td valign=\"top\" width=\"54\">\n<p align=\"center\">4<\/p>\n<\/td>\n<\/tr>\n<tr>\n<td valign=\"top\" width=\"54\">4<\/td>\n<td valign=\"top\" width=\"85\">CJ0203<\/td>\n<td valign=\"top\" width=\"312\">Direito Constitucional II<\/td>\n<td valign=\"top\" width=\"76\">\n<p align=\"center\">60h\/a<\/p>\n<\/td>\n<td valign=\"top\" width=\"54\">\n<p align=\"center\">4<\/p>\n<\/td>\n<\/tr>\n<tr>\n<td valign=\"top\" width=\"54\">4<\/td>\n<td valign=\"top\" width=\"85\">CJ0505<\/td>\n<td valign=\"top\" width=\"312\">Direito Civil III<\/td>\n<td valign=\"top\" width=\"76\">\n<p align=\"center\">60h\/a<\/p>\n<\/td>\n<td valign=\"top\" width=\"54\">\n<p align=\"center\">4<\/p>\n<\/td>\n<\/tr>\n<tr>\n<td valign=\"top\" width=\"54\">4<\/td>\n<td valign=\"top\" width=\"85\">CJ0403<\/td>\n<td valign=\"top\" width=\"312\">Direito Penal II<\/td>\n<td valign=\"top\" width=\"76\">\n<p align=\"center\">60h\/a<\/p>\n<\/td>\n<td valign=\"top\" width=\"54\">\n<p align=\"center\">4<\/p>\n<\/td>\n<\/tr>\n<tr>\n<td valign=\"top\" width=\"54\">4<\/td>\n<td valign=\"top\" width=\"85\">CJ0203<\/td>\n<td valign=\"top\" width=\"312\">Direito Administrativo II<\/td>\n<td valign=\"top\" width=\"76\">\n<p align=\"center\">60h\/a<\/p>\n<\/td>\n<td valign=\"top\" width=\"54\">\n<p align=\"center\">4<\/p>\n<\/td>\n<\/tr>\n<tr>\n<td valign=\"top\" width=\"54\">4<\/td>\n<td valign=\"top\" width=\"85\">CJ0406<\/td>\n<td valign=\"top\" width=\"312\">Direito Processual Civil I<\/td>\n<td valign=\"top\" width=\"76\">\n<p align=\"center\">60h\/a<\/p>\n<\/td>\n<td valign=\"top\" width=\"54\">\n<p align=\"center\">4<\/p>\n<\/td>\n<\/tr>\n<tr>\n<td valign=\"top\" width=\"54\">4<\/td>\n<td valign=\"top\" width=\"85\">CJ0201<\/td>\n<td valign=\"top\" width=\"312\">Direito Internacional Privado<\/td>\n<td valign=\"top\" width=\"76\">\n<p align=\"center\">60h\/a<\/p>\n<\/td>\n<td valign=\"top\" width=\"54\">\n<p align=\"center\">4<\/p>\n<\/td>\n<\/tr>\n<tr>\n<td valign=\"top\" width=\"54\">5<\/td>\n<td valign=\"top\" width=\"85\">CJ0711<\/td>\n<td valign=\"top\" width=\"312\">Direito Empresarial I<\/td>\n<td valign=\"top\" width=\"76\">\n<p align=\"center\">60h\/a<\/p>\n<\/td>\n<td valign=\"top\" width=\"54\">\n<p align=\"center\">4<\/p>\n<\/td>\n<\/tr>\n<tr>\n<td valign=\"top\" width=\"54\">5<\/td>\n<td valign=\"top\" width=\"85\">CJ0506<\/td>\n<td valign=\"top\" width=\"312\">Direito Civil IV<\/td>\n<td valign=\"top\" width=\"76\">\n<p align=\"center\">60h\/a<\/p>\n<\/td>\n<td valign=\"top\" width=\"54\">\n<p align=\"center\">4<\/p>\n<\/td>\n<\/tr>\n<tr>\n<td valign=\"top\" width=\"54\">5<\/td>\n<td valign=\"top\" width=\"85\">CJ0404<\/td>\n<td valign=\"top\" width=\"312\">Direito Penal III<\/td>\n<td valign=\"top\" width=\"76\">\n<p align=\"center\">60h\/a<\/p>\n<\/td>\n<td valign=\"top\" width=\"54\">\n<p align=\"center\">4<\/p>\n<\/td>\n<\/tr>\n<tr>\n<td valign=\"top\" width=\"54\">5<\/td>\n<td valign=\"top\" width=\"85\">CJ0407<\/td>\n<td valign=\"top\" width=\"312\">Direito Processual Civil II<\/td>\n<td valign=\"top\" width=\"76\">\n<p align=\"center\">60h\/a<\/p>\n<\/td>\n<td valign=\"top\" width=\"54\">\n<p align=\"center\">4<\/p>\n<\/td>\n<\/tr>\n<tr>\n<td valign=\"top\" width=\"54\">5<\/td>\n<td valign=\"top\" width=\"85\">CJ0204<\/td>\n<td valign=\"top\" width=\"312\">Direito Internacional P\u00fablico<\/td>\n<td valign=\"top\" width=\"76\">\n<p align=\"center\">60h\/a<\/p>\n<\/td>\n<td valign=\"top\" width=\"54\">\n<p align=\"center\">4<\/p>\n<\/td>\n<\/tr>\n<tr>\n<td valign=\"top\" width=\"54\">5<\/td>\n<td valign=\"top\" width=\"85\">CJ0715<\/td>\n<td valign=\"top\" width=\"312\">Direito Tribut\u00e1rio<\/td>\n<td valign=\"top\" width=\"76\">\n<p align=\"center\">60h\/a<\/p>\n<\/td>\n<td valign=\"top\" width=\"54\">\n<p align=\"center\">4<\/p>\n<\/td>\n<\/tr>\n<tr>\n<td valign=\"top\" width=\"54\">5<\/td>\n<td valign=\"top\" width=\"85\">CJ0716<\/td>\n<td valign=\"top\" width=\"312\">Est\u00e1gio e Pr\u00e1tica Jur\u00eddica I<\/td>\n<td valign=\"top\" width=\"76\">\n<p align=\"center\">90 h\/a<\/p>\n<\/td>\n<td valign=\"top\" width=\"54\">\n<p align=\"center\">6<\/p>\n<\/td>\n<\/tr>\n<tr>\n<td valign=\"top\" width=\"54\">6<\/td>\n<td valign=\"top\" width=\"85\">CJ0712<\/td>\n<td valign=\"top\" width=\"312\">Direito Empresarial II<\/td>\n<td valign=\"top\" width=\"76\">\n<p align=\"center\">60h\/a<\/p>\n<\/td>\n<td valign=\"top\" width=\"54\">\n<p align=\"center\">4<\/p>\n<\/td>\n<\/tr>\n<tr>\n<td valign=\"top\" width=\"54\">6<\/td>\n<td valign=\"top\" width=\"85\">CJ0507<\/td>\n<td valign=\"top\" width=\"312\">Direito Civil V<\/td>\n<td valign=\"top\" width=\"76\">\n<p align=\"center\">60h\/a<\/p>\n<\/td>\n<td valign=\"top\" width=\"54\">\n<p align=\"center\">4<\/p>\n<\/td>\n<\/tr>\n<tr>\n<td valign=\"top\" width=\"54\">6<\/td>\n<td valign=\"top\" width=\"85\">CJ0422<\/td>\n<td valign=\"top\" width=\"312\">Direito Processual Civil III<\/td>\n<td valign=\"top\" width=\"76\">\n<p align=\"center\">60h\/a<\/p>\n<\/td>\n<td valign=\"top\" width=\"54\">\n<p align=\"center\">4<\/p>\n<\/td>\n<\/tr>\n<tr>\n<td valign=\"top\" width=\"54\">6<\/td>\n<td valign=\"top\" width=\"85\">CJ0421<\/td>\n<td valign=\"top\" width=\"312\">Direito Penal IV<\/td>\n<td valign=\"top\" width=\"76\">\n<p align=\"center\">60h\/a<\/p>\n<\/td>\n<td valign=\"top\" width=\"54\">\n<p align=\"center\">4<\/p>\n<\/td>\n<\/tr>\n<tr>\n<td valign=\"top\" width=\"54\">6<\/td>\n<td valign=\"top\" width=\"85\">CJ0301<\/td>\n<td valign=\"top\" width=\"312\">Direito do Trabalho I<\/td>\n<td valign=\"top\" width=\"76\">\n<p align=\"center\">60h\/a<\/p>\n<\/td>\n<td valign=\"top\" width=\"54\">\n<p align=\"center\">4<\/p>\n<\/td>\n<\/tr>\n<tr>\n<td valign=\"top\" width=\"54\">6<\/td>\n<td valign=\"top\" width=\"85\">CJ0722<\/td>\n<td valign=\"top\" width=\"312\">Sociologia Jur\u00eddica<\/td>\n<td valign=\"top\" width=\"76\">\n<p align=\"center\">60h\/a<\/p>\n<\/td>\n<td valign=\"top\" width=\"54\">\n<p align=\"center\">4<\/p>\n<\/td>\n<\/tr>\n<tr>\n<td valign=\"top\" width=\"54\">6<\/td>\n<td valign=\"top\" width=\"85\">CJ0509<\/td>\n<td valign=\"top\" width=\"312\">Direito agr\u00e1rio<\/td>\n<td valign=\"top\" width=\"76\">\n<p align=\"center\">30h\/a<\/p>\n<\/td>\n<td valign=\"top\" width=\"54\">\n<p align=\"center\">2<\/p>\n<\/td>\n<\/tr>\n<tr>\n<td valign=\"top\" width=\"54\">6<\/td>\n<td valign=\"top\" width=\"85\">CJ0718<\/td>\n<td valign=\"top\" width=\"312\">Est\u00e1gio e Pr\u00e1tica Jur\u00eddica II<\/td>\n<td valign=\"top\" width=\"76\">\n<p align=\"center\">90 h\/a<\/p>\n<\/td>\n<td valign=\"top\" width=\"54\">\n<p align=\"center\">6<\/p>\n<\/td>\n<\/tr>\n<tr>\n<td valign=\"top\" width=\"54\">7<\/td>\n<td valign=\"top\" width=\"85\">CJ0302<\/td>\n<td valign=\"top\" width=\"312\">Direito do Trabalho II<\/td>\n<td valign=\"top\" width=\"76\">\n<p align=\"center\">60h\/a<\/p>\n<\/td>\n<td valign=\"top\" width=\"54\">\n<p align=\"center\">4<\/p>\n<\/td>\n<\/tr>\n<tr>\n<td valign=\"top\" width=\"54\">7<\/td>\n<td valign=\"top\" width=\"85\">CJ0508<\/td>\n<td valign=\"top\" width=\"312\">Direito Civil VI<\/td>\n<td valign=\"top\" width=\"76\">\n<p align=\"center\">60h\/a<\/p>\n<\/td>\n<td valign=\"top\" width=\"54\">\n<p align=\"center\">4<\/p>\n<\/td>\n<\/tr>\n<tr>\n<td valign=\"top\" width=\"54\">7<\/td>\n<td valign=\"top\" width=\"85\">CJ0405<\/td>\n<td valign=\"top\" width=\"312\">Direito Processual Penal I<\/td>\n<td valign=\"top\" width=\"76\">\n<p align=\"center\">60h\/a<\/p>\n<\/td>\n<td valign=\"top\" width=\"54\">\n<p align=\"center\">4<\/p>\n<\/td>\n<\/tr>\n<tr>\n<td valign=\"top\" width=\"54\">7<\/td>\n<td valign=\"top\" width=\"85\">CJ0726<\/td>\n<td valign=\"top\" width=\"312\">Direito da Crian\u00e7a e do Adolescente<\/td>\n<td valign=\"top\" width=\"76\">\n<p align=\"center\">60h\/a<\/p>\n<\/td>\n<td valign=\"top\" width=\"54\">\n<p align=\"center\">4<\/p>\n<\/td>\n<\/tr>\n<tr>\n<td valign=\"top\" width=\"54\">7<\/td>\n<td valign=\"top\" width=\"85\">CJ0713<\/td>\n<td valign=\"top\" width=\"312\">Direito Empresarial III<\/td>\n<td valign=\"top\" width=\"76\">\n<p align=\"center\">60h\/a<\/p>\n<\/td>\n<td valign=\"top\" width=\"54\">\n<p align=\"center\">4<\/p>\n<\/td>\n<\/tr>\n<tr>\n<td valign=\"top\" width=\"54\">7<\/td>\n<td valign=\"top\" width=\"85\">CJ0723<\/td>\n<td valign=\"top\" width=\"312\">Direito Ambiental I<\/td>\n<td valign=\"top\" width=\"76\">\n<p align=\"center\">60h\/a<\/p>\n<\/td>\n<td valign=\"top\" width=\"54\">\n<p align=\"center\">4<\/p>\n<\/td>\n<\/tr>\n<tr>\n<td valign=\"top\" width=\"54\">7<\/td>\n<td valign=\"top\" width=\"85\">CJ0719<\/td>\n<td valign=\"top\" width=\"312\">Estagio e Pr\u00e1tica Jur\u00eddica III<\/td>\n<td valign=\"top\" width=\"76\">\n<p align=\"center\">90 h\/a<\/p>\n<\/td>\n<td valign=\"top\" width=\"54\">\n<p align=\"center\">6<\/p>\n<\/td>\n<\/tr>\n<tr>\n<td valign=\"top\" width=\"54\">8<\/td>\n<td valign=\"top\" width=\"85\">CJ0724<\/td>\n<td valign=\"top\" width=\"312\">Direito Ambiental II<\/td>\n<td valign=\"top\" width=\"76\">\n<p align=\"center\">60h\/a<\/p>\n<\/td>\n<td valign=\"top\" width=\"54\">\n<p align=\"center\">4<\/p>\n<\/td>\n<\/tr>\n<tr>\n<td valign=\"top\" width=\"54\">8<\/td>\n<td valign=\"top\" width=\"85\">CJ0725<\/td>\n<td valign=\"top\" width=\"312\">Direito Processual do Trabalho<\/td>\n<td valign=\"top\" width=\"76\">\n<p align=\"center\">60h\/a<\/p>\n<\/td>\n<td valign=\"top\" width=\"54\">\n<p align=\"center\">4<\/p>\n<\/td>\n<\/tr>\n<tr>\n<td valign=\"top\" width=\"54\">8<\/td>\n<td valign=\"top\" width=\"85\">CJ0727<\/td>\n<td valign=\"top\" width=\"312\">Direito Econ\u00f4mico<\/td>\n<td valign=\"top\" width=\"76\">\n<p align=\"center\">60h\/a<\/p>\n<\/td>\n<td valign=\"top\" width=\"54\">\n<p align=\"center\">4<\/p>\n<\/td>\n<\/tr>\n<tr>\n<td valign=\"top\" width=\"54\">8<\/td>\n<td valign=\"top\" width=\"85\">CJ0420<\/td>\n<td valign=\"top\" width=\"312\">Direito Processual Penal II<\/td>\n<td valign=\"top\" width=\"76\">\n<p align=\"center\">60h\/a<\/p>\n<\/td>\n<td valign=\"top\" width=\"54\">\n<p align=\"center\">4<\/p>\n<\/td>\n<\/tr>\n<tr>\n<td valign=\"top\" width=\"54\">8<\/td>\n<td valign=\"top\" width=\"85\">CJ0714<\/td>\n<td valign=\"top\" width=\"312\">Direito Empresarial IV<\/td>\n<td valign=\"top\" width=\"76\">\n<p align=\"center\">60h\/a<\/p>\n<\/td>\n<td valign=\"top\" width=\"54\">\n<p align=\"center\">4<\/p>\n<\/td>\n<\/tr>\n<tr>\n<td valign=\"top\" width=\"54\">8<\/td>\n<td valign=\"top\" width=\"85\">CJ0720<\/td>\n<td valign=\"top\" width=\"312\">Est\u00e1gio e Pr\u00e1tica Jur\u00eddica IV<\/td>\n<td valign=\"top\" width=\"76\">\n<p align=\"center\">90 h\/a<\/p>\n<\/td>\n<td valign=\"top\" width=\"54\">\n<p align=\"center\">6<\/p>\n<\/td>\n<\/tr>\n<tr>\n<td valign=\"top\" width=\"54\">9<\/td>\n<td valign=\"top\" width=\"85\">CJ0737<\/td>\n<td valign=\"top\" width=\"312\">Trabalho de Conclus\u00e3o de Curso I<\/td>\n<td valign=\"top\" width=\"76\">\n<p align=\"center\">90h\/a<\/p>\n<\/td>\n<td valign=\"top\" width=\"54\">\n<p align=\"center\">6<\/p>\n<\/td>\n<\/tr>\n<tr>\n<td valign=\"top\" width=\"54\">9<\/td>\n<td valign=\"top\" width=\"85\">CJ0728<\/td>\n<td valign=\"top\" width=\"312\">Responsabilidade Civil<\/td>\n<td valign=\"top\" width=\"76\">\n<p align=\"center\">60h\/a<\/p>\n<\/td>\n<td valign=\"top\" width=\"54\">\n<p align=\"center\">4<\/p>\n<\/td>\n<\/tr>\n<tr>\n<td valign=\"top\" width=\"54\">9<\/td>\n<td valign=\"top\" width=\"85\">CJ0729<\/td>\n<td valign=\"top\" width=\"312\">Direito Eleitoral<\/td>\n<td valign=\"top\" width=\"76\">\n<p align=\"center\">60h\/a<\/p>\n<\/td>\n<td valign=\"top\" width=\"54\">\n<p align=\"center\">4<\/p>\n<\/td>\n<\/tr>\n<tr>\n<td valign=\"top\" width=\"54\">9<\/td>\n<td valign=\"top\" width=\"85\">CJ0801<\/td>\n<td valign=\"top\" width=\"312\">Direito Florestal<\/td>\n<td valign=\"top\" width=\"76\">\n<p align=\"center\">30h\/a<\/p>\n<\/td>\n<td valign=\"top\" width=\"54\">\n<p align=\"center\">2<\/p>\n<\/td>\n<\/tr>\n<tr>\n<td valign=\"top\" width=\"54\">9<\/td>\n<td valign=\"top\" width=\"85\">CJ0604<\/td>\n<td valign=\"top\" width=\"312\">Direito da Navega\u00e7\u00e3o<\/td>\n<td valign=\"top\" width=\"76\">\n<p align=\"center\">30h\/a<\/p>\n<\/td>\n<td valign=\"top\" width=\"54\">\n<p align=\"center\">2<\/p>\n<\/td>\n<\/tr>\n<tr>\n<td valign=\"top\" width=\"54\">9<\/td>\n<td valign=\"top\" width=\"85\">CJ0731<\/td>\n<td valign=\"top\" width=\"312\">Direito da Seguridade Social<\/td>\n<td valign=\"top\" width=\"76\">\n<p align=\"center\">60h\/a<\/p>\n<\/td>\n<td valign=\"top\" width=\"54\">\n<p align=\"center\">4<\/p>\n<\/td>\n<\/tr>\n<tr>\n<td valign=\"top\" width=\"54\">9<\/td>\n<td valign=\"top\" width=\"85\">CJ0721<\/td>\n<td valign=\"top\" width=\"312\">Est\u00e1gio e Pr\u00e1tica Jur\u00eddica V<\/td>\n<td valign=\"top\" width=\"76\">\n<p align=\"center\">90h\/a<\/p>\n<\/td>\n<td valign=\"top\" width=\"54\">\n<p align=\"center\">6<\/p>\n<\/td>\n<\/tr>\n<tr>\n<td valign=\"top\" width=\"54\">10<\/td>\n<td valign=\"top\" width=\"85\">CJ0738<\/td>\n<td valign=\"top\" width=\"312\">Trabalho de Conclus\u00e3o de Curso II<\/td>\n<td valign=\"top\" width=\"76\">\n<p align=\"center\">120h\/a<\/p>\n<\/td>\n<td valign=\"top\" width=\"54\">\n<p align=\"center\">8<\/p>\n<\/td>\n<\/tr>\n<tr>\n<td valign=\"top\" width=\"54\">10<\/td>\n<td valign=\"top\" width=\"85\">CJ0805<\/td>\n<td valign=\"top\" width=\"312\">Direito Ind\u00edgena e Afro-brasileiro<\/td>\n<td valign=\"top\" width=\"76\">\n<p align=\"center\">30h\/a<\/p>\n<\/td>\n<td valign=\"top\" width=\"54\">\n<p align=\"center\">2<\/p>\n<\/td>\n<\/tr>\n<tr>\n<td valign=\"top\" width=\"54\">10<\/td>\n<td valign=\"top\" width=\"85\">CJ0607<\/td>\n<td valign=\"top\" width=\"312\">Direito do Consumidor<\/td>\n<td valign=\"top\" width=\"76\">\n<p align=\"center\">60h\/a<\/p>\n<\/td>\n<td valign=\"top\" width=\"54\">\n<p align=\"center\">4<\/p>\n<\/td>\n<\/tr>\n<tr>\n<td valign=\"top\" width=\"54\">10<\/td>\n<td valign=\"top\" width=\"85\">CJ0734<\/td>\n<td valign=\"top\" width=\"312\">Direito da Inform\u00e1tica<\/td>\n<td valign=\"top\" width=\"76\">\n<p align=\"center\">60h\/a<\/p>\n<\/td>\n<td valign=\"top\" width=\"54\">\n<p align=\"center\">4<\/p>\n<\/td>\n<\/tr>\n<tr>\n<td valign=\"top\" width=\"54\">10<\/td>\n<td valign=\"top\" width=\"85\">CJ0802<\/td>\n<td valign=\"top\" width=\"312\">Direito Miner\u00e1rio e dos Recursos H\u00eddricos<\/td>\n<td valign=\"top\" width=\"76\">\n<p align=\"center\">60h\/a<\/p>\n<\/td>\n<td valign=\"top\" width=\"54\">\n<p align=\"center\">4<\/p>\n<\/td>\n<\/tr>\n<tr>\n<td valign=\"top\" width=\"54\">10<\/td>\n<td valign=\"top\" width=\"85\">CJ0739<\/td>\n<td valign=\"top\" width=\"312\">Psicologia Jur\u00eddica<\/td>\n<td valign=\"top\" width=\"76\">\n<p align=\"center\">60h\/a<\/p>\n<\/td>\n<td valign=\"top\" width=\"54\">\n<p align=\"center\">4<\/p>\n<\/td>\n<\/tr>\n<\/tbody>\n<\/table>\n","protected":false},"excerpt":{"rendered":"<p>Grade curricular Per\u00edodo C\u00f3digo Disciplina CH Cred 1 CJ0101 Introdu\u00e7\u00e3o ao Estudo do Direito I 60h\/a 4 1 FH0221 Ci\u00eancia Pol\u00edtica e Teoria Geral do Estado 60h\/a 4 1 LA0120 L\u00edngua Portuguesa e comunica\u00e7\u00e3o 60h\/a 4 1 CJ0702 Metodologia Cient\u00edfica 60h\/a 4 1 CJ0703 Direitos Humanos 60h\/a 4 1 CJ0704 Antropologia Jur\u00eddica 60h\/a 4 2&#8230;<\/p>\n","protected":false},"author":836,"featured_media":0,"parent":0,"menu_order":1,"comment_status":"open","ping_status":"open","template":"","meta":{"inline_featured_image":false,"ngg_post_thumbnail":0,"footnotes":""},"class_list":["post-79","page","type-page","status-publish","hentry","entry"],"_links":{"self":[{"href":"https:\/\/www2.unifap.br\/direito-oiapoque\/wp-json\/wp\/v2\/pages\/79","targetHints":{"allow":["GET"]}}],"collection":[{"href":"https:\/\/www2.unifap.br\/direito-oiapoque\/wp-json\/wp\/v2\/pages"}],"about":[{"href":"https:\/\/www2.unifap.br\/direito-oiapoque\/wp-json\/wp\/v2\/types\/page"}],"author":[{"embeddable":true,"href":"https:\/\/www2.unifap.br\/direito-oiapoque\/wp-json\/wp\/v2\/users\/836"}],"replies":[{"embeddable":true,"href":"https:\/\/www2.unifap.br\/direito-oiapoque\/wp-json\/wp\/v2\/comments?post=79"}],"version-history":[{"count":2,"href":"https:\/\/www2.unifap.br\/direito-oiapoque\/wp-json\/wp\/v2\/pages\/79\/revisions"}],"predecessor-version":[{"id":82,"href":"https:\/\/www2.unifap.br\/direito-oiapoque\/wp-json\/wp\/v2\/pages\/79\/revisions\/82"}],"wp:attachment":[{"href":"https:\/\/www2.unifap.br\/direito-oiapoque\/wp-json\/wp\/v2\/media?parent=79"}],"curies":[{"name":"wp","href":"https:\/\/api.w.org\/{rel}","templated":true}]}}