{"id":8,"date":"2015-12-02T14:28:23","date_gmt":"2015-12-02T14:28:23","guid":{"rendered":"http:\/\/www2.unifap.br\/direito-oiapoque\/?page_id=8"},"modified":"2024-05-14T12:06:26","modified_gmt":"2024-05-14T12:06:26","slug":"docentes","status":"publish","type":"page","link":"https:\/\/www2.unifap.br\/direito-oiapoque\/docentes\/","title":{"rendered":"Corpo docente"},"content":{"rendered":"<p>&nbsp;<\/p>\n<p><strong><span style=\"color: #000000\">Alexandre Marcondys Ribeiro Portilho<\/span><\/strong><\/p>\n<p><img decoding=\"async\" src=\"http:\/\/servicosweb.cnpq.br\/wspessoa\/servletrecuperafoto?tipo=1&amp;id=K4207728A0\" alt=\"Foto\" width=\"95\" \/><\/p>\n<p style=\"text-align: justify\">\u00a0 \u00a0 \u00a0 \u00a0 \u00a0 \u00a0 \u00a0 \u00a0 \u00a0 \u00a0 \u00a0 \u00a0 \u00a0 Advogado e Professor de Processo Penal no Curso de Direito da Universidade Federal do Amap\u00e1, Campus Binacional do Oiapoque. Atualmente \u00e9 aluno do Programa Stricto Sensu de P\u00f3s Gradua\u00e7\u00e3o em Estudos de Fronteiras. Pesquisador do N\u00facleo de Estudos em Pol\u00edtica e Conflitos Sociais &#8211; NUPOCS &#8211; da Universidade Federal do Amap\u00e1, Campus Binacional do Oiapoque. Tem experi\u00eancia em Direito P\u00fablico, trabalhou em processos administrativos e licitat\u00f3rios no Governo do Estado do Amap\u00e1. Atuou na forma\u00e7\u00e3o de agentes p\u00fablicos pela Escola de Aperfei\u00e7oamento Profissional do Amap\u00e1, ministrando treinamentos na \u00e1rea de licita\u00e7\u00f5es e processos administrativos.<\/p>\n<p style=\"text-align: justify\"><a href=\"http:\/\/lattes.cnpq.br\/6505889639868517\">http:\/\/lattes.cnpq.br\/6505889639868517\u00a0<\/a><\/p>\n<p><span style=\"color: #000000\"><strong><span style=\"color: #000000\">Cindi Veridiana de Almeida Pinheiro\u00a0<\/span><\/strong><\/span><\/p>\n<p><img decoding=\"async\" src=\"http:\/\/servicosweb.cnpq.br\/wspessoa\/servletrecuperafoto?tipo=1&amp;id=K4848096U2\" alt=\"Foto\" width=\"95\" \/><\/p>\n<p style=\"text-align: justify\">\u00a0 \u00a0 \u00a0 \u00a0 \u00a0 \u00a0 \u00a0 \u00a0 \u00a0 \u00a0 \u00a0 \u00a0 \u00a0 \u00a0 Possui gradua\u00e7\u00e3o em Direito pela FACULDADE DE MACAP\u00c1-FAMA (2012). Especialista em Direito e Processo do Trabalho com capacita\u00e7\u00e3o para o Ensino no Magist\u00e9rio Superior pela Faculdade de Direito Professor Dam\u00e1sio de Jesus. Registro na Ordem dos Advogados do Brasil n.\u00ba 2352\/AP. Professora de Direito do Trabalho e Processual do Trabalho do Magist\u00e9rio Superior da Universidade Federal do Amap\u00e1 &#8211; UNIFAP.<\/p>\n<p><a href=\"http:\/\/lattes.cnpq.br\/9748826091627843\">http:\/\/lattes.cnpq.br\/9748826091627843<\/a><\/p>\n<p><strong>\u00a0Daniele Cristine Silva Barreto<\/strong><\/p>\n<p style=\"text-align: justify\"><img decoding=\"async\" src=\"http:\/\/servicosweb.cnpq.br\/wspessoa\/servletrecuperafoto?tipo=1&amp;id=K4235810T3\" alt=\"Foto\" width=\"95\" \/><\/p>\n<p style=\"text-align: justify\">\u00a0 \u00a0 \u00a0 \u00a0 \u00a0 \u00a0 \u00a0 \u00a0 \u00a0 \u00a0 \u00a0 \u00a0 \u00a0Professora Efetiva da Universidade Federal do Amap\u00e1 (UNIFAP). Advogada, graduada pela Universidade Estadual de Feira de Santana (UEFS). Especialista em Direito do Estado pela Funda\u00e7\u00e3o Faculdade de Direito (Universidade Federal da Bahia &#8211; UFBA). Consultora Pol\u00edtica e Especialista em Marketing Pol\u00edtico pela Associa\u00e7\u00e3o Brasileira de Consultores Pol\u00edticos (ABCOP). \u00c9 Parecerista em Direito Administrativo, Direito Miner\u00e1rio e Direito Eleitoral. \u00c9 colunista de jornais e sites pelo Brasil. Idealizadora e coordenadora da Mesa de Juventudes Partid\u00e1rias da Virada Pol\u00edtica Salvador. Foi Procuradora-Geral do Munic\u00edpio de Alagoinhas (BA); Assessora Jur\u00eddica da C\u00e2mara Municipal de Alagoinhas (BA); Assessora na C\u00e2mara dos Deputados (DF); Coordenadora de Comunica\u00e7\u00e3o e Estrat\u00e9gias Eleitorais do Diret\u00f3rio Estadual do PMDB\/BA; Consultora Pol\u00edtica e Assessora de Imagem do ex-ministro Geddel Vieira Lima e dos Deputados Federais Arthur Maia e L\u00facio Vieira Lima; Consultora Pol\u00edtica de Diret\u00f3rios Estaduais (SD, PMDB, PPS) e Municipais (PTN, PP, PSDB, DEM, PMDB, SD, PPS) de v\u00e1rios Partidos Pol\u00edticos; Assessora Jur\u00eddica e Coordenadora de Comunica\u00e7\u00e3o de mais de 300 Coliga\u00e7\u00f5es Eleitorais; Assessora Jur\u00eddica de Comiss\u00f5es Provis\u00f3rias de Partidos Pol\u00edticos; Coordenadora de Campanhas Pol\u00edticas na Bahia; elaborou dezenas de eventos educacionais e pol\u00edticos; foi apresentadora do webprograma Encontro Pol\u00edtico, do PMDB\/BA; criadora e coordenadora do projeto &amp;quot;Encontro Bahia do Futuro&amp;quot;, do Solidariedade da Bahia; ex-Consultora Pol\u00edtica e Analista de Pesquisas Eleitorais do Instituto de Pesquisas PLANTER. Estudou na Universidade de Coimbra (UC), estagiou no Minist\u00e9rio P\u00fablico do Estado da Bahia. Possui cursos e estudos nas \u00e1reas: Direito Administrativo; Administra\u00e7\u00e3o P\u00fablica; Direito Constitucional; Direito Internacional P\u00fablico; Direito Eleitoral; Direito Miner\u00e1rio; Ci\u00eancia Pol\u00edtica; Sistema Pol\u00edtico Brasileiro; Jornalismo Pol\u00edtico e Econ\u00f4mico, Novas M\u00eddias Digitais; Marketing Pol\u00edtico e Eleitoral.<\/p>\n<p style=\"text-align: justify\"><a href=\"http:\/\/lattes.cnpq.br\/1758334468058929\">http:\/\/lattes.cnpq.br\/1758334468058929<\/a><\/p>\n<p><strong><span style=\"color: #000000\">Jorielson Brito Nascimento\u00a0<\/span><\/strong><\/p>\n<p><img decoding=\"async\" src=\"http:\/\/servicosweb.cnpq.br\/wspessoa\/servletrecuperafoto?tipo=1&amp;id=K4778640D0\" alt=\"Foto\" width=\"95\" \/><\/p>\n<p style=\"text-align: justify\">\u00a0 \u00a0 \u00a0 \u00a0 \u00a0 \u00a0 \u00a0 \u00a0 \u00a0 \u00a0 \u00a0 \u00a0 \u00a0Mestre em Direito Ambiental e Pol\u00edticas P\u00fablicas pela Universidade Federal do Amap\u00e1 (2009), Gradua\u00e7\u00e3o em Direito pela Universidade Federal do Amap\u00e1 (2006), Gradua\u00e7\u00e3o em Licenciatura Plena em Matem\u00e1tica pela Universidade Federal do Amap\u00e1 com Habilita\u00e7\u00e3o em F\u00edsica (2003). Professor de Magist\u00e9rio Superior de Gradua\u00e7\u00e3o &#8211; Ci\u00eancias Criminais \/ Direito Penal &#8211; Universidade Federal do Amap\u00e1 &#8211; Campus BINACIONAL (UNIFAP-2015); Agente de Pol\u00edcia Federal &#8211; Departamento de Pol\u00edcia Federal (2004); Ex-Oficial de Liga\u00e7\u00e3o da Pol\u00edcia Federal na Guiana Francesa (2011-2013). Professor de P\u00f3s-Gradua\u00e7\u00e3o em programas de Direito Penal, Seguran\u00e7a P\u00fablica e Seguran\u00e7a Ambiental; Experi\u00eancia na \u00e1rea de Direito P\u00fablico (Seguran\u00e7a P\u00fablica); \u00canfase em Direito Penal, Direito Processual Penal e Direito Ambiental, atuando principalmente nos seguintes temas: Ci\u00eancias Ambientais, Seguran\u00e7a P\u00fablica, Tutela Penal do Meio Ambiente e Ci\u00eancias Criminais.<\/p>\n<p style=\"text-align: justify\"><a href=\"http:\/\/lattes.cnpq.br\/5367320707523389\">http:\/\/lattes.cnpq.br\/5367320707523389<\/a><\/p>\n<p><strong>Ot\u00e1vio Lu\u00eds Siqueira Couto<\/strong><\/p>\n<p><img decoding=\"async\" src=\"http:\/\/servicosweb.cnpq.br\/wspessoa\/servletrecuperafoto?tipo=1&amp;id=K4382989P4\" alt=\"Foto\" width=\"95\" \/><\/p>\n<p style=\"text-align: justify\">\u00a0 \u00a0 \u00a0 \u00a0 \u00a0 \u00a0 \u00a0 \u00a0 \u00a0 \u00a0 Professor do curso de Direito na Universidade Federal do Amap\u00e1 (UNIFAP), lotado no Campus Binacional de Oiapoque, possui gradua\u00e7\u00e3o no curso de Direito pela Universidade Cat\u00f3lica de Pelotas (2008). P\u00f3s-graduado em Ci\u00eancias Penais pela Universidade Anhanguera (Uniderp), Mestre em Pol\u00edticas Sociais pela Universidade Cat\u00f3lica de Pelotas (Ucpel). \u00c9 professor das disciplinas de Processo Civil, Direito Civil, Direito Empresarial e Pr\u00e1tica C\u00edvel.<\/p>\n<p style=\"text-align: justify\"><a href=\"http:\/\/lattes.cnpq.br\/3073918073345232\">http:\/\/lattes.cnpq.br\/3073918073345232<\/a><\/p>\n<p><strong><span style=\"color: #000000\">Tancredo Castelo Branco Neto<\/span><\/strong><\/p>\n<p><img decoding=\"async\" src=\"http:\/\/servicosweb.cnpq.br\/wspessoa\/servletrecuperafoto?tipo=1&amp;id=K4403610J7\" alt=\"Foto\" width=\"95\" \/><\/p>\n<p style=\"text-align: justify\">\u00a0 \u00a0 \u00a0 \u00a0 \u00a0 \u00a0 \u00a0 \u00a0 \u00a0 \u00a0 \u00a0 \u00a0 \u00a0 \u00a0 Possui gradua\u00e7\u00e3o em Bacharelado em Direito pela Universidade Estadual do Piau\u00ed &#8211; UESPI (2009). Especializa\u00e7\u00e3o em Direito Civil e em Direito Processual Civil pelo Centro de Ensino Unificado de Teresina &#8211; CEUT (2011). Mestrando em Direito do Programa de P\u00f3s Gradua\u00e7\u00e3o da Faculdade de Direito da Universidade de Lisboa &#8211; FDUL. Atualmente \u00e9 Professor efetivo do Magist\u00e9rio Superior da Universidade Federal do Amap\u00e1 &#8211; UNIFAP &#8211; Campus Binacional. Coordenador do N\u00facleo de Pr\u00e1tica Jur\u00eddica -NPJ. Membro do Grupo de Pesquisa Sa\u00fade Mental e Povos Ind\u00edgenas (GESMEPI) &#8211; CNPQ.<\/p>\n<p style=\"text-align: justify\"><a href=\"http:\/\/lattes.cnpq.br\/9644784119947050\">http:\/\/lattes.cnpq.br\/9644784119947050<\/a><\/p>\n","protected":false},"excerpt":{"rendered":"<p>&nbsp; Alexandre Marcondys Ribeiro Portilho \u00a0 \u00a0 \u00a0 \u00a0 \u00a0 \u00a0 \u00a0 \u00a0 \u00a0 \u00a0 \u00a0 \u00a0 \u00a0 Advogado e Professor de Processo Penal no Curso de Direito da Universidade Federal do Amap\u00e1, Campus Binacional do Oiapoque. Atualmente \u00e9 aluno do Programa Stricto Sensu de P\u00f3s Gradua\u00e7\u00e3o em Estudos de Fronteiras. Pesquisador do N\u00facleo de&#8230;<\/p>\n","protected":false},"author":836,"featured_media":0,"parent":0,"menu_order":2,"comment_status":"open","ping_status":"closed","template":"","meta":{"inline_featured_image":false,"ngg_post_thumbnail":0,"footnotes":""},"class_list":["post-8","page","type-page","status-publish","hentry","entry"],"_links":{"self":[{"href":"https:\/\/www2.unifap.br\/direito-oiapoque\/wp-json\/wp\/v2\/pages\/8","targetHints":{"allow":["GET"]}}],"collection":[{"href":"https:\/\/www2.unifap.br\/direito-oiapoque\/wp-json\/wp\/v2\/pages"}],"about":[{"href":"https:\/\/www2.unifap.br\/direito-oiapoque\/wp-json\/wp\/v2\/types\/page"}],"author":[{"embeddable":true,"href":"https:\/\/www2.unifap.br\/direito-oiapoque\/wp-json\/wp\/v2\/users\/836"}],"replies":[{"embeddable":true,"href":"https:\/\/www2.unifap.br\/direito-oiapoque\/wp-json\/wp\/v2\/comments?post=8"}],"version-history":[{"count":40,"href":"https:\/\/www2.unifap.br\/direito-oiapoque\/wp-json\/wp\/v2\/pages\/8\/revisions"}],"predecessor-version":[{"id":1059,"href":"https:\/\/www2.unifap.br\/direito-oiapoque\/wp-json\/wp\/v2\/pages\/8\/revisions\/1059"}],"wp:attachment":[{"href":"https:\/\/www2.unifap.br\/direito-oiapoque\/wp-json\/wp\/v2\/media?parent=8"}],"curies":[{"name":"wp","href":"https:\/\/api.w.org\/{rel}","templated":true}]}}