{"id":13,"date":"2009-02-20T15:42:06","date_gmt":"2009-02-20T18:42:06","guid":{"rendered":"http:\/\/pororoca.unifap.br\/direito\/?page_id=13"},"modified":"2022-09-05T02:35:55","modified_gmt":"2022-09-05T02:35:55","slug":"professores-do-curso-de-direito-2","status":"publish","type":"page","link":"https:\/\/www2.unifap.br\/direito\/professores-do-curso-de-direito-2\/","title":{"rendered":"Docentes"},"content":{"rendered":"<p>&nbsp;<\/p>\n<p style=\"text-align: center\"><strong>PROFESSOR DO CURSO \/TITULA\u00c7\u00c3O<\/strong><\/p>\n<p style=\"text-align: center\">Clique sobre o nome do professor para abrir o Curr\u00edculo Lattes<\/p>\n<table style=\"height: 2160px\" width=\"372\">\n<tbody>\n<tr>\n<td width=\"272\">\n<p style=\"text-align: center\">DOCENTES<\/p>\n<\/td>\n<\/tr>\n<tr>\n<td width=\"272\">&nbsp;<\/td>\n<\/tr>\n<tr>\n<td width=\"272\">\n<p style=\"text-align: center\">EFETIVOS<\/p>\n<\/td>\n<\/tr>\n<tr>\n<td width=\"272\">\n<p style=\"text-align: center\"><a href=\"http:\/\/lattes.cnpq.br\/6444436017157895\">Adilson Garcia do Nascimento<\/a><\/p>\n<\/td>\n<\/tr>\n<tr>\n<td width=\"272\">\n<p style=\"text-align: center\"><a href=\"http:\/\/lattes.cnpq.br\/5292554611953766\">Alice Aparecida Dias Akegawa<\/a><\/p>\n<\/td>\n<\/tr>\n<tr>\n<td width=\"272\">\n<p style=\"text-align: center\"><a href=\"http:\/\/lattes.cnpq.br\/1558255197212661\">Antonio Sabino Silva Neto<\/a><\/p>\n<\/td>\n<\/tr>\n<tr>\n<td width=\"272\">\n<p style=\"text-align: center\"><a href=\"http:\/\/lattes.cnpq.br\/0335909332516971\">Carmo Antonio de Souza<\/a><\/p>\n<\/td>\n<\/tr>\n<tr>\n<td width=\"272\">\n<p style=\"text-align: center\"><a href=\"http:\/\/lattes.cnpq.br\/8232540501482095\">Daize Fernanda Wagner Silva<\/a><\/p>\n<\/td>\n<\/tr>\n<tr>\n<td width=\"272\">\n<p style=\"text-align: center\"><a href=\"http:\/\/lattes.cnpq.br\/8100750608546657\">Diego Moura de Ara\u00fajo<\/a><\/p>\n<\/td>\n<\/tr>\n<tr>\n<td width=\"272\">\n<p style=\"text-align: center\"><a href=\"http:\/\/lattes.cnpq.br\/5913427639286290\">Helena Cristina Guimar\u00e3es Queiroz Sim\u00f5es<\/a><\/p>\n<\/td>\n<\/tr>\n<tr>\n<td width=\"272\">\n<p style=\"text-align: center\"><a href=\"http:\/\/lattes.cnpq.br\/6485924971337707\">Helisia Costa G\u00f3es<\/a><\/p>\n<\/td>\n<\/tr>\n<tr>\n<td width=\"272\">\n<p style=\"text-align: center\"><a href=\"http:\/\/lattes.cnpq.br\/2145817558655431\">Iaci Pelaes dos Reis<\/a><\/p>\n<\/td>\n<\/tr>\n<tr>\n<td width=\"272\">\n<p style=\"text-align: center\"><a href=\"http:\/\/lattes.cnpq.br\/3989550170531426\">Jo\u00e3o Guilherme Lages Mendes<\/a><\/p>\n<\/td>\n<\/tr>\n<tr>\n<td width=\"272\">\n<p style=\"text-align: center\"><a href=\"http:\/\/lattes.cnpq.br\/9837375982482212\">Jos\u00e9 Caldeira Gemaque Neto<\/a><\/p>\n<\/td>\n<\/tr>\n<tr>\n<td width=\"272\">\n<p style=\"text-align: center\">&nbsp;<\/p>\n<\/td>\n<\/tr>\n<tr>\n<td style=\"text-align: center\" width=\"272\"><a href=\"http:\/\/lattes.cnpq.br\/6853558060253769\">Juliana Monteiro Pedro<\/a><\/p>\n<p style=\"text-align: center\">&nbsp;<\/p>\n<\/td>\n<\/tr>\n<tr>\n<td style=\"text-align: center\" width=\"272\"><a href=\"http:\/\/lattes.cnpq.br\/2562726117329832\">Linara Oeiras Assun\u00e7\u00e3o<\/a><\/p>\n<p style=\"text-align: center\">&nbsp;<\/p>\n<\/td>\n<\/tr>\n<tr>\n<td style=\"text-align: center\" width=\"272\"><a href=\"http:\/\/lattes.cnpq.br\/4741872145399145\">Luiz Laboissiere Junior<\/a><\/p>\n<p style=\"text-align: center\">&nbsp;<\/p>\n<\/td>\n<\/tr>\n<tr>\n<td style=\"text-align: center\" width=\"272\"><a href=\"http:\/\/lattes.cnpq.br\/3449393905315581\">Marcelo Moreira dos Santos<\/a><\/p>\n<p style=\"text-align: center\">&nbsp;<\/p>\n<\/td>\n<\/tr>\n<tr>\n<td style=\"text-align: center\" width=\"272\"><a href=\"http:\/\/lattes.cnpq.br\/1014483885300999\">Marcelo Porpino Nunes<\/a><\/p>\n<p style=\"text-align: center\">&nbsp;<\/p>\n<\/td>\n<\/tr>\n<tr>\n<td style=\"text-align: center\" width=\"272\"><a href=\"http:\/\/lattes.cnpq.br\/2850727772105153\">Marcelo Jos\u00e9 de Guimar\u00e3es e Moraes<\/a><\/p>\n<p style=\"text-align: center\">&nbsp;<\/p>\n<\/td>\n<\/tr>\n<tr>\n<td style=\"text-align: center\" width=\"272\"><a href=\"http:\/\/lattes.cnpq.br\/7869363518145033\">Maria Emilia Oliveira Chaves<\/a><\/p>\n<p style=\"text-align: center\">&nbsp;<\/p>\n<\/td>\n<\/tr>\n<tr>\n<td style=\"text-align: center\" width=\"272\"><a href=\"http:\/\/lattes.cnpq.br\/8845842114229035\">Newton Torres dos Santos Cruz<\/a><\/p>\n<p style=\"text-align: center\">&nbsp;<\/p>\n<\/td>\n<\/tr>\n<tr>\n<td style=\"text-align: center\" width=\"272\"><a href=\"http:\/\/lattes.cnpq.br\/6256091195247638\">Nicolau Eladio Bassalo Crispino<\/a>&nbsp;<\/td>\n<\/tr>\n<tr>\n<td style=\"text-align: center\" width=\"272\"><a href=\"http:\/\/lattes.cnpq.br\/8135930822421169\">Raul Jos\u00e9 de Galaad Oliveira<\/a><\/p>\n<p style=\"text-align: center\">&nbsp;<\/p>\n<\/td>\n<\/tr>\n<tr>\n<td style=\"text-align: center\" width=\"272\"><a href=\"http:\/\/lattes.cnpq.br\/3779707446577007\">Roberto Jos\u00e9 Nery Moraes<\/a><\/p>\n<p style=\"text-align: center\">&nbsp;<\/p>\n<\/td>\n<\/tr>\n<tr>\n<td style=\"text-align: center\" width=\"272\"><a href=\"http:\/\/lattes.cnpq.br\/2741060362395149\">Sabrina Carvalho Verzola<\/a><\/p>\n<p style=\"text-align: center\">&nbsp;<\/p>\n<\/td>\n<\/tr>\n<tr>\n<td style=\"text-align: center\" width=\"272\"><a href=\"http:\/\/lattes.cnpq.br\/2307794214203541\">S\u00e9rgio Sampaio Figueira<\/a><\/p>\n<p style=\"text-align: center\">&nbsp;<\/p>\n<\/td>\n<\/tr>\n<tr>\n<td style=\"text-align: center\" width=\"272\"><a href=\"http:\/\/lattes.cnpq.br\/3781698079775555\">Simone Maria Palheta Pires<\/a><\/p>\n<p style=\"text-align: center\">&nbsp;<\/p>\n<\/td>\n<\/tr>\n<tr>\n<td style=\"text-align: center\" width=\"272\"><a href=\"http:\/\/lattes.cnpq.br\/7881044449821228\">Sulamir Palmeira Monassa de Almeida<\/a><\/p>\n<p style=\"text-align: center\">&nbsp;<\/p>\n<\/td>\n<\/tr>\n<tr>\n<td width=\"272\">\n<p style=\"text-align: center\"><a href=\"http:\/\/lattes.cnpq.br\/3913341896368727\">Ulisses Trasel<\/a><\/p>\n<\/td>\n<\/tr>\n<tr>\n<td style=\"text-align: center\" width=\"272\"><a href=\"http:\/\/lattes.cnpq.br\/0673733104501684\">Zacarias Alves de Ara\u00fajo Neto<\/a><\/td>\n<\/tr>\n<tr>\n<td style=\"text-align: center\" width=\"272\">Josenildo de Oliveira Cuimar<\/td>\n<\/tr>\n<tr>\n<td width=\"272\">&nbsp;<\/td>\n<\/tr>\n<\/tbody>\n<\/table>\n<p>&nbsp;<\/p>\n","protected":false},"excerpt":{"rendered":"<p>&nbsp; PROFESSOR DO CURSO \/TITULA\u00c7\u00c3O Clique sobre o nome do professor para abrir o Curr\u00edculo Lattes DOCENTES &nbsp; EFETIVOS Adilson Garcia do Nascimento Alice Aparecida Dias Akegawa Antonio Sabino Silva Neto Carmo Antonio de Souza Daize Fernanda Wagner Silva Diego&hellip; <\/p>\n<p><a href=\"https:\/\/www2.unifap.br\/direito\/professores-do-curso-de-direito-2\/\" class=\"readmore-button\">Continue Reading<\/a><\/p>\n","protected":false},"author":61,"featured_media":0,"parent":0,"menu_order":0,"comment_status":"closed","ping_status":"closed","template":"","meta":{"inline_featured_image":false,"ngg_post_thumbnail":0,"footnotes":""},"class_list":["post-13","page","type-page","status-publish","hentry"],"_links":{"self":[{"href":"https:\/\/www2.unifap.br\/direito\/wp-json\/wp\/v2\/pages\/13","targetHints":{"allow":["GET"]}}],"collection":[{"href":"https:\/\/www2.unifap.br\/direito\/wp-json\/wp\/v2\/pages"}],"about":[{"href":"https:\/\/www2.unifap.br\/direito\/wp-json\/wp\/v2\/types\/page"}],"author":[{"embeddable":true,"href":"https:\/\/www2.unifap.br\/direito\/wp-json\/wp\/v2\/users\/61"}],"replies":[{"embeddable":true,"href":"https:\/\/www2.unifap.br\/direito\/wp-json\/wp\/v2\/comments?post=13"}],"version-history":[{"count":38,"href":"https:\/\/www2.unifap.br\/direito\/wp-json\/wp\/v2\/pages\/13\/revisions"}],"predecessor-version":[{"id":3744,"href":"https:\/\/www2.unifap.br\/direito\/wp-json\/wp\/v2\/pages\/13\/revisions\/3744"}],"wp:attachment":[{"href":"https:\/\/www2.unifap.br\/direito\/wp-json\/wp\/v2\/media?parent=13"}],"curies":[{"name":"wp","href":"https:\/\/api.w.org\/{rel}","templated":true}]}}