{"id":2449,"date":"2014-10-19T14:32:59","date_gmt":"2014-10-19T14:32:59","guid":{"rendered":"http:\/\/www2.unifap.br\/direito\/?page_id=2449"},"modified":"2022-09-05T02:36:38","modified_gmt":"2022-09-05T02:36:38","slug":"nucleo-docente-estruturante-nde","status":"publish","type":"page","link":"https:\/\/www2.unifap.br\/direito\/nucleo-docente-estruturante-nde\/","title":{"rendered":"N\u00facleo Docente Estruturante (NDE)"},"content":{"rendered":"<p>&nbsp;<\/p>\n<p style=\"text-align: left\" align=\"center\">O N\u00facleo Docente Estruturante (NDE) \u00e9 um grupo, formado por exclusivamente por docentes, de acordo com regras espec\u00edficas, que possuem como fun\u00e7\u00e3o elaborar, revisar e zelar pelo cumprimento e aperfei\u00e7oamento do Projeto Pedag\u00f3gico do Curso.<\/p>\n<p>S\u00e3o atribui\u00e7\u00f5es do NDE, entre outras:<\/p>\n<p>Contribuir para a consolida\u00e7\u00e3o do perfil profissional do egresso;<\/p>\n<p>Zelar pela integra\u00e7\u00e3o curricular interdisciplinar entre as diferentes atividades de ensino constantes no curr\u00edculo;<\/p>\n<p>Indicar formas de incentivo ao desenvolvimento de linhas de pesquisa e extens\u00e3o, oriundas de necessidades da gradua\u00e7\u00e3o, de exig\u00eancias do mercado de trabalho e afinadas com as pol\u00edticas p\u00fablicas relativas a \u00e1rea de conhecimento do curso e das demandas sociais;<\/p>\n<p>Liderar os trabalhos de elabora\u00e7\u00e3o, consolida\u00e7\u00e3o, implementa\u00e7\u00e3o e revis\u00e3o do Projeto Pedag\u00f3gico do Curso (PPC), sempre observando as Diretrizes Curriculares Nacionais do Curso de Direito;<\/p>\n<p>Atualmente o NDE se constitui pelos professores:<\/p>\n<p>Zacarias Alves de Ara\u00fajo Neto (Presidente)<\/p>\n<p>Carmo Antonio de Souza<\/p>\n<p>Daize Fernanda Wagner<\/p>\n<p>Jos\u00e9 Caldeira Gemaque Neto<\/p>\n<p>Linara Oeiras Assun\u00e7\u00e3o<\/p>\n<p>Iaci Pelaes dos Reis<\/p>\n<p>S\u00e9rgio Sampaio Figueira<\/p>\n<p>&nbsp;<\/p>\n<p>Abaixo podem ser acessadas algumas portarias designa\u00e7\u00e3o do NDE<\/p>\n<p><a href=\"http:\/\/www2.unifap.br\/direito\/nucleo-docente-estruturante-nde\/portaria-0580-2020\/\" rel=\"attachment wp-att-3128\">Portaria 0580 2020<\/a><\/p>\n<p><a href=\"http:\/\/www2.unifap.br\/direito\/nucleo-docente-estruturante-nde\/portaria-1589-2018\/\" rel=\"attachment wp-att-3129\">Portaria 1589 2018<\/a><\/p>\n<p><a href=\"http:\/\/www2.unifap.br\/direito\/nucleo-docente-estruturante-nde\/portaria-1851-2016\/\" rel=\"attachment wp-att-3130\">Portaria 1851 2016<\/a><\/p>\n<p><a href=\"http:\/\/www2.unifap.br\/direito\/nucleo-docente-estruturante-nde\/portaria-2355-2015\/\" rel=\"attachment wp-att-3131\">Portaria 2355 2015<\/a><\/p>\n<p><a href=\"http:\/\/www2.unifap.br\/direito\/nucleo-docente-estruturante-nde\/portaria-0386-2013\/\" rel=\"attachment wp-att-3132\">Portaria 0386 2013<\/a><\/p>\n<p><a href=\"http:\/\/www2.unifap.br\/direito\/nucleo-docente-estruturante-nde\/portaria-0774-2013\/\" rel=\"attachment wp-att-3133\">Portaria 0774 2013<\/a><\/p>\n<p><a href=\"http:\/\/www2.unifap.br\/direito\/nucleo-docente-estruturante-nde\/portaria-1448-2013\/\" rel=\"attachment wp-att-3134\">Portaria 1448 2013<\/a><\/p>\n<p style=\"text-align: left\">Nesta p\u00e1gina, voc\u00ea ainda pode conferir algumas normas que regem o N\u00facleo Docente Estruturante do curso de Direito da Universidade Federal do Amap\u00e1.<\/p>\n<p style=\"text-align: left\"><a href=\"http:\/\/www2.unifap.br\/direito\/nucleo-docente-estruturante-nde\/resolucao-20-2018-consu-unifap\/\" rel=\"attachment wp-att-3135\">Resolu\u00e7\u00e3o 20 2018 CONSU UNIFAP<\/a><\/p>\n<p style=\"text-align: left\"><a href=\"http:\/\/www2.unifap.br\/direito\/files\/2014\/10\/parecer_conae_nde4_2010.pdf\">parecer_conae_nde4_2010<\/a><\/p>\n<p style=\"text-align: left\"><a href=\"http:\/\/www2.unifap.br\/direito\/files\/2014\/10\/resolucao1_2010_conae.pdf\">resolucao1_2010_conae<\/a><\/p>\n","protected":false},"excerpt":{"rendered":"<p>&nbsp; O N\u00facleo Docente Estruturante (NDE) \u00e9 um grupo, formado por exclusivamente por docentes, de acordo com regras espec\u00edficas, que possuem como fun\u00e7\u00e3o elaborar, revisar e zelar pelo cumprimento e aperfei\u00e7oamento do Projeto Pedag\u00f3gico do Curso. S\u00e3o atribui\u00e7\u00f5es do NDE,&hellip; <\/p>\n<p><a href=\"https:\/\/www2.unifap.br\/direito\/nucleo-docente-estruturante-nde\/\" class=\"readmore-button\">Continue Reading<\/a><\/p>\n","protected":false},"author":63,"featured_media":0,"parent":0,"menu_order":0,"comment_status":"open","ping_status":"open","template":"","meta":{"inline_featured_image":false,"ngg_post_thumbnail":0,"footnotes":""},"class_list":["post-2449","page","type-page","status-publish","hentry"],"_links":{"self":[{"href":"https:\/\/www2.unifap.br\/direito\/wp-json\/wp\/v2\/pages\/2449","targetHints":{"allow":["GET"]}}],"collection":[{"href":"https:\/\/www2.unifap.br\/direito\/wp-json\/wp\/v2\/pages"}],"about":[{"href":"https:\/\/www2.unifap.br\/direito\/wp-json\/wp\/v2\/types\/page"}],"author":[{"embeddable":true,"href":"https:\/\/www2.unifap.br\/direito\/wp-json\/wp\/v2\/users\/63"}],"replies":[{"embeddable":true,"href":"https:\/\/www2.unifap.br\/direito\/wp-json\/wp\/v2\/comments?post=2449"}],"version-history":[{"count":11,"href":"https:\/\/www2.unifap.br\/direito\/wp-json\/wp\/v2\/pages\/2449\/revisions"}],"predecessor-version":[{"id":3746,"href":"https:\/\/www2.unifap.br\/direito\/wp-json\/wp\/v2\/pages\/2449\/revisions\/3746"}],"wp:attachment":[{"href":"https:\/\/www2.unifap.br\/direito\/wp-json\/wp\/v2\/media?parent=2449"}],"curies":[{"name":"wp","href":"https:\/\/api.w.org\/{rel}","templated":true}]}}