{"id":2502,"date":"2016-01-23T12:06:48","date_gmt":"2016-01-23T12:06:48","guid":{"rendered":"http:\/\/www2.unifap.br\/direito\/?page_id=2502"},"modified":"2020-04-15T02:21:32","modified_gmt":"2020-04-15T02:21:32","slug":"tcc-regulamento-e-termos","status":"publish","type":"page","link":"https:\/\/www2.unifap.br\/direito\/trabalho-de-conclusao-de-curso-tcc\/tcc-regulamento-e-termos\/","title":{"rendered":"Regimento e Documentos"},"content":{"rendered":"<p><a href=\"http:\/\/www2.unifap.br\/direito\/files\/2016\/10\/REGIMENTO-DO-TRABALHO-DE-CONCLUS\u00c3O-DE-CURSO-APROVADO-EM-21.09.2016.pdf\">REGIMENTO DO TRABALHO DE CONCLUS\u00c3O DE CURSO &#8211; APROVADO EM 21.09.2016<\/a><\/p>\n<p><a href=\"http:\/\/www2.unifap.br\/direito\/files\/2016\/10\/TERMO-DE-ACEITE-DE-ORIENTA\u00c7\u00c3O-DE-TCC.pdf\">TERMO DE ACEITE DE ORIENTA\u00c7\u00c3O DE TCC<\/a><\/p>\n<p><a href=\"http:\/\/www2.unifap.br\/direito\/files\/2016\/10\/FICHA-DE-ACOMPANHAMENTO-DA-PRODU\u00c7\u00c3O-DE-TCC.pdf\">FICHA DE ACOMPANHAMENTO DA PRODU\u00c7\u00c3O DE TCC<\/a><\/p>\n<p><a href=\"http:\/\/www2.unifap.br\/direito\/files\/2016\/10\/TERMO-DE-ENCERRAMENTO-DE-ORIENTA\u00c7\u00c3O-DE-TCC.pdf\">TERMO DE ENCERRAMENTO DE ORIENTA\u00c7\u00c3O DE TCC<\/a><\/p>\n<p><a href=\"http:\/\/www2.unifap.br\/direito\/files\/2016\/10\/PROTOCOLO-DE-ENTREGA-DE-TCC.pdf\">PROTOCOLO DE ENTREGA DE TCC<\/a><\/p>\n<p><a href=\"http:\/\/www2.unifap.br\/direito\/files\/2016\/10\/TERMO-DE-AUTORIZA\u00c7\u00c3O-OU-N\u00c3O-PARA-PUBLICA\u00c7\u00c3O-NO-SITE-DA-UNIFAP.pdf\">TERMO DE AUTORIZA\u00c7\u00c3O &#8211; OU N\u00c3O &#8211; PARA PUBLICA\u00c7\u00c3O NO SITE DA UNIFAP<\/a><\/p>\n<p><a href=\"http:\/\/www2.unifap.br\/direito\/files\/2016\/10\/ATA-DE-AVALIA\u00c7\u00c3O-DE-ARTIGO-CIENT\u00cdFICO.pdf\">ATA DE AVALIA\u00c7\u00c3O DE ARTIGO CIENT\u00cdFICO<\/a><\/p>\n<p><a href=\"http:\/\/www2.unifap.br\/direito\/files\/2016\/10\/ATA-DE-AVALIA\u00c7\u00c3O-DE-MONOGRAFIA.pdf\">ATA DE AVALIA\u00c7\u00c3O DE MONOGRAFIA<\/a><\/p>\n<p><a href=\"http:\/\/www2.unifap.br\/direito\/files\/2016\/10\/ATA-DE-APRESENTA\u00c7\u00c3O-DE-TCC.pdf\">ATA DE APRESENTA\u00c7\u00c3O DE TCC<\/a><\/p>\n<p>&nbsp;<\/p>\n<p>&nbsp;<\/p>\n<p>&nbsp;<\/p>\n","protected":false},"excerpt":{"rendered":"<p>REGIMENTO DO TRABALHO DE CONCLUS\u00c3O DE CURSO &#8211; APROVADO EM 21.09.2016 TERMO DE ACEITE DE ORIENTA\u00c7\u00c3O DE TCC FICHA DE ACOMPANHAMENTO DA PRODU\u00c7\u00c3O DE TCC TERMO DE ENCERRAMENTO DE ORIENTA\u00c7\u00c3O DE TCC PROTOCOLO DE ENTREGA DE TCC TERMO DE AUTORIZA\u00c7\u00c3O&hellip; <\/p>\n<p><a href=\"https:\/\/www2.unifap.br\/direito\/trabalho-de-conclusao-de-curso-tcc\/tcc-regulamento-e-termos\/\" class=\"readmore-button\">Continue Reading<\/a><\/p>\n","protected":false},"author":63,"featured_media":0,"parent":2644,"menu_order":0,"comment_status":"open","ping_status":"closed","template":"","meta":{"inline_featured_image":false,"ngg_post_thumbnail":0,"footnotes":""},"class_list":["post-2502","page","type-page","status-publish","hentry"],"_links":{"self":[{"href":"https:\/\/www2.unifap.br\/direito\/wp-json\/wp\/v2\/pages\/2502","targetHints":{"allow":["GET"]}}],"collection":[{"href":"https:\/\/www2.unifap.br\/direito\/wp-json\/wp\/v2\/pages"}],"about":[{"href":"https:\/\/www2.unifap.br\/direito\/wp-json\/wp\/v2\/types\/page"}],"author":[{"embeddable":true,"href":"https:\/\/www2.unifap.br\/direito\/wp-json\/wp\/v2\/users\/63"}],"replies":[{"embeddable":true,"href":"https:\/\/www2.unifap.br\/direito\/wp-json\/wp\/v2\/comments?post=2502"}],"version-history":[{"count":7,"href":"https:\/\/www2.unifap.br\/direito\/wp-json\/wp\/v2\/pages\/2502\/revisions"}],"predecessor-version":[{"id":3187,"href":"https:\/\/www2.unifap.br\/direito\/wp-json\/wp\/v2\/pages\/2502\/revisions\/3187"}],"up":[{"embeddable":true,"href":"https:\/\/www2.unifap.br\/direito\/wp-json\/wp\/v2\/pages\/2644"}],"wp:attachment":[{"href":"https:\/\/www2.unifap.br\/direito\/wp-json\/wp\/v2\/media?parent=2502"}],"curies":[{"name":"wp","href":"https:\/\/api.w.org\/{rel}","templated":true}]}}