{"id":2624,"date":"2016-10-28T01:49:31","date_gmt":"2016-10-28T01:49:31","guid":{"rendered":"http:\/\/www2.unifap.br\/direito\/?page_id=2624"},"modified":"2018-12-10T18:43:05","modified_gmt":"2018-12-10T18:43:05","slug":"2624-2","status":"publish","type":"page","link":"https:\/\/www2.unifap.br\/direito\/planos-de-ensino-2\/2624-2\/","title":{"rendered":"Planos 2016.1"},"content":{"rendered":"<p style=\"text-align: center\"><a href=\"http:\/\/www2.unifap.br\/direito\/files\/2016\/10\/D.-CIVIL-I.pdf\">DIREITO CIVIL I<\/a><\/p>\n<p style=\"text-align: center\"><a href=\"http:\/\/www2.unifap.br\/direito\/files\/2016\/11\/II-NOURNO.direito-empesarial-II.pdf\">Direito Empresarial I\/Noturno<\/a><\/p>\n<p style=\"text-align: center\"><a href=\"http:\/\/www2.unifap.br\/direito\/files\/2016\/11\/I-VESP.direito-empesarial-I.pdf\">Direito Empresarial I\/Vespertino<\/a><\/p>\n<p style=\"text-align: center\"><a href=\"http:\/\/www2.unifap.br\/direito\/files\/2016\/11\/Direito-Empresarial-II.pdf\">Direito Empresarial II<\/a><\/p>\n<p style=\"text-align: center\"><a href=\"http:\/\/www2.unifap.br\/direito\/files\/2016\/11\/Direito-Empresarial-III.pdf\">Direito Empresarial III<\/a><\/p>\n<p style=\"text-align: center\"><a href=\"http:\/\/www2.unifap.br\/direito\/files\/2016\/11\/Direito-Processual-Penal-I.pdf\">Direito Procesual Penal I<\/a><\/p>\n<p style=\"text-align: center\"><a href=\"http:\/\/www2.unifap.br\/direito\/files\/2016\/11\/Direito-Penal-III.pdf\">Direito Penal III<\/a><\/p>\n<p style=\"text-align: center\"><a href=\"http:\/\/www2.unifap.br\/direito\/files\/2016\/11\/Pratica-Jur\u00eddica-I.pdf\">Pratica Jur\u00eddica I<\/a><\/p>\n<p style=\"text-align: center\"><a href=\"http:\/\/www2.unifap.br\/direito\/files\/2016\/11\/D.-CIVIL-I.pdf\">Direito C\u00edvil I<\/a><\/p>\n<p style=\"text-align: center\"><a href=\"http:\/\/www2.unifap.br\/direito\/files\/2016\/11\/D.-CIVIL-III.pdf\">Direito C\u00edvil III<\/a><\/p>\n<p style=\"text-align: center\"><a href=\"http:\/\/www2.unifap.br\/direito\/files\/2016\/11\/D.-CIVIL-V.pdf\">Direito C\u00edvil V<\/a><\/p>\n<p style=\"text-align: center\"><a href=\"http:\/\/www2.unifap.br\/direito\/files\/2016\/11\/Est\u00e1gio-e-Pr\u00e1tica-Jur\u00eddica-III.pdf\">Est\u00e1gio e Pr\u00e1tica Jur\u00eddica III<\/a><\/p>\n<p style=\"text-align: center\"><a href=\"http:\/\/www2.unifap.br\/direito\/files\/2016\/11\/Sociologia-Juridica.pdf\">Sociologia Jur\u00eddica<\/a><\/p>\n<p style=\"text-align: center\"><a href=\"http:\/\/www2.unifap.br\/direito\/files\/2016\/11\/Direito-penal-I-tarde.pdf\">Direito Penal I\/Vespertino<\/a><\/p>\n<p style=\"text-align: center\"><a href=\"http:\/\/www2.unifap.br\/direito\/files\/2016\/11\/D.-penal-I-NOITE.pdf\">Direito Penal I\/Noturno<\/a><\/p>\n<p style=\"text-align: center\"><a href=\"http:\/\/www2.unifap.br\/direito\/files\/2016\/11\/D.-ECON\u00d4MICO.pdf\">Direito Econ\u00f4mico<\/a><\/p>\n<p style=\"text-align: center\"><a href=\"http:\/\/www2.unifap.br\/direito\/files\/2016\/11\/I-D.-PROCESSUAL-CIVIL-II.pdf\">Direito Procesual C\u00edvil I<\/a><\/p>\n<p style=\"text-align: center\"><a href=\"http:\/\/www2.unifap.br\/direito\/files\/2016\/11\/II-D.-Processual-Civil-II.pdf\">Direito Procesual C\u00edvil II<\/a><\/p>\n<p style=\"text-align: center\"><a href=\"http:\/\/www2.unifap.br\/direito\/files\/2016\/11\/D.-adm-I.pdf\">Direito Administrativo I\/Vespertino<\/a><\/p>\n<p style=\"text-align: center\"><a href=\"http:\/\/www2.unifap.br\/direito\/files\/2016\/11\/Deontologia-Juridica.pdf\">Deontologia Juridica<\/a><\/p>\n<p style=\"text-align: center\"><a href=\"http:\/\/www2.unifap.br\/direito\/files\/2016\/11\/D.-HUMANOS.pdf\">Direitos Humanos<\/a><\/p>\n<p style=\"text-align: center\"><a href=\"http:\/\/www2.unifap.br\/direito\/files\/2016\/11\/direitios-humanos-tarde.pdf\">Direitios Humano\/Vespertino<\/a><a href=\"http:\/\/www2.unifap.br\/direito\/files\/2016\/11\/direitios-humanos-tarde.pdf\">\u00a0<\/a><\/p>\n<p style=\"text-align: center\"><a href=\"http:\/\/www2.unifap.br\/direito\/files\/2016\/11\/d.-trabalho-II.pdf\">Direito do Trabalho II<\/a><\/p>\n<p style=\"text-align: center\"><a href=\"http:\/\/www2.unifap.br\/direito\/files\/2016\/11\/D.-DA-NAVEGA\u00c7\u00c3O.pdf\">Direito da Navega\u00e7\u00e3o\/Vespertino<\/a><\/p>\n<p style=\"text-align: center\"><a href=\"http:\/\/www2.unifap.br\/direito\/files\/2016\/11\/direito-da-navega\u00e7\u00e3o-noturno.pdf\">Direito da Navega\u00e7\u00e3o <\/a><\/p>\n<p style=\"text-align: center\"><a href=\"http:\/\/www2.unifap.br\/direito\/files\/2016\/11\/D.-AGRARIO-1.pdf\">Direito Agr\u00e1rio <\/a><\/p>\n<p style=\"text-align: center\"><a href=\"http:\/\/www2.unifap.br\/direito\/files\/2016\/11\/D.-da-crian\u00e7a-e-do-adole.-noite-1.pdf\">Direido da Crian\u00e7a do Adolescente<\/a><\/p>\n<p style=\"text-align: center\"><a href=\"http:\/\/www2.unifap.br\/direito\/files\/2016\/11\/D.-internacional-privado.pdf\">Direito internacional privado<\/a><\/p>\n<p style=\"text-align: center\"><a href=\"http:\/\/www2.unifap.br\/direito\/files\/2016\/11\/tcc-projeto-de-pesquisa-1.pdf\">TCC I &#8211; Projeto de Pesquisa<\/a><\/p>\n<p style=\"text-align: center\"><a href=\"http:\/\/www2.unifap.br\/direito\/files\/2016\/11\/D-processual-Penal-1.pdf\">Direito Processual Do Trabalho<\/a><\/p>\n<p style=\"text-align: center\"><a href=\"http:\/\/www2.unifap.br\/direito\/files\/2016\/11\/d-INTER-pUBLICO-1.pdf\">Direito Internacional P\u00fablico<br \/>\n<\/a><\/p>\n<p style=\"text-align: center\"><a href=\"http:\/\/www2.unifap.br\/direito\/files\/2016\/11\/ARBITRAGEM-E-NEGOCIA\u00c7\u00c3O-TARDE.pdf\">Arbitragem Negocia\u00e7\u00e3o e Media\u00e7\u00e3o\/Vespertino<\/a><\/p>\n<p style=\"text-align: center\"><a href=\"http:\/\/www2.unifap.br\/direito\/files\/2016\/11\/Introdu\u00e7\u00e3o-ao-estudo-do-direito-I.pdf\">Introdu\u00e7\u00e3o ao Estudo do Direito I \/Vespertino<\/a><\/p>\n<p style=\"text-align: center\">\n","protected":false},"excerpt":{"rendered":"<p>DIREITO CIVIL I Direito Empresarial I\/Noturno Direito Empresarial I\/Vespertino Direito Empresarial II Direito Empresarial III Direito Procesual Penal I Direito Penal III Pratica Jur\u00eddica I Direito C\u00edvil I Direito C\u00edvil III Direito C\u00edvil V Est\u00e1gio e Pr\u00e1tica Jur\u00eddica III Sociologia&hellip; <\/p>\n<p><a href=\"https:\/\/www2.unifap.br\/direito\/planos-de-ensino-2\/2624-2\/\" class=\"readmore-button\">Continue Reading<\/a><\/p>\n","protected":false},"author":60,"featured_media":0,"parent":611,"menu_order":0,"comment_status":"open","ping_status":"closed","template":"","meta":{"inline_featured_image":false,"ngg_post_thumbnail":0,"footnotes":""},"class_list":["post-2624","page","type-page","status-publish","hentry"],"_links":{"self":[{"href":"https:\/\/www2.unifap.br\/direito\/wp-json\/wp\/v2\/pages\/2624","targetHints":{"allow":["GET"]}}],"collection":[{"href":"https:\/\/www2.unifap.br\/direito\/wp-json\/wp\/v2\/pages"}],"about":[{"href":"https:\/\/www2.unifap.br\/direito\/wp-json\/wp\/v2\/types\/page"}],"author":[{"embeddable":true,"href":"https:\/\/www2.unifap.br\/direito\/wp-json\/wp\/v2\/users\/60"}],"replies":[{"embeddable":true,"href":"https:\/\/www2.unifap.br\/direito\/wp-json\/wp\/v2\/comments?post=2624"}],"version-history":[{"count":24,"href":"https:\/\/www2.unifap.br\/direito\/wp-json\/wp\/v2\/pages\/2624\/revisions"}],"predecessor-version":[{"id":2932,"href":"https:\/\/www2.unifap.br\/direito\/wp-json\/wp\/v2\/pages\/2624\/revisions\/2932"}],"up":[{"embeddable":true,"href":"https:\/\/www2.unifap.br\/direito\/wp-json\/wp\/v2\/pages\/611"}],"wp:attachment":[{"href":"https:\/\/www2.unifap.br\/direito\/wp-json\/wp\/v2\/media?parent=2624"}],"curies":[{"name":"wp","href":"https:\/\/api.w.org\/{rel}","templated":true}]}}