{"id":2639,"date":"2016-10-29T01:24:13","date_gmt":"2016-10-29T01:24:13","guid":{"rendered":"http:\/\/www2.unifap.br\/direito\/?page_id=2639"},"modified":"2018-07-06T17:28:59","modified_gmt":"2018-07-06T17:28:59","slug":"atas-de-reunioes","status":"publish","type":"page","link":"https:\/\/www2.unifap.br\/direito\/atas-de-reunioes\/","title":{"rendered":"Atas de Reuni\u00f5es"},"content":{"rendered":"<p>Espa\u00e7o reservado para publica\u00e7\u00e3o das Atas de reuni\u00f5es do Colegiado do Curso de Direito. A p\u00e1gina est\u00e1 em atualiza\u00e7\u00e3o\u00a0 constante. Convidamos os usu\u00e1rios a reportar erros.<\/p>\n","protected":false},"excerpt":{"rendered":"<p>Espa\u00e7o reservado para publica\u00e7\u00e3o das Atas de reuni\u00f5es do Colegiado do Curso de Direito. A p\u00e1gina est\u00e1 em atualiza\u00e7\u00e3o\u00a0 constante. Convidamos os usu\u00e1rios a reportar erros.<\/p>\n","protected":false},"author":60,"featured_media":0,"parent":0,"menu_order":1,"comment_status":"open","ping_status":"open","template":"","meta":{"inline_featured_image":false,"ngg_post_thumbnail":0,"footnotes":""},"class_list":["post-2639","page","type-page","status-publish","hentry"],"_links":{"self":[{"href":"https:\/\/www2.unifap.br\/direito\/wp-json\/wp\/v2\/pages\/2639","targetHints":{"allow":["GET"]}}],"collection":[{"href":"https:\/\/www2.unifap.br\/direito\/wp-json\/wp\/v2\/pages"}],"about":[{"href":"https:\/\/www2.unifap.br\/direito\/wp-json\/wp\/v2\/types\/page"}],"author":[{"embeddable":true,"href":"https:\/\/www2.unifap.br\/direito\/wp-json\/wp\/v2\/users\/60"}],"replies":[{"embeddable":true,"href":"https:\/\/www2.unifap.br\/direito\/wp-json\/wp\/v2\/comments?post=2639"}],"version-history":[{"count":4,"href":"https:\/\/www2.unifap.br\/direito\/wp-json\/wp\/v2\/pages\/2639\/revisions"}],"predecessor-version":[{"id":2857,"href":"https:\/\/www2.unifap.br\/direito\/wp-json\/wp\/v2\/pages\/2639\/revisions\/2857"}],"wp:attachment":[{"href":"https:\/\/www2.unifap.br\/direito\/wp-json\/wp\/v2\/media?parent=2639"}],"curies":[{"name":"wp","href":"https:\/\/api.w.org\/{rel}","templated":true}]}}