{"id":2756,"date":"2016-11-23T19:16:11","date_gmt":"2016-11-23T19:16:11","guid":{"rendered":"http:\/\/www2.unifap.br\/direito\/?page_id=2756"},"modified":"2022-09-05T02:38:47","modified_gmt":"2022-09-05T02:38:47","slug":"formulario-de-requerimento","status":"publish","type":"page","link":"https:\/\/www2.unifap.br\/direito\/formulario-de-requerimento\/","title":{"rendered":"Formul\u00e1rios de Requerimento"},"content":{"rendered":"<p style=\"text-align: left\"><a href=\"http:\/\/www2.unifap.br\/direito\/files\/2022\/09\/FORMULARIO-GERAL-DE-REQUERIMENTO.pdf\">FORMUL\u00c1RIO GERAL DE REQUERIMENTO<\/a><\/p>\n<p style=\"text-align: left\"><a href=\"http:\/\/www2.unifap.br\/direito\/files\/2016\/11\/FORMUL\u00c1RIO-DA-COLA\u00c7\u00c3O-DE-GRAU.pdf\">Formul\u00e1rio para solicitar a Cola\u00e7\u00e3o de Grau<\/a><\/p>\n<p><a href=\"http:\/\/www2.unifap.br\/direito\/files\/2022\/09\/FORMULARIO-COMPUTO-DAS-ATIVIDADES-COMPLEMENTARES-CURSO-DE-DIREITO.doc\">FORMUL\u00c1RIO PARA C\u00d4MPUTO DAS ATIVIDADES COMPLEMENTARES &#8211; CURSO DE DIREITO<\/a><\/p>\n","protected":false},"excerpt":{"rendered":"<p>FORMUL\u00c1RIO GERAL DE REQUERIMENTO Formul\u00e1rio para solicitar a Cola\u00e7\u00e3o de Grau FORMUL\u00c1RIO PARA C\u00d4MPUTO DAS ATIVIDADES COMPLEMENTARES &#8211; CURSO DE DIREITO<\/p>\n","protected":false},"author":60,"featured_media":0,"parent":0,"menu_order":1,"comment_status":"open","ping_status":"open","template":"","meta":{"inline_featured_image":false,"ngg_post_thumbnail":0,"footnotes":""},"class_list":["post-2756","page","type-page","status-publish","hentry"],"_links":{"self":[{"href":"https:\/\/www2.unifap.br\/direito\/wp-json\/wp\/v2\/pages\/2756","targetHints":{"allow":["GET"]}}],"collection":[{"href":"https:\/\/www2.unifap.br\/direito\/wp-json\/wp\/v2\/pages"}],"about":[{"href":"https:\/\/www2.unifap.br\/direito\/wp-json\/wp\/v2\/types\/page"}],"author":[{"embeddable":true,"href":"https:\/\/www2.unifap.br\/direito\/wp-json\/wp\/v2\/users\/60"}],"replies":[{"embeddable":true,"href":"https:\/\/www2.unifap.br\/direito\/wp-json\/wp\/v2\/comments?post=2756"}],"version-history":[{"count":7,"href":"https:\/\/www2.unifap.br\/direito\/wp-json\/wp\/v2\/pages\/2756\/revisions"}],"predecessor-version":[{"id":3754,"href":"https:\/\/www2.unifap.br\/direito\/wp-json\/wp\/v2\/pages\/2756\/revisions\/3754"}],"wp:attachment":[{"href":"https:\/\/www2.unifap.br\/direito\/wp-json\/wp\/v2\/media?parent=2756"}],"curies":[{"name":"wp","href":"https:\/\/api.w.org\/{rel}","templated":true}]}}