{"id":2858,"date":"2018-07-06T17:30:50","date_gmt":"2018-07-06T17:30:50","guid":{"rendered":"http:\/\/www2.unifap.br\/direito\/?page_id=2858"},"modified":"2018-07-06T19:24:33","modified_gmt":"2018-07-06T19:24:33","slug":"2016-2","status":"publish","type":"page","link":"https:\/\/www2.unifap.br\/direito\/atas-de-reunioes\/2016-2\/","title":{"rendered":"Atas de 2016"},"content":{"rendered":"<ul>\n<li><a href=\"http:\/\/www2.unifap.br\/direito\/files\/2018\/07\/ATA-de-28-03-2016.pdf\">ATA de 28-03-2016<\/a>\u00a0 \u00a0 \u00a0 |\u00a0 \u00a0 \u00a0<a href=\"http:\/\/www2.unifap.br\/direito\/files\/2018\/07\/Frequ\u00eancia1.pdf\">Frequ\u00eancia<\/a><\/li>\n<li><a href=\"http:\/\/www2.unifap.br\/direito\/files\/2018\/07\/ATA-de-02-06-2016.pdf\">ATA de 02-06-2016<\/a>\u00a0 \u00a0 \u00a0 |\u00a0 \u00a0 \u00a0<a href=\"http:\/\/www2.unifap.br\/direito\/files\/2018\/07\/Frequ\u00eancia2.pdf\">Frequ\u00eancia<\/a><\/li>\n<li><a href=\"http:\/\/www2.unifap.br\/direito\/files\/2018\/07\/ATA-de-27-07-2016.pdf\">ATA de 27-07-2016<\/a><\/li>\n<li><\/li>\n<li><a href=\"http:\/\/www2.unifap.br\/direito\/files\/2018\/07\/ATA-de-21-09-2016.pdf\">ATA de 21-09-2016<\/a><\/li>\n<li><a href=\"http:\/\/www2.unifap.br\/direito\/files\/2018\/07\/ATA-de-26-10-2016.pdf\">ATA de 26-10-2016<\/a><\/li>\n<li><a href=\"http:\/\/www2.unifap.br\/direito\/files\/2018\/07\/Ata-de-28-11-2016.pdf\">Ata de 28-11-2016<\/a><\/li>\n<\/ul>\n<p>&nbsp;<\/p>\n<p>&nbsp;<\/p>\n<p>Em atualiza\u00e7\u00e3o.<\/p>\n<p>&nbsp;<\/p>\n<p>&nbsp;<\/p>\n","protected":false},"excerpt":{"rendered":"<p>ATA de 28-03-2016\u00a0 \u00a0 \u00a0 |\u00a0 \u00a0 \u00a0Frequ\u00eancia ATA de 02-06-2016\u00a0 \u00a0 \u00a0 |\u00a0 \u00a0 \u00a0Frequ\u00eancia ATA de 27-07-2016 ATA de 21-09-2016 ATA de 26-10-2016 Ata de 28-11-2016 &nbsp; &nbsp; Em atualiza\u00e7\u00e3o. &nbsp; &nbsp;<\/p>\n","protected":false},"author":873,"featured_media":0,"parent":2639,"menu_order":0,"comment_status":"open","ping_status":"closed","template":"","meta":{"inline_featured_image":false,"ngg_post_thumbnail":0,"footnotes":""},"class_list":["post-2858","page","type-page","status-publish","hentry"],"_links":{"self":[{"href":"https:\/\/www2.unifap.br\/direito\/wp-json\/wp\/v2\/pages\/2858","targetHints":{"allow":["GET"]}}],"collection":[{"href":"https:\/\/www2.unifap.br\/direito\/wp-json\/wp\/v2\/pages"}],"about":[{"href":"https:\/\/www2.unifap.br\/direito\/wp-json\/wp\/v2\/types\/page"}],"author":[{"embeddable":true,"href":"https:\/\/www2.unifap.br\/direito\/wp-json\/wp\/v2\/users\/873"}],"replies":[{"embeddable":true,"href":"https:\/\/www2.unifap.br\/direito\/wp-json\/wp\/v2\/comments?post=2858"}],"version-history":[{"count":9,"href":"https:\/\/www2.unifap.br\/direito\/wp-json\/wp\/v2\/pages\/2858\/revisions"}],"predecessor-version":[{"id":2884,"href":"https:\/\/www2.unifap.br\/direito\/wp-json\/wp\/v2\/pages\/2858\/revisions\/2884"}],"up":[{"embeddable":true,"href":"https:\/\/www2.unifap.br\/direito\/wp-json\/wp\/v2\/pages\/2639"}],"wp:attachment":[{"href":"https:\/\/www2.unifap.br\/direito\/wp-json\/wp\/v2\/media?parent=2858"}],"curies":[{"name":"wp","href":"https:\/\/api.w.org\/{rel}","templated":true}]}}