{"id":2861,"date":"2018-07-06T17:31:25","date_gmt":"2018-07-06T17:31:25","guid":{"rendered":"http:\/\/www2.unifap.br\/direito\/?page_id=2861"},"modified":"2018-07-06T17:50:15","modified_gmt":"2018-07-06T17:50:15","slug":"atas-de-2017","status":"publish","type":"page","link":"https:\/\/www2.unifap.br\/direito\/atas-de-reunioes\/atas-de-2017\/","title":{"rendered":"Atas de 2017"},"content":{"rendered":"<ul>\n<li><a href=\"http:\/\/www2.unifap.br\/direito\/files\/2018\/07\/ATA-de-11-01-2017.pdf\">ATA de 11- 01-2017<\/a>\u00a0 \u00a0 |\u00a0 \u00a0<a href=\"http:\/\/www2.unifap.br\/direito\/files\/2018\/07\/Fresqu\u00eancia.pdf\">Frequ\u00eancia<\/a><\/li>\n<li><\/li>\n<li><\/li>\n<li><a href=\"http:\/\/www2.unifap.br\/direito\/files\/2018\/07\/ATA-de-05-10-2017.pdf\">ATA de 05-10-2017<\/a><\/li>\n<li><\/li>\n<li><\/li>\n<li><a href=\"http:\/\/www2.unifap.br\/direito\/files\/2018\/07\/ATA-de-13-12-2017.pdf\">ATA de 13-12-2017<\/a><\/li>\n<\/ul>\n<p>&nbsp;<\/p>\n<p>&nbsp;<\/p>\n<p>Em Atualiza\u00e7\u00e3o.<\/p>\n","protected":false},"excerpt":{"rendered":"<p>ATA de 11- 01-2017\u00a0 \u00a0 |\u00a0 \u00a0Frequ\u00eancia ATA de 05-10-2017 ATA de 13-12-2017 &nbsp; &nbsp; Em Atualiza\u00e7\u00e3o.<\/p>\n","protected":false},"author":873,"featured_media":0,"parent":2639,"menu_order":1,"comment_status":"open","ping_status":"closed","template":"","meta":{"inline_featured_image":false,"ngg_post_thumbnail":0,"footnotes":""},"class_list":["post-2861","page","type-page","status-publish","hentry"],"_links":{"self":[{"href":"https:\/\/www2.unifap.br\/direito\/wp-json\/wp\/v2\/pages\/2861","targetHints":{"allow":["GET"]}}],"collection":[{"href":"https:\/\/www2.unifap.br\/direito\/wp-json\/wp\/v2\/pages"}],"about":[{"href":"https:\/\/www2.unifap.br\/direito\/wp-json\/wp\/v2\/types\/page"}],"author":[{"embeddable":true,"href":"https:\/\/www2.unifap.br\/direito\/wp-json\/wp\/v2\/users\/873"}],"replies":[{"embeddable":true,"href":"https:\/\/www2.unifap.br\/direito\/wp-json\/wp\/v2\/comments?post=2861"}],"version-history":[{"count":4,"href":"https:\/\/www2.unifap.br\/direito\/wp-json\/wp\/v2\/pages\/2861\/revisions"}],"predecessor-version":[{"id":2869,"href":"https:\/\/www2.unifap.br\/direito\/wp-json\/wp\/v2\/pages\/2861\/revisions\/2869"}],"up":[{"embeddable":true,"href":"https:\/\/www2.unifap.br\/direito\/wp-json\/wp\/v2\/pages\/2639"}],"wp:attachment":[{"href":"https:\/\/www2.unifap.br\/direito\/wp-json\/wp\/v2\/media?parent=2861"}],"curies":[{"name":"wp","href":"https:\/\/api.w.org\/{rel}","templated":true}]}}