{"id":2938,"date":"2018-12-03T06:56:42","date_gmt":"2018-12-03T06:56:42","guid":{"rendered":"http:\/\/www2.unifap.br\/direito\/?page_id=2938"},"modified":"2020-04-14T23:18:19","modified_gmt":"2020-04-14T23:18:19","slug":"plano-de-acao-2018-2020","status":"publish","type":"page","link":"https:\/\/www2.unifap.br\/direito\/coordenacao-do-curso\/plano-de-acao-2018-2020\/","title":{"rendered":"Planos de A\u00e7\u00e3o"},"content":{"rendered":"<p style=\"text-align: center\"><a href=\"http:\/\/www2.unifap.br\/direito\/coordenacao-do-curso-e-nucleo-de-pratica-juridica\/plano-de-acao-2018-2020\/plano-de-acao-2018-2020-2\/\" rel=\"attachment wp-att-3119\">PLANO DE A\u00c7\u00c3O 2018-2020<\/a><\/p>\n<p style=\"text-align: center\"><a href=\"http:\/\/www2.unifap.br\/direito\/coordenacao-do-curso-e-nucleo-de-pratica-juridica\/plano-de-acao-2018-2020\/plano-de-acao-2020\/\" rel=\"attachment wp-att-3121\">PLANO DE A\u00c7\u00c3O 2020<\/a><\/p>\n","protected":false},"excerpt":{"rendered":"<p>PLANO DE A\u00c7\u00c3O 2018-2020 PLANO DE A\u00c7\u00c3O 2020<\/p>\n","protected":false},"author":2501,"featured_media":0,"parent":448,"menu_order":0,"comment_status":"open","ping_status":"open","template":"","meta":{"inline_featured_image":false,"ngg_post_thumbnail":0,"footnotes":""},"class_list":["post-2938","page","type-page","status-publish","hentry"],"_links":{"self":[{"href":"https:\/\/www2.unifap.br\/direito\/wp-json\/wp\/v2\/pages\/2938","targetHints":{"allow":["GET"]}}],"collection":[{"href":"https:\/\/www2.unifap.br\/direito\/wp-json\/wp\/v2\/pages"}],"about":[{"href":"https:\/\/www2.unifap.br\/direito\/wp-json\/wp\/v2\/types\/page"}],"author":[{"embeddable":true,"href":"https:\/\/www2.unifap.br\/direito\/wp-json\/wp\/v2\/users\/2501"}],"replies":[{"embeddable":true,"href":"https:\/\/www2.unifap.br\/direito\/wp-json\/wp\/v2\/comments?post=2938"}],"version-history":[{"count":4,"href":"https:\/\/www2.unifap.br\/direito\/wp-json\/wp\/v2\/pages\/2938\/revisions"}],"predecessor-version":[{"id":3122,"href":"https:\/\/www2.unifap.br\/direito\/wp-json\/wp\/v2\/pages\/2938\/revisions\/3122"}],"up":[{"embeddable":true,"href":"https:\/\/www2.unifap.br\/direito\/wp-json\/wp\/v2\/pages\/448"}],"wp:attachment":[{"href":"https:\/\/www2.unifap.br\/direito\/wp-json\/wp\/v2\/media?parent=2938"}],"curies":[{"name":"wp","href":"https:\/\/api.w.org\/{rel}","templated":true}]}}