{"id":3145,"date":"2020-04-15T00:49:05","date_gmt":"2020-04-15T00:49:05","guid":{"rendered":"http:\/\/www2.unifap.br\/direito\/?page_id=3145"},"modified":"2022-09-05T02:36:21","modified_gmt":"2022-09-05T02:36:21","slug":"4-colegiado","status":"publish","type":"page","link":"https:\/\/www2.unifap.br\/direito\/4-colegiado\/","title":{"rendered":"Colegiado"},"content":{"rendered":"<p>O Colegiado de Curso \u00e9 o \u00f3rg\u00e3o m\u00e1ximo deliberativo de cada curso e tem sua composi\u00e7\u00e3o e compet\u00eancias definidas pelo Regimento Geral da UNIFAP nos artigos 90 e 91.<\/p>\n<p>Art. 90. O Colegiado de Curso \u00e9 constitu\u00eddo por:<br \/>\nI \u2013 todos os professores lotados nas coordena\u00e7\u00f5es de cursos;<br \/>\nII &#8211; por um representante do corpo t\u00e9cnico-administrativo superior, lotado na coordena\u00e7\u00e3o; e<br \/>\nIII \u2013 todos os discente representantes das turmas de gradua\u00e7\u00e3o do respectivo&nbsp;curso, sendo um por turma.<br \/>\n\u00a7 1\u00ba. A representa\u00e7\u00e3o dos professores dever\u00e1 corresponder a, no m\u00ednimo, 70%&nbsp;(setenta por cento) do total de membros do Colegiado, em qualquer caso;<br \/>\n\u00a7 2\u00ba. Para o alcance do quantitativo m\u00ednimo de que trata o par\u00e1grafo anterior, ser\u00e3o&nbsp;exclu\u00eddos os representantes das turmas com menor tempo de ingresso na UNIFAP.<br \/>\n\u00a7 3\u00ba. Existindo mais de uma turma em igualdade de condi\u00e7\u00f5es, quanto ao tempo de&nbsp;ingresso, decidir\u00e3o os pr\u00f3prios representantes qual deles integrar\u00e1 o Colegiado.<\/p>\n<p>&nbsp;<\/p>\n<p>Art. 91. Ao Colegiado de Curso compete:<\/p>\n<p>I &#8211; deliberar sobre as pol\u00edticas e diretrizes de cada coordena\u00e7\u00e3o, em conson\u00e2ncia&nbsp;com as pol\u00edticas e orienta\u00e7\u00f5es do Conselho Departamental e dos Conselhos Superiores;<br \/>\nII &#8211; deliberar sobre os projetos pedag\u00f3gico e cient\u00edfico do pessoal docente e t\u00e9cnico administrativo lotado na coordena\u00e7\u00e3o de curso;<br \/>\nIII &#8211; deliberar sobre as atribui\u00e7\u00f5es e encargos de ensino, pesquisa e extens\u00e3o do&nbsp;pessoal docente e t\u00e9cnico-administrativo da coordena\u00e7\u00e3o de curso;<br \/>\nIV \u2013 deliberar sobre indica\u00e7\u00e3o de professor para ministrar disciplina diversa daquela&nbsp;para a qual foi concursado;<br \/>\nV &#8211; deliberar, em seu n\u00edvel, sobre quest\u00f5es referentes \u00e0 vida funcional dos&nbsp;docentes;<br \/>\nVI &#8211; declarar vago o cargo de Coordenador de Curso;<br \/>\nVII &#8211; deliberar sobre propostas e normas relativas \u00e0 monitoria;<br \/>\nVIII &#8211; propor a\u00e7\u00f5es para a melhoria da qualidade de ensino;<br \/>\nIX &#8211; estabelecer medidas de acompanhamento e avalia\u00e7\u00e3o da execu\u00e7\u00e3o dos planos&nbsp;de trabalho das coordena\u00e7\u00f5es de cursos; e<br \/>\nX &#8211; desenvolver outras atribui\u00e7\u00f5es que lhe couberem por for\u00e7a da legisla\u00e7\u00e3o&nbsp;vigente.<\/p>\n","protected":false},"excerpt":{"rendered":"<p>O Colegiado de Curso \u00e9 o \u00f3rg\u00e3o m\u00e1ximo deliberativo de cada curso e tem sua composi\u00e7\u00e3o e compet\u00eancias definidas pelo Regimento Geral da UNIFAP nos artigos 90 e 91. Art. 90. O Colegiado de Curso \u00e9 constitu\u00eddo por: I \u2013&hellip; <\/p>\n<p><a href=\"https:\/\/www2.unifap.br\/direito\/4-colegiado\/\" class=\"readmore-button\">Continue Reading<\/a><\/p>\n","protected":false},"author":2502,"featured_media":0,"parent":0,"menu_order":0,"comment_status":"closed","ping_status":"closed","template":"","meta":{"inline_featured_image":false,"ngg_post_thumbnail":0,"footnotes":""},"class_list":["post-3145","page","type-page","status-publish","hentry"],"_links":{"self":[{"href":"https:\/\/www2.unifap.br\/direito\/wp-json\/wp\/v2\/pages\/3145","targetHints":{"allow":["GET"]}}],"collection":[{"href":"https:\/\/www2.unifap.br\/direito\/wp-json\/wp\/v2\/pages"}],"about":[{"href":"https:\/\/www2.unifap.br\/direito\/wp-json\/wp\/v2\/types\/page"}],"author":[{"embeddable":true,"href":"https:\/\/www2.unifap.br\/direito\/wp-json\/wp\/v2\/users\/2502"}],"replies":[{"embeddable":true,"href":"https:\/\/www2.unifap.br\/direito\/wp-json\/wp\/v2\/comments?post=3145"}],"version-history":[{"count":4,"href":"https:\/\/www2.unifap.br\/direito\/wp-json\/wp\/v2\/pages\/3145\/revisions"}],"predecessor-version":[{"id":3745,"href":"https:\/\/www2.unifap.br\/direito\/wp-json\/wp\/v2\/pages\/3145\/revisions\/3745"}],"wp:attachment":[{"href":"https:\/\/www2.unifap.br\/direito\/wp-json\/wp\/v2\/media?parent=3145"}],"curies":[{"name":"wp","href":"https:\/\/api.w.org\/{rel}","templated":true}]}}