{"id":3179,"date":"2020-04-15T01:58:37","date_gmt":"2020-04-15T01:58:37","guid":{"rendered":"http:\/\/www2.unifap.br\/direito\/?page_id=3179"},"modified":"2022-02-25T18:13:53","modified_gmt":"2022-02-25T18:13:53","slug":"calendario-academico","status":"publish","type":"page","link":"https:\/\/www2.unifap.br\/direito\/7-calendario-academico-e-oferta-de-disciplinas\/calendario-academico\/","title":{"rendered":"Calend\u00e1rio Acad\u00eamico"},"content":{"rendered":"<p style=\"text-align: center\"><a href=\"http:\/\/www2.unifap.br\/direito\/7-calendario-academico-e-oferta-de-disciplinas\/calendario-academico\/resoluc%cc%a7a%cc%83o-8-2022-25-02-2022-ca-2021-2-2022-1-2022-2-apv-ad-referendum1\/\" target=\"_blank\" rel=\"attachment noopener wp-att-3610 noreferrer\">Calend\u00e1rio Acad\u00eamico 2021\/2; 2022\/1 e 2022\/2<\/a><\/p>\n<p style=\"text-align: center\"><a href=\"http:\/\/www2.unifap.br\/direito\/7-calendario-academico-e-oferta-de-disciplinas\/calendario-academico\/calendario-academico_2020-1\/\" rel=\"attachment wp-att-3472\">Calend\u00e1rio Acad\u00eamico 2020\/1; 2020\/2 e 2021\/1<\/a><\/p>\n<p style=\"text-align: center\"><a href=\"http:\/\/www.unifap.br\/wp-content\/uploads\/2019\/12\/CALEND%C3%81RIO-ACAD%C3%8AMICO_UNIFAP_2020.pdf\">Calend\u00e1rio Acad\u00eamico 2020<\/a> (cancelado)<\/p>\n<p style=\"text-align: center\"><a href=\"http:\/\/www.unifap.br\/wp-content\/uploads\/2019\/07\/CALENDARIO_ACAD%C3%8AMICO_20191.pdf\">Calend\u00e1rio Acad\u00eamico 2019<\/a><\/p>\n<p style=\"text-align: center\"><a href=\"https:\/\/www2.unifap.br\/dcet\/files\/2017\/12\/Calend%c3%a1rio-Acad%c3%aamico-de-2018.pdf\">Calend\u00e1rio Acad\u00eamico 2018<\/a><\/p>\n<p style=\"text-align: center\"><a href=\"https:\/\/www2.unifap.br\/administracao\/files\/2017\/01\/Resolu%c3%a7%c3%a3o-n%c2%ba-03-2017-Aprova-Calend%c3%a1rio-Acad%c3%aamico-2017-1.pdf\">Calend\u00e1rio Acad\u00eamico 2017<\/a><\/p>\n<p style=\"text-align: center\"><a href=\"https:\/\/www2.unifap.br\/prograd\/files\/2016\/03\/Calend%c3%a1rio-2016-Atual.pdf\">Calend\u00e1rio Acad\u00eamico 2016<\/a><\/p>\n","protected":false},"excerpt":{"rendered":"<p>Calend\u00e1rio Acad\u00eamico 2021\/2; 2022\/1 e 2022\/2 Calend\u00e1rio Acad\u00eamico 2020\/1; 2020\/2 e 2021\/1 Calend\u00e1rio Acad\u00eamico 2020 (cancelado) Calend\u00e1rio Acad\u00eamico 2019 Calend\u00e1rio Acad\u00eamico 2018 Calend\u00e1rio Acad\u00eamico 2017 Calend\u00e1rio Acad\u00eamico 2016<\/p>\n","protected":false},"author":2502,"featured_media":0,"parent":3176,"menu_order":0,"comment_status":"closed","ping_status":"closed","template":"","meta":{"inline_featured_image":false,"ngg_post_thumbnail":0,"footnotes":""},"class_list":["post-3179","page","type-page","status-publish","hentry"],"_links":{"self":[{"href":"https:\/\/www2.unifap.br\/direito\/wp-json\/wp\/v2\/pages\/3179","targetHints":{"allow":["GET"]}}],"collection":[{"href":"https:\/\/www2.unifap.br\/direito\/wp-json\/wp\/v2\/pages"}],"about":[{"href":"https:\/\/www2.unifap.br\/direito\/wp-json\/wp\/v2\/types\/page"}],"author":[{"embeddable":true,"href":"https:\/\/www2.unifap.br\/direito\/wp-json\/wp\/v2\/users\/2502"}],"replies":[{"embeddable":true,"href":"https:\/\/www2.unifap.br\/direito\/wp-json\/wp\/v2\/comments?post=3179"}],"version-history":[{"count":7,"href":"https:\/\/www2.unifap.br\/direito\/wp-json\/wp\/v2\/pages\/3179\/revisions"}],"predecessor-version":[{"id":3612,"href":"https:\/\/www2.unifap.br\/direito\/wp-json\/wp\/v2\/pages\/3179\/revisions\/3612"}],"up":[{"embeddable":true,"href":"https:\/\/www2.unifap.br\/direito\/wp-json\/wp\/v2\/pages\/3176"}],"wp:attachment":[{"href":"https:\/\/www2.unifap.br\/direito\/wp-json\/wp\/v2\/media?parent=3179"}],"curies":[{"name":"wp","href":"https:\/\/api.w.org\/{rel}","templated":true}]}}