{"id":418,"date":"2012-05-24T14:35:20","date_gmt":"2012-05-24T14:35:20","guid":{"rendered":"http:\/\/www2.unifap.br\/direito\/?page_id=418"},"modified":"2013-06-27T12:44:43","modified_gmt":"2013-06-27T12:44:43","slug":"regimento-do-nucleo-de-pratica-juridica","status":"publish","type":"page","link":"https:\/\/www2.unifap.br\/direito\/nucleo-de-pratica-juridica\/regimento-do-nucleo-de-pratica-juridica\/","title":{"rendered":"Regimento do N\u00facleo de Pr\u00e1tica Jur\u00eddica"},"content":{"rendered":"<p><a href=\"http:\/\/www2.unifap.br\/direito\/files\/2012\/05\/REGIMENTO_NPJ_DEFINITIVO1.doc\">REGIMENTO_NPJ_DEFINITIVO<\/a><\/p>\n","protected":false},"excerpt":{"rendered":"<p>REGIMENTO_NPJ_DEFINITIVO<\/p>\n","protected":false},"author":63,"featured_media":0,"parent":454,"menu_order":0,"comment_status":"open","ping_status":"open","template":"template-twocolumns-left.php","meta":{"inline_featured_image":false,"ngg_post_thumbnail":0,"footnotes":""},"class_list":["post-418","page","type-page","status-publish","hentry"],"_links":{"self":[{"href":"https:\/\/www2.unifap.br\/direito\/wp-json\/wp\/v2\/pages\/418","targetHints":{"allow":["GET"]}}],"collection":[{"href":"https:\/\/www2.unifap.br\/direito\/wp-json\/wp\/v2\/pages"}],"about":[{"href":"https:\/\/www2.unifap.br\/direito\/wp-json\/wp\/v2\/types\/page"}],"author":[{"embeddable":true,"href":"https:\/\/www2.unifap.br\/direito\/wp-json\/wp\/v2\/users\/63"}],"replies":[{"embeddable":true,"href":"https:\/\/www2.unifap.br\/direito\/wp-json\/wp\/v2\/comments?post=418"}],"version-history":[{"count":5,"href":"https:\/\/www2.unifap.br\/direito\/wp-json\/wp\/v2\/pages\/418\/revisions"}],"predecessor-version":[{"id":516,"href":"https:\/\/www2.unifap.br\/direito\/wp-json\/wp\/v2\/pages\/418\/revisions\/516"}],"up":[{"embeddable":true,"href":"https:\/\/www2.unifap.br\/direito\/wp-json\/wp\/v2\/pages\/454"}],"wp:attachment":[{"href":"https:\/\/www2.unifap.br\/direito\/wp-json\/wp\/v2\/media?parent=418"}],"curies":[{"name":"wp","href":"https:\/\/api.w.org\/{rel}","templated":true}]}}