{"id":448,"date":"2012-05-30T16:42:04","date_gmt":"2012-05-30T16:42:04","guid":{"rendered":"http:\/\/www2.unifap.br\/direito\/?page_id=448"},"modified":"2023-02-01T16:11:39","modified_gmt":"2023-02-01T16:11:39","slug":"coordenacao-do-curso","status":"publish","type":"page","link":"https:\/\/www2.unifap.br\/direito\/coordenacao-do-curso\/","title":{"rendered":"Coordena\u00e7\u00e3o"},"content":{"rendered":"<p><strong>COORDENA\u00c7\u00c3O DO CURSO DE DIREITO<\/strong><\/p>\n<p><strong>Coordenador:<\/strong> Prof. Me. Antonio Sabino da Silva Neto.<\/p>\n<p><strong>Vice-Coordenador:<\/strong> Prof. Me. S\u00e9rgio Sampaio Figueira.<\/p>\n<p><strong>Secretaria da Coordena\u00e7\u00e3o : <\/strong>Leila Cordeiro.<\/p>\n<p><strong>CONTATO:&nbsp; <\/strong><strong>direito@unifap.br<\/strong><\/p>\n<p><strong>Hor\u00e1rio de Funcionamento:<\/strong><\/p>\n<p>Segunda a Sexta-feira:<\/p>\n<ul>\n<li>08:00h as 11:30h: Atendimento presencial e atendimento por e-mail.&nbsp;<\/li>\n<li>12:30h as 14:00h: Atividades internas e atendimento por e-mail.<\/li>\n<li>14:00h as 17:00h:&nbsp; Atendimento presencial e atendimento por e-mail.<\/li>\n<\/ul>\n<p><strong>Universidade Federal do Amap\u00e1 &#8211; Campus Universit\u00e1rio Marco Zero do Equador<\/strong><\/p>\n<p>Rodovia Juscelino Kubitschek, KM-02 &#8211; <strong>Bloco das Coordena\u00e7\u00f5es de Curso<\/strong><\/p>\n<p>Jardim Marco Zero &#8211; CEP 68.903-419 &#8211; Macap\u00e1 &#8211; AP &#8211; Brasil<\/p>\n","protected":false},"excerpt":{"rendered":"<p>COORDENA\u00c7\u00c3O DO CURSO DE DIREITO Coordenador: Prof. Me. Antonio Sabino da Silva Neto. Vice-Coordenador: Prof. Me. S\u00e9rgio Sampaio Figueira. Secretaria da Coordena\u00e7\u00e3o : Leila Cordeiro. CONTATO:&nbsp; direito@unifap.br Hor\u00e1rio de Funcionamento: Segunda a Sexta-feira: 08:00h as 11:30h: Atendimento presencial e atendimento&hellip; <\/p>\n<p><a href=\"https:\/\/www2.unifap.br\/direito\/coordenacao-do-curso\/\" class=\"readmore-button\">Continue Reading<\/a><\/p>\n","protected":false},"author":63,"featured_media":0,"parent":0,"menu_order":0,"comment_status":"open","ping_status":"closed","template":"","meta":{"inline_featured_image":false,"ngg_post_thumbnail":0,"footnotes":""},"class_list":["post-448","page","type-page","status-publish","hentry"],"_links":{"self":[{"href":"https:\/\/www2.unifap.br\/direito\/wp-json\/wp\/v2\/pages\/448","targetHints":{"allow":["GET"]}}],"collection":[{"href":"https:\/\/www2.unifap.br\/direito\/wp-json\/wp\/v2\/pages"}],"about":[{"href":"https:\/\/www2.unifap.br\/direito\/wp-json\/wp\/v2\/types\/page"}],"author":[{"embeddable":true,"href":"https:\/\/www2.unifap.br\/direito\/wp-json\/wp\/v2\/users\/63"}],"replies":[{"embeddable":true,"href":"https:\/\/www2.unifap.br\/direito\/wp-json\/wp\/v2\/comments?post=448"}],"version-history":[{"count":44,"href":"https:\/\/www2.unifap.br\/direito\/wp-json\/wp\/v2\/pages\/448\/revisions"}],"predecessor-version":[{"id":3777,"href":"https:\/\/www2.unifap.br\/direito\/wp-json\/wp\/v2\/pages\/448\/revisions\/3777"}],"wp:attachment":[{"href":"https:\/\/www2.unifap.br\/direito\/wp-json\/wp\/v2\/media?parent=448"}],"curies":[{"name":"wp","href":"https:\/\/api.w.org\/{rel}","templated":true}]}}