{"id":454,"date":"2012-05-30T16:51:29","date_gmt":"2012-05-30T16:51:29","guid":{"rendered":"http:\/\/www2.unifap.br\/direito\/?page_id=454"},"modified":"2025-06-06T23:59:06","modified_gmt":"2025-06-06T23:59:06","slug":"nucleo-de-pratica-juridica","status":"publish","type":"page","link":"https:\/\/www2.unifap.br\/direito\/nucleo-de-pratica-juridica\/","title":{"rendered":"N\u00facleo de Pr\u00e1tica Jur\u00eddica (NPJ)"},"content":{"rendered":"<p><a href=\"http:\/\/www2.unifap.br\/direito\/files\/2020\/06\/logo-npj.png\"><img decoding=\"async\" class=\"wp-image-3244 aligncenter\" src=\"http:\/\/www2.unifap.br\/direito\/files\/2020\/06\/logo-npj-300x210.png\" alt=\"\" width=\"137\" height=\"96\" srcset=\"https:\/\/www2.unifap.br\/direito\/files\/2020\/06\/logo-npj-300x210.png 300w, https:\/\/www2.unifap.br\/direito\/files\/2020\/06\/logo-npj-1024x716.png 1024w, https:\/\/www2.unifap.br\/direito\/files\/2020\/06\/logo-npj-768x537.png 768w, https:\/\/www2.unifap.br\/direito\/files\/2020\/06\/logo-npj-1536x1074.png 1536w, https:\/\/www2.unifap.br\/direito\/files\/2020\/06\/logo-npj-2048x1432.png 2048w, https:\/\/www2.unifap.br\/direito\/files\/2020\/06\/logo-npj-250x175.png 250w\" sizes=\"(max-width: 137px) 100vw, 137px\" \/><\/a><\/p>\n<p style=\"text-align: center\"><strong>N\u00daCLEO DE PR\u00c1TICA JUR\u00cdDICA<\/strong><\/p>\n<p style=\"text-align: center\"><strong>Universidade Federal do Amap\u00e1<\/strong> &#8211; <em>Campus<\/em> Universit\u00e1rio Marco Zero do Equador. End.: Rod. Juscelino Kubitschek, KM-02 , <strong>Bloco A, ao lado do Juizado Especial da UNIFAP<\/strong> &#8211; Jardim Marco Zero &#8211; CEP: 68.903-419 &#8211; Macap\u00e1 &#8211; AP &#8211; Brasil.<\/p>\n<p style=\"text-align: center\"><strong>&nbsp;<\/strong><\/p>\n<p>&nbsp;<\/p>\n","protected":false},"excerpt":{"rendered":"<p>N\u00daCLEO DE PR\u00c1TICA JUR\u00cdDICA Universidade Federal do Amap\u00e1 &#8211; Campus Universit\u00e1rio Marco Zero do Equador. End.: Rod. Juscelino Kubitschek, KM-02 , Bloco A, ao lado do Juizado Especial da UNIFAP &#8211; Jardim Marco Zero &#8211; CEP: 68.903-419 &#8211; Macap\u00e1 &#8211;&hellip; <\/p>\n<p><a href=\"https:\/\/www2.unifap.br\/direito\/nucleo-de-pratica-juridica\/\" class=\"readmore-button\">Continue Reading<\/a><\/p>\n","protected":false},"author":63,"featured_media":0,"parent":0,"menu_order":0,"comment_status":"open","ping_status":"open","template":"","meta":{"inline_featured_image":false,"ngg_post_thumbnail":0,"footnotes":""},"class_list":["post-454","page","type-page","status-publish","hentry"],"_links":{"self":[{"href":"https:\/\/www2.unifap.br\/direito\/wp-json\/wp\/v2\/pages\/454","targetHints":{"allow":["GET"]}}],"collection":[{"href":"https:\/\/www2.unifap.br\/direito\/wp-json\/wp\/v2\/pages"}],"about":[{"href":"https:\/\/www2.unifap.br\/direito\/wp-json\/wp\/v2\/types\/page"}],"author":[{"embeddable":true,"href":"https:\/\/www2.unifap.br\/direito\/wp-json\/wp\/v2\/users\/63"}],"replies":[{"embeddable":true,"href":"https:\/\/www2.unifap.br\/direito\/wp-json\/wp\/v2\/comments?post=454"}],"version-history":[{"count":21,"href":"https:\/\/www2.unifap.br\/direito\/wp-json\/wp\/v2\/pages\/454\/revisions"}],"predecessor-version":[{"id":3916,"href":"https:\/\/www2.unifap.br\/direito\/wp-json\/wp\/v2\/pages\/454\/revisions\/3916"}],"wp:attachment":[{"href":"https:\/\/www2.unifap.br\/direito\/wp-json\/wp\/v2\/media?parent=454"}],"curies":[{"name":"wp","href":"https:\/\/api.w.org\/{rel}","templated":true}]}}